{"id":287,"date":"2021-08-29T18:46:08","date_gmt":"2021-08-29T21:46:08","guid":{"rendered":"http:\/\/x-enapol.org\/vii\/?page_id=287"},"modified":"2021-08-29T19:10:29","modified_gmt":"2021-08-29T22:10:29","slug":"comision-de-prensa","status":"publish","type":"page","link":"https:\/\/enapol.com\/vii\/encuentro\/comision-organizadora\/comision-de-prensa\/","title":{"rendered":"Comisi\u00f3n de Prensa"},"content":{"rendered":"<div class=\"fusion-fullwidth fullwidth-box fusion-builder-row-1 fusion-flex-container nonhundred-percent-fullwidth non-hundred-percent-height-scrolling\" style=\"--awb-border-radius-top-left:0px;--awb-border-radius-top-right:0px;--awb-border-radius-bottom-right:0px;--awb-border-radius-bottom-left:0px;--awb-flex-wrap:wrap;\" ><div class=\"fusion-builder-row fusion-row fusion-flex-align-items-flex-start fusion-flex-content-wrap\" style=\"max-width:1352px;margin-left: calc(-4% \/ 2 );margin-right: calc(-4% \/ 2 );\"><div class=\"fusion-layout-column fusion_builder_column fusion-builder-column-0 fusion_builder_column_1_1 1_1 fusion-flex-column\" style=\"--awb-bg-size:cover;--awb-width-large:100%;--awb-margin-top-large:0px;--awb-spacing-right-large:1.92%;--awb-margin-bottom-large:20px;--awb-spacing-left-large:1.92%;--awb-width-medium:100%;--awb-order-medium:0;--awb-spacing-right-medium:1.92%;--awb-spacing-left-medium:1.92%;--awb-width-small:100%;--awb-order-small:0;--awb-spacing-right-small:1.92%;--awb-spacing-left-small:1.92%;\"><div class=\"fusion-column-wrapper fusion-column-has-shadow fusion-flex-justify-content-flex-start fusion-content-layout-column\"><div class=\"fusion-text fusion-text-1\"><p style=\"text-align: justify;\">La Comisi\u00f3n de Prensa y Divulgaci\u00f3n del VII ENAPOL tiene por finalidad promover el debate sobre el tema \u201cEl imperio de las im\u00e1genes\u201d por los veh\u00edculos de comunicaci\u00f3n de los diversos lugares de la EBP, la EOL y la NEL.<\/p>\n<p style=\"text-align: right;\"><a href=\"mailto:badaripatricia@gmail.com\" target=\"_blank\" rel=\"nofollow noopener\">badaripatricia@gmail.com<\/a><\/p>\n<p>\u00a0<\/p>\n<ul>\n<li>Ana Elo\u00e1 Cerqueira<\/li>\n<li>Betty Nagorny<\/li>\n<li>Bartyra Ribeiro de Castro \u2013 EBP-Delega\u00e7\u00e3o Esp\u00edrito Santo<\/li>\n<li>Patr\u00edcia Badari \u2013 EBP-SP (coordena\u00e7\u00e3o)<\/li>\n<li>Rog\u00e9rio Barros<\/li>\n<li>Maria de F\u00e1tima Ferreira \u2013 EBP-MG<\/li>\n<li>Rosane Vieira da Cunha da Fonte \u2013 EBP-Pe<\/li>\n<li>Mariana Mollica<\/li>\n<li>Laureci Nunes \u2013 EBP-SC<\/li>\n<li>F\u00e1bio P. Barreto \u2013 EBP-Delega\u00e7\u00e3o Mato Grosso do Sul\/Mato Grosso<\/li>\n<li>Fab\u00edola Ramon<\/li>\n<li>Maria Cristina Maia de Oliveira Fernandes \u2013 EBP-Delega\u00e7\u00e3o Para\u00edba<\/li>\n<li>Maria Noemi Araujo<\/li>\n<li>Mirmila Alves Musse<\/li>\n<li>Nancy Greca de Oliveira \u2013 EBP-Delega\u00e7\u00e3o Paran\u00e1<\/li>\n<li>Paula Iglesias Genta<\/li>\n<li>Ruskaya Maia \u2013 EBP-Delega\u00e7\u00e3o Geral Goi\u00e1s\/Distrito Federal<\/li>\n<li>Silvana Sombra<\/li>\n<li>Marilsa Basso (S\u00e3o Paulo)<\/li>\n<li>Raquel Cors Ulloa (NEL)<\/li>\n<li>Renato Andrade Cominges (NEL)<\/li>\n<li>Nora Cappelletti \u2013 EOL<\/li>\n<li>Laura Petrosino \u2013 EOL<\/li>\n<\/ul>\n<\/div><\/div><\/div><\/div><\/div>\n","protected":false},"excerpt":{"rendered":"","protected":false},"author":1,"featured_media":0,"parent":88,"menu_order":10,"comment_status":"closed","ping_status":"closed","template":"","meta":{"_monsterinsights_skip_tracking":false,"_monsterinsights_sitenote_active":false,"_monsterinsights_sitenote_note":"","_monsterinsights_sitenote_category":0,"footnotes":""},"_links":{"self":[{"href":"https:\/\/enapol.com\/vii\/wp-json\/wp\/v2\/pages\/287"}],"collection":[{"href":"https:\/\/enapol.com\/vii\/wp-json\/wp\/v2\/pages"}],"about":[{"href":"https:\/\/enapol.com\/vii\/wp-json\/wp\/v2\/types\/page"}],"author":[{"embeddable":true,"href":"https:\/\/enapol.com\/vii\/wp-json\/wp\/v2\/users\/1"}],"replies":[{"embeddable":true,"href":"https:\/\/enapol.com\/vii\/wp-json\/wp\/v2\/comments?post=287"}],"version-history":[{"count":3,"href":"https:\/\/enapol.com\/vii\/wp-json\/wp\/v2\/pages\/287\/revisions"}],"predecessor-version":[{"id":339,"href":"https:\/\/enapol.com\/vii\/wp-json\/wp\/v2\/pages\/287\/revisions\/339"}],"up":[{"embeddable":true,"href":"https:\/\/enapol.com\/vii\/wp-json\/wp\/v2\/pages\/88"}],"wp:attachment":[{"href":"https:\/\/enapol.com\/vii\/wp-json\/wp\/v2\/media?parent=287"}],"curies":[{"name":"wp","href":"https:\/\/api.w.org\/{rel}","templated":true}]}}