{"id":30,"date":"2021-08-29T14:47:12","date_gmt":"2021-08-29T17:47:12","guid":{"rendered":"http:\/\/x-enapol.org\/vii\/?page_id=30"},"modified":"2021-08-29T22:28:02","modified_gmt":"2021-08-30T01:28:02","slug":"argumento","status":"publish","type":"page","link":"https:\/\/enapol.com\/vii\/argumento\/","title":{"rendered":"ARGUMENTO"},"content":{"rendered":"<div class=\"fusion-fullwidth fullwidth-box fusion-builder-row-1 fusion-flex-container nonhundred-percent-fullwidth non-hundred-percent-height-scrolling\" style=\"--awb-border-radius-top-left:0px;--awb-border-radius-top-right:0px;--awb-border-radius-bottom-right:0px;--awb-border-radius-bottom-left:0px;--awb-flex-wrap:wrap;\" ><div class=\"fusion-builder-row fusion-row fusion-flex-align-items-flex-start fusion-flex-content-wrap\" style=\"max-width:1352px;margin-left: calc(-4% \/ 2 );margin-right: calc(-4% \/ 2 );\"><div class=\"fusion-layout-column fusion_builder_column fusion-builder-column-0 fusion_builder_column_1_5 1_5 fusion-flex-column\" style=\"--awb-bg-size:cover;--awb-width-large:20%;--awb-margin-top-large:0px;--awb-spacing-right-large:9.6%;--awb-margin-bottom-large:20px;--awb-spacing-left-large:9.6%;--awb-width-medium:100%;--awb-order-medium:0;--awb-spacing-right-medium:1.92%;--awb-spacing-left-medium:1.92%;--awb-width-small:100%;--awb-order-small:0;--awb-spacing-right-small:1.92%;--awb-spacing-left-small:1.92%;\"><div class=\"fusion-column-wrapper fusion-column-has-shadow fusion-flex-justify-content-flex-start fusion-content-layout-column\"><div class=\"fusion-image-element \" style=\"text-align:center;--awb-bottom-shadow-color:rgba(0,0,0,0.4);--awb-caption-title-font-family:var(--h2_typography-font-family);--awb-caption-title-font-weight:var(--h2_typography-font-weight);--awb-caption-title-font-style:var(--h2_typography-font-style);--awb-caption-title-size:var(--h2_typography-font-size);--awb-caption-title-transform:var(--h2_typography-text-transform);--awb-caption-title-line-height:var(--h2_typography-line-height);--awb-caption-title-letter-spacing:var(--h2_typography-letter-spacing);\"><div class=\"awb-image-frame awb-image-frame-1 awb-bottomshadow\"><span class=\" fusion-imageframe imageframe-bottomshadow imageframe-1 hover-type-none\"><img decoding=\"async\" width=\"150\" height=\"150\" title=\"argumento_001par\" src=\"http:\/\/enapol.com\/vii\/wp-content\/uploads\/sites\/7\/2021\/08\/argumento_001par.jpg\" alt class=\"img-responsive wp-image-395\" srcset=\"https:\/\/enapol.com\/vii\/wp-content\/uploads\/sites\/7\/2021\/08\/argumento_001par-66x66.jpg 66w, https:\/\/enapol.com\/vii\/wp-content\/uploads\/sites\/7\/2021\/08\/argumento_001par.jpg 150w\" sizes=\"(max-width: 150px) 100vw, 150px\" \/><\/span><svg xmlns=\"http:\/\/www.w3.org\/2000\/svg\" version=\"1.1\" width=\"100%\" viewBox=\"0 0 600 28\" preserveAspectRatio=\"none\"><g clip-path=\"url(#a)\"><mask id=\"b\" style=\"mask-type:luminance\" maskUnits=\"userSpaceOnUse\" x=\"0\" y=\"0\" width=\"600\" height=\"28\"><path d=\"M0 0h600v28H0V0Z\" fill=\"#fff\"\/><\/mask><g filter=\"url(#c)\" mask=\"url(#b)\"><path d=\"M16.439-18.667h567.123v30.8S438.961-8.4 300-8.4C161.04-8.4 16.438 12.133 16.438 12.133v-30.8Z\" fill=\"#000\"\/><\/g><\/g><defs><clipPath id=\"a\"><path fill=\"#fff\" d=\"M0 0h600v28H0z\"\/><\/clipPath><filter id=\"c\" x=\"5.438\" y=\"-29.667\" width=\"589.123\" height=\"52.8\" filterUnits=\"userSpaceOnUse\" color-interpolation-filters=\"sRGB\"><feFlood flood-opacity=\"0\" result=\"BackgroundImageFix\"\/><feBlend in=\"SourceGraphic\" in2=\"BackgroundImageFix\" result=\"shape\"\/><feGaussianBlur stdDeviation=\"5.5\" result=\"effect1_foregroundBlur_3983_183\"\/><\/filter><\/defs><\/svg><\/div><\/div><div class=\"fusion-separator fusion-full-width-sep\" style=\"align-self: center;margin-left: auto;margin-right: auto;margin-top:30px;margin-bottom:30px;width:100%;\"><\/div><div class=\"fusion-image-element \" style=\"text-align:center;--awb-bottom-shadow-color:rgba(0,0,0,0.4);--awb-caption-title-font-family:var(--h2_typography-font-family);--awb-caption-title-font-weight:var(--h2_typography-font-weight);--awb-caption-title-font-style:var(--h2_typography-font-style);--awb-caption-title-size:var(--h2_typography-font-size);--awb-caption-title-transform:var(--h2_typography-text-transform);--awb-caption-title-line-height:var(--h2_typography-line-height);--awb-caption-title-letter-spacing:var(--h2_typography-letter-spacing);\"><div class=\"awb-image-frame awb-image-frame-2 awb-bottomshadow\"><span class=\" fusion-imageframe imageframe-bottomshadow imageframe-2 hover-type-none\"><img decoding=\"async\" width=\"150\" height=\"150\" title=\"argumento_003par\" src=\"http:\/\/enapol.com\/vii\/wp-content\/uploads\/sites\/7\/2021\/08\/argumento_003par.jpg\" alt class=\"img-responsive wp-image-396\" srcset=\"https:\/\/enapol.com\/vii\/wp-content\/uploads\/sites\/7\/2021\/08\/argumento_003par-66x66.jpg 66w, https:\/\/enapol.com\/vii\/wp-content\/uploads\/sites\/7\/2021\/08\/argumento_003par.jpg 150w\" sizes=\"(max-width: 150px) 100vw, 150px\" \/><\/span><svg xmlns=\"http:\/\/www.w3.org\/2000\/svg\" version=\"1.1\" width=\"100%\" viewBox=\"0 0 600 28\" preserveAspectRatio=\"none\"><g clip-path=\"url(#a)\"><mask id=\"b\" style=\"mask-type:luminance\" maskUnits=\"userSpaceOnUse\" x=\"0\" y=\"0\" width=\"600\" height=\"28\"><path d=\"M0 0h600v28H0V0Z\" fill=\"#fff\"\/><\/mask><g filter=\"url(#c)\" mask=\"url(#b)\"><path d=\"M16.439-18.667h567.123v30.8S438.961-8.4 300-8.4C161.04-8.4 16.438 12.133 16.438 12.133v-30.8Z\" fill=\"#000\"\/><\/g><\/g><defs><clipPath id=\"a\"><path fill=\"#fff\" d=\"M0 0h600v28H0z\"\/><\/clipPath><filter id=\"c\" x=\"5.438\" y=\"-29.667\" width=\"589.123\" height=\"52.8\" filterUnits=\"userSpaceOnUse\" color-interpolation-filters=\"sRGB\"><feFlood flood-opacity=\"0\" result=\"BackgroundImageFix\"\/><feBlend in=\"SourceGraphic\" in2=\"BackgroundImageFix\" result=\"shape\"\/><feGaussianBlur stdDeviation=\"5.5\" result=\"effect1_foregroundBlur_3983_183\"\/><\/filter><\/defs><\/svg><\/div><\/div><div class=\"fusion-separator fusion-full-width-sep\" style=\"align-self: center;margin-left: auto;margin-right: auto;margin-top:30px;margin-bottom:30px;width:100%;\"><\/div><div class=\"fusion-image-element \" style=\"text-align:center;--awb-bottom-shadow-color:rgba(0,0,0,0.4);--awb-caption-title-font-family:var(--h2_typography-font-family);--awb-caption-title-font-weight:var(--h2_typography-font-weight);--awb-caption-title-font-style:var(--h2_typography-font-style);--awb-caption-title-size:var(--h2_typography-font-size);--awb-caption-title-transform:var(--h2_typography-text-transform);--awb-caption-title-line-height:var(--h2_typography-line-height);--awb-caption-title-letter-spacing:var(--h2_typography-letter-spacing);\"><div class=\"awb-image-frame awb-image-frame-3 awb-bottomshadow\"><span class=\" fusion-imageframe imageframe-bottomshadow imageframe-3 hover-type-none\"><img decoding=\"async\" width=\"150\" height=\"150\" title=\"argumento_012par\" src=\"http:\/\/enapol.com\/vii\/wp-content\/uploads\/sites\/7\/2021\/08\/argumento_012par.jpg\" alt class=\"img-responsive wp-image-398\" srcset=\"https:\/\/enapol.com\/vii\/wp-content\/uploads\/sites\/7\/2021\/08\/argumento_012par-66x66.jpg 66w, https:\/\/enapol.com\/vii\/wp-content\/uploads\/sites\/7\/2021\/08\/argumento_012par.jpg 150w\" sizes=\"(max-width: 150px) 100vw, 150px\" \/><\/span><svg xmlns=\"http:\/\/www.w3.org\/2000\/svg\" version=\"1.1\" width=\"100%\" viewBox=\"0 0 600 28\" preserveAspectRatio=\"none\"><g clip-path=\"url(#a)\"><mask id=\"b\" style=\"mask-type:luminance\" maskUnits=\"userSpaceOnUse\" x=\"0\" y=\"0\" width=\"600\" height=\"28\"><path d=\"M0 0h600v28H0V0Z\" fill=\"#fff\"\/><\/mask><g filter=\"url(#c)\" mask=\"url(#b)\"><path d=\"M16.439-18.667h567.123v30.8S438.961-8.4 300-8.4C161.04-8.4 16.438 12.133 16.438 12.133v-30.8Z\" fill=\"#000\"\/><\/g><\/g><defs><clipPath id=\"a\"><path fill=\"#fff\" d=\"M0 0h600v28H0z\"\/><\/clipPath><filter id=\"c\" x=\"5.438\" y=\"-29.667\" width=\"589.123\" height=\"52.8\" filterUnits=\"userSpaceOnUse\" color-interpolation-filters=\"sRGB\"><feFlood flood-opacity=\"0\" result=\"BackgroundImageFix\"\/><feBlend in=\"SourceGraphic\" in2=\"BackgroundImageFix\" result=\"shape\"\/><feGaussianBlur stdDeviation=\"5.5\" result=\"effect1_foregroundBlur_3983_183\"\/><\/filter><\/defs><\/svg><\/div><\/div><div class=\"fusion-separator fusion-full-width-sep\" style=\"align-self: center;margin-left: auto;margin-right: auto;margin-top:30px;margin-bottom:30px;width:100%;\"><\/div><div class=\"fusion-image-element \" style=\"text-align:center;--awb-bottom-shadow-color:rgba(0,0,0,0.4);--awb-caption-title-font-family:var(--h2_typography-font-family);--awb-caption-title-font-weight:var(--h2_typography-font-weight);--awb-caption-title-font-style:var(--h2_typography-font-style);--awb-caption-title-size:var(--h2_typography-font-size);--awb-caption-title-transform:var(--h2_typography-text-transform);--awb-caption-title-line-height:var(--h2_typography-line-height);--awb-caption-title-letter-spacing:var(--h2_typography-letter-spacing);\"><div class=\"awb-image-frame awb-image-frame-4 awb-bottomshadow\"><span class=\" fusion-imageframe imageframe-bottomshadow imageframe-4 hover-type-none\"><img decoding=\"async\" width=\"150\" height=\"150\" title=\"argumento_005par\" src=\"http:\/\/enapol.com\/vii\/wp-content\/uploads\/sites\/7\/2021\/08\/argumento_005par.jpg\" alt class=\"img-responsive wp-image-397\" srcset=\"https:\/\/enapol.com\/vii\/wp-content\/uploads\/sites\/7\/2021\/08\/argumento_005par-66x66.jpg 66w, https:\/\/enapol.com\/vii\/wp-content\/uploads\/sites\/7\/2021\/08\/argumento_005par.jpg 150w\" sizes=\"(max-width: 150px) 100vw, 150px\" \/><\/span><svg xmlns=\"http:\/\/www.w3.org\/2000\/svg\" version=\"1.1\" width=\"100%\" viewBox=\"0 0 600 28\" preserveAspectRatio=\"none\"><g clip-path=\"url(#a)\"><mask id=\"b\" style=\"mask-type:luminance\" maskUnits=\"userSpaceOnUse\" x=\"0\" y=\"0\" width=\"600\" height=\"28\"><path d=\"M0 0h600v28H0V0Z\" fill=\"#fff\"\/><\/mask><g filter=\"url(#c)\" mask=\"url(#b)\"><path d=\"M16.439-18.667h567.123v30.8S438.961-8.4 300-8.4C161.04-8.4 16.438 12.133 16.438 12.133v-30.8Z\" fill=\"#000\"\/><\/g><\/g><defs><clipPath id=\"a\"><path fill=\"#fff\" d=\"M0 0h600v28H0z\"\/><\/clipPath><filter id=\"c\" x=\"5.438\" y=\"-29.667\" width=\"589.123\" height=\"52.8\" filterUnits=\"userSpaceOnUse\" color-interpolation-filters=\"sRGB\"><feFlood flood-opacity=\"0\" result=\"BackgroundImageFix\"\/><feBlend in=\"SourceGraphic\" in2=\"BackgroundImageFix\" result=\"shape\"\/><feGaussianBlur stdDeviation=\"5.5\" result=\"effect1_foregroundBlur_3983_183\"\/><\/filter><\/defs><\/svg><\/div><\/div><div class=\"fusion-separator fusion-full-width-sep\" style=\"align-self: center;margin-left: auto;margin-right: auto;margin-top:30px;margin-bottom:30px;width:100%;\"><\/div><div class=\"fusion-image-element \" style=\"text-align:center;--awb-bottom-shadow-color:rgba(0,0,0,0.4);--awb-caption-title-font-family:var(--h2_typography-font-family);--awb-caption-title-font-weight:var(--h2_typography-font-weight);--awb-caption-title-font-style:var(--h2_typography-font-style);--awb-caption-title-size:var(--h2_typography-font-size);--awb-caption-title-transform:var(--h2_typography-text-transform);--awb-caption-title-line-height:var(--h2_typography-line-height);--awb-caption-title-letter-spacing:var(--h2_typography-letter-spacing);\"><div class=\"awb-image-frame awb-image-frame-5 awb-bottomshadow\"><span class=\" fusion-imageframe imageframe-bottomshadow imageframe-5 hover-type-none\"><img decoding=\"async\" width=\"150\" height=\"150\" title=\"argumento_014par\" src=\"http:\/\/enapol.com\/vii\/wp-content\/uploads\/sites\/7\/2021\/08\/argumento_014par.jpg\" alt class=\"img-responsive wp-image-399\" srcset=\"https:\/\/enapol.com\/vii\/wp-content\/uploads\/sites\/7\/2021\/08\/argumento_014par-66x66.jpg 66w, https:\/\/enapol.com\/vii\/wp-content\/uploads\/sites\/7\/2021\/08\/argumento_014par.jpg 150w\" sizes=\"(max-width: 150px) 100vw, 150px\" \/><\/span><svg xmlns=\"http:\/\/www.w3.org\/2000\/svg\" version=\"1.1\" width=\"100%\" viewBox=\"0 0 600 28\" preserveAspectRatio=\"none\"><g clip-path=\"url(#a)\"><mask id=\"b\" style=\"mask-type:luminance\" maskUnits=\"userSpaceOnUse\" x=\"0\" y=\"0\" width=\"600\" height=\"28\"><path d=\"M0 0h600v28H0V0Z\" fill=\"#fff\"\/><\/mask><g filter=\"url(#c)\" mask=\"url(#b)\"><path d=\"M16.439-18.667h567.123v30.8S438.961-8.4 300-8.4C161.04-8.4 16.438 12.133 16.438 12.133v-30.8Z\" fill=\"#000\"\/><\/g><\/g><defs><clipPath id=\"a\"><path fill=\"#fff\" d=\"M0 0h600v28H0z\"\/><\/clipPath><filter id=\"c\" x=\"5.438\" y=\"-29.667\" width=\"589.123\" height=\"52.8\" filterUnits=\"userSpaceOnUse\" color-interpolation-filters=\"sRGB\"><feFlood flood-opacity=\"0\" result=\"BackgroundImageFix\"\/><feBlend in=\"SourceGraphic\" in2=\"BackgroundImageFix\" result=\"shape\"\/><feGaussianBlur stdDeviation=\"5.5\" result=\"effect1_foregroundBlur_3983_183\"\/><\/filter><\/defs><\/svg><\/div><\/div><\/div><\/div><div class=\"fusion-layout-column fusion_builder_column fusion-builder-column-1 fusion_builder_column_4_5 4_5 fusion-flex-column\" style=\"--awb-bg-size:cover;--awb-width-large:80%;--awb-margin-top-large:0px;--awb-spacing-right-large:2.4%;--awb-margin-bottom-large:20px;--awb-spacing-left-large:2.4%;--awb-width-medium:100%;--awb-order-medium:0;--awb-spacing-right-medium:1.92%;--awb-spacing-left-medium:1.92%;--awb-width-small:100%;--awb-order-small:0;--awb-spacing-right-small:1.92%;--awb-spacing-left-small:1.92%;\"><div class=\"fusion-column-wrapper fusion-column-has-shadow fusion-flex-justify-content-flex-start fusion-content-layout-column\"><div class=\"fusion-text fusion-text-1\"><p style=\"text-align: justify;\">Hay nuevas formas de manifestaci\u00f3n del sufrimiento humano y estas escapan de las clasificaciones habituales. El t\u00edtulo del VII ENAPOL fue elegido en funci\u00f3n de los temas que vienen siendo desarrollados en el Campo Freudiano en los \u00faltimos a\u00f1os. Es el Imaginario que se presenta como foco principal de nuestro abordaje, pero el Imaginario a partir de los nuevos tiempos.<\/p>\n<p style=\"text-align: justify;\">Si en el fin del siglo pasado se verificaron grandes cambios en las formas de presentaci\u00f3n de la psicosis, con el advenimiento de la expresi\u00f3n \u201cpsicosis ordinaria\u201d, acu\u00f1ada por Jacques-Alain Miller, se hizo evidente que la cl\u00ednica de las neurosis sufri\u00f3 alteraciones. La \u00faltima ense\u00f1anza de Lacan nos orienta hacia una nueva cl\u00ednica. Sin duda la cl\u00ednica estructural no puede ser despreciada, al contrario, sigue siendo una br\u00fajula para nuestra pr\u00e1ctica y las consecuentes elaboraciones te\u00f3ricas.<\/p>\n<p style=\"text-align: justify;\">En ese contexto ya no se trata de que la imagen, bella y \u00fanica, sea la que reina y localiza en su c\u00e1rcel sutil lo innombrable del goce y lo real. Es el velo de Maya como tal, es el imperio de las im\u00e1genes que se proyecta sobre el muro del lenguaje. Im\u00e1genes m\u00faltiples, fragmentadas, omnipresentes, desproporcionadas, intrusivas, que sin mediaci\u00f3n impactan, fascinan, traumatizan, afectan subjetividades y cuerpos, a veces convirti\u00e9ndose en referencias; paradojas de la \u00e9poca.<\/p>\n<p style=\"text-align: justify;\">La medicina pas\u00f3 a valorar m\u00e1s la imagen que la palabra en lo que se refiere al diagn\u00f3stico y tratamiento. La anamnesis y la hip\u00f3tesis diagn\u00f3stica fundadas en la historia sobre el s\u00edntoma, contada por el sujeto, se volvieron obsoletas.<\/p>\n<p style=\"text-align: justify;\">Los ex\u00e1menes actuales pueden captar im\u00e1genes del organismo que ampl\u00eda las posibilidades de diagn\u00f3sticos m\u00e1s precisos. Sin embargo, el imperativo de que la imagen diga la verdad sobre el cuerpo del sujeto llev\u00f3 a la medicina a conclusiones sobre lo real de un cuerpo que no condicen con lo real del psicoan\u00e1lisis.<\/p>\n<p style=\"text-align: justify;\">Las conclusiones precipitadas que las falsas ciencias pretenden imprimir como verdades irrefutables no son compartidas por la ciencia. El poder del capitalismo se hace evidente al hacer de la posibilidad ampliada del abordaje cl\u00ednico un objeto de consumo.<\/p>\n<p style=\"text-align: justify;\">Las llamadas \u201cverdades cient\u00edficas\u201d sobre el autismo y otros trastornos psiqui\u00e1tricos de la infancia son el blanco mayor de las tecno-ciencias. Ante la falta del recurso Simb\u00f3lico, la imagen lidera.<\/p>\n<p style=\"text-align: justify;\">En Freud encontramos consideraciones que caminaban en paralelo a los descubrimientos neurol\u00f3gicos. Fue \u00e9l quien se\u00f1al\u00f3 algo m\u00e1s all\u00e1 del funcionamiento del organismo que permanece insondable.<\/p>\n<p style=\"text-align: justify;\">Las consecuencias de la capacidad tecnol\u00f3gica de construir aparatos capaces de mostrar mediante im\u00e1genes lo que queda oculto a la mirada, potenci\u00f3 que los avances cient\u00edficos se introdujeran en la vida cotidiana de tal modo que los medios virtuales prometen que toda actividad humana podr\u00eda ser captada en im\u00e1genes. Las consecuencias sociales de tal horizonte pueden ser tan interesantes como temibles.<\/p>\n<p style=\"text-align: justify;\">El acceso f\u00e1cil y r\u00e1pido a lo que pasa en el mundo y las propuestas de soluci\u00f3n para el malestar proliferan. La repercusi\u00f3n puede ser percibida en las artes, en la m\u00fasica, en la m\u00fasica, en los medios de comunicaci\u00f3n, en la educaci\u00f3n, en el campo jur\u00eddico, en la pol\u00edtica y en las relaciones interpersonales.<\/p>\n<p style=\"text-align: justify;\">El psicoan\u00e1lisis surgi\u00f3 en una sociedad marcada por la prohibici\u00f3n al final del siglo XIX, que atraves\u00f3 un siglo rumbo a una mayor permisividad y satisfacci\u00f3n: la mujer adquiri\u00f3 derechos a escala social que no pod\u00edan ser pensados antes; el proletariado alcanz\u00f3 lugares no imaginados; la infancia y la adolescencia ocuparon lugares importantes en el mundo y pasaron a determinar modas y conductas.<\/p>\n<p style=\"text-align: justify;\">El auge del permiso a la satisfacci\u00f3n ocurri\u00f3 hacia fines de los a\u00f1os \u201960 cuando se pod\u00eda leer en las paredes de las ciudades la frase \u201cProhibido prohibir\u201d. A partir de entonces, m\u00e1s all\u00e1 del permiso, el imperativo de la satisfacci\u00f3n. \u00bfC\u00f3mo se articulan o se desarticulan ese imperativo y las im\u00e1genes?<\/p>\n<p style=\"text-align: justify;\">Las im\u00e1genes proliferan como peque\u00f1os ideales en cada rinc\u00f3n y llegan a los consultorios. Demuestran que en el siglo XXI se trata de arreglarnos con un mont\u00f3n de piezas sueltas.<\/p>\n<p style=\"text-align: justify;\">Si efectivamente asistimos a que \u201ctodo lo s\u00f3lido se desvanece en el aire\u201d, como lo anticipaba la famosa frase de Marx, \u00bfeso implica que es el imperio de las im\u00e1genes el que toma el relevo del orden simb\u00f3lico?<\/p>\n<p style=\"text-align: justify;\">El imperio de las im\u00e1genes parece venir al lugar de las referencias que se tambalean en la actualidad. Examinar su desorden, su fugacidad, su desarticulaci\u00f3n, y establecer c\u00f3mo eso incide en la vida de las personas, en las constelaciones familiares, en el ordenamiento social, en el trabajo, en las referencias culturales, en los lazos amorosos y sexuales, en las \u201cidentidades\u201d sexuales, en las parentalidades, y ubicar las consecuencias que finalmente registramos en la cl\u00ednica es una exigencia para el Psicoan\u00e1lisis.<\/p>\n<p style=\"text-align: justify;\">Esa es una de las perspectivas que debemos investigar. Pero tambi\u00e9n, si tenemos en cuenta, como lo ha puntualizado Miller, que al final de su ense\u00f1anza Lacan invierte su perspectiva inicial y le otorga al registro de lo Imaginario un lugar de pleno derecho junto a lo Simb\u00f3lico y a lo Real, tendremos tambi\u00e9n la oportunidad de indagar en qu\u00e9 la consistencia propia de lo imaginario no es algo que pueda eludirse en la singularidad de cada caso y en qu\u00e9 medida esa es tambi\u00e9n una cuesti\u00f3n crucial a tener presente en lo que respecta a la diferencia sexuada.<\/p>\n<p style=\"text-align: justify;\">En este ENAPOL podremos tratar de elucidar, a partir de la experiencia de los practicantes, c\u00f3mo se verifica la incidencia de las im\u00e1genes y c\u00f3mo se introducen y hacen cortocircuito en el campo de la palabra y del lenguaje.<\/p>\n<p style=\"text-align: justify;\">No se trata de rendirnos al \u201cImperio de las im\u00e1genes\u201d sino de tenerlo en cuenta como s\u00edntoma. M\u00e1s all\u00e1 de la ilusi\u00f3n de la transparencia absoluta, hay un misterio que surge del choque de la palabra y el cuerpo, un misterio que el psicoan\u00e1lisis puede abordar.<\/p>\n<p style=\"text-align: justify;\">Lo que emerge de las im\u00e1genes que proliferan es lo real del lazo social, es decir, la inexistencia de la relaci\u00f3n sexual.<\/p>\n<p style=\"text-align: justify;\">Nuestra propuesta es que avancemos con lo que hay de vivo en el psicoan\u00e1lisis en el siglo XXI.<\/p>\n<p style=\"text-align: justify;\">Traducci\u00f3n del portugu\u00e9s: Oscar Reymundo<\/p>\n<\/div><div class=\"fusion-separator fusion-full-width-sep\" style=\"align-self: center;margin-left: auto;margin-right: auto;margin-top:10px;margin-bottom:10px;width:100%;\"><\/div><div class=\"fusion-text fusion-text-2\"><p><strong>Directorio Ejecutivo del VII ENAPOL<\/strong><\/p>\n<\/div><ul style=\"--awb-line-height:28.9px;--awb-icon-width:28.9px;--awb-icon-height:28.9px;--awb-icon-margin:11.9px;--awb-content-margin:40.8px;--awb-circlecolor:#003f5a;--awb-circle-yes-font-size:14.96px;\" class=\"fusion-checklist fusion-checklist-1 fusion-checklist-default type-icons\"><li class=\"fusion-li-item\" style=\"\"><span class=\"icon-wrapper circle-yes\"><i class=\"fusion-li-icon fa-angle-right fas\" aria-hidden=\"true\"><\/i><\/span><div class=\"fusion-li-item-content\">\n<p>Fernando Vitale<\/p>\n<\/div><\/li><li class=\"fusion-li-item\" style=\"\"><span class=\"icon-wrapper circle-yes\"><i class=\"fusion-li-icon fa-angle-right fas\" aria-hidden=\"true\"><\/i><\/span><div class=\"fusion-li-item-content\">\n<p>Mercedes Iglesias<\/p>\n<\/div><\/li><li class=\"fusion-li-item\" style=\"\"><span class=\"icon-wrapper circle-yes\"><i class=\"fusion-li-icon fa-angle-right fas\" aria-hidden=\"true\"><\/i><\/span><div class=\"fusion-li-item-content\">\n<p>R\u00f4mulo Ferreira da Silva<\/p>\n<\/div><\/li><\/ul><\/div><\/div><\/div><\/div>\n","protected":false},"excerpt":{"rendered":"","protected":false},"author":1,"featured_media":0,"parent":0,"menu_order":3,"comment_status":"closed","ping_status":"closed","template":"","meta":{"_monsterinsights_skip_tracking":false,"_monsterinsights_sitenote_active":false,"_monsterinsights_sitenote_note":"","_monsterinsights_sitenote_category":0,"footnotes":""},"_links":{"self":[{"href":"https:\/\/enapol.com\/vii\/wp-json\/wp\/v2\/pages\/30"}],"collection":[{"href":"https:\/\/enapol.com\/vii\/wp-json\/wp\/v2\/pages"}],"about":[{"href":"https:\/\/enapol.com\/vii\/wp-json\/wp\/v2\/types\/page"}],"author":[{"embeddable":true,"href":"https:\/\/enapol.com\/vii\/wp-json\/wp\/v2\/users\/1"}],"replies":[{"embeddable":true,"href":"https:\/\/enapol.com\/vii\/wp-json\/wp\/v2\/comments?post=30"}],"version-history":[{"count":19,"href":"https:\/\/enapol.com\/vii\/wp-json\/wp\/v2\/pages\/30\/revisions"}],"predecessor-version":[{"id":417,"href":"https:\/\/enapol.com\/vii\/wp-json\/wp\/v2\/pages\/30\/revisions\/417"}],"wp:attachment":[{"href":"https:\/\/enapol.com\/vii\/wp-json\/wp\/v2\/media?parent=30"}],"curies":[{"name":"wp","href":"https:\/\/api.w.org\/{rel}","templated":true}]}}