{"id":39,"date":"2021-08-29T14:48:46","date_gmt":"2021-08-29T17:48:46","guid":{"rendered":"http:\/\/x-enapol.org\/vii\/?page_id=39"},"modified":"2021-08-30T19:40:51","modified_gmt":"2021-08-30T22:40:51","slug":"conversaciones","status":"publish","type":"page","link":"https:\/\/enapol.com\/vii\/conversaciones\/","title":{"rendered":"CONVERSACIONES"},"content":{"rendered":"<div class=\"fusion-fullwidth fullwidth-box fusion-builder-row-1 fusion-flex-container nonhundred-percent-fullwidth non-hundred-percent-height-scrolling\" style=\"--awb-border-radius-top-left:0px;--awb-border-radius-top-right:0px;--awb-border-radius-bottom-right:0px;--awb-border-radius-bottom-left:0px;--awb-flex-wrap:wrap;\" ><div class=\"fusion-builder-row fusion-row fusion-flex-align-items-flex-start fusion-flex-content-wrap\" style=\"max-width:1352px;margin-left: calc(-4% \/ 2 );margin-right: calc(-4% \/ 2 );\"><div class=\"fusion-layout-column fusion_builder_column fusion-builder-column-0 fusion_builder_column_1_1 1_1 fusion-flex-column\" style=\"--awb-bg-size:cover;--awb-width-large:100%;--awb-margin-top-large:0px;--awb-spacing-right-large:1.92%;--awb-margin-bottom-large:20px;--awb-spacing-left-large:1.92%;--awb-width-medium:100%;--awb-order-medium:0;--awb-spacing-right-medium:1.92%;--awb-spacing-left-medium:1.92%;--awb-width-small:100%;--awb-order-small:0;--awb-spacing-right-small:1.92%;--awb-spacing-left-small:1.92%;\"><div class=\"fusion-column-wrapper fusion-column-has-shadow fusion-flex-justify-content-flex-start fusion-content-layout-column\"><div class=\"fusion-text fusion-text-1\"><p class=\"p1\" style=\"text-align: justify;\"><span class=\"s1\">La Conversaci\u00f3n es una actividad programada para el d\u00eda 5 de septiembre de 2015 en el VII ENAPOL.<\/span><\/p>\n<p class=\"p1\" style=\"text-align: justify;\"><span class=\"s1\">Se tratar\u00e1 de 15<\/span><span class=\"s2\">\u00a0<\/span><span class=\"s1\">conversaciones simult\u00e1neas, repartidas en dos bandas horarias de una hora y 45 minutos cada una: Conversaciones I de 9:00 hs hasta 10:45 hs y Conversaciones II de 10:45hs hasta 12:30 hs.<\/span><span class=\"s2\">\u00a0<\/span><\/p>\n<p class=\"p1\" style=\"text-align: justify;\"><span class=\"s1\">La Direcci\u00f3n Ejecutiva y la Comisi\u00f3n Cient\u00edfica han propuesto 15 miembros de cada Escuela- EOL, EBP y NEL-, para dirigir un trabajo de investigaci\u00f3n que durar\u00e1 unos 5 o 6 meses, sobre un tema extra\u00eddo de los Ejes y sub-ejes disponibles en la p\u00e1gina<\/span><\/p>\n<p class=\"p1\" style=\"text-align: justify;\"><span class=\"s1\">Cada Conversaci\u00f3n estar\u00e1 compuesta por un integrante de la EOL, uno de la EBP y uno de la NEL.\u00a0<\/span><\/p>\n<p class=\"p1\" style=\"text-align: justify;\"><span class=\"s1\">Cada uno de esos tres \u201cconversadores\u201d, a su vez, deber\u00e1 armar un peque\u00f1o grupo de trabajo, m\u00ednimo cinco y m\u00e1ximo diez personas, para investigar el tema durante el per\u00edodo mencionado. De ese modo, la interlocuci\u00f3n ser\u00e1 entre los tres conversadores entre s\u00ed, entre ellos y sus peque\u00f1os grupos, y quiz\u00e1s entre los grupos entre s\u00ed, configurando un \u00e1mbito de trabajo de investigaci\u00f3n internacional y local simult\u00e1neamente.\u00a0<\/span><\/p>\n<p class=\"p1\" style=\"text-align: justify;\"><span class=\"s1\">Se espera que durante la Conversaci\u00f3n est\u00e9n presentes todos los integrantes de los grupos de trabajo.\u00a0<\/span><\/p>\n<p class=\"p1\" style=\"text-align: justify;\"><span class=\"s1\">Cada Conversaci\u00f3n se iniciar\u00e1 con la discusi\u00f3n del escrito (individual) de cada uno de los tres \u201cconversadores\u201d, el que surgir\u00e1\u00a0\u00a0de la investigaci\u00f3n realizada en conjunto. Ser\u00e1n ponencias Individuales, pero no sin algunos otros.\u00a0\u00a0Cada uno de ellos, presentar\u00e1 un breve resumen de diez minutos como m\u00e1ximo del escrito realizado.\u00a0<\/span><\/p>\n<p class=\"p1\" style=\"text-align: justify;\"><span class=\"s1\">Los 45 trabajos\u00a0\u00a0se publicar\u00e1n previamente en forma completa en la p\u00e1gina web, para poder ser le\u00eddos por los participantes del ENAPOL antes de la Conversaci\u00f3n.\u00a0<\/span><\/p>\n<p class=\"p1\" style=\"text-align: justify;\"><span class=\"s1\">\u00a0<\/span><\/p>\n<p class=\"p1\" style=\"text-align: justify;\"><strong><span class=\"s1\">Comisi\u00f3n Cient\u00edfica del VII ENAPOL<\/span><\/strong><\/p>\n<\/div><\/div><\/div><\/div><\/div>\n","protected":false},"excerpt":{"rendered":"","protected":false},"author":1,"featured_media":0,"parent":0,"menu_order":5,"comment_status":"closed","ping_status":"closed","template":"","meta":{"_monsterinsights_skip_tracking":false,"_monsterinsights_sitenote_active":false,"_monsterinsights_sitenote_note":"","_monsterinsights_sitenote_category":0,"footnotes":""},"_links":{"self":[{"href":"https:\/\/enapol.com\/vii\/wp-json\/wp\/v2\/pages\/39"}],"collection":[{"href":"https:\/\/enapol.com\/vii\/wp-json\/wp\/v2\/pages"}],"about":[{"href":"https:\/\/enapol.com\/vii\/wp-json\/wp\/v2\/types\/page"}],"author":[{"embeddable":true,"href":"https:\/\/enapol.com\/vii\/wp-json\/wp\/v2\/users\/1"}],"replies":[{"embeddable":true,"href":"https:\/\/enapol.com\/vii\/wp-json\/wp\/v2\/comments?post=39"}],"version-history":[{"count":4,"href":"https:\/\/enapol.com\/vii\/wp-json\/wp\/v2\/pages\/39\/revisions"}],"predecessor-version":[{"id":474,"href":"https:\/\/enapol.com\/vii\/wp-json\/wp\/v2\/pages\/39\/revisions\/474"}],"wp:attachment":[{"href":"https:\/\/enapol.com\/vii\/wp-json\/wp\/v2\/media?parent=39"}],"curies":[{"name":"wp","href":"https:\/\/api.w.org\/{rel}","templated":true}]}}