{"id":41,"date":"2021-08-29T14:48:58","date_gmt":"2021-08-29T17:48:58","guid":{"rendered":"http:\/\/x-enapol.org\/vii\/?page_id=41"},"modified":"2021-08-30T19:41:55","modified_gmt":"2021-08-30T22:41:55","slug":"conversacoes","status":"publish","type":"page","link":"https:\/\/enapol.com\/vii\/pt\/conversacoes\/","title":{"rendered":"CONVERSA\u00c7\u00d5ES"},"content":{"rendered":"<div class=\"fusion-fullwidth fullwidth-box fusion-builder-row-1 fusion-flex-container nonhundred-percent-fullwidth non-hundred-percent-height-scrolling\" style=\"--awb-border-radius-top-left:0px;--awb-border-radius-top-right:0px;--awb-border-radius-bottom-right:0px;--awb-border-radius-bottom-left:0px;--awb-flex-wrap:wrap;\" ><div class=\"fusion-builder-row fusion-row fusion-flex-align-items-flex-start fusion-flex-content-wrap\" style=\"max-width:1352px;margin-left: calc(-4% \/ 2 );margin-right: calc(-4% \/ 2 );\"><div class=\"fusion-layout-column fusion_builder_column fusion-builder-column-0 fusion_builder_column_1_1 1_1 fusion-flex-column\" style=\"--awb-bg-size:cover;--awb-width-large:100%;--awb-margin-top-large:0px;--awb-spacing-right-large:1.92%;--awb-margin-bottom-large:20px;--awb-spacing-left-large:1.92%;--awb-width-medium:100%;--awb-order-medium:0;--awb-spacing-right-medium:1.92%;--awb-spacing-left-medium:1.92%;--awb-width-small:100%;--awb-order-small:0;--awb-spacing-right-small:1.92%;--awb-spacing-left-small:1.92%;\"><div class=\"fusion-column-wrapper fusion-column-has-shadow fusion-flex-justify-content-flex-start fusion-content-layout-column\"><div class=\"fusion-text fusion-text-1\"><p class=\"p1\" style=\"text-align: justify;\"><span class=\"s1\">A Conversa\u00e7\u00e3o \u00e9 uma atividade programada para a manh\u00e3 do dia\u00a0<\/span><span class=\"s2\">05 de setembro de 2015<\/span><span class=\"s1\">, durante o VII ENAPOL.\u00a0<\/span><\/p>\n<p class=\"p1\" style=\"text-align: justify;\"><span class=\"s1\">Ser\u00e3o 15 Conversa\u00e7\u00f5es Simult\u00e2neas, divididas em duas faixas de hor\u00e1rio, cada uma com dura\u00e7\u00e3o de uma hora e 45 minutos: das\u00a0<\/span><span class=\"s2\">9h00<\/span><span class=\"s1\">\u00a0\u00e0s\u00a0<\/span><span class=\"s2\">10h45<\/span><span class=\"s1\">\u00a0e das\u00a0<\/span><span class=\"s2\">10h45<\/span><span class=\"s1\">\u00a0\u00e0s\u00a0<\/span><span class=\"s2\">12h30<\/span><span class=\"s1\">.<\/span><\/p>\n<p class=\"p1\" style=\"text-align: justify;\"><span class=\"s1\">A Diretoria Executiva e a Comiss\u00e3o Cient\u00edfica propuseram 15 membros de cada Escola \u2013 EOL, EBP e NEL \u2013, para dirigirem um trabalho de investiga\u00e7\u00e3o que durar\u00e1 de 5 a 6 meses, sobre um tema extra\u00eddo dos Eixos e sub-eixos dispon\u00edveis na p\u00e1gina do VII ENAPOL<\/span><\/p>\n<p class=\"p1\" style=\"text-align: justify;\"><span class=\"s1\">Cada Conversa\u00e7\u00e3o ser\u00e1 composta por um integrante da EOL, um da EBP e um da NEL. \u00a0<\/span><\/p>\n<p class=\"p1\" style=\"text-align: justify;\"><span class=\"s1\">Cada um desses tr\u00eas \u201cconversadores\u201d, por sua vez, dever\u00e1 organizar um pequeno grupo de trabalho, de cinco e no m\u00e1ximo dez pessoas, para investigar o tema durante o per\u00edodo mencionado. Desse modo, a interlocu\u00e7\u00e3o ser\u00e1 entre os tr\u00eas conversadores, entre eles e seus pequenos grupos, e talvez entre os grupos entre si, configurando um \u00e2mbito de trabalho de investiga\u00e7\u00e3o internacional e local simultaneamente.\u00a0<\/span><\/p>\n<p class=\"p1\" style=\"text-align: justify;\"><span class=\"s1\">Espera-se que durante a Conversa\u00e7\u00e3o estejam presentes todos os integrantes dos grupos de trabalho.\u00a0<\/span><\/p>\n<p class=\"p1\" style=\"text-align: justify;\"><span class=\"s1\">Cada Conversa\u00e7\u00e3o ser\u00e1 iniciada com a discuss\u00e3o do escrito (individual) de cada um dos tr\u00eas \u201cconversadores\u201d, aquele que surgir\u00e1 da investiga\u00e7\u00e3o realizada em conjunto. Ser\u00e3o comunica\u00e7\u00f5es individuais, mas n\u00e3o sem alguns outros, com dura\u00e7\u00e3o m\u00e1xima de dez minutos cada.\u00a0<\/span><\/p>\n<p class=\"p1\" style=\"text-align: justify;\"><span class=\"s1\">Os 45 trabalhos ser\u00e3o publicados previamente na p\u00e1gina web para serem lidos pelos participantes do ENAPOL antes da Conversa\u00e7\u00e3o.\u00a0<\/span><\/p>\n<p class=\"p1\" style=\"text-align: justify;\"><strong><span class=\"s1\">Comiss\u00e3o Cient\u00edfica do VII ENAPOL<\/span><\/strong><\/p>\n<\/div><\/div><\/div><\/div><\/div>\n","protected":false},"excerpt":{"rendered":"","protected":false},"author":1,"featured_media":0,"parent":0,"menu_order":5,"comment_status":"closed","ping_status":"closed","template":"","meta":{"_monsterinsights_skip_tracking":false,"_monsterinsights_sitenote_active":false,"_monsterinsights_sitenote_note":"","_monsterinsights_sitenote_category":0,"footnotes":""},"_links":{"self":[{"href":"https:\/\/enapol.com\/vii\/wp-json\/wp\/v2\/pages\/41"}],"collection":[{"href":"https:\/\/enapol.com\/vii\/wp-json\/wp\/v2\/pages"}],"about":[{"href":"https:\/\/enapol.com\/vii\/wp-json\/wp\/v2\/types\/page"}],"author":[{"embeddable":true,"href":"https:\/\/enapol.com\/vii\/wp-json\/wp\/v2\/users\/1"}],"replies":[{"embeddable":true,"href":"https:\/\/enapol.com\/vii\/wp-json\/wp\/v2\/comments?post=41"}],"version-history":[{"count":2,"href":"https:\/\/enapol.com\/vii\/wp-json\/wp\/v2\/pages\/41\/revisions"}],"predecessor-version":[{"id":475,"href":"https:\/\/enapol.com\/vii\/wp-json\/wp\/v2\/pages\/41\/revisions\/475"}],"wp:attachment":[{"href":"https:\/\/enapol.com\/vii\/wp-json\/wp\/v2\/media?parent=41"}],"curies":[{"name":"wp","href":"https:\/\/api.w.org\/{rel}","templated":true}]}}