{"id":430,"date":"2021-08-30T16:55:56","date_gmt":"2021-08-30T19:55:56","guid":{"rendered":"http:\/\/x-enapol.org\/vii\/?page_id=430"},"modified":"2021-09-03T13:04:04","modified_gmt":"2021-09-03T16:04:04","slug":"sigmund-freud","status":"publish","type":"page","link":"https:\/\/enapol.com\/vii\/bibliografia\/sigmund-freud\/","title":{"rendered":"Sigmund Freud"},"content":{"rendered":"<div class=\"fusion-fullwidth fullwidth-box fusion-builder-row-1 fusion-flex-container nonhundred-percent-fullwidth non-hundred-percent-height-scrolling\" style=\"--awb-border-radius-top-left:0px;--awb-border-radius-top-right:0px;--awb-border-radius-bottom-right:0px;--awb-border-radius-bottom-left:0px;--awb-flex-wrap:wrap;\" ><div class=\"fusion-builder-row fusion-row fusion-flex-align-items-flex-start fusion-flex-content-wrap\" style=\"max-width:1352px;margin-left: calc(-4% \/ 2 );margin-right: calc(-4% \/ 2 );\"><div class=\"fusion-layout-column fusion_builder_column fusion-builder-column-0 fusion_builder_column_1_1 1_1 fusion-flex-column\" style=\"--awb-bg-size:cover;--awb-width-large:100%;--awb-margin-top-large:0px;--awb-spacing-right-large:1.92%;--awb-margin-bottom-large:20px;--awb-spacing-left-large:1.92%;--awb-width-medium:100%;--awb-order-medium:0;--awb-spacing-right-medium:1.92%;--awb-spacing-left-medium:1.92%;--awb-width-small:100%;--awb-order-small:0;--awb-spacing-right-small:1.92%;--awb-spacing-left-small:1.92%;\"><div class=\"fusion-column-wrapper fusion-column-has-shadow fusion-flex-justify-content-flex-start fusion-content-layout-column\"><div class=\"accordian fusion-accordian\" style=\"--awb-border-size:0px;--awb-icon-size:16px;--awb-content-font-size:15px;--awb-icon-alignment:left;--awb-hover-color:#f9f9f9;--awb-border-color:#cccccc;--awb-background-color:#ffffff;--awb-divider-color:rgba(224,222,222,0);--awb-divider-hover-color:rgba(224,222,222,0);--awb-icon-color:#ffffff;--awb-title-color:#0075a8;--awb-content-color:#222222;--awb-icon-box-color:#333333;--awb-toggle-hover-accent-color:#46b1fd;--awb-title-font-family:&quot;Raleway&quot;;--awb-title-font-weight:600;--awb-title-font-style:normal;--awb-title-line-height:1.5;--awb-content-font-family:&quot;Open Sans&quot;;--awb-content-font-style:normal;--awb-content-font-weight:400;\"><div class=\"panel-group fusion-toggle-icon-boxed\" id=\"accordion-430-1\"><div class=\"fusion-panel panel-default panel-259b2f70e51989ee9 fusion-toggle-no-divider\"><div class=\"panel-heading\"><h4 class=\"panel-title toggle\" id=\"toggle_259b2f70e51989ee9\"><a aria-expanded=\"false\" aria-controls=\"259b2f70e51989ee9\" role=\"button\" data-toggle=\"collapse\" data-parent=\"#accordion-430-1\" data-target=\"#259b2f70e51989ee9\" href=\"#259b2f70e51989ee9\"><span class=\"fusion-toggle-icon-wrapper\" aria-hidden=\"true\"><i class=\"fa-fusion-box active-icon awb-icon-minus\" aria-hidden=\"true\"><\/i><i class=\"fa-fusion-box inactive-icon awb-icon-plus\" aria-hidden=\"true\"><\/i><\/span><span class=\"fusion-toggle-heading\">PRIMERA ENTREGA<\/span><\/a><\/h4><\/div><div id=\"259b2f70e51989ee9\" class=\"panel-collapse collapse \" aria-labelledby=\"toggle_259b2f70e51989ee9\"><div class=\"panel-body toggle-content fusion-clearfix\">\n<p style=\"text-align: justify;\"><strong>Ana Paula Lorenzi<\/strong><\/p>\n<p style=\"text-align: justify;\">La revisi\u00f3n bibliogr\u00e1fica de Freud para el pr\u00f3ximo ENAPOL, cuyo t\u00edtulo es \u201cEl imperio de las im\u00e1genes\u201d, tiene como uno de sus ejes tem\u00e1ticos la noci\u00f3n de<em>\u00a0imagen<\/em>.<\/p>\n<p style=\"text-align: justify;\">En el art\u00edculo \u201cEl imperio de las im\u00e1genes\u201d de Ferreira da Silva, Vitale y Iglesias, texto que establece el argumento del Encuentro, los autores definen el tema de la siguiente forma: \u201c[\u2026] lo Imaginario a partir de los nuevos tiempos\u201d.<\/p>\n<p style=\"text-align: justify;\">Para comenzar esta revisi\u00f3n, escogimos el art\u00edculo \u201cLo inconsciente\u201d (1915), en cuyo \u201cAp\u00e9ndice C\u201d, el editor de la Edici\u00f3n Standard Brasile\u00f1a de las\u00a0<em>Obras Completas<\/em>\u00a0hace una distinci\u00f3n importante entre dos t\u00e9rminos:\u00a0<em>Bild<\/em>\u00a0y\u00a0<em>Vorstellung<\/em>.<a href=\"http:\/\/oimperiodasimagens.com\/es\/faq-items\/bibliografia-de-freud-para-vii-enapol\/#_ftn1\" name=\"_ftnref1\">[1]<\/a><\/p>\n<p style=\"text-align: justify;\">\u00c9l resalta que\u00a0<em>Vorstellung<\/em>\u00a0fue traducido al portugu\u00e9s por representaci\u00f3n (<em>representa\u00e7\u00e3o<\/em>)\/ presentaci\u00f3n (<em>apresenta\u00e7\u00e3o<\/em>); y\u00a0<em>Bild\u00a0<\/em>por imagen (<em>imagem<\/em>).<\/p>\n<p style=\"text-align: justify;\">Estos dos conceptos orientan esta primera lista de referencias de Freud, en la medida en que la imagen remite a la representaci\u00f3n, y la representaci\u00f3n a la imagen. La relaci\u00f3n entre la imagen y la representaci\u00f3n muestra que para que algo sea representado es necesaria una suposici\u00f3n de semejanza (y por tanto de desemejanza) \u2013 lo que Freud llama \u201cjuicio de atribuci\u00f3n\u201d en su art\u00edculo \u201cLa negaci\u00f3n\u201d.<\/p>\n<p style=\"text-align: justify;\">No obstante, en ese mismo art\u00edculo \u201cLo inconsciente\u201d se encuentran puntos importantes para introducir el tema de la imagen en Freud, cuando formula la manera por la cual la imagen participa de la constituci\u00f3n del inconsciente, al abordar la cuesti\u00f3n del habla, del lenguaje, de la lengua y de la escritura, relacionando cada una de ellas con la \u2018imagen\u2019 y su representaci\u00f3n.<\/p>\n<p style=\"text-align: justify;\">As\u00ed, en esta primera lista, aparecen art\u00edculos de Freud en los que encontramos el tema de la imagen relacionado con las nociones de imagen mn\u00e9mica, imagen y representaci\u00f3n en los sue\u00f1os,\u00a0<em>imago<\/em>\u00a0paterna e\u00a0<em>imago<\/em>\u00a0materna, simbolismo, juicio de atribuci\u00f3n, representaci\u00f3n-cosa y representaci\u00f3n-palabra.<\/p>\n<p style=\"text-align: justify;\"><em>Traducci\u00f3n del portugu\u00e9s: Maria do Carmo Dias Batista<\/em><\/p>\n<p style=\"text-align: justify;\"><em>Revisi\u00f3n: Mercedes \u00c1vila y Pablo Russo<\/em><\/p>\n<p style=\"text-align: justify;\"><em><strong>Referencias en Freud.<\/strong><\/em><\/p>\n<ul style=\"text-align: justify;\">\n<li>Freud,S. (1893-95), \u201cEstudios sobre la histeria\u201d, en Obras Completas, t. II, p.1, Ed.Amorrortu, Buenos Aires, Argentina. \u201crepresentaci\u00f3n\u201d<\/li>\n<\/ul>\n<ul style=\"text-align: justify;\">\n<li>Freud, S. (1895), \u201cProyecto de psicolog\u00eda\u201d, en Obras Completas, t. I, p.323, Ed.Amorrortu, Buenos Aires, Argentina. \u201crepresentaci\u00f3n\u201d<\/li>\n<\/ul>\n<ul style=\"text-align: justify;\">\n<li>Freud, S. (1899), \u201cSobre los recuerdos encubridores\u201d, en Obras Completas, t. III, p.291, Ed.Amorrortu, Buenos Aires, Argentina. \u201cimagen desplazada\u201d<\/li>\n<\/ul>\n<ul style=\"text-align: justify;\">\n<li>Freud, S. (1900), \u201cLa interpretaci\u00f3n de los sue\u00f1os\u201d, en Obras Completas, t. IV y V, Ed.Amorrortu, Buenos Aires, Argentina.<\/li>\n<\/ul>\n<p style=\"text-align: justify;\">\u201cimagen de la memoria; representaci\u00f3n en los sue\u00f1os; imagen visual en los sue\u00f1os; simbolismo en los sue\u00f1os; representaci\u00f3n de la imagen.\u201d<\/p>\n<ul style=\"text-align: justify;\">\n<li>Freud, S. (1912), \u201cSobre la din\u00e1mica de la trasferencia\u201d, en Obras Completas, t. XII, p.93, Ed.Amorrortu, Buenos Aires, Argentina.<\/li>\n<\/ul>\n<p style=\"text-align: justify;\">\u201c<em>imagos<\/em>\u00a0paterna, materna y fraterna.\u201d<\/p>\n<ul style=\"text-align: justify;\">\n<li>Freud, S. (1915), \u201cLo inconciente\u201d, en Obras Completas, t. XIV, p.153, Ed.Amorrortu, Buenos Aires, Argentina.<\/li>\n<\/ul>\n<ul style=\"text-align: justify;\">\n<li>Freud, S. (1925), \u201cLa negaci\u00f3n\u201d, en Obras Completas, t. XIX, p.249, Ed.Amorrortu, Buenos Aires, Argentina. \u201cjuicio de asignaci\u00f3n y juicio de existencia.\u201d<\/li>\n<\/ul>\n<p style=\"text-align: justify;\"><a href=\"http:\/\/oimperiodasimagens.com\/es\/faq-items\/bibliografia-de-freud-para-vii-enapol\/#_ftnref1\" name=\"_ftn1\">[1]<\/a>\u00a0No ocurre as\u00ed en la edici\u00f3n castellana de\u00a0<em>Obras Completas<\/em>, de Amorrortu, con traducci\u00f3n de Jos\u00e9 L. Etcheverry [N. del Revisor].<\/p>\n<\/div><\/div><\/div><div class=\"fusion-panel panel-default panel-a83e064a4c995de81 fusion-toggle-no-divider\"><div class=\"panel-heading\"><h4 class=\"panel-title toggle\" id=\"toggle_a83e064a4c995de81\"><a aria-expanded=\"false\" aria-controls=\"a83e064a4c995de81\" role=\"button\" data-toggle=\"collapse\" data-parent=\"#accordion-430-1\" data-target=\"#a83e064a4c995de81\" href=\"#a83e064a4c995de81\"><span class=\"fusion-toggle-icon-wrapper\" aria-hidden=\"true\"><i class=\"fa-fusion-box active-icon awb-icon-minus\" aria-hidden=\"true\"><\/i><i class=\"fa-fusion-box inactive-icon awb-icon-plus\" aria-hidden=\"true\"><\/i><\/span><span class=\"fusion-toggle-heading\">SEGUNDA ENTREGA<\/span><\/a><\/h4><\/div><div id=\"a83e064a4c995de81\" class=\"panel-collapse collapse \" aria-labelledby=\"toggle_a83e064a4c995de81\"><div class=\"panel-body toggle-content fusion-clearfix\">\n<p style=\"text-align: justify;\"><strong>Ana Paula Sartori Lorenzi \/ Rachel Amin<\/strong><\/p>\n<p style=\"text-align: justify;\">En la primera lista de revisi\u00f3n bibliogr\u00e1fica sugerimos art\u00edculos de Freud que tratan de aquello que de la imagen se representa, es decir, la relaci\u00f3n entre\u00a0<em>Bild<\/em>\u00a0(imagen) y\u00a0<em>Vorstellung<\/em>\u00a0(representaci\u00f3n). All\u00ed privilegiamos lo imaginario en la relaci\u00f3n con lo simb\u00f3lico, mostrando lo que de la imagen se representa por la v\u00eda de la palabra, del significante.<\/p>\n<p style=\"text-align: justify;\">En esta lista sugerimos textos de Freud que indican lo que de la imagen se relaciona con el cuerpo y con la pulsi\u00f3n, para despu\u00e9s nos aproximarnos m\u00e1s a lo que de la imagen es del orden del real, es decir, aquello que de la imagen no se representa: \u201cir del imaginario significante al imaginario real\u201d (HORNE, B., texto in\u00e9dito, 2014)<\/p>\n<p style=\"text-align: justify;\">Marie-H\u00e9l\u00e8ne Brousse formula esa idea de la siguiente manera: \u201cLacan le da al imaginario una base real\u201d (BROUSSE,\u00a0<em>Op\u00e7\u00e3o Lacaniana<\/em>\u00a0online n\u00ba 15, 2014)<a href=\"http:\/\/oimperiodasimagens.com\/es\/faq-items\/bibliografia-de-freud-para-vii-enapol\/#_ftn1\" name=\"_ftnref1\">[1]<\/a>.<\/p>\n<p style=\"text-align: justify;\">As\u00ed, esta lista de art\u00edculos de Freud destaca t\u00e9rminos tales como: auto-erotismo, cuerpo propio, yo-corporal (ego corporal), ideal del yo, supery\u00f3, identificaci\u00f3n, falo, cuerpo del Otro.<\/p>\n<p style=\"text-align: justify;\"><em>Traducci\u00f3n del portugu\u00e9s: Oscar Reymondo<\/em><\/p>\n<p style=\"text-align: justify;\">Segunda lista<a href=\"http:\/\/oimperiodasimagens.com\/es\/faq-items\/bibliografia-de-freud-para-vii-enapol\/#_ftn2\" name=\"_ftnref2\"><sup>[2]<\/sup><\/a>:<\/p>\n<p style=\"text-align: justify;\">1-<em>\u201c<\/em><em>Introducci<\/em><em>\u00f3<\/em><em>n al narcisismo<\/em><em>\u201d<\/em>\u00a0<em>(1914), Vol. XIV, p. 65. \u2013 narcisismo, autoerotismo, yo ideal, libido.<\/em><\/p>\n<p style=\"text-align: justify;\">2-\u00a0<em>\u201c<\/em><em>Pulsiones y destinos de pulsi<\/em><em>\u00f3<\/em><em>n<\/em><em>\u201d<\/em><em>, (1914), Vol. XIV, p. 105. \u2013 narcisismo, pulsi<\/em><em>\u00f3<\/em><em>n<\/em><\/p>\n<p style=\"text-align: justify;\"><em>3-<\/em>\u00a0<em>\u201c<\/em><em>Complemento metapsicol<\/em><em>\u00f3<\/em><em>gico a la teor<\/em><em>\u00ed<\/em><em>a de los sue<\/em><em>\u00f1<\/em><em>os<\/em><em>\u201d<\/em>\u00a0<em>[(1917) 1915], Vol. XIV, p. 215\u00a0<\/em><em>\u2013<\/em><em>\u00a0yo<\/em><\/p>\n<p style=\"text-align: justify;\">4-\u00a0<em>\u201c<\/em><em>26 Conferencia. La teor<\/em><em>\u00ed<\/em><em>a de la libido y el narcisismo<\/em><em>\u201d<\/em><em>, (1916-1917), Vol. XVI, p. 375. \u2013 yo ideal, narcisismo, yo<\/em><\/p>\n<p style=\"text-align: justify;\">5-\u00a0<em>\u201c<\/em><em>M<\/em><em>\u00e1<\/em><em>s all<\/em><em>\u00e1<\/em>\u00a0<em>del principio de placer<\/em><em>\u201d<\/em>\u00a0<em>(1920), Vol. XVIII, p. 1. \u2013 pulsi<\/em><em>\u00f3<\/em><em>n, pulsiones, identificaci<\/em><em>\u00f3<\/em><em>n<\/em><\/p>\n<p style=\"text-align: justify;\">6-<em>\u201c<\/em><em>Psicolog<\/em><em>\u00ed<\/em><em>a de las masas y an<\/em><em>\u00e1<\/em><em>lisis del yo<\/em><em>\u201d<\/em>\u00a0<em>(1921), Vol. XVIII, p. 63 \u2013 identificaci<\/em><em>\u00f3<\/em><em>n, formaci<\/em><em>\u00f3<\/em><em>n del yo<\/em><\/p>\n<p style=\"text-align: justify;\">7-\u00a0<em>\u201c<\/em><em>El yo y el ello<\/em><em>\u201d<\/em>\u00a0<em>(1923), Vol. XIX, p. 1 \u2013 yo, cuerpo, super yo \/ ideal del yo, identificaci<\/em><em>\u00f3<\/em><em>n<\/em><\/p>\n<p style=\"text-align: justify;\">Yo \u2013 Yo-corporal \u2013 cuerpo propio: como un objeto, como \u201cproyecci\u00f3n de una superficie\u201d.<\/p>\n<p style=\"text-align: justify;\"><em>\u201c<\/em><em>El yo es sobre todo una esencia-cuerpo; no es s<\/em><em>\u00f3<\/em><em>lo una esencia-superficie, sino,\u00a0<\/em><em>\u00e9<\/em><em>l mismo, la\u00a0<strong>proyecci<\/strong><\/em><strong><em>\u00f3<\/em><\/strong><strong><em>n de una superficie<\/em><\/strong><em>\u201d<\/em>\u00a0<em>(p. 27)<\/em><\/p>\n<p style=\"text-align: justify;\">Freud lo compara con el \u2018hom\u00fanculo cortical\u2019 de los anatomistas \u2013 manera como nuestro cerebro ve nuestro propio cuerpo.<\/p>\n<p style=\"text-align: justify;\"><em>\u201c<\/em><em>Si uno le busca una analog<\/em><em>\u00ed<\/em><em>a anat<\/em><em>\u00f3<\/em><em>mica, lo mejor es identificarlo con el\u00a0<\/em><strong><em>\u00ab<\/em><\/strong><strong><em>hom<\/em><\/strong><strong><em>\u00fa<\/em><\/strong><strong><em>nculo del enc<\/em><\/strong><strong><em>\u00e9<\/em><\/strong><strong><em>falo<\/em><\/strong><strong><em>\u00bb<\/em><\/strong>\u00a0<em>de los anatomistas, que est<\/em><em>\u00e1<\/em>\u00a0<em>cabeza abajo en la corteza cerebral, ex- tiende hacia arriba los talones, mira hacia atr<\/em><em>\u00e1<\/em><em>s y, seg<\/em><em>\u00fa<\/em><em>n es bien sabido, tiene a la izquierda la zona del lenguaje<\/em><em>\u201d<\/em>\u00a0<em>(p 27 y 28)<\/em><\/p>\n<p style=\"text-align: justify;\"><em>\u201c<\/em><em>el car<\/em><em>\u00e1<\/em><em>cter del yo es\u00a0<strong>una sedimentaci<\/strong><\/em><strong><em>\u00f3<\/em><\/strong><strong><em>n de las investiduras de objeto resignadas, contiene la historia de estas elecciones de objeto<\/em><\/strong><strong><em>\u201d<\/em><\/strong>\u00a0<em>(p.31)<\/em><\/p>\n<p style=\"text-align: justify;\">Superyo \/ Ideal del yo: origen del ideal del yo: \u201cpor detr\u00e1s de \u00e9l yace oculta la primera y la m\u00e1s importante identificaci\u00f3n de un individuo, su identificaci\u00f3n con el padre y con su propia prehistoria personal\u201d, en nota de pie de p\u00e1gina Freud dice que la identificaci\u00f3n en juego en la formaci\u00f3n del ideal del yo seria \u201ccon los padres\u201d.<\/p>\n<p style=\"text-align: justify;\"><em>\u201c<\/em><em>Esto nos reconduce a la g<\/em><em>\u00e9<\/em><em>nesis del ideal del yo,\u00a0<strong>pues tras este se esconde la identificaci<\/strong><\/em><strong><em>\u00f3<\/em><\/strong><strong><em>n primera, y de mayor valencia, del individuo: la identificaci<\/em><\/strong><strong><em>\u00f3<\/em><\/strong><strong><em>n con el padre de la prehistoria personal<\/em><\/strong><strong><em>\u201d<\/em><\/strong><em>\u00a0(p.33)<\/em><\/p>\n<p style=\"text-align: justify;\">8-<em>\u201c<\/em><em>La organizaci<\/em><em>\u00f3<\/em><em>n genital infantil (Una interpolaci<\/em><em>\u00f3<\/em><em>n en la teor<\/em><em>\u00ed<\/em><em>a de la sexualidad)<\/em><em>\u201d<\/em>\u00a0<em>(1923), Vol. XIX, p. 141 \u2013 falo, cuerpo<\/em><\/p>\n<p style=\"text-align: justify;\">9-\u00a0<em>\u201c<\/em><em>Algunas consecuencias ps<\/em><em>\u00ed<\/em><em>quicas de la diferencia anat<\/em><em>\u00f3<\/em><em>mica entre los sexos<\/em><em>\u201d<\/em>\u00a0<em>(1925), Vol. XIX, p. 259 \u2013 cuerpo, identificaci<\/em><em>\u00f3<\/em><em>n<\/em><\/p>\n<p style=\"text-align: justify;\"><a href=\"http:\/\/oimperiodasimagens.com\/es\/faq-items\/bibliografia-de-freud-para-vii-enapol\/#_ftnref1\" name=\"_ftn1\">[1]<\/a>\u00a0Conferencia organizada por el Instituto del Campo Freudiano de Granada: Cuerpos lacanianos: Novedades contempor\u00e2neas sobre el estad\u00edo del espejo. Reproduzida en\u00a0<a href=\"http:\/\/www.radiolacan.com\/es\/topic\/180\/4\">http:\/\/www.radiolacan.com\/es\/topic\/180\/4<\/a><\/p>\n<p style=\"text-align: justify;\"><a href=\"http:\/\/oimperiodasimagens.com\/es\/faq-items\/bibliografia-de-freud-para-vii-enapol\/#_ftnref2\" name=\"_ftn2\"><sup>[2]<\/sup><\/a>\u00a0Todos los art\u00edculos de Freud aqu\u00ed citados se encuentran en\u00a0<em>Sigmund Freud Obras completas<\/em>, Amorrortu editores, Buenos Aires, Argentina.<\/p>\n<\/div><\/div><\/div><div class=\"fusion-panel panel-default panel-2b2f9bb5347ef058d fusion-toggle-no-divider\"><div class=\"panel-heading\"><h4 class=\"panel-title toggle\" id=\"toggle_2b2f9bb5347ef058d\"><a aria-expanded=\"false\" aria-controls=\"2b2f9bb5347ef058d\" role=\"button\" data-toggle=\"collapse\" data-parent=\"#accordion-430-1\" data-target=\"#2b2f9bb5347ef058d\" href=\"#2b2f9bb5347ef058d\"><span class=\"fusion-toggle-icon-wrapper\" aria-hidden=\"true\"><i class=\"fa-fusion-box active-icon awb-icon-minus\" aria-hidden=\"true\"><\/i><i class=\"fa-fusion-box inactive-icon awb-icon-plus\" aria-hidden=\"true\"><\/i><\/span><span class=\"fusion-toggle-heading\">TERCERA ENTREGA<\/span><\/a><\/h4><\/div><div id=\"2b2f9bb5347ef058d\" class=\"panel-collapse collapse \" aria-labelledby=\"toggle_2b2f9bb5347ef058d\"><div class=\"panel-body toggle-content fusion-clearfix\">\n<p><strong>Ana Paula Sartori Lorenzi \/ Rachel Amin<\/strong><\/p>\n<p style=\"text-align: justify;\">En este listado de la Bibliograf\u00eda de Freud sugerimos algunos de sus trabajos que abordan la cuesti\u00f3n de la\u00a0<em>mirada<\/em>, de la\u00a0<em>visi\u00f3n<\/em>, pues juegan un papel muy importante en la constituci\u00f3n de la\u00a0<em>imagen<\/em>, del\u00a0<em>yo<\/em>.<\/p>\n<p style=\"text-align: justify;\">Del disturbio de la visi\u00f3n como complacencia som\u00e1tica en la histeria, pasando por la cuesti\u00f3n de la visi\u00f3n de los \u00f3rganos genitales en el cuerpo del otro, que retorna como castraci\u00f3n, fundamentales para la constituci\u00f3n subjetiva, hasta la escopofilia (voyeurismo) y el exhibicionismo, algunas de estas formulaciones freudianas sobre el tema de la visi\u00f3n y de la mirada, llevadas a efecto en el siglo pasado, pueden lanzar una luz sobre el tema contempor\u00e1neo del\u00a0<em>imperio de las<\/em>\u00a0<em>im\u00e1genes.\u00a0<\/em>Ver\/ hacerse ver; espiar\/ ser espiado; mirar\/ ser mirado; exponerse; exhibirse; mirarse sendo mirado; son \u00edndices que apuntan para la pertinencia del tema de la pulsi\u00f3n, concepto freudiano en la frontera entre el som\u00e1tico y el ps\u00edquico.<\/p>\n<p style=\"text-align: justify;\">1-\u201cLas aberraciones sexuales\u201d en Tres ensayos de teoria sexual (1905), Vol. VII, p.123, Amorrortu editores, Buenos Aires, Argentina<\/p>\n<p style=\"text-align: justify;\">2- \u201cLa sexualidad infantil\u201d en Tres ensayos de teoria sexual (1905), Vol. VII, p.157, Amorrortu editores, Buenos Aires, Argentina.<\/p>\n<p style=\"text-align: justify;\">3- \u201cLa perturbaci\u00f3n psic\u00f3gena de la visi\u00f3n seg\u00fan el psicoan\u00e1lisis\u201d (1910), Vol. XI, p.205, Amorrortu editores, Buenos Aires, Argentina<\/p>\n<p style=\"text-align: justify;\">4- \u201cPulsiones y destinos de pulsi\u00f3n\u201d (1915), Vol. XIV, p.105, Amorrortu editores, Buenos Aires, Argentina<\/p>\n<p style=\"text-align: justify;\">5- \u201c20\u00ba conferencia. La vida sexual de los seres humanos\u201d, en Conferencias de introducci\u00f3n al psicoan\u00e1lisis (1916-17), Vol. XVI, p.277, Amorrortu editores, Buenos Aires, Argentina<\/p>\n<p style=\"text-align: justify;\">6- \u201cEl sepultamiento del complejo de Edipo\u201d (1924), Vol. XIX, p.177, Amorrortu editores, Buenos Aires, Argentina<\/p>\n<p style=\"text-align: justify;\">7- \u201cEl desarrollo de la funci\u00f3n sexual\u201d en Esquema del psicoan\u00e1lisis (1940 [1938]), Vol. XXIII, p.150, Amorrortu editores, Buenos Aires, Argentina<\/p>\n<\/div><\/div><\/div><\/div><\/div><\/div><\/div><\/div><\/div>\n","protected":false},"excerpt":{"rendered":"","protected":false},"author":1,"featured_media":0,"parent":43,"menu_order":1,"comment_status":"closed","ping_status":"closed","template":"","meta":{"_monsterinsights_skip_tracking":false,"_monsterinsights_sitenote_active":false,"_monsterinsights_sitenote_note":"","_monsterinsights_sitenote_category":0,"footnotes":""},"_links":{"self":[{"href":"https:\/\/enapol.com\/vii\/wp-json\/wp\/v2\/pages\/430"}],"collection":[{"href":"https:\/\/enapol.com\/vii\/wp-json\/wp\/v2\/pages"}],"about":[{"href":"https:\/\/enapol.com\/vii\/wp-json\/wp\/v2\/types\/page"}],"author":[{"embeddable":true,"href":"https:\/\/enapol.com\/vii\/wp-json\/wp\/v2\/users\/1"}],"replies":[{"embeddable":true,"href":"https:\/\/enapol.com\/vii\/wp-json\/wp\/v2\/comments?post=430"}],"version-history":[{"count":10,"href":"https:\/\/enapol.com\/vii\/wp-json\/wp\/v2\/pages\/430\/revisions"}],"predecessor-version":[{"id":1397,"href":"https:\/\/enapol.com\/vii\/wp-json\/wp\/v2\/pages\/430\/revisions\/1397"}],"up":[{"embeddable":true,"href":"https:\/\/enapol.com\/vii\/wp-json\/wp\/v2\/pages\/43"}],"wp:attachment":[{"href":"https:\/\/enapol.com\/vii\/wp-json\/wp\/v2\/media?parent=430"}],"curies":[{"name":"wp","href":"https:\/\/api.w.org\/{rel}","templated":true}]}}