{"id":45,"date":"2021-08-29T14:50:03","date_gmt":"2021-08-29T17:50:03","guid":{"rendered":"http:\/\/x-enapol.org\/vii\/?page_id=45"},"modified":"2021-08-30T18:37:33","modified_gmt":"2021-08-30T21:37:33","slug":"bibliografia-2","status":"publish","type":"page","link":"https:\/\/enapol.com\/vii\/pt\/bibliografia-2\/","title":{"rendered":"BIBLIOGRAFIA"},"content":{"rendered":"<div class=\"fusion-fullwidth fullwidth-box fusion-builder-row-1 fusion-flex-container nonhundred-percent-fullwidth non-hundred-percent-height-scrolling\" style=\"--awb-border-radius-top-left:0px;--awb-border-radius-top-right:0px;--awb-border-radius-bottom-right:0px;--awb-border-radius-bottom-left:0px;--awb-flex-wrap:wrap;\" ><div class=\"fusion-builder-row fusion-row fusion-flex-align-items-flex-start fusion-flex-content-wrap\" style=\"max-width:1352px;margin-left: calc(-4% \/ 2 );margin-right: calc(-4% \/ 2 );\"><div class=\"fusion-layout-column fusion_builder_column fusion-builder-column-0 fusion_builder_column_1_1 1_1 fusion-flex-column\" style=\"--awb-bg-size:cover;--awb-width-large:100%;--awb-margin-top-large:0px;--awb-spacing-right-large:1.92%;--awb-margin-bottom-large:20px;--awb-spacing-left-large:1.92%;--awb-width-medium:100%;--awb-order-medium:0;--awb-spacing-right-medium:1.92%;--awb-spacing-left-medium:1.92%;--awb-width-small:100%;--awb-order-small:0;--awb-spacing-right-small:1.92%;--awb-spacing-left-small:1.92%;\"><div class=\"fusion-column-wrapper fusion-column-has-shadow fusion-flex-justify-content-flex-start fusion-content-layout-column\"><div class=\"fusion-text fusion-text-1\"><p style=\"text-align: justify;\">A Comiss\u00e3o de Pesquisa Bibliogr\u00e1fica j\u00e1 realizou um extenso e diversificado trabalho! Destacarei, aos poucos, alguns pontos interessantes.<\/p>\n<p style=\"text-align: justify;\">Neste momento chamo a aten\u00e7\u00e3o para a produ\u00e7\u00e3o da comiss\u00e3o que fez a pesquisa bibliogr\u00e1fica em Freud, realizando um trabalho enxuto e pontual.<\/p>\n<p style=\"text-align: justify;\">Foram apresentadas tr\u00eas listas, cada uma com uma proposta de articula\u00e7\u00e3o pr\u00f3pria e um texto introdut\u00f3rio explicando o caminho feito.<\/p>\n<p style=\"text-align: justify;\">Na primeira lista o trabalho teve como ponto de partida o texto \u201cO inconsciente\u201d. Seguindo articula\u00e7\u00e3o REPRESENTA\u00c7\u00c3O-IMAGEM a\u00ed proposta por Freud, outras refer\u00eancias s\u00e3o sugeridas sendo a imagem relacionada \u201c\u00e0s no\u00e7\u00f5es de imagem mn\u00eamica, imagem e representa\u00e7\u00e3o nos sonhos,\u00a0<em>imago<\/em>\u00a0paterna e\u00a0<em>imago<\/em>\u00a0materna, simbolismo, ju\u00edzo de atribui\u00e7\u00e3o, representa\u00e7\u00e3o de coisa e representa\u00e7\u00e3o de palavra\u201d.<\/p>\n<p style=\"text-align: justify;\">Ou seja, a imagem em rela\u00e7\u00e3o ao que \u00e9 da ordem do SIMB\u00d3LICO.<\/p>\n<p style=\"text-align: justify;\">Na segunda lista a articula\u00e7\u00e3o \u00e9 direcionada ao REAL, buscando-se a imagem enquanto correlacionada ao CORPO e \u00e0 PULS\u00c3O.<\/p>\n<p style=\"text-align: justify;\">\u201cAssim, esta lista de artigos de Freud destaca termos tais como: auto-erotismo, corpo pr\u00f3prio, eu-corporal (ego corporal), ideal do eu, supereu, identifica\u00e7\u00e3o, falo, corpo do Outro.\u201d<\/p>\n<p style=\"text-align: justify;\">Na terceira lista o eixo condutor foi o OLHAR, e seu papel na constitui\u00e7\u00e3o da imagem do eu.<\/p>\n<p style=\"text-align: justify;\">\u201cVer\/dar-se a ver, espiar \/ ser espiado, olhar \/ ser olhado, expor-se, exibir-se, olhar-se sendo olhado, apontam para a pertin\u00eancia do tema da puls\u00e3o, conceito freudiano que est\u00e1 na fronteira entre o som\u00e1tico e o ps\u00edquico.\u201d<\/p>\n<p style=\"text-align: justify;\">Confiram no site o trabalho na \u00edntegra e os textos sugeridos!<\/p>\n<p style=\"text-align: justify;\"><em>M\u00f4nica Bueno de Camargo<\/em><\/p>\n<\/div><\/div><\/div><\/div><\/div>\n","protected":false},"excerpt":{"rendered":"","protected":false},"author":1,"featured_media":0,"parent":0,"menu_order":6,"comment_status":"closed","ping_status":"closed","template":"","meta":{"_monsterinsights_skip_tracking":false,"_monsterinsights_sitenote_active":false,"_monsterinsights_sitenote_note":"","_monsterinsights_sitenote_category":0,"footnotes":""},"_links":{"self":[{"href":"https:\/\/enapol.com\/vii\/wp-json\/wp\/v2\/pages\/45"}],"collection":[{"href":"https:\/\/enapol.com\/vii\/wp-json\/wp\/v2\/pages"}],"about":[{"href":"https:\/\/enapol.com\/vii\/wp-json\/wp\/v2\/types\/page"}],"author":[{"embeddable":true,"href":"https:\/\/enapol.com\/vii\/wp-json\/wp\/v2\/users\/1"}],"replies":[{"embeddable":true,"href":"https:\/\/enapol.com\/vii\/wp-json\/wp\/v2\/comments?post=45"}],"version-history":[{"count":2,"href":"https:\/\/enapol.com\/vii\/wp-json\/wp\/v2\/pages\/45\/revisions"}],"predecessor-version":[{"id":463,"href":"https:\/\/enapol.com\/vii\/wp-json\/wp\/v2\/pages\/45\/revisions\/463"}],"wp:attachment":[{"href":"https:\/\/enapol.com\/vii\/wp-json\/wp\/v2\/media?parent=45"}],"curies":[{"name":"wp","href":"https:\/\/api.w.org\/{rel}","templated":true}]}}