{"id":108,"date":"2021-09-06T16:55:26","date_gmt":"2021-09-06T16:55:26","guid":{"rendered":"http:\/\/x-enapol.org\/viii\/?page_id=108"},"modified":"2021-09-07T20:23:12","modified_gmt":"2021-09-07T20:23:12","slug":"textos-preparatorios","status":"publish","type":"page","link":"https:\/\/enapol.com\/viii\/encuentro\/textos-preparatorios\/","title":{"rendered":"Textos preparatorios"},"content":{"rendered":"<p><div class=\"fusion-fullwidth fullwidth-box fusion-builder-row-1 fusion-flex-container nonhundred-percent-fullwidth non-hundred-percent-height-scrolling\" style=\"--awb-border-radius-top-left:0px;--awb-border-radius-top-right:0px;--awb-border-radius-bottom-right:0px;--awb-border-radius-bottom-left:0px;--awb-flex-wrap:wrap;\" ><div class=\"fusion-builder-row fusion-row fusion-flex-align-items-flex-start fusion-flex-content-wrap\" style=\"max-width:1352px;margin-left: calc(-4% \/ 2 );margin-right: calc(-4% \/ 2 );\"><div class=\"fusion-layout-column fusion_builder_column fusion-builder-column-0 fusion_builder_column_1_1 1_1 fusion-flex-column\" style=\"--awb-bg-size:cover;--awb-width-large:100%;--awb-margin-top-large:0px;--awb-spacing-right-large:1.92%;--awb-margin-bottom-large:20px;--awb-spacing-left-large:1.92%;--awb-width-medium:100%;--awb-order-medium:0;--awb-spacing-right-medium:1.92%;--awb-spacing-left-medium:1.92%;--awb-width-small:100%;--awb-order-small:0;--awb-spacing-right-small:1.92%;--awb-spacing-left-small:1.92%;\"><div class=\"fusion-column-wrapper fusion-column-has-shadow fusion-flex-justify-content-flex-start fusion-content-layout-column\"><style type='text\/css'>.reading-box-container-1 .element-bottomshadow:before,.reading-box-container-1 .element-bottomshadow:after{opacity:0.7;}<\/style><div class=\"fusion-reading-box-container reading-box-container-1\" style=\"--awb-title-color:#3399cc;--awb-margin-top:0px;--awb-margin-bottom:20px;\"><div class=\"reading-box\" style=\"background-color:rgba(0,0,0,0.05);border-width:1px;border-color:rgba(0,0,0,0.05);border-left-width:3px;border-left-color:var(--primary_color);border-style:solid;\"><a class=\"button fusion-button button-default fusion-button-medium button-medium button-flat fusion-desktop-button fusion-tagline-button continue fusion-desktop-button-margin continue-right\" style=\"-webkit-box-shadow:none;-moz-box-shadow:none;box-shadow:none;border-radius:0px 0px 0px 0px\" href=\"http:\/\/www.lacan21.com\/sitio\/2016\/10\/25\/famulus\/\" target=\"_self\"><span>AMPLIAR<\/span><\/a><h2>Famulus<\/h2><div class=\"reading-box-description fusion-reading-box-additional\">Miquel Bassols, Presidente de la AMP<\/div><div class=\"fusion-clearfix\"><\/div><a class=\"button fusion-button button-default fusion-button-medium button-medium button-flat fusion-mobile-button continue-right\" style=\"-webkit-box-shadow:none;-moz-box-shadow:none;box-shadow:none;border-radius:0px 0px 0px 0px\" href=\"http:\/\/www.lacan21.com\/sitio\/2016\/10\/25\/famulus\/\" target=\"_self\"><span>AMPLIAR<\/span><\/a><\/div><\/div><style type='text\/css'>.reading-box-container-2 .element-bottomshadow:before,.reading-box-container-2 .element-bottomshadow:after{opacity:0.7;}<\/style><div class=\"fusion-reading-box-container reading-box-container-2\" style=\"--awb-title-color:#3399cc;--awb-margin-top:0px;--awb-margin-bottom:20px;\"><div class=\"reading-box\" style=\"background-color:rgba(0,0,0,0.05);border-width:1px;border-color:rgba(0,0,0,0.05);border-left-width:3px;border-left-color:var(--primary_color);border-style:solid;\"><a class=\"button fusion-button button-default fusion-button-medium button-medium button-flat fusion-desktop-button fusion-tagline-button continue fusion-desktop-button-margin continue-right\" style=\"-webkit-box-shadow:none;-moz-box-shadow:none;box-shadow:none;border-radius:0px 0px 0px 0px\" href=\"http:\/\/www.lacan21.com\/sitio\/2016\/10\/25\/asuntos-de-familia-el-otro-en-uno\/\" target=\"_self\"><span>AMPLIAR<\/span><\/a><h2>Asuntos de familia: el Otro en Uno<\/h2><div class=\"reading-box-description fusion-reading-box-additional\">Ernesto Sinatra, Presidente del VIII ENPAOL<\/div><div class=\"fusion-clearfix\"><\/div><a class=\"button fusion-button button-default fusion-button-medium button-medium button-flat fusion-mobile-button continue-right\" style=\"-webkit-box-shadow:none;-moz-box-shadow:none;box-shadow:none;border-radius:0px 0px 0px 0px\" href=\"http:\/\/www.lacan21.com\/sitio\/2016\/10\/25\/asuntos-de-familia-el-otro-en-uno\/\" target=\"_self\"><span>AMPLIAR<\/span><\/a><\/div><\/div><style type='text\/css'>.reading-box-container-3 .element-bottomshadow:before,.reading-box-container-3 .element-bottomshadow:after{opacity:0.7;}<\/style><div class=\"fusion-reading-box-container reading-box-container-3\" style=\"--awb-title-color:#3399cc;--awb-margin-top:0px;--awb-margin-bottom:20px;\"><div class=\"reading-box\" style=\"background-color:rgba(0,0,0,0.05);border-width:1px;border-color:rgba(0,0,0,0.05);border-left-width:3px;border-left-color:var(--primary_color);border-style:solid;\"><a class=\"button fusion-button button-default fusion-button-medium button-medium button-flat fusion-desktop-button fusion-tagline-button continue fusion-desktop-button-margin continue-right\" style=\"-webkit-box-shadow:none;-moz-box-shadow:none;box-shadow:none;border-radius:0px 0px 0px 0px\" href=\"http:\/\/www.lacan21.com\/sitio\/2016\/10\/25\/ninas-modelo-modelo-lo-fuera-de-serie-en-el-siglo-xxi\/\" target=\"_self\"><span>AMPLIAR<\/span><\/a><h2>Ni\u00f1as modelo-modelo: lo fuera de serie en el siglo XXI<\/h2><div class=\"reading-box-description fusion-reading-box-additional\">Alejandra Glaze, Directora del VIII ENAPOL<\/div><div class=\"fusion-clearfix\"><\/div><a class=\"button fusion-button button-default fusion-button-medium button-medium button-flat fusion-mobile-button continue-right\" style=\"-webkit-box-shadow:none;-moz-box-shadow:none;box-shadow:none;border-radius:0px 0px 0px 0px\" href=\"http:\/\/www.lacan21.com\/sitio\/2016\/10\/25\/ninas-modelo-modelo-lo-fuera-de-serie-en-el-siglo-xxi\/\" target=\"_self\"><span>AMPLIAR<\/span><\/a><\/div><\/div><style type='text\/css'>.reading-box-container-4 .element-bottomshadow:before,.reading-box-container-4 .element-bottomshadow:after{opacity:0.7;}<\/style><div class=\"fusion-reading-box-container reading-box-container-4\" style=\"--awb-title-color:#3399cc;--awb-margin-top:0px;--awb-margin-bottom:20px;\"><div class=\"reading-box\" style=\"background-color:rgba(0,0,0,0.05);border-width:1px;border-color:rgba(0,0,0,0.05);border-left-width:3px;border-left-color:var(--primary_color);border-style:solid;\"><a class=\"button fusion-button button-default fusion-button-medium button-medium button-flat fusion-desktop-button fusion-tagline-button continue fusion-desktop-button-margin continue-right\" style=\"-webkit-box-shadow:none;-moz-box-shadow:none;box-shadow:none;border-radius:0px 0px 0px 0px\" href=\"http:\/\/www.lacan21.com\/sitio\/2016\/10\/25\/enredos-de-familia-sus-asuntos-en-la-practica\/\" target=\"_self\"><span>AMPLIAR<\/span><\/a><h2>Enredos de familia\u2026 sus asuntos en la pr\u00e1ctica<\/h2><div class=\"reading-box-description fusion-reading-box-additional\">Viviana Mozzi, Directora del VIII ENAPOL<\/div><div class=\"fusion-clearfix\"><\/div><a class=\"button fusion-button button-default fusion-button-medium button-medium button-flat fusion-mobile-button continue-right\" style=\"-webkit-box-shadow:none;-moz-box-shadow:none;box-shadow:none;border-radius:0px 0px 0px 0px\" href=\"http:\/\/www.lacan21.com\/sitio\/2016\/10\/25\/enredos-de-familia-sus-asuntos-en-la-practica\/\" target=\"_self\"><span>AMPLIAR<\/span><\/a><\/div><\/div><style type='text\/css'>.reading-box-container-5 .element-bottomshadow:before,.reading-box-container-5 .element-bottomshadow:after{opacity:0.7;}<\/style><div class=\"fusion-reading-box-container reading-box-container-5\" style=\"--awb-title-color:#3399cc;--awb-margin-top:0px;--awb-margin-bottom:20px;\"><div class=\"reading-box\" style=\"background-color:rgba(0,0,0,0.05);border-width:1px;border-color:rgba(0,0,0,0.05);border-left-width:3px;border-left-color:var(--primary_color);border-style:solid;\"><a class=\"button fusion-button button-default fusion-button-medium button-medium button-flat fusion-desktop-button fusion-tagline-button continue fusion-desktop-button-margin continue-right\" style=\"-webkit-box-shadow:none;-moz-box-shadow:none;box-shadow:none;border-radius:0px 0px 0px 0px\" href=\"http:\/\/www.lacan21.com\/sitio\/2016\/10\/25\/las-ficciones-de-familia-y-el-goce-huerfano\/\" target=\"_self\"><span>AMPLIAR<\/span><\/a><h2>Las ficciones de familia y el goce hu\u00e9rfano<\/h2><div class=\"reading-box-description fusion-reading-box-additional\">Mar\u00eda Josefina Sota Fuentes, Responsable EBP del VIII ENAPOL<\/div><div class=\"fusion-clearfix\"><\/div><a class=\"button fusion-button button-default fusion-button-medium button-medium button-flat fusion-mobile-button continue-right\" style=\"-webkit-box-shadow:none;-moz-box-shadow:none;box-shadow:none;border-radius:0px 0px 0px 0px\" href=\"http:\/\/www.lacan21.com\/sitio\/2016\/10\/25\/las-ficciones-de-familia-y-el-goce-huerfano\/\" target=\"_self\"><span>AMPLIAR<\/span><\/a><\/div><\/div><style type='text\/css'>.reading-box-container-6 .element-bottomshadow:before,.reading-box-container-6 .element-bottomshadow:after{opacity:0.7;}<\/style><div class=\"fusion-reading-box-container reading-box-container-6\" style=\"--awb-title-color:#3399cc;--awb-margin-top:0px;--awb-margin-bottom:20px;\"><div class=\"reading-box\" style=\"background-color:rgba(0,0,0,0.05);border-width:1px;border-color:rgba(0,0,0,0.05);border-left-width:3px;border-left-color:var(--primary_color);border-style:solid;\"><a class=\"button fusion-button button-default fusion-button-medium button-medium button-flat fusion-desktop-button fusion-tagline-button continue fusion-desktop-button-margin continue-right\" style=\"-webkit-box-shadow:none;-moz-box-shadow:none;box-shadow:none;border-radius:0px 0px 0px 0px\" href=\"http:\/\/www.lacan21.com\/sitio\/2016\/10\/25\/secretos-de-familia\/\" target=\"_self\"><span>AMPLIAR<\/span><\/a><h2>\u201cSecretos de familia\u201d<\/h2><div class=\"reading-box-description fusion-reading-box-additional\">Renato Andrade, Responsable NEL del VIII ENAPOL<\/div><div class=\"fusion-clearfix\"><\/div><a class=\"button fusion-button button-default fusion-button-medium button-medium button-flat fusion-mobile-button continue-right\" style=\"-webkit-box-shadow:none;-moz-box-shadow:none;box-shadow:none;border-radius:0px 0px 0px 0px\" href=\"http:\/\/www.lacan21.com\/sitio\/2016\/10\/25\/secretos-de-familia\/\" target=\"_self\"><span>AMPLIAR<\/span><\/a><\/div><\/div><\/div><\/div><\/div><\/div><div class=\"fusion-fullwidth fullwidth-box fusion-builder-row-2 fusion-flex-container nonhundred-percent-fullwidth non-hundred-percent-height-scrolling\" style=\"--awb-border-radius-top-left:0px;--awb-border-radius-top-right:0px;--awb-border-radius-bottom-right:0px;--awb-border-radius-bottom-left:0px;--awb-flex-wrap:wrap;\" ><div class=\"fusion-builder-row fusion-row fusion-flex-align-items-flex-start fusion-flex-content-wrap\" style=\"max-width:1352px;margin-left: calc(-4% \/ 2 );margin-right: calc(-4% \/ 2 );\"><div class=\"fusion-layout-column fusion_builder_column fusion-builder-column-1 fusion_builder_column_1_1 1_1 fusion-flex-column\" style=\"--awb-bg-size:cover;--awb-width-large:100%;--awb-margin-top-large:0px;--awb-spacing-right-large:1.92%;--awb-margin-bottom-large:20px;--awb-spacing-left-large:1.92%;--awb-width-medium:100%;--awb-order-medium:0;--awb-spacing-right-medium:1.92%;--awb-spacing-left-medium:1.92%;--awb-width-small:100%;--awb-order-small:0;--awb-spacing-right-small:1.92%;--awb-spacing-left-small:1.92%;\"><div class=\"fusion-column-wrapper fusion-column-has-shadow fusion-flex-justify-content-flex-start fusion-content-layout-column\"><div class=\"fusion-text fusion-text-1\"><p style=\"text-align: justify;\"><i>Los sentimientos sociales fraternos sobre los cuales descansa la gran subversi\u00f3n conservan a partir de entonces y por mucho tiempo el influjo m\u00e1s hondo sobre el desarrollo de la sociedad. Se procuran expresi\u00f3n en la santidad de la sangre com\u00fan, en el realce de la solidaridad entre todo lo vivo que pertenezca al mismo clan.\u00a0<\/i>[\u2026]<i>\u00a0Previenen que pueda repetirse el destino del padre. A la prohibici\u00f3n, de raigambre religiosa, de matar al t\u00f3tem se agrega la prohibici\u00f3n, de raigambre social, de matar al hermano. Pasar\u00e1 mucho tiempo hasta que ese mandamiento deje de regir con exclusividad para los miembros del linaje y adopte el sencillo texto: \u00abNo matar\u00e1s\u00bb. Para empezar, la horda paterna es remplazada por el clan de hermanos, que se reasegura mediante el lazo de sangre. La sociedad descansa ahora en la culpa compartida por el crimen perpetrado en com\u00fan; la religi\u00f3n, en la conciencia de culpa y el arrepentimiento consiguiente; la eticidad, en parte en las necesidades objetivas de esta sociedad y, en lo restante, en las expiaciones exigidas por la conciencia de culpa.<\/i><\/p>\n<p align=\"right\"><strong>Sigmund Freud<\/strong>, (1980), \u00abT\u00f3tem y tab\u00fa\u00bb,\u00a0<i>Obras completas<\/i>, Vol. XIII,<br \/>\nBuenos Aires: Amorrortu, pp. 147-148.<\/p>\n<\/div><div class=\"fusion-separator fusion-full-width-sep\" style=\"align-self: center;margin-left: auto;margin-right: auto;margin-top:20px;margin-bottom:20px;width:100%;\"><\/div><div class=\"fusion-text fusion-text-2\"><p style=\"text-align: justify;\"><i>Entre todos los grupos humanos, la familia desempe\u00f1a un papel primordial en la transmisi\u00f3n de la cultura. Tambi\u00e9n otros grupos contribuyen a las tradiciones espirituales, al mantenimiento de los ritos y de las costumbres, a la conservaci\u00f3n de las t\u00e9cnicas y del patrimonio; sin embrago, la familia predomina en la educaci\u00f3n inicial, la represi\u00f3n de los instintos, la adquisici\u00f3n de la lengua a la que justificadamente se designa como materna. De ese modo, gobierna los procesos fundamentales del desarrollo ps\u00edquico.<\/i><\/p>\n<p align=\"right\"><strong>Jacques Lacan<\/strong>, (1977),\u00a0<i>La Familia<\/i>,<br \/>\nBuenos Aires: Homo Sapiens, pp. 11-12.<\/p>\n<\/div><div class=\"fusion-separator fusion-full-width-sep\" style=\"align-self: center;margin-left: auto;margin-right: auto;margin-top:20px;margin-bottom:20px;width:100%;\"><\/div><div class=\"fusion-text fusion-text-3\"><p style=\"text-align: justify;\"><i>\u00bfQu\u00e9 podr\u00edamos decir hoy de esta definici\u00f3n de la familia? \u00bfTiene su origen en el matrimonio? No, la familia tiene su origen en el malentendido, en el desencuentro, en la decepci\u00f3n, en el abuso sexual o en el crimen. \u00bfAcaso est\u00e1 formada por el marido, la esposa, los hijos, etc\u00e9tera? No, la familia est\u00e1 formada por el Nombre del Padre, por el deseo de la madre y los objetos a. \u00bfEst\u00e1n unidos por lazos legales, derechos, obligaciones, etc\u00e9tera? No, la familia est\u00e1 especialmente unida por un secreto, est\u00e1 especialmente unida por un no dicho\u2026 es un deseo no dicho, es siempre un secreto sobre el goce: de qu\u00e9 gozan el padre y la madre.<\/i><\/p>\n<p align=\"right\"><strong>Jacques- Alain Miller<\/strong>, (2007), \u00abCosas de familia en el inconsciente\u00bb,<br \/>\n<i>Mediodicho<\/i>,\u00a0<i>Revista de Psicoan\u00e1lisis<\/i>\u00a032: \u00abMaldita familia\u00bb, C\u00f3rdoba, p. 17<\/p>\n<\/div><div class=\"fusion-separator fusion-full-width-sep\" style=\"align-self: center;margin-left: auto;margin-right: auto;margin-top:20px;margin-bottom:20px;width:100%;\"><\/div><div class=\"fusion-text fusion-text-4\"><p style=\"text-align: justify;\"><i>Ser padre no es una norma sino un acto, que tiene consecuencias, faustas y nefastas. La filiaci\u00f3n contempor\u00e1nea remite, m\u00e1s all\u00e1 de las normas, al deseo particularizado del cual el hijo es el producto, cualquiera sea la complejidad, y a la imposibilidad de describirla.<\/i><\/p>\n<p style=\"text-align: justify;\"><i>El padre contempor\u00e1neo es un residuo, un nombre, pero queda inconmensurable a las normas. Entonces persiste un juego de pasi\u00f3n y la pacificaci\u00f3n de la paternidad quedar\u00e1 tan ut\u00f3pica como el final de la historia. Nuestro tiempo es tambi\u00e9n el del descifrado de estos nuevos amores por el padre, ya sea que se descubran por aproximaciones pol\u00edticas o sociol\u00f3gicas, o tambi\u00e9n que nosotros las saquemos a la luz con nuestra encuesta cl\u00ednica.<\/i><\/p>\n<p align=\"right\"><strong>Eric Laurent<\/strong>, (2009), \u00abUn nuevo amor por el padre\u00bb,<br \/>\n<i>El goce sin rostro<\/i>, Buenos Aires: Tres Haches, p. 88.<\/p>\n<\/div><div class=\"fusion-separator fusion-full-width-sep\" style=\"align-self: center;margin-left: auto;margin-right: auto;margin-top:20px;margin-bottom:20px;width:100%;\"><\/div><div class=\"fusion-text fusion-text-5\"><p style=\"text-align: justify;\"><i>Digamos entonces que es en este Otro campo del goce, m\u00e1s all\u00e1 o m\u00e1s ac\u00e1 del falo, donde habita el secreto de toda familia, su principal asunto, ya est\u00e9 m\u00e1s o menos ordenada por las leyes cl\u00e1sicas del parentesco. Es el secreto de la pareja familiar, ya sea homosexual o heterosexual en su forma manifiesta, monoparental o no, pero velando siempre el H\u00e9teros del goce femenino [&#8230;]. El verdadero siervo de la familia, su\u00a0<\/i>famulus<i>, es de hecho el \u00absujeto del goce\u00bb, t\u00e9rmino que Lacan utiliz\u00f3 una sola vez para marcar el paso que va desde el sujeto del significante hacia el futuro\u00a0<\/i>parl\u00eatre<i>\u00a0que vendr\u00e1 al primer plano de la escena al final de su ense\u00f1anza. Pero ese \u00absujeto del goce\u00bb es la anticipaci\u00f3n del ser hablante que ser\u00e1 correlativo de la noci\u00f3n de\u00a0<\/i>sinthome<i>. En este sentido, cada ser hablante es siervo del secreto del goce familiar -extra\u00f1amente familiar finalmente- que un an\u00e1lisis ayuda a descifrar. [&#8230;] A los s\u00edntomas cl\u00e1sicos que se ordenaban seg\u00fan el discurso de la novela familiar patriarcal, hay que a\u00f1adir ahora la dimensi\u00f3n del\u00a0<\/i>sinthome<i>\u00a0en la que el psicoan\u00e1lisis sit\u00faa lo m\u00e1s singular y opaco del goce del s\u00edntoma, aquello que lo hace absolutamente incomparable a otro. Se trata entonces, en nuestro estudio de los nuevos asuntos y enredos de la familia, de pasar de una cl\u00ednica del s\u00edntoma, como articulaci\u00f3n significante del secreto familiar, hacia una cl\u00ednica del\u00a0<\/i>sinthome<i>\u00a0como forma singular del goce en el ser hablante. Cada uno es en realidad fruto del malentendido del goce familiar, malentendido del que Lacan se declaraba traumatizado por el hecho de ser hablado por \u00e9l antes que llegar a hablar de \u00e9l.<\/i><\/p>\n<p align=\"right\"><strong>Miquel Bassols<\/strong>, Famulus,\u00a0<i>Lacan XXI, Revista FAPOL on line<\/i><\/p>\n<\/div><div class=\"fusion-separator fusion-full-width-sep\" style=\"align-self: center;margin-left: auto;margin-right: auto;margin-top:20px;margin-bottom:20px;width:100%;\"><\/div><div class=\"fusion-text fusion-text-6\"><p style=\"text-align: justify;\"><i>Toda familia es un aparato de goce y es en este campo donde se juegan los asuntos de familia. Se trata pues de retomar esos asuntos buscando iluminar y recortar la forma singular del goce de cada uno. Cuando hablamos de nuevas configuraciones familiares nos referimos a los cambios que se han producido en la estructura cl\u00e1sica de la familia tradicional de matrimonio, padre y madre, con sus hijos.<\/i><\/p>\n<p align=\"right\"><strong>Flory Kruger<\/strong>, Presentaci\u00f3n del VIII ENAPOL, Martes 25 de octubre de 2016, EOL<\/p>\n<\/div><div class=\"fusion-separator fusion-full-width-sep\" style=\"align-self: center;margin-left: auto;margin-right: auto;margin-top:20px;margin-bottom:20px;width:100%;\"><\/div><div class=\"fusion-text fusion-text-7\"><p style=\"text-align: justify;\"><i>Al final del an\u00e1lisis \u2014luego de procesar aquel ba\u00f1o de lenguaje mediante los murmullos de\u00a0<\/i>lalengua\u00a0<i>en cada cual\u2014, la familia tendr\u00e1 la posibilidad de transformarse para cada uno en otra cosa. Si esto ocurre, cada personaje de la trama adviene, simplemente, el elemento de un conjunto: heter\u00f3clito, inconsistente; el que habr\u00e1 sido reducido, luego de una extra\u00f1eza inquietante, a su entidad real de marca.<\/i><\/p>\n<p align=\"right\"><strong>Ernesto Sinatra<\/strong>, Presentaci\u00f3n del VIII ENAPOL, Martes 25 de octubre de 2016, EOL<\/p>\n<\/div><\/div><\/div><\/div><\/div><\/p>\n","protected":false},"excerpt":{"rendered":"","protected":false},"author":1,"featured_media":0,"parent":15,"menu_order":5,"comment_status":"closed","ping_status":"closed","template":"","meta":{"_monsterinsights_skip_tracking":false,"_monsterinsights_sitenote_active":false,"_monsterinsights_sitenote_note":"","_monsterinsights_sitenote_category":0,"footnotes":""},"_links":{"self":[{"href":"https:\/\/enapol.com\/viii\/wp-json\/wp\/v2\/pages\/108"}],"collection":[{"href":"https:\/\/enapol.com\/viii\/wp-json\/wp\/v2\/pages"}],"about":[{"href":"https:\/\/enapol.com\/viii\/wp-json\/wp\/v2\/types\/page"}],"author":[{"embeddable":true,"href":"https:\/\/enapol.com\/viii\/wp-json\/wp\/v2\/users\/1"}],"replies":[{"embeddable":true,"href":"https:\/\/enapol.com\/viii\/wp-json\/wp\/v2\/comments?post=108"}],"version-history":[{"count":6,"href":"https:\/\/enapol.com\/viii\/wp-json\/wp\/v2\/pages\/108\/revisions"}],"predecessor-version":[{"id":708,"href":"https:\/\/enapol.com\/viii\/wp-json\/wp\/v2\/pages\/108\/revisions\/708"}],"up":[{"embeddable":true,"href":"https:\/\/enapol.com\/viii\/wp-json\/wp\/v2\/pages\/15"}],"wp:attachment":[{"href":"https:\/\/enapol.com\/viii\/wp-json\/wp\/v2\/media?parent=108"}],"curies":[{"name":"wp","href":"https:\/\/api.w.org\/{rel}","templated":true}]}}