{"id":112,"date":"2021-09-06T16:56:29","date_gmt":"2021-09-06T16:56:29","guid":{"rendered":"http:\/\/x-enapol.org\/viii\/?page_id=112"},"modified":"2021-09-07T20:41:34","modified_gmt":"2021-09-07T20:41:34","slug":"curiosidades","status":"publish","type":"page","link":"https:\/\/enapol.com\/viii\/encuentro\/curiosidades\/","title":{"rendered":"Curiosidades"},"content":{"rendered":"<p><div class=\"fusion-fullwidth fullwidth-box fusion-builder-row-1 fusion-flex-container nonhundred-percent-fullwidth non-hundred-percent-height-scrolling\" style=\"--awb-border-radius-top-left:0px;--awb-border-radius-top-right:0px;--awb-border-radius-bottom-right:0px;--awb-border-radius-bottom-left:0px;--awb-flex-wrap:wrap;\" ><div class=\"fusion-builder-row fusion-row fusion-flex-align-items-flex-start fusion-flex-content-wrap\" style=\"max-width:1352px;margin-left: calc(-4% \/ 2 );margin-right: calc(-4% \/ 2 );\"><div class=\"fusion-layout-column fusion_builder_column fusion-builder-column-0 fusion_builder_column_1_1 1_1 fusion-flex-column\" style=\"--awb-bg-size:cover;--awb-width-large:100%;--awb-margin-top-large:0px;--awb-spacing-right-large:1.92%;--awb-margin-bottom-large:20px;--awb-spacing-left-large:1.92%;--awb-width-medium:100%;--awb-order-medium:0;--awb-spacing-right-medium:1.92%;--awb-spacing-left-medium:1.92%;--awb-width-small:100%;--awb-order-small:0;--awb-spacing-right-small:1.92%;--awb-spacing-left-small:1.92%;\"><div class=\"fusion-column-wrapper fusion-column-has-shadow fusion-flex-justify-content-flex-start fusion-content-layout-column\"><div class=\"fusion-title title fusion-title-1 fusion-sep-none fusion-title-text fusion-title-size-three\"><h3 class=\"fusion-title-heading title-heading-left fusion-responsive-typography-calculated\" style=\"margin:0;--fontSize:30;line-height:1.3;\">\u00abCartografiar los secretos\u00bb<\/h3><\/div><div class=\"fusion-text fusion-text-1\"><p style=\"text-align: justify;\"><img decoding=\"async\" class=\"size-full wp-image-712 alignleft\" src=\"http:\/\/enapol.com\/viii\/wp-content\/uploads\/sites\/6\/2021\/09\/Cartografiar-los-secretos.jpg\" alt=\"\" width=\"400\" height=\"277\" srcset=\"https:\/\/enapol.com\/viii\/wp-content\/uploads\/sites\/6\/2021\/09\/Cartografiar-los-secretos-200x139.jpg 200w, https:\/\/enapol.com\/viii\/wp-content\/uploads\/sites\/6\/2021\/09\/Cartografiar-los-secretos-300x208.jpg 300w, https:\/\/enapol.com\/viii\/wp-content\/uploads\/sites\/6\/2021\/09\/Cartografiar-los-secretos.jpg 400w\" sizes=\"(max-width: 400px) 100vw, 400px\" \/>En esta oportunidad, seleccionamos algunos fragmentos de dos entrevistas realizadas a la escritora Am\u00e9lie Nothomb.<\/p>\n<p style=\"text-align: justify;\">En la primera, se refiere al lugar capital que ocup\u00f3 en su vida la relaci\u00f3n con su abuela, as\u00ed como tambi\u00e9n el lazo fraternal. Al decir de Am\u00e9lie: \u00abS\u00ed, es verdad que me horrorizan las familias, y sin embargo, adoro a mis padres y a mi hermana hasta el paroxismo. Resulta bastante parad\u00f3jico, pero detesto las familias en sentido tribal (\u2026) El chocolate tuvo mucho que ver en lo de sentirme belga. Lo explico en\u00a0<i>Metaf\u00edsica de los tubos<\/i>. Antes de probar el chocolate era un monstruo que s\u00f3lo gritaba y lloraba. Hasta que vino mi abuela y me lo puso en la boca. \u00c9sa fue la clave. El nexo que me un\u00eda con los belgas.<\/p>\n<p style=\"text-align: justify;\"><i>-Despu\u00e9s tuvo sus problemas con la comida. Su hermana tambi\u00e9n. Decidieron juntas dejar de comer. Por entonces viv\u00edan en Bangladesh. \u00bfFue una cosa de principios?<\/i><br \/>\n-No soy psic\u00f3loga y no tengo una explicaci\u00f3n. Pero el hecho de que vivi\u00e9ramos all\u00ed, sin duda influ\u00eda. Tambi\u00e9n est\u00e1bamos en pleno inicio de la adolescencia\u2026 Perdiendo nuestro cuerpo. Tambi\u00e9n fue algo que tuvo que ver con nuestro amor mutuo. Mi hermana y yo est\u00e1bamos muy unidas. Pens\u00e1bamos que el hecho de crecer nos separar\u00eda. Al crecer, te alejas y no lo dese\u00e1bamos. Sellamos una especie de pacto no escrito\u00bb.<\/p>\n<p style=\"text-align: justify;\">En la segunda, titulada \u00abLa belleza es la cuesti\u00f3n suprema\u00bb pone de relieve los bordes que encuentra entre la escritura autobiogr\u00e1fica y la intimidad.<br \/>\n\u00ab<i>-\u00bfSe impone un l\u00edmite para el uso de lo autobiogr\u00e1fico en sus libros?<\/i><br \/>\n-\u00a1Ya lo creo! Lo que hace tan complicada la escritura autobiogr\u00e1fica es que uno siente todo el tiempo la presencia de una frontera. Y esa frontera son los otros: no se puede herir a los dem\u00e1s, traicionar sus secretos. Tambi\u00e9n hay una frontera con respecto a uno mismo: no se pueden revelar los propios secretos. Sin embargo, en el momento de la escritura no estamos tan seguros. Es el momento de \u00abcartografiar\u00bb los secretos. Resulta interesante, porque all\u00ed es cuando se decide: atenci\u00f3n, mi secreto llega hasta aqu\u00ed y aqu\u00ed se detiene\u00bb.<\/p>\n<p style=\"text-align: justify;\">Vea las entrevistas completas en:<\/p>\n<ul>\n<li style=\"text-align: justify;\"><a href=\"http:\/\/elpais.com\/diario\/2009\/03\/01\/eps\/1235892412_850215.html\" target=\"_blank\" rel=\"noopener\">http:\/\/elpais.com\/diario\/2009\/03\/01\/eps\/1235892412_850215.html<\/a><\/li>\n<li style=\"text-align: justify;\"><a href=\"https:\/\/lucasemece.wordpress.com\/2008\/12\/10\/entrevista-con-amelie-nothomb-%E2%80%9Cla-belleza-es-la-cuestion-suprema%E2%80%9D\/\" target=\"_blank\" rel=\"noopener\">https:\/\/lucasemece.wordpress.com\/2008\/12\/10\/entrevista-con-amelie-nothomb-%E2%80%9Cla-belleza-es-la-cuestion-suprema%E2%80%9D\/<\/a><\/li>\n<\/ul>\n<\/div><\/div><\/div><\/div><\/div><div class=\"fusion-fullwidth fullwidth-box fusion-builder-row-2 fusion-flex-container nonhundred-percent-fullwidth non-hundred-percent-height-scrolling\" style=\"--awb-border-radius-top-left:0px;--awb-border-radius-top-right:0px;--awb-border-radius-bottom-right:0px;--awb-border-radius-bottom-left:0px;--awb-margin-top:50px;--awb-flex-wrap:wrap;\" ><div class=\"fusion-builder-row fusion-row fusion-flex-align-items-flex-start fusion-flex-content-wrap\" style=\"max-width:1352px;margin-left: calc(-4% \/ 2 );margin-right: calc(-4% \/ 2 );\"><div class=\"fusion-layout-column fusion_builder_column fusion-builder-column-1 fusion_builder_column_1_1 1_1 fusion-flex-column\" style=\"--awb-bg-size:cover;--awb-width-large:100%;--awb-margin-top-large:0px;--awb-spacing-right-large:1.92%;--awb-margin-bottom-large:20px;--awb-spacing-left-large:1.92%;--awb-width-medium:100%;--awb-order-medium:0;--awb-spacing-right-medium:1.92%;--awb-spacing-left-medium:1.92%;--awb-width-small:100%;--awb-order-small:0;--awb-spacing-right-small:1.92%;--awb-spacing-left-small:1.92%;\"><div class=\"fusion-column-wrapper fusion-column-has-shadow fusion-flex-justify-content-flex-start fusion-content-layout-column\"><div class=\"fusion-title title fusion-title-2 fusion-sep-none fusion-title-text fusion-title-size-three\"><h3 class=\"fusion-title-heading title-heading-left fusion-responsive-typography-calculated\" style=\"margin:0;--fontSize:30;line-height:1.3;\">In my life<\/h3><\/div><div class=\"fusion-video fusion-youtube\" style=\"--awb-max-width:600px;--awb-max-height:360px;--awb-align-self:center;--awb-width:100%;\"><div class=\"video-shortcode\"><div class=\"fluid-width-video-wrapper\" style=\"padding-top:60%;\" ><iframe title=\"YouTube video player 1\" src=\"https:\/\/www.youtube.com\/embed\/ZqpysaAo4BQ?wmode=transparent&autoplay=0\" width=\"600\" height=\"360\" allowfullscreen allow=\"autoplay; fullscreen\"><\/iframe><\/div><\/div><\/div><div class=\"fusion-separator fusion-full-width-sep\" style=\"align-self: center;margin-left: auto;margin-right: auto;margin-top:10px;margin-bottom:10px;width:100%;\"><\/div><div class=\"fusion-text fusion-text-2\"><p style=\"text-align: justify;\">Seg\u00fan Wikipedia, Lennon escribi\u00f3 esta canci\u00f3n cuando el periodista Ingl\u00e9s Kenneth Akksop le dijo que deber\u00eda escribir canciones acerca de su infancia. Y luego de reescribir el tema varias veces podr\u00edamos decir que reescribi\u00f3 su pasado.<\/p>\n<p style=\"text-align: justify;\">David Foenkinos, en su libro\u00a0<i>Lennon<\/i>\u00a0realiza una interpretaci\u00f3n de la versi\u00f3n oficial de su vida y si bien es ficci\u00f3n, es interesante el modo en que aborda la relaci\u00f3n entre Lennon y su padre:<\/p>\n<p style=\"text-align: justify;\">\u00abEra ego\u00edsta, oportunista, insensato. Era mi padre. Durante mi adolescencia lo olvid\u00e9 por completo. Estaba como muerto para m\u00ed (\u2026) Mi padre ya no era un h\u00e9roe, sino un cobarde. Hab\u00eda huido, y nunca hab\u00eda asumido sus responsabilidades (\u2026) Cuando me hice famoso, no pens\u00e9 ni por un instante que eso pudiera provocar su regreso. Me sorprendi\u00f3 sinceramente recibir noticias de \u00e9l. Me sorprendi\u00f3, y me disgust\u00f3. Si yo no hubiera sido rico y famoso, \u00e9l jam\u00e1s habr\u00eda tomado la iniciativa de acercase a m\u00ed. Para \u00e9l tuvo que ser un shock verme de pronto en todas partes, en los diarios, en la televisi\u00f3n, y o\u00edrme por la radio (\u2026) si hubiera querido lanzar un aviso de busca de familiar perdido, no lo podr\u00eda haber hecho mejor (\u2026) era demasiado tarde. Habr\u00eda debido venir antes, cuando yo lloraba de noche. Cuando me ro\u00eda la soledad (&#8230;) No s\u00e9 qu\u00e9 canalla le propuso grabar un disco, y por supuesto, decidieron lanzarlo al mismo tiempo que nuestro \u00e1lbum\u00a0<i>Rubber Soul<\/i>. Ah\u00ed yo cantaba\u00a0<i>In my life<\/i>, y esta canci\u00f3n era muy importante para m\u00ed, un verdadero punto de inflexi\u00f3n, mi primera canci\u00f3n autobiogr\u00e1fica, la primera vez que ten\u00eda la impresi\u00f3n de poner mis palabras en m\u00fasica, y he aqu\u00ed que mi padre sacaba un disco que parasitaba todo eso. Un disco que adem\u00e1s se llamaba\u00a0<i>That\u00b4s my life<\/i>. Me hiri\u00f3 de verdad. Hac\u00eda eso despu\u00e9s de que yo hubiera construido mi vida sobre las cenizas de su ausencia\u00bb. [1]<\/p>\n<div class=\"NotasPie\">\n<p style=\"text-align: justify;\">NOTAS<\/p>\n<ol>\n<li style=\"text-align: justify;\">Foenkinos, D. (2014),\u00a0<i>Lennon<\/i>, Madrid: Alfaguara.<\/li>\n<\/ol>\n<\/div>\n<\/div><\/div><\/div><\/div><\/div><\/p>\n","protected":false},"excerpt":{"rendered":"","protected":false},"author":1,"featured_media":0,"parent":15,"menu_order":6,"comment_status":"closed","ping_status":"closed","template":"","meta":{"_monsterinsights_skip_tracking":false,"_monsterinsights_sitenote_active":false,"_monsterinsights_sitenote_note":"","_monsterinsights_sitenote_category":0,"footnotes":""},"_links":{"self":[{"href":"https:\/\/enapol.com\/viii\/wp-json\/wp\/v2\/pages\/112"}],"collection":[{"href":"https:\/\/enapol.com\/viii\/wp-json\/wp\/v2\/pages"}],"about":[{"href":"https:\/\/enapol.com\/viii\/wp-json\/wp\/v2\/types\/page"}],"author":[{"embeddable":true,"href":"https:\/\/enapol.com\/viii\/wp-json\/wp\/v2\/users\/1"}],"replies":[{"embeddable":true,"href":"https:\/\/enapol.com\/viii\/wp-json\/wp\/v2\/comments?post=112"}],"version-history":[{"count":4,"href":"https:\/\/enapol.com\/viii\/wp-json\/wp\/v2\/pages\/112\/revisions"}],"predecessor-version":[{"id":715,"href":"https:\/\/enapol.com\/viii\/wp-json\/wp\/v2\/pages\/112\/revisions\/715"}],"up":[{"embeddable":true,"href":"https:\/\/enapol.com\/viii\/wp-json\/wp\/v2\/pages\/15"}],"wp:attachment":[{"href":"https:\/\/enapol.com\/viii\/wp-json\/wp\/v2\/media?parent=112"}],"curies":[{"name":"wp","href":"https:\/\/api.w.org\/{rel}","templated":true}]}}