{"id":114,"date":"2021-09-06T16:56:53","date_gmt":"2021-09-06T16:56:53","guid":{"rendered":"http:\/\/x-enapol.org\/viii\/?page_id=114"},"modified":"2021-09-07T20:43:03","modified_gmt":"2021-09-07T20:43:03","slug":"curiosidades","status":"publish","type":"page","link":"https:\/\/enapol.com\/viii\/pt\/encontro\/curiosidades\/","title":{"rendered":"Curiosidades"},"content":{"rendered":"<p><div class=\"fusion-fullwidth fullwidth-box fusion-builder-row-1 fusion-flex-container nonhundred-percent-fullwidth non-hundred-percent-height-scrolling\" style=\"--awb-border-radius-top-left:0px;--awb-border-radius-top-right:0px;--awb-border-radius-bottom-right:0px;--awb-border-radius-bottom-left:0px;--awb-flex-wrap:wrap;\" ><div class=\"fusion-builder-row fusion-row fusion-flex-align-items-flex-start fusion-flex-content-wrap\" style=\"max-width:1352px;margin-left: calc(-4% \/ 2 );margin-right: calc(-4% \/ 2 );\"><div class=\"fusion-layout-column fusion_builder_column fusion-builder-column-0 fusion_builder_column_1_1 1_1 fusion-flex-column\" style=\"--awb-bg-size:cover;--awb-width-large:100%;--awb-margin-top-large:0px;--awb-spacing-right-large:1.92%;--awb-margin-bottom-large:20px;--awb-spacing-left-large:1.92%;--awb-width-medium:100%;--awb-order-medium:0;--awb-spacing-right-medium:1.92%;--awb-spacing-left-medium:1.92%;--awb-width-small:100%;--awb-order-small:0;--awb-spacing-right-small:1.92%;--awb-spacing-left-small:1.92%;\"><div class=\"fusion-column-wrapper fusion-column-has-shadow fusion-flex-justify-content-flex-start fusion-content-layout-column\"><div class=\"fusion-title title fusion-title-1 fusion-sep-none fusion-title-text fusion-title-size-three\"><h3 class=\"fusion-title-heading title-heading-left fusion-responsive-typography-calculated\" style=\"margin:0;--fontSize:30;line-height:1.3;\">\u00abCartografar os segredos\u00bb<\/h3><\/div><div class=\"fusion-text fusion-text-1\"><p><img decoding=\"async\" class=\"size-full wp-image-712 alignleft\" src=\"http:\/\/enapol.com\/viii\/wp-content\/uploads\/sites\/6\/2021\/09\/Cartografiar-los-secretos.jpg\" alt=\"\" width=\"400\" height=\"277\" srcset=\"https:\/\/enapol.com\/viii\/wp-content\/uploads\/sites\/6\/2021\/09\/Cartografiar-los-secretos-200x139.jpg 200w, https:\/\/enapol.com\/viii\/wp-content\/uploads\/sites\/6\/2021\/09\/Cartografiar-los-secretos-300x208.jpg 300w, https:\/\/enapol.com\/viii\/wp-content\/uploads\/sites\/6\/2021\/09\/Cartografiar-los-secretos.jpg 400w\" sizes=\"(max-width: 400px) 100vw, 400px\" \/><\/p>\n<p style=\"text-align: justify;\">Nesta oportunidade selecionamos alguns fragmentos de duas entrevistas realizadas a escritora Am\u00e9lie Nothomb.<\/p>\n<p style=\"text-align: justify;\">Na primeira ela se refere ao lugar capital que ocupou em sua vida a rela\u00e7\u00e3o com a av\u00f3 e o la\u00e7o fraternal. Disse Am\u00e9lie<i>: \u00abSim, \u00e9 verdade que as fam\u00edlias me horrorizam, e, no entanto adoro meus pais e minha irm\u00e3, at\u00e9 o paroxismo. \u00c9 bastante paradoxal, mas detesto as fam\u00edlias no sentido tribal (\u2026). O chocolate teve muito a ver no sentido de me sentir belga. Explico em\u00a0<\/i>Metaf\u00edsica de los tubos<i>. Antes de provar o chocolate eu era um monstro que s\u00f3 gritava e chorava. At\u00e9 que veio minha av\u00f3 e o colocou em minha boca. Essa foi a chave. O sentido que me uniu aos belgas.<\/i><\/p>\n<p style=\"text-align: justify;\">&#8211;<i>Depois teve seus problemas com a comida. Sua irm\u00e3 tamb\u00e9m. Decidiram juntas deixar de comer. Nesta ocasi\u00e3o viviam em Bangladesh. Foi uma quest\u00e3o de princ\u00edpios?<\/i><br \/><i>-N\u00e3o sou psic\u00f3loga e n\u00e3o tenho uma explica\u00e7\u00e3o. No entanto o fato de que viv\u00edamos ali, sem d\u00favida influ\u00eda. Tamb\u00e9m est\u00e1vamos em pleno in\u00edcio da adolesc\u00eancia\u2026 Perdendo nosso corpo. Tamb\u00e9m foi algo que teve a ver com nosso amor m\u00fatuo. Minha irm\u00e3 e eu est\u00e1vamos muito unidas. Pens\u00e1vamos que o fato de crescer nos separar\u00eda. Crescer afasta e n\u00e3o desej\u00e1vamos isso. Selamos uma esp\u00e9cie de pacto n\u00e3o escrito\u00bb.<\/i><br \/>Na segunda, intitulada\u00a0<i>\u00abLa belleza es la cuesti\u00f3n suprema\u00bb,<\/i>\u00a0p\u00f5e em relevo as bordas que encontra entre a escrita autobiogr\u00e1fica e a intimidade.<br \/>\u00ab\u2014<i>\u00a0Se imp\u00f5e um limite para o uso do autobiogr\u00e1fico em seus livros?<\/i><br \/><i>\u2014 N\u00e3o creio! O que faz t\u00e3o complicada a escrita autobiogr\u00e1fica \u00e9 que se sente todo o tempo a presen\u00e7a de uma fronteira. E essa fronteira s\u00e3o os outros: n\u00e3o se pode ferir aos outros, trair seus segredos. Tamb\u00e9m h\u00e1 uma fronteira com rela\u00e7\u00e3o a si mesmo: n\u00e3o se pode revelar os pr\u00f3prios segredos. No entanto, no momento da escrita n\u00e3o estamos t\u00e3o seguros. \u00c9 o momento de \u00abcartografar\u00bb os segredos. Torna-se interessante, porque \u00e9 quando se decide: aten\u00e7\u00e3o, meu segredo vai at\u00e9 aqui e aqui se det\u00e9m.\u00bb<\/i><\/p>\n<p>Veja as entrevistas completas em:<\/p>\n<ul>\n<li><a href=\"http:\/\/elpais.com\/diario\/2009\/03\/01\/eps\/1235892412_850215.html\" target=\"_blank\" rel=\"noopener\">http:\/\/elpais.com\/diario\/2009\/03\/01\/eps\/1235892412_850215.html<\/a><\/li>\n<li><a href=\"https:\/\/lucasemece.wordpress.com\/2008\/12\/10\/entrevista-con-amelie-nothomb-%E2%80%9Cla-belleza-es-la-cuestion-suprema%E2%80%9D\/\" target=\"_blank\" rel=\"noopener\">https:\/\/lucasemece.wordpress.com\/2008\/12\/10\/entrevista-con-amelie-nothomb-%E2%80%9Cla-belleza-es-la-cuestion-suprema%E2%80%9D\/<\/a><\/li>\n<\/ul>\n<p>Tradu\u00e7\u00e3o: Carmen Silvia Cervelatti<\/p>\n<ul>\n<li style=\"text-align: justify;\">\u00a0<\/li>\n<\/ul>\n<\/div><\/div><\/div><\/div><\/div><div class=\"fusion-fullwidth fullwidth-box fusion-builder-row-2 fusion-flex-container nonhundred-percent-fullwidth non-hundred-percent-height-scrolling\" style=\"--awb-border-radius-top-left:0px;--awb-border-radius-top-right:0px;--awb-border-radius-bottom-right:0px;--awb-border-radius-bottom-left:0px;--awb-margin-top:50px;--awb-flex-wrap:wrap;\" ><div class=\"fusion-builder-row fusion-row fusion-flex-align-items-flex-start fusion-flex-content-wrap\" style=\"max-width:1352px;margin-left: calc(-4% \/ 2 );margin-right: calc(-4% \/ 2 );\"><div class=\"fusion-layout-column fusion_builder_column fusion-builder-column-1 fusion_builder_column_1_1 1_1 fusion-flex-column\" style=\"--awb-bg-size:cover;--awb-width-large:100%;--awb-margin-top-large:0px;--awb-spacing-right-large:1.92%;--awb-margin-bottom-large:20px;--awb-spacing-left-large:1.92%;--awb-width-medium:100%;--awb-order-medium:0;--awb-spacing-right-medium:1.92%;--awb-spacing-left-medium:1.92%;--awb-width-small:100%;--awb-order-small:0;--awb-spacing-right-small:1.92%;--awb-spacing-left-small:1.92%;\"><div class=\"fusion-column-wrapper fusion-column-has-shadow fusion-flex-justify-content-flex-start fusion-content-layout-column\"><div class=\"fusion-title title fusion-title-2 fusion-sep-none fusion-title-text fusion-title-size-three\"><h3 class=\"fusion-title-heading title-heading-left fusion-responsive-typography-calculated\" style=\"margin:0;--fontSize:30;line-height:1.3;\">In my life<\/h3><\/div><div class=\"fusion-video fusion-youtube\" style=\"--awb-max-width:600px;--awb-max-height:360px;--awb-align-self:center;--awb-width:100%;\"><div class=\"video-shortcode\"><div class=\"fluid-width-video-wrapper\" style=\"padding-top:60%;\" ><iframe title=\"YouTube video player 1\" src=\"https:\/\/www.youtube.com\/embed\/ZqpysaAo4BQ?wmode=transparent&autoplay=0\" width=\"600\" height=\"360\" allowfullscreen allow=\"autoplay; fullscreen\"><\/iframe><\/div><\/div><\/div><div class=\"fusion-separator fusion-full-width-sep\" style=\"align-self: center;margin-left: auto;margin-right: auto;margin-top:10px;margin-bottom:10px;width:100%;\"><\/div><div class=\"fusion-text fusion-text-2\"><p style=\"text-align: justify;\">Segundo Wikipedia, Lennon escreveu essa can\u00e7\u00e3o quando o jornalista ingl\u00eas, Kenneth Akksop, lhe disse que deveria escrever can\u00e7\u00f5es sobre sua inf\u00e2ncia. E depois de reescrever o tema v\u00e1rias vezes, poder\u00edamos dizer que ele reescreveu seu passado.<\/p>\n<p style=\"text-align: justify;\">David Foenkinos, em seu livro\u00a0<i>Lennon<\/i>, realiza uma interpreta\u00e7\u00e3o da vers\u00e3o oficial de sua vida e, embora seja fic\u00e7\u00e3o, \u00e9 interessante o modo como aborda a rela\u00e7\u00e3o entre Lennon e seu pai.<\/p>\n<p style=\"text-align: justify;\"><i>\u00abEra ego\u00edsta, oportunista, insensato. Era meu pai. Durante minha adolesc\u00eancia eu o esqueci por completo. Para mim, era como se estivesse morto&#8230;. Meu pai j\u00e1 n\u00e3o era um her\u00f3i, mas um covarde. Havia fugido e nunca assumira suas responsabilidades&#8230;. Quando fiquei famoso, nunca pensei, nem por um instante, que isso poderia provocar seu regresso. Sinceramente, me surpreendeu receber not\u00edcias dele. Surpreendeu-me e me desgostou. Se eu n\u00e3o estivesse rico e famoso ele jamais tomaria a iniciativa de se aproximar de mim. Para ele, deve ter sido um choque ver-me de imediato em todas as partes, nos jornais, na televis\u00e3o, ouvir-me pelo r\u00e1dio&#8230; Se eu quisesse lan\u00e7ar um aviso de busca familiar, de perdido, n\u00e3o poderia t\u00ea-lo feito melhor&#8230; Era demasiado tarde. Deveria ter vindo antes, quando eu chorava, de noite. Quando a solid\u00e3o me ro\u00eda&#8230; N\u00e3o sei que canalha lhe prop\u00f4s gravar um disco e certamente disseram que o lan\u00e7ariam ao mesmo tempo que nosso \u00e1lbum Rubber Soul. Ali, eu cantava In my life e esta can\u00e7\u00e3o era muito importante para mim, um verdadeiro ponto de inflex\u00e3o, minha primeira can\u00e7\u00e3o autobiogr\u00e1fica, a primeira vez que tinha a impress\u00e3o de p\u00f4r minhas palavra em m\u00fasica, e eis que meu pai lan\u00e7ava um disco que parasitava todo isso. Um disco que, al\u00e9m do mais, se chamava That\u00b4s my life. Isso me feriu de verdade. E fazia isso depois de eu ter constru\u00eddo minha vida sobre as cinzas de sua aus\u00eancia\u00bb.[1]<\/i><\/p>\n<div class=\"NotasPie\">\n<p style=\"text-align: justify;\">Tradu\u00e7\u00e3o: Vera Avellar Ribeiro<\/p>\n<p style=\"text-align: justify;\">NOTAS<\/p>\n<ol>\n<li style=\"text-align: justify;\">Foenkinos, D. (2014),\u00a0<i>Lennon<\/i>, Madrid: Alfaguara.<\/li>\n<\/ol>\n<\/div>\n<\/div><\/div><\/div><\/div><\/div><\/p>\n","protected":false},"excerpt":{"rendered":"","protected":false},"author":1,"featured_media":0,"parent":17,"menu_order":6,"comment_status":"closed","ping_status":"closed","template":"","meta":{"_monsterinsights_skip_tracking":false,"_monsterinsights_sitenote_active":false,"_monsterinsights_sitenote_note":"","_monsterinsights_sitenote_category":0,"footnotes":""},"_links":{"self":[{"href":"https:\/\/enapol.com\/viii\/wp-json\/wp\/v2\/pages\/114"}],"collection":[{"href":"https:\/\/enapol.com\/viii\/wp-json\/wp\/v2\/pages"}],"about":[{"href":"https:\/\/enapol.com\/viii\/wp-json\/wp\/v2\/types\/page"}],"author":[{"embeddable":true,"href":"https:\/\/enapol.com\/viii\/wp-json\/wp\/v2\/users\/1"}],"replies":[{"embeddable":true,"href":"https:\/\/enapol.com\/viii\/wp-json\/wp\/v2\/comments?post=114"}],"version-history":[{"count":2,"href":"https:\/\/enapol.com\/viii\/wp-json\/wp\/v2\/pages\/114\/revisions"}],"predecessor-version":[{"id":716,"href":"https:\/\/enapol.com\/viii\/wp-json\/wp\/v2\/pages\/114\/revisions\/716"}],"up":[{"embeddable":true,"href":"https:\/\/enapol.com\/viii\/wp-json\/wp\/v2\/pages\/17"}],"wp:attachment":[{"href":"https:\/\/enapol.com\/viii\/wp-json\/wp\/v2\/media?parent=114"}],"curies":[{"name":"wp","href":"https:\/\/api.w.org\/{rel}","templated":true}]}}