{"id":116,"date":"2021-09-06T16:57:43","date_gmt":"2021-09-06T16:57:43","guid":{"rendered":"http:\/\/x-enapol.org\/viii\/?page_id=116"},"modified":"2021-09-08T18:05:14","modified_gmt":"2021-09-08T18:05:14","slug":"prensa-y-difusion","status":"publish","type":"page","link":"https:\/\/enapol.com\/viii\/encuentro\/prensa-y-difusion\/","title":{"rendered":"Prensa y difusi\u00f3n"},"content":{"rendered":"<div class=\"fusion-fullwidth fullwidth-box fusion-builder-row-1 fusion-flex-container nonhundred-percent-fullwidth non-hundred-percent-height-scrolling\" style=\"--awb-border-radius-top-left:0px;--awb-border-radius-top-right:0px;--awb-border-radius-bottom-right:0px;--awb-border-radius-bottom-left:0px;--awb-flex-wrap:wrap;\" ><div class=\"fusion-builder-row fusion-row fusion-flex-align-items-flex-start fusion-flex-content-wrap\" style=\"max-width:1352px;margin-left: calc(-4% \/ 2 );margin-right: calc(-4% \/ 2 );\"><div class=\"fusion-layout-column fusion_builder_column fusion-builder-column-0 fusion_builder_column_1_1 1_1 fusion-flex-column\" style=\"--awb-bg-size:cover;--awb-width-large:100%;--awb-margin-top-large:0px;--awb-spacing-right-large:1.92%;--awb-margin-bottom-large:20px;--awb-spacing-left-large:1.92%;--awb-width-medium:100%;--awb-order-medium:0;--awb-spacing-right-medium:1.92%;--awb-spacing-left-medium:1.92%;--awb-width-small:100%;--awb-order-small:0;--awb-spacing-right-small:1.92%;--awb-spacing-left-small:1.92%;\"><div class=\"fusion-column-wrapper fusion-column-has-shadow fusion-flex-justify-content-flex-start fusion-content-layout-column\"><div class=\"fusion-text fusion-text-1\"><p style=\"text-align: justify;\">Hemos comenzado el trabajo en torno a la preparaci\u00f3n del VIII ENAPOL. Nuestro objetivo es mantener una activa comunicaci\u00f3n, la cual tendr\u00e1 dos v\u00edas: una, desarrollada al interior de la comunidad anal\u00edtica y otra, dirigida a la comunidad en general.<\/p>\n<p style=\"text-align: justify;\">Queremos propiciar un fluido intercambio que acerque la informaci\u00f3n de todos los eventos y acciones desarrolladas en relaci\u00f3n con la preparaci\u00f3n del Encuentro y, a la vez, promover la participaci\u00f3n activa de los colegas favoreciendo la reflexi\u00f3n y el aporte de los mismos en torno al tema y los ejes de trabajo.<\/p>\n<p style=\"text-align: justify;\">En nuestra web y tambi\u00e9n a trav\u00e9s del Facebook \u2013VIII ENAPOL\u2013 encontrar\u00e1n toda la informaci\u00f3n que vamos a ir generando: argumento, ejes tem\u00e1ticos, textos de orientaci\u00f3n, informaci\u00f3n sobre inscripci\u00f3n y presentaci\u00f3n de trabajos, las\u00a0<em>Conversaciones<\/em>\u00a0y los temas sobre los que versar\u00e1n, como as\u00ed tambi\u00e9n los Boletines epist\u00e9micos que iremos elaborando.<\/p>\n<p style=\"text-align: justify;\">Podr\u00e1n apreciar en breve, asimismo, el intercambio con otros discursos que conversan con el psicoan\u00e1lisis en torno a los Asuntos de familia\u2026 y a sus enredos. En esta l\u00ednea entrevistaremos a artistas, m\u00e9dicos, juristas, soci\u00f3logos, fil\u00f3sofos, te\u00f3logos, pol\u00edticos interrogando a la familia y sus asuntos desde otras miradas.<\/p>\n<p style=\"text-align: justify;\">Estas son s\u00f3lo algunas de las cuestiones que pr\u00f3ximamente podr\u00e1n encontrar en la web del pr\u00f3ximo ENAPOL!!<\/p>\n<p style=\"text-align: justify;\">Responsable Prensa y difusi\u00f3n, <strong>Nora Cappelletti<\/strong><\/p>\n<\/div><\/div><\/div><\/div><\/div>\n","protected":false},"excerpt":{"rendered":"","protected":false},"author":1,"featured_media":0,"parent":15,"menu_order":7,"comment_status":"closed","ping_status":"closed","template":"","meta":{"_monsterinsights_skip_tracking":false,"_monsterinsights_sitenote_active":false,"_monsterinsights_sitenote_note":"","_monsterinsights_sitenote_category":0,"footnotes":""},"_links":{"self":[{"href":"https:\/\/enapol.com\/viii\/wp-json\/wp\/v2\/pages\/116"}],"collection":[{"href":"https:\/\/enapol.com\/viii\/wp-json\/wp\/v2\/pages"}],"about":[{"href":"https:\/\/enapol.com\/viii\/wp-json\/wp\/v2\/types\/page"}],"author":[{"embeddable":true,"href":"https:\/\/enapol.com\/viii\/wp-json\/wp\/v2\/users\/1"}],"replies":[{"embeddable":true,"href":"https:\/\/enapol.com\/viii\/wp-json\/wp\/v2\/comments?post=116"}],"version-history":[{"count":3,"href":"https:\/\/enapol.com\/viii\/wp-json\/wp\/v2\/pages\/116\/revisions"}],"predecessor-version":[{"id":903,"href":"https:\/\/enapol.com\/viii\/wp-json\/wp\/v2\/pages\/116\/revisions\/903"}],"up":[{"embeddable":true,"href":"https:\/\/enapol.com\/viii\/wp-json\/wp\/v2\/pages\/15"}],"wp:attachment":[{"href":"https:\/\/enapol.com\/viii\/wp-json\/wp\/v2\/media?parent=116"}],"curies":[{"name":"wp","href":"https:\/\/api.w.org\/{rel}","templated":true}]}}