{"id":118,"date":"2021-09-06T16:58:03","date_gmt":"2021-09-06T16:58:03","guid":{"rendered":"http:\/\/x-enapol.org\/viii\/?page_id=118"},"modified":"2021-09-08T18:06:24","modified_gmt":"2021-09-08T18:06:24","slug":"imprensa-e-difusao","status":"publish","type":"page","link":"https:\/\/enapol.com\/viii\/pt\/encontro\/imprensa-e-difusao\/","title":{"rendered":"Imprensa e difus\u00e3o"},"content":{"rendered":"<div class=\"fusion-fullwidth fullwidth-box fusion-builder-row-1 fusion-flex-container nonhundred-percent-fullwidth non-hundred-percent-height-scrolling\" style=\"--awb-border-radius-top-left:0px;--awb-border-radius-top-right:0px;--awb-border-radius-bottom-right:0px;--awb-border-radius-bottom-left:0px;--awb-flex-wrap:wrap;\" ><div class=\"fusion-builder-row fusion-row fusion-flex-align-items-flex-start fusion-flex-content-wrap\" style=\"max-width:1352px;margin-left: calc(-4% \/ 2 );margin-right: calc(-4% \/ 2 );\"><div class=\"fusion-layout-column fusion_builder_column fusion-builder-column-0 fusion_builder_column_1_1 1_1 fusion-flex-column\" style=\"--awb-bg-size:cover;--awb-width-large:100%;--awb-margin-top-large:0px;--awb-spacing-right-large:1.92%;--awb-margin-bottom-large:20px;--awb-spacing-left-large:1.92%;--awb-width-medium:100%;--awb-order-medium:0;--awb-spacing-right-medium:1.92%;--awb-spacing-left-medium:1.92%;--awb-width-small:100%;--awb-order-small:0;--awb-spacing-right-small:1.92%;--awb-spacing-left-small:1.92%;\"><div class=\"fusion-column-wrapper fusion-column-has-shadow fusion-flex-justify-content-flex-start fusion-content-layout-column\"><div class=\"fusion-text fusion-text-1\"><p style=\"text-align: justify;\">Come\u00e7amos o trabalho em torno da prepara\u00e7\u00e3o do VIII ENAPOL. Nosso objetivo \u00e9 manter uma ativa comunica\u00e7\u00e3o, que ter\u00e1 duas vias: uma, desenvolvida no interior da comunidade anal\u00edtica; outra, dirigida \u00e0 comunidade em geral.<\/p>\n<p style=\"text-align: justify;\">Queremos propiciar um fluido interc\u00e2mbio que acerque a informa\u00e7\u00e3o de todos os eventos e a\u00e7\u00f5es desenvolvidos em rela\u00e7\u00e3o \u00e0 prepara\u00e7\u00e3o do Encontro e, a um s\u00f3 tempo, promover a participa\u00e7\u00e3o ativa dos colegas favorecendo sua reflex\u00e3o e contribui\u00e7\u00e3o em torno do tema e dos eixos de trabalho.<\/p>\n<p style=\"text-align: justify;\">Em nossa web e tamb\u00e9m atrav\u00e9s do Facebook \u2013VIII ENAPOL\u2013 , voc\u00eas encontrar\u00e3o toda a informa\u00e7\u00e3o que iremos gerando: argumento, eixos tem\u00e1ticos, textos de orienta\u00e7\u00e3o, informa\u00e7\u00e3o sobre inscri\u00e7\u00e3o e apresenta\u00e7\u00e3o de trabalhos, as\u00a0<i>Conversa\u00e7\u00f5es\u00a0<\/i>e os temas sobre os quais elas versar\u00e3o, assim como os Boletins epist\u00eamicos que iremos elaborando.<\/p>\n<p style=\"text-align: justify;\">Voc\u00eas poder\u00e3o apreciar tamb\u00e9m e em breve, o interc\u00e2mbio com os outros discursos que conversam com a psican\u00e1lise em torno dos Assuntos de fam\u00edlia&#8230; e seus enredos. Seguindo essa linha, entrevistaremos artistas, m\u00e9dicos, juristas, soci\u00f3logos, fil\u00f3sofos, te\u00f3logos, pol\u00edticos, interrogando a fam\u00edlia e seus assuntos a partir de outros olhares.<\/p>\n<p style=\"text-align: justify;\">Essas s\u00e3o algumas das quest\u00f5es que em breve voc\u00eas poder\u00e3o encontrar na web do pr\u00f3ximo ENAPOL!!<\/p>\n<p style=\"text-align: justify;\">Responsable Prensa y difusi\u00f3n, <strong>Nora Cappelletti<\/strong><\/p>\n<\/div><\/div><\/div><\/div><\/div>\n","protected":false},"excerpt":{"rendered":"","protected":false},"author":1,"featured_media":0,"parent":17,"menu_order":7,"comment_status":"closed","ping_status":"closed","template":"","meta":{"_monsterinsights_skip_tracking":false,"_monsterinsights_sitenote_active":false,"_monsterinsights_sitenote_note":"","_monsterinsights_sitenote_category":0,"footnotes":""},"_links":{"self":[{"href":"https:\/\/enapol.com\/viii\/wp-json\/wp\/v2\/pages\/118"}],"collection":[{"href":"https:\/\/enapol.com\/viii\/wp-json\/wp\/v2\/pages"}],"about":[{"href":"https:\/\/enapol.com\/viii\/wp-json\/wp\/v2\/types\/page"}],"author":[{"embeddable":true,"href":"https:\/\/enapol.com\/viii\/wp-json\/wp\/v2\/users\/1"}],"replies":[{"embeddable":true,"href":"https:\/\/enapol.com\/viii\/wp-json\/wp\/v2\/comments?post=118"}],"version-history":[{"count":4,"href":"https:\/\/enapol.com\/viii\/wp-json\/wp\/v2\/pages\/118\/revisions"}],"predecessor-version":[{"id":905,"href":"https:\/\/enapol.com\/viii\/wp-json\/wp\/v2\/pages\/118\/revisions\/905"}],"up":[{"embeddable":true,"href":"https:\/\/enapol.com\/viii\/wp-json\/wp\/v2\/pages\/17"}],"wp:attachment":[{"href":"https:\/\/enapol.com\/viii\/wp-json\/wp\/v2\/media?parent=118"}],"curies":[{"name":"wp","href":"https:\/\/api.w.org\/{rel}","templated":true}]}}