{"id":123,"date":"2021-09-06T17:08:51","date_gmt":"2021-09-06T17:08:51","guid":{"rendered":"http:\/\/x-enapol.org\/viii\/?page_id=123"},"modified":"2021-09-08T19:19:09","modified_gmt":"2021-09-08T19:19:09","slug":"resonancias","status":"publish","type":"page","link":"https:\/\/enapol.com\/viii\/encuentro\/prensa-y-difusion\/resonancias\/","title":{"rendered":"Resonancias"},"content":{"rendered":"<p><div class=\"fusion-fullwidth fullwidth-box fusion-builder-row-1 fusion-flex-container nonhundred-percent-fullwidth non-hundred-percent-height-scrolling\" style=\"--awb-border-radius-top-left:0px;--awb-border-radius-top-right:0px;--awb-border-radius-bottom-right:0px;--awb-border-radius-bottom-left:0px;--awb-flex-wrap:wrap;\" ><div class=\"fusion-builder-row fusion-row fusion-flex-align-items-flex-start fusion-flex-content-wrap\" style=\"max-width:1352px;margin-left: calc(-4% \/ 2 );margin-right: calc(-4% \/ 2 );\"><div class=\"fusion-layout-column fusion_builder_column fusion-builder-column-0 fusion_builder_column_1_1 1_1 fusion-flex-column\" style=\"--awb-bg-size:cover;--awb-width-large:100%;--awb-margin-top-large:0px;--awb-spacing-right-large:1.92%;--awb-margin-bottom-large:20px;--awb-spacing-left-large:1.92%;--awb-width-medium:100%;--awb-order-medium:0;--awb-spacing-right-medium:1.92%;--awb-spacing-left-medium:1.92%;--awb-width-small:100%;--awb-order-small:0;--awb-spacing-right-small:1.92%;--awb-spacing-left-small:1.92%;\"><div class=\"fusion-column-wrapper fusion-column-has-shadow fusion-flex-justify-content-flex-start fusion-content-layout-column\"><div class=\"fusion-text fusion-text-1\"><p style=\"text-align: justify;\">En el marco de las actividades preparatorias del\u00a0<b>ENAPOL<\/b>, \u200ble damos la bienvenida a:<\/p>\n<p style=\"text-align: justify;\"><b>\u00bfQu\u00e9 puede decir Ud. sobre los Asuntos de Familia?<\/b><\/p>\n<p style=\"text-align: justify;\">Esta nueva secci\u00f3n tiene esp\u00edritu de charla de caf\u00e9&#8230;<\/p>\n<p style=\"text-align: justify;\">Ser\u00e1 un di\u00e1logo entre varios para compartir resonancias, recuerdos, textos, reflexiones, citas o notas period\u00edsticas sobre asuntos de estofa familiar.<\/p>\n<p style=\"text-align: justify;\">\u00a1Como si fuera una sobremesa de domingo!<\/p>\n<p style=\"text-align: justify;\">Invitamos a nuestra gran familia anal\u00edtica a enviarnos sus aportes a:\u00a0<a href=\"mailto:resonanciasasuntosdefamilia@gmail.com\" target=\"_blank\" rel=\"noopener\">resonanciasasuntosdefamilia@gmail.com<\/a><\/p>\n<p style=\"text-align: justify;\">\u00a1\u00a1Esperamos sus contribuciones!!<\/p>\n<p style=\"text-align: justify;\">Las mismas ser\u00e1n publicadas en el Facebook y en la web del VIII ENAPOL, secci\u00f3n Prensa y difusi\u00f3n.<\/p>\n<\/div><\/div><\/div><\/div><\/div><div class=\"fusion-fullwidth fullwidth-box fusion-builder-row-2 fusion-flex-container nonhundred-percent-fullwidth non-hundred-percent-height-scrolling\" style=\"--awb-border-radius-top-left:0px;--awb-border-radius-top-right:0px;--awb-border-radius-bottom-right:0px;--awb-border-radius-bottom-left:0px;--awb-margin-top:40px;--awb-flex-wrap:wrap;\" ><div class=\"fusion-builder-row fusion-row fusion-flex-align-items-flex-start fusion-flex-content-wrap\" style=\"max-width:1352px;margin-left: calc(-4% \/ 2 );margin-right: calc(-4% \/ 2 );\"><div class=\"fusion-layout-column fusion_builder_column fusion-builder-column-1 fusion_builder_column_1_1 1_1 fusion-flex-column\" style=\"--awb-padding-top:7px;--awb-padding-bottom:7px;--awb-bg-color:#ed1b24;--awb-bg-color-hover:#ed1b24;--awb-bg-size:cover;--awb-width-large:100%;--awb-margin-top-large:0px;--awb-spacing-right-large:1.92%;--awb-margin-bottom-large:20px;--awb-spacing-left-large:1.92%;--awb-width-medium:100%;--awb-order-medium:0;--awb-spacing-right-medium:1.92%;--awb-spacing-left-medium:1.92%;--awb-width-small:100%;--awb-order-small:0;--awb-spacing-right-small:1.92%;--awb-spacing-left-small:1.92%;\"><div class=\"fusion-column-wrapper fusion-column-has-shadow fusion-flex-justify-content-flex-start fusion-content-layout-column\"><div class=\"fusion-text fusion-text-2\"><p style=\"font-family: Raleway; letter-spacing: 4px; font-size: 20px; font-weight: 500; margin-bottom: 0px; text-align: center;\"><span style=\"color: #ffffff;\">Resonancias<\/span><\/p>\n<\/div><\/div><\/div><\/div><\/div><div class=\"fusion-fullwidth fullwidth-box fusion-builder-row-3 fusion-flex-container nonhundred-percent-fullwidth non-hundred-percent-height-scrolling\" style=\"--awb-border-radius-top-left:0px;--awb-border-radius-top-right:0px;--awb-border-radius-bottom-right:0px;--awb-border-radius-bottom-left:0px;--awb-flex-wrap:wrap;\" ><div class=\"fusion-builder-row fusion-row fusion-flex-align-items-flex-start fusion-flex-content-wrap\" style=\"max-width:1352px;margin-left: calc(-4% \/ 2 );margin-right: calc(-4% \/ 2 );\"><div class=\"fusion-layout-column fusion_builder_column fusion-builder-column-2 fusion_builder_column_1_1 1_1 fusion-flex-column\" style=\"--awb-bg-size:cover;--awb-width-large:100%;--awb-margin-top-large:0px;--awb-spacing-right-large:1.92%;--awb-margin-bottom-large:20px;--awb-spacing-left-large:1.92%;--awb-width-medium:100%;--awb-order-medium:0;--awb-spacing-right-medium:1.92%;--awb-spacing-left-medium:1.92%;--awb-width-small:100%;--awb-order-small:0;--awb-spacing-right-small:1.92%;--awb-spacing-left-small:1.92%;\"><div class=\"fusion-column-wrapper fusion-column-has-shadow fusion-flex-justify-content-flex-start fusion-content-layout-column\"><div class=\"fusion-recent-posts fusion-recent-posts-1 avada-container layout-date-on-side layout-columns-1\"><section class=\"fusion-columns columns fusion-columns-1 columns-1\"><article class=\"post fusion-column column col col-lg-12 col-md-12 col-sm-12\"><div class=\"fusion-date-and-formats\"><div class=\"fusion-date-box updated\"><span class=\"fusion-date\">8<\/span><span class=\"fusion-month-year\">09, 2021<\/span><\/div><div class=\"fusion-format-box\"><i class=\"awb-icon-pen\" aria-hidden=\"true\"><\/i><\/div><\/div><div class=\"recent-posts-content\"><span class=\"vcard\" style=\"display: none;\"><span class=\"fn\"><a href=\"https:\/\/enapol.com\/viii\/author\/gonzalozabala\/\" title=\"Entradas de gonzalozabala\" rel=\"author\">gonzalozabala<\/a><\/span><\/span><span class=\"updated\" style=\"display:none;\">2021-09-08T22:01:52+00:00<\/span><h4 class=\"entry-title\"><a href=\"https:\/\/enapol.com\/viii\/family-watching-tv-andrea-zelaya\/\">Family watching TV &#8211; Andrea Zelaya<\/a><\/h4><p class=\"meta\"><span class=\"vcard\" style=\"display: none;\"><span class=\"fn\"><a href=\"https:\/\/enapol.com\/viii\/author\/gonzalozabala\/\" title=\"Entradas de gonzalozabala\" rel=\"author\">gonzalozabala<\/a><\/span><\/span><span class=\"updated\" style=\"display:none;\">2021-09-08T22:01:52+00:00<\/span><\/p><\/div><\/article><article class=\"post fusion-column column col col-lg-12 col-md-12 col-sm-12\"><div class=\"fusion-date-and-formats\"><div class=\"fusion-date-box updated\"><span class=\"fusion-date\">8<\/span><span class=\"fusion-month-year\">09, 2021<\/span><\/div><div class=\"fusion-format-box\"><i class=\"awb-icon-pen\" aria-hidden=\"true\"><\/i><\/div><\/div><div class=\"recent-posts-content\"><span class=\"vcard\" style=\"display: none;\"><span class=\"fn\"><a href=\"https:\/\/enapol.com\/viii\/author\/gonzalozabala\/\" title=\"Entradas de gonzalozabala\" rel=\"author\">gonzalozabala<\/a><\/span><\/span><span class=\"updated\" style=\"display:none;\">2021-09-08T22:00:46+00:00<\/span><h4 class=\"entry-title\"><a href=\"https:\/\/enapol.com\/viii\/comentario-de-jose-lachevsky-acerca-de-esta-nota-en-la-que-se-aborda-una-historia-familiar-como-una-madre-un-padre-una-hermana-acompanan-a-un-nino-que-hace-unos-meses-les-dijo-soy-un-chico-tran\/\">Comentario de Jos\u00e9 Lachevsky acerca de \u00e9sta nota, en la que se aborda una historia familiar: c\u00f3mo una madre, un padre, una hermana acompa\u00f1an a un ni\u00f1o que hace unos meses les dijo: \u00abSoy un chico trans y quiero que me acepten como soy\u00bb<\/a><\/h4><p class=\"meta\"><span class=\"vcard\" style=\"display: none;\"><span class=\"fn\"><a href=\"https:\/\/enapol.com\/viii\/author\/gonzalozabala\/\" title=\"Entradas de gonzalozabala\" rel=\"author\">gonzalozabala<\/a><\/span><\/span><span class=\"updated\" style=\"display:none;\">2021-09-08T22:00:46+00:00<\/span><\/p><\/div><\/article><article class=\"post fusion-column column col col-lg-12 col-md-12 col-sm-12\"><div class=\"fusion-date-and-formats\"><div class=\"fusion-date-box updated\"><span class=\"fusion-date\">8<\/span><span class=\"fusion-month-year\">09, 2021<\/span><\/div><div class=\"fusion-format-box\"><i class=\"awb-icon-pen\" aria-hidden=\"true\"><\/i><\/div><\/div><div class=\"recent-posts-content\"><span class=\"vcard\" style=\"display: none;\"><span class=\"fn\"><a href=\"https:\/\/enapol.com\/viii\/author\/gonzalozabala\/\" title=\"Entradas de gonzalozabala\" rel=\"author\">gonzalozabala<\/a><\/span><\/span><span class=\"updated\" style=\"display:none;\">2021-09-08T22:00:04+00:00<\/span><h4 class=\"entry-title\"><a href=\"https:\/\/enapol.com\/viii\/resonancia-enviada-por-irene-greiser\/\">Resonancia enviada por Irene Greiser<\/a><\/h4><p class=\"meta\"><span class=\"vcard\" style=\"display: none;\"><span class=\"fn\"><a href=\"https:\/\/enapol.com\/viii\/author\/gonzalozabala\/\" title=\"Entradas de gonzalozabala\" rel=\"author\">gonzalozabala<\/a><\/span><\/span><span class=\"updated\" style=\"display:none;\">2021-09-08T22:00:04+00:00<\/span><\/p><\/div><\/article><article class=\"post fusion-column column col col-lg-12 col-md-12 col-sm-12\"><div class=\"fusion-date-and-formats\"><div class=\"fusion-date-box updated\"><span class=\"fusion-date\">8<\/span><span class=\"fusion-month-year\">09, 2021<\/span><\/div><div class=\"fusion-format-box\"><i class=\"awb-icon-pen\" aria-hidden=\"true\"><\/i><\/div><\/div><div class=\"recent-posts-content\"><span class=\"vcard\" style=\"display: none;\"><span class=\"fn\"><a href=\"https:\/\/enapol.com\/viii\/author\/gonzalozabala\/\" title=\"Entradas de gonzalozabala\" rel=\"author\">gonzalozabala<\/a><\/span><\/span><span class=\"updated\" style=\"display:none;\">2021-09-08T21:58:38+00:00<\/span><h4 class=\"entry-title\"><a href=\"https:\/\/enapol.com\/viii\/resonacia-enviada-por-marina-recalde\/\">Resonacia enviada por Marina Recalde<\/a><\/h4><p class=\"meta\"><span class=\"vcard\" style=\"display: none;\"><span class=\"fn\"><a href=\"https:\/\/enapol.com\/viii\/author\/gonzalozabala\/\" title=\"Entradas de gonzalozabala\" rel=\"author\">gonzalozabala<\/a><\/span><\/span><span class=\"updated\" style=\"display:none;\">2021-09-08T21:58:38+00:00<\/span><\/p><\/div><\/article><article class=\"post fusion-column column col col-lg-12 col-md-12 col-sm-12\"><div class=\"fusion-date-and-formats\"><div class=\"fusion-date-box updated\"><span class=\"fusion-date\">8<\/span><span class=\"fusion-month-year\">09, 2021<\/span><\/div><div class=\"fusion-format-box\"><i class=\"awb-icon-pen\" aria-hidden=\"true\"><\/i><\/div><\/div><div class=\"recent-posts-content\"><span class=\"vcard\" style=\"display: none;\"><span class=\"fn\"><a href=\"https:\/\/enapol.com\/viii\/author\/gonzalozabala\/\" title=\"Entradas de gonzalozabala\" rel=\"author\">gonzalozabala<\/a><\/span><\/span><span class=\"updated\" style=\"display:none;\">2021-09-08T21:58:05+00:00<\/span><h4 class=\"entry-title\"><a href=\"https:\/\/enapol.com\/viii\/un-secreto-familiar-tiene-el-mismo-valor-para-cada-uno-de-los-miembros-de-esa-familia-betty-nagorny\/\">\u00bfUn secreto familiar tiene el mismo valor para cada uno de los miembros de esa familia? &#8211; Betty Nagorny<\/a><\/h4><p class=\"meta\"><span class=\"vcard\" style=\"display: none;\"><span class=\"fn\"><a href=\"https:\/\/enapol.com\/viii\/author\/gonzalozabala\/\" title=\"Entradas de gonzalozabala\" rel=\"author\">gonzalozabala<\/a><\/span><\/span><span class=\"updated\" style=\"display:none;\">2021-09-08T21:58:05+00:00<\/span><\/p><\/div><\/article><article class=\"post fusion-column column col col-lg-12 col-md-12 col-sm-12\"><div class=\"fusion-date-and-formats\"><div class=\"fusion-date-box updated\"><span class=\"fusion-date\">8<\/span><span class=\"fusion-month-year\">09, 2021<\/span><\/div><div class=\"fusion-format-box\"><i class=\"awb-icon-pen\" aria-hidden=\"true\"><\/i><\/div><\/div><div class=\"recent-posts-content\"><span class=\"vcard\" style=\"display: none;\"><span class=\"fn\"><a href=\"https:\/\/enapol.com\/viii\/author\/gonzalozabala\/\" title=\"Entradas de gonzalozabala\" rel=\"author\">gonzalozabala<\/a><\/span><\/span><span class=\"updated\" style=\"display:none;\">2021-09-08T21:56:44+00:00<\/span><h4 class=\"entry-title\"><a href=\"https:\/\/enapol.com\/viii\/que-es-para-mi-asuntos-de-familia-gisella-cabrera\/\">\u00bfQu\u00e9 es para m\u00ed \u00abasuntos de familia\u00bb? &#8211; Gisella Cabrera<\/a><\/h4><p class=\"meta\"><span class=\"vcard\" style=\"display: none;\"><span class=\"fn\"><a href=\"https:\/\/enapol.com\/viii\/author\/gonzalozabala\/\" title=\"Entradas de gonzalozabala\" rel=\"author\">gonzalozabala<\/a><\/span><\/span><span class=\"updated\" style=\"display:none;\">2021-09-08T21:56:44+00:00<\/span><\/p><\/div><\/article><article class=\"post fusion-column column col col-lg-12 col-md-12 col-sm-12\"><div class=\"fusion-date-and-formats\"><div class=\"fusion-date-box updated\"><span class=\"fusion-date\">8<\/span><span class=\"fusion-month-year\">09, 2021<\/span><\/div><div class=\"fusion-format-box\"><i class=\"awb-icon-pen\" aria-hidden=\"true\"><\/i><\/div><\/div><div class=\"recent-posts-content\"><span class=\"vcard\" style=\"display: none;\"><span class=\"fn\"><a href=\"https:\/\/enapol.com\/viii\/author\/gonzalozabala\/\" title=\"Entradas de gonzalozabala\" rel=\"author\">gonzalozabala<\/a><\/span><\/span><span class=\"updated\" style=\"display:none;\">2021-09-08T21:55:31+00:00<\/span><h4 class=\"entry-title\"><a href=\"https:\/\/enapol.com\/viii\/escritos-en-la-arena-marita-manzotti\/\">Escritos en la arena &#8211; Marita Manzotti<\/a><\/h4><p class=\"meta\"><span class=\"vcard\" style=\"display: none;\"><span class=\"fn\"><a href=\"https:\/\/enapol.com\/viii\/author\/gonzalozabala\/\" title=\"Entradas de gonzalozabala\" rel=\"author\">gonzalozabala<\/a><\/span><\/span><span class=\"updated\" style=\"display:none;\">2021-09-08T21:55:31+00:00<\/span><\/p><\/div><\/article><article class=\"post fusion-column column col col-lg-12 col-md-12 col-sm-12\"><div class=\"fusion-date-and-formats\"><div class=\"fusion-date-box updated\"><span class=\"fusion-date\">8<\/span><span class=\"fusion-month-year\">09, 2021<\/span><\/div><div class=\"fusion-format-box\"><i class=\"awb-icon-pen\" aria-hidden=\"true\"><\/i><\/div><\/div><div class=\"recent-posts-content\"><span class=\"vcard\" style=\"display: none;\"><span class=\"fn\"><a href=\"https:\/\/enapol.com\/viii\/author\/gonzalozabala\/\" title=\"Entradas de gonzalozabala\" rel=\"author\">gonzalozabala<\/a><\/span><\/span><span class=\"updated\" style=\"display:none;\">2021-09-08T21:53:55+00:00<\/span><h4 class=\"entry-title\"><a href=\"https:\/\/enapol.com\/viii\/con-la-piedra-en-el-bolsillo-fernanda-mailliat\/\">Con la piedra en el bolsillo &#8211; Fernanda Mailliat<\/a><\/h4><p class=\"meta\"><span class=\"vcard\" style=\"display: none;\"><span class=\"fn\"><a href=\"https:\/\/enapol.com\/viii\/author\/gonzalozabala\/\" title=\"Entradas de gonzalozabala\" rel=\"author\">gonzalozabala<\/a><\/span><\/span><span class=\"updated\" style=\"display:none;\">2021-09-08T21:53:55+00:00<\/span><\/p><\/div><\/article><\/section><\/div><\/div><\/div><\/div><\/div><\/p>\n","protected":false},"excerpt":{"rendered":"","protected":false},"author":1,"featured_media":0,"parent":116,"menu_order":1,"comment_status":"closed","ping_status":"closed","template":"","meta":{"_monsterinsights_skip_tracking":false,"_monsterinsights_sitenote_active":false,"_monsterinsights_sitenote_note":"","_monsterinsights_sitenote_category":0,"footnotes":""},"_links":{"self":[{"href":"https:\/\/enapol.com\/viii\/wp-json\/wp\/v2\/pages\/123"}],"collection":[{"href":"https:\/\/enapol.com\/viii\/wp-json\/wp\/v2\/pages"}],"about":[{"href":"https:\/\/enapol.com\/viii\/wp-json\/wp\/v2\/types\/page"}],"author":[{"embeddable":true,"href":"https:\/\/enapol.com\/viii\/wp-json\/wp\/v2\/users\/1"}],"replies":[{"embeddable":true,"href":"https:\/\/enapol.com\/viii\/wp-json\/wp\/v2\/comments?post=123"}],"version-history":[{"count":5,"href":"https:\/\/enapol.com\/viii\/wp-json\/wp\/v2\/pages\/123\/revisions"}],"predecessor-version":[{"id":1769,"href":"https:\/\/enapol.com\/viii\/wp-json\/wp\/v2\/pages\/123\/revisions\/1769"}],"up":[{"embeddable":true,"href":"https:\/\/enapol.com\/viii\/wp-json\/wp\/v2\/pages\/116"}],"wp:attachment":[{"href":"https:\/\/enapol.com\/viii\/wp-json\/wp\/v2\/media?parent=123"}],"curies":[{"name":"wp","href":"https:\/\/api.w.org\/{rel}","templated":true}]}}