{"id":125,"date":"2021-09-06T17:09:20","date_gmt":"2021-09-06T17:09:20","guid":{"rendered":"http:\/\/x-enapol.org\/viii\/?page_id=125"},"modified":"2021-09-08T19:18:44","modified_gmt":"2021-09-08T19:18:44","slug":"ressonancias","status":"publish","type":"page","link":"https:\/\/enapol.com\/viii\/pt\/encontro\/imprensa-e-difusao\/ressonancias\/","title":{"rendered":"Resson\u00e2ncias"},"content":{"rendered":"<p><div class=\"fusion-fullwidth fullwidth-box fusion-builder-row-1 fusion-flex-container nonhundred-percent-fullwidth non-hundred-percent-height-scrolling\" style=\"--awb-border-radius-top-left:0px;--awb-border-radius-top-right:0px;--awb-border-radius-bottom-right:0px;--awb-border-radius-bottom-left:0px;--awb-flex-wrap:wrap;\" ><div class=\"fusion-builder-row fusion-row fusion-flex-align-items-flex-start fusion-flex-content-wrap\" style=\"max-width:1352px;margin-left: calc(-4% \/ 2 );margin-right: calc(-4% \/ 2 );\"><div class=\"fusion-layout-column fusion_builder_column fusion-builder-column-0 fusion_builder_column_1_1 1_1 fusion-flex-column\" style=\"--awb-bg-size:cover;--awb-width-large:100%;--awb-margin-top-large:0px;--awb-spacing-right-large:1.92%;--awb-margin-bottom-large:20px;--awb-spacing-left-large:1.92%;--awb-width-medium:100%;--awb-order-medium:0;--awb-spacing-right-medium:1.92%;--awb-spacing-left-medium:1.92%;--awb-width-small:100%;--awb-order-small:0;--awb-spacing-right-small:1.92%;--awb-spacing-left-small:1.92%;\"><div class=\"fusion-column-wrapper fusion-column-has-shadow fusion-flex-justify-content-flex-start fusion-content-layout-column\"><div class=\"fusion-text fusion-text-1\"><p style=\"text-align: justify;\">No enquadre das atividades preparat\u00f3rias do\u00a0<b>ENAPOL<\/b>, damos as boas-vindas a:<\/p>\n<p style=\"text-align: justify;\"><b>O que voc\u00ea pode dizer sobre Assuntos de Fam\u00edlia?<\/b><\/p>\n<p style=\"text-align: justify;\">Esta nova se\u00e7\u00e3o tem um espirito de bate papo num caf\u00e9&#8230;<\/p>\n<p style=\"text-align: justify;\">Ser\u00e1 um di\u00e1logo entre v\u00e1rios que visa compartilhar resson\u00e2ncias, lembran\u00e7as, textos, reflex\u00f5es, cita\u00e7\u00f5es ou notas de jornal sobre assuntos de estofo familiar.<\/p>\n<p style=\"text-align: justify;\">Como se fosse uma sobremesa de domingo!<\/p>\n<p style=\"text-align: justify;\">Convidamos nossa grande fam\u00edlia anal\u00edtica a enviar seus aportes a:<br \/><a href=\"mailto:resonanciasasuntosdefamilia@gmail.com\">resonanciasasuntosdefamilia @gmail.com<\/a><\/p>\n<p style=\"text-align: justify;\">Esperamos suas contribui\u00e7\u00f5es!!<\/p>\n<p style=\"text-align: justify;\">Estas ser\u00e3o publicadas no Facebook e no site do VIII ENAPOL, se\u00e7\u00e3o imprensa e difus\u00e3o.<\/p>\n<\/div><\/div><\/div><\/div><\/div><div class=\"fusion-fullwidth fullwidth-box fusion-builder-row-2 fusion-flex-container nonhundred-percent-fullwidth non-hundred-percent-height-scrolling\" style=\"--awb-border-radius-top-left:0px;--awb-border-radius-top-right:0px;--awb-border-radius-bottom-right:0px;--awb-border-radius-bottom-left:0px;--awb-margin-top:40px;--awb-flex-wrap:wrap;\" ><div class=\"fusion-builder-row fusion-row fusion-flex-align-items-flex-start fusion-flex-content-wrap\" style=\"max-width:1352px;margin-left: calc(-4% \/ 2 );margin-right: calc(-4% \/ 2 );\"><div class=\"fusion-layout-column fusion_builder_column fusion-builder-column-1 fusion_builder_column_1_1 1_1 fusion-flex-column\" style=\"--awb-padding-top:7px;--awb-padding-bottom:7px;--awb-bg-color:#ed1b24;--awb-bg-color-hover:#ed1b24;--awb-bg-size:cover;--awb-width-large:100%;--awb-margin-top-large:0px;--awb-spacing-right-large:1.92%;--awb-margin-bottom-large:20px;--awb-spacing-left-large:1.92%;--awb-width-medium:100%;--awb-order-medium:0;--awb-spacing-right-medium:1.92%;--awb-spacing-left-medium:1.92%;--awb-width-small:100%;--awb-order-small:0;--awb-spacing-right-small:1.92%;--awb-spacing-left-small:1.92%;\"><div class=\"fusion-column-wrapper fusion-column-has-shadow fusion-flex-justify-content-flex-start fusion-content-layout-column\"><div class=\"fusion-text fusion-text-2\"><p style=\"font-family: Raleway; letter-spacing: 4px; font-size: 20px; font-weight: 500; margin-bottom: 0px; text-align: center;\"><span style=\"color: #ffffff;\">Resson\u00e2ncias<\/span><\/p>\n<\/div><\/div><\/div><\/div><\/div><div class=\"fusion-fullwidth fullwidth-box fusion-builder-row-3 fusion-flex-container nonhundred-percent-fullwidth non-hundred-percent-height-scrolling\" style=\"--awb-border-radius-top-left:0px;--awb-border-radius-top-right:0px;--awb-border-radius-bottom-right:0px;--awb-border-radius-bottom-left:0px;--awb-flex-wrap:wrap;\" ><div class=\"fusion-builder-row fusion-row fusion-flex-align-items-flex-start fusion-flex-content-wrap\" style=\"max-width:1352px;margin-left: calc(-4% \/ 2 );margin-right: calc(-4% \/ 2 );\"><div class=\"fusion-layout-column fusion_builder_column fusion-builder-column-2 fusion_builder_column_1_1 1_1 fusion-flex-column\" style=\"--awb-bg-size:cover;--awb-width-large:100%;--awb-margin-top-large:0px;--awb-spacing-right-large:1.92%;--awb-margin-bottom-large:20px;--awb-spacing-left-large:1.92%;--awb-width-medium:100%;--awb-order-medium:0;--awb-spacing-right-medium:1.92%;--awb-spacing-left-medium:1.92%;--awb-width-small:100%;--awb-order-small:0;--awb-spacing-right-small:1.92%;--awb-spacing-left-small:1.92%;\"><div class=\"fusion-column-wrapper fusion-column-has-shadow fusion-flex-justify-content-flex-start fusion-content-layout-column\"><div class=\"fusion-recent-posts fusion-recent-posts-1 avada-container layout-date-on-side layout-columns-1\"><section class=\"fusion-columns columns fusion-columns-1 columns-1\"><article class=\"post fusion-column column col col-lg-12 col-md-12 col-sm-12\"><div class=\"fusion-date-and-formats\"><div class=\"fusion-date-box updated\"><span class=\"fusion-date\">8<\/span><span class=\"fusion-month-year\">09, 2021<\/span><\/div><div class=\"fusion-format-box\"><i class=\"awb-icon-pen\" aria-hidden=\"true\"><\/i><\/div><\/div><div class=\"recent-posts-content\"><span class=\"vcard\" style=\"display: none;\"><span class=\"fn\"><a href=\"https:\/\/enapol.com\/viii\/author\/gonzalozabala\/\" title=\"Entradas de gonzalozabala\" rel=\"author\">gonzalozabala<\/a><\/span><\/span><span class=\"updated\" style=\"display:none;\">2021-09-08T22:02:26+00:00<\/span><h4 class=\"entry-title\"><a href=\"https:\/\/enapol.com\/viii\/pt\/family-watching-tv-andrea-zelaya-2\/\">Family watching TV &#8211; Andrea Zelaya<\/a><\/h4><p class=\"meta\"><span class=\"vcard\" style=\"display: none;\"><span class=\"fn\"><a href=\"https:\/\/enapol.com\/viii\/author\/gonzalozabala\/\" title=\"Entradas de gonzalozabala\" rel=\"author\">gonzalozabala<\/a><\/span><\/span><span class=\"updated\" style=\"display:none;\">2021-09-08T22:02:26+00:00<\/span><\/p><\/div><\/article><article class=\"post fusion-column column col col-lg-12 col-md-12 col-sm-12\"><div class=\"fusion-date-and-formats\"><div class=\"fusion-date-box updated\"><span class=\"fusion-date\">8<\/span><span class=\"fusion-month-year\">09, 2021<\/span><\/div><div class=\"fusion-format-box\"><i class=\"awb-icon-pen\" aria-hidden=\"true\"><\/i><\/div><\/div><div class=\"recent-posts-content\"><span class=\"vcard\" style=\"display: none;\"><span class=\"fn\"><a href=\"https:\/\/enapol.com\/viii\/author\/gonzalozabala\/\" title=\"Entradas de gonzalozabala\" rel=\"author\">gonzalozabala<\/a><\/span><\/span><span class=\"updated\" style=\"display:none;\">2021-09-08T21:59:26+00:00<\/span><h4 class=\"entry-title\"><a href=\"https:\/\/enapol.com\/viii\/pt\/um-segredo-familiar-tem-o-mesmo-valor-para-cada-um-dos-membros-dessa-familia-betty-nagorny\/\">Um segredo familiar tem o mesmo valor para cada um dos membros dessa fam\u00edlia? &#8211; Betty Nagorny<\/a><\/h4><p class=\"meta\"><span class=\"vcard\" style=\"display: none;\"><span class=\"fn\"><a href=\"https:\/\/enapol.com\/viii\/author\/gonzalozabala\/\" title=\"Entradas de gonzalozabala\" rel=\"author\">gonzalozabala<\/a><\/span><\/span><span class=\"updated\" style=\"display:none;\">2021-09-08T21:59:26+00:00<\/span><\/p><\/div><\/article><article class=\"post fusion-column column col col-lg-12 col-md-12 col-sm-12\"><div class=\"fusion-date-and-formats\"><div class=\"fusion-date-box updated\"><span class=\"fusion-date\">8<\/span><span class=\"fusion-month-year\">09, 2021<\/span><\/div><div class=\"fusion-format-box\"><i class=\"awb-icon-pen\" aria-hidden=\"true\"><\/i><\/div><\/div><div class=\"recent-posts-content\"><span class=\"vcard\" style=\"display: none;\"><span class=\"fn\"><a href=\"https:\/\/enapol.com\/viii\/author\/gonzalozabala\/\" title=\"Entradas de gonzalozabala\" rel=\"author\">gonzalozabala<\/a><\/span><\/span><span class=\"updated\" style=\"display:none;\">2021-09-08T21:57:11+00:00<\/span><h4 class=\"entry-title\"><a href=\"https:\/\/enapol.com\/viii\/pt\/o-que-sao-para-mim-assuntos-de-familia-cabrera-gisella\/\">O que s\u00e3o para mim assuntos de fam\u00edlia? &#8211; Cabrera Gisella<\/a><\/h4><p class=\"meta\"><span class=\"vcard\" style=\"display: none;\"><span class=\"fn\"><a href=\"https:\/\/enapol.com\/viii\/author\/gonzalozabala\/\" title=\"Entradas de gonzalozabala\" rel=\"author\">gonzalozabala<\/a><\/span><\/span><span class=\"updated\" style=\"display:none;\">2021-09-08T21:57:11+00:00<\/span><\/p><\/div><\/article><article class=\"post fusion-column column col col-lg-12 col-md-12 col-sm-12\"><div class=\"fusion-date-and-formats\"><div class=\"fusion-date-box updated\"><span class=\"fusion-date\">8<\/span><span class=\"fusion-month-year\">09, 2021<\/span><\/div><div class=\"fusion-format-box\"><i class=\"awb-icon-pen\" aria-hidden=\"true\"><\/i><\/div><\/div><div class=\"recent-posts-content\"><span class=\"vcard\" style=\"display: none;\"><span class=\"fn\"><a href=\"https:\/\/enapol.com\/viii\/author\/gonzalozabala\/\" title=\"Entradas de gonzalozabala\" rel=\"author\">gonzalozabala<\/a><\/span><\/span><span class=\"updated\" style=\"display:none;\">2021-09-08T21:56:08+00:00<\/span><h4 class=\"entry-title\"><a href=\"https:\/\/enapol.com\/viii\/pt\/escritos-na-areia-marita-manzotti\/\">Escritos na areia &#8211; Marita Manzotti<\/a><\/h4><p class=\"meta\"><span class=\"vcard\" style=\"display: none;\"><span class=\"fn\"><a href=\"https:\/\/enapol.com\/viii\/author\/gonzalozabala\/\" title=\"Entradas de gonzalozabala\" rel=\"author\">gonzalozabala<\/a><\/span><\/span><span class=\"updated\" style=\"display:none;\">2021-09-08T21:56:08+00:00<\/span><\/p><\/div><\/article><article class=\"post fusion-column column col col-lg-12 col-md-12 col-sm-12\"><div class=\"fusion-date-and-formats\"><div class=\"fusion-date-box updated\"><span class=\"fusion-date\">8<\/span><span class=\"fusion-month-year\">09, 2021<\/span><\/div><div class=\"fusion-format-box\"><i class=\"awb-icon-pen\" aria-hidden=\"true\"><\/i><\/div><\/div><div class=\"recent-posts-content\"><span class=\"vcard\" style=\"display: none;\"><span class=\"fn\"><a href=\"https:\/\/enapol.com\/viii\/author\/gonzalozabala\/\" title=\"Entradas de gonzalozabala\" rel=\"author\">gonzalozabala<\/a><\/span><\/span><span class=\"updated\" style=\"display:none;\">2021-09-08T21:54:35+00:00<\/span><h4 class=\"entry-title\"><a href=\"https:\/\/enapol.com\/viii\/pt\/com-a-pedra-no-bolso-fernanda-mailliat\/\">\u00abCom a pedra no bolso\u00bb &#8211; Fernanda Mailliat<\/a><\/h4><p class=\"meta\"><span class=\"vcard\" style=\"display: none;\"><span class=\"fn\"><a href=\"https:\/\/enapol.com\/viii\/author\/gonzalozabala\/\" title=\"Entradas de gonzalozabala\" rel=\"author\">gonzalozabala<\/a><\/span><\/span><span class=\"updated\" style=\"display:none;\">2021-09-08T21:54:35+00:00<\/span><\/p><\/div><\/article><\/section><\/div><\/div><\/div><\/div><\/div><\/p>\n","protected":false},"excerpt":{"rendered":"","protected":false},"author":1,"featured_media":0,"parent":118,"menu_order":1,"comment_status":"closed","ping_status":"closed","template":"","meta":{"_monsterinsights_skip_tracking":false,"_monsterinsights_sitenote_active":false,"_monsterinsights_sitenote_note":"","_monsterinsights_sitenote_category":0,"footnotes":""},"_links":{"self":[{"href":"https:\/\/enapol.com\/viii\/wp-json\/wp\/v2\/pages\/125"}],"collection":[{"href":"https:\/\/enapol.com\/viii\/wp-json\/wp\/v2\/pages"}],"about":[{"href":"https:\/\/enapol.com\/viii\/wp-json\/wp\/v2\/types\/page"}],"author":[{"embeddable":true,"href":"https:\/\/enapol.com\/viii\/wp-json\/wp\/v2\/users\/1"}],"replies":[{"embeddable":true,"href":"https:\/\/enapol.com\/viii\/wp-json\/wp\/v2\/comments?post=125"}],"version-history":[{"count":4,"href":"https:\/\/enapol.com\/viii\/wp-json\/wp\/v2\/pages\/125\/revisions"}],"predecessor-version":[{"id":1041,"href":"https:\/\/enapol.com\/viii\/wp-json\/wp\/v2\/pages\/125\/revisions\/1041"}],"up":[{"embeddable":true,"href":"https:\/\/enapol.com\/viii\/wp-json\/wp\/v2\/pages\/118"}],"wp:attachment":[{"href":"https:\/\/enapol.com\/viii\/wp-json\/wp\/v2\/media?parent=125"}],"curies":[{"name":"wp","href":"https:\/\/api.w.org\/{rel}","templated":true}]}}