{"id":143,"date":"2021-09-06T17:16:19","date_gmt":"2021-09-06T17:16:19","guid":{"rendered":"http:\/\/x-enapol.org\/viii\/?page_id=143"},"modified":"2021-09-07T22:27:17","modified_gmt":"2021-09-07T22:27:17","slug":"restaurantes","status":"publish","type":"page","link":"https:\/\/enapol.com\/viii\/encuentro\/restaurantes\/","title":{"rendered":"Restaurantes"},"content":{"rendered":"<p><div class=\"fusion-fullwidth fullwidth-box fusion-builder-row-1 fusion-flex-container nonhundred-percent-fullwidth non-hundred-percent-height-scrolling\" style=\"--awb-border-radius-top-left:0px;--awb-border-radius-top-right:0px;--awb-border-radius-bottom-right:0px;--awb-border-radius-bottom-left:0px;--awb-flex-wrap:wrap;\" ><div class=\"fusion-builder-row fusion-row fusion-flex-align-items-flex-start fusion-flex-content-wrap\" style=\"max-width:1352px;margin-left: calc(-4% \/ 2 );margin-right: calc(-4% \/ 2 );\"><div class=\"fusion-layout-column fusion_builder_column fusion-builder-column-0 fusion_builder_column_1_1 1_1 fusion-flex-column\" style=\"--awb-bg-size:cover;--awb-width-large:100%;--awb-margin-top-large:0px;--awb-spacing-right-large:1.92%;--awb-margin-bottom-large:20px;--awb-spacing-left-large:1.92%;--awb-width-medium:100%;--awb-order-medium:0;--awb-spacing-right-medium:1.92%;--awb-spacing-left-medium:1.92%;--awb-width-small:100%;--awb-order-small:0;--awb-spacing-right-small:1.92%;--awb-spacing-left-small:1.92%;\"><div class=\"fusion-column-wrapper fusion-column-has-shadow fusion-flex-justify-content-flex-start fusion-content-layout-column\"><div class=\"fusion-text fusion-text-1\"><p style=\"text-align: justify;\">Los esperamos en\u00a0<i>La primavera lacaniana<\/i>\u00a0para festejar el VIII Encuentro Americano, en el que no solo compartiremos los\u00a0<i>Asuntos de familia, sus enredos en la pr\u00e1ctica<\/i>\u00a0sino que, en el marco de los j\u00f3venes 20 a\u00f1os del Encuentro Internacional del Campo Freudiano, les ofreceremos distintas alternativas para agasajarlos y acompa\u00f1arlos a disfrutar de nuestra hermosa ciudad.<\/p>\n<p style=\"text-align: justify;\">Responsable RR.PP., Graciela Gonz\u00e1lez Horowitz<\/p>\n<\/div><\/div><\/div><\/div><\/div><div class=\"fusion-fullwidth fullwidth-box fusion-builder-row-2 fusion-flex-container nonhundred-percent-fullwidth non-hundred-percent-height-scrolling\" style=\"--awb-border-radius-top-left:0px;--awb-border-radius-top-right:0px;--awb-border-radius-bottom-right:0px;--awb-border-radius-bottom-left:0px;--awb-margin-top:50px;--awb-flex-wrap:wrap;\" ><div class=\"fusion-builder-row fusion-row fusion-flex-align-items-flex-start fusion-flex-content-wrap\" style=\"max-width:1352px;margin-left: calc(-4% \/ 2 );margin-right: calc(-4% \/ 2 );\"><div class=\"fusion-layout-column fusion_builder_column fusion-builder-column-1 fusion_builder_column_1_1 1_1 fusion-flex-column\" style=\"--awb-bg-size:cover;--awb-width-large:100%;--awb-margin-top-large:0px;--awb-spacing-right-large:1.92%;--awb-margin-bottom-large:20px;--awb-spacing-left-large:1.92%;--awb-width-medium:100%;--awb-order-medium:0;--awb-spacing-right-medium:1.92%;--awb-spacing-left-medium:1.92%;--awb-width-small:100%;--awb-order-small:0;--awb-spacing-right-small:1.92%;--awb-spacing-left-small:1.92%;\"><div class=\"fusion-column-wrapper fusion-column-has-shadow fusion-flex-justify-content-flex-start fusion-content-layout-column\"><div class=\"fusion-title title fusion-title-1 fusion-sep-none fusion-title-text fusion-title-size-three\"><h3 class=\"fusion-title-heading title-heading-left fusion-responsive-typography-calculated\" style=\"margin:0;--fontSize:30;line-height:1.3;\">I Fresh Market<\/h3><\/div><div class=\"fusion-image-element \" style=\"text-align:center;--awb-bottom-shadow-color:rgba(0,0,0,0.4);--awb-caption-title-font-family:var(--h2_typography-font-family);--awb-caption-title-font-weight:var(--h2_typography-font-weight);--awb-caption-title-font-style:var(--h2_typography-font-style);--awb-caption-title-size:var(--h2_typography-font-size);--awb-caption-title-transform:var(--h2_typography-text-transform);--awb-caption-title-line-height:var(--h2_typography-line-height);--awb-caption-title-letter-spacing:var(--h2_typography-letter-spacing);\"><div class=\"awb-image-frame awb-image-frame-1 awb-bottomshadow\"><span class=\" fusion-imageframe imageframe-bottomshadow imageframe-1 hover-type-none\"><img decoding=\"async\" width=\"567\" height=\"378\" title=\"I-Fresh-Market_01 (1)\" src=\"http:\/\/enapol.com\/viii\/wp-content\/uploads\/sites\/6\/2021\/09\/I-Fresh-Market_01-1.jpg\" alt class=\"img-responsive wp-image-790\" srcset=\"https:\/\/enapol.com\/viii\/wp-content\/uploads\/sites\/6\/2021\/09\/I-Fresh-Market_01-1-200x133.jpg 200w, https:\/\/enapol.com\/viii\/wp-content\/uploads\/sites\/6\/2021\/09\/I-Fresh-Market_01-1-400x267.jpg 400w, https:\/\/enapol.com\/viii\/wp-content\/uploads\/sites\/6\/2021\/09\/I-Fresh-Market_01-1.jpg 567w\" sizes=\"(max-width: 1024px) 100vw, (max-width: 640px) 100vw, 567px\" \/><\/span><svg xmlns=\"http:\/\/www.w3.org\/2000\/svg\" version=\"1.1\" width=\"100%\" viewBox=\"0 0 600 28\" preserveAspectRatio=\"none\"><g clip-path=\"url(#a)\"><mask id=\"b\" style=\"mask-type:luminance\" maskUnits=\"userSpaceOnUse\" x=\"0\" y=\"0\" width=\"600\" height=\"28\"><path d=\"M0 0h600v28H0V0Z\" fill=\"#fff\"\/><\/mask><g filter=\"url(#c)\" mask=\"url(#b)\"><path d=\"M16.439-18.667h567.123v30.8S438.961-8.4 300-8.4C161.04-8.4 16.438 12.133 16.438 12.133v-30.8Z\" fill=\"#000\"\/><\/g><\/g><defs><clipPath id=\"a\"><path fill=\"#fff\" d=\"M0 0h600v28H0z\"\/><\/clipPath><filter id=\"c\" x=\"5.438\" y=\"-29.667\" width=\"589.123\" height=\"52.8\" filterUnits=\"userSpaceOnUse\" color-interpolation-filters=\"sRGB\"><feFlood flood-opacity=\"0\" result=\"BackgroundImageFix\"\/><feBlend in=\"SourceGraphic\" in2=\"BackgroundImageFix\" result=\"shape\"\/><feGaussianBlur stdDeviation=\"5.5\" result=\"effect1_foregroundBlur_3983_183\"\/><\/filter><\/defs><\/svg><\/div><\/div><div class=\"fusion-separator fusion-full-width-sep\" style=\"align-self: center;margin-left: auto;margin-right: auto;margin-top:10px;margin-bottom:10px;width:100%;\"><\/div><div class=\"fusion-text fusion-text-2\"><p style=\"text-align: justify;\">Ubicado en la zona de Puerto Madero I Fresh Market es una buena opci\u00f3n para una comida r\u00e1pida y sana, con productos cuidados y muy seleccionados.<\/p>\n<p style=\"text-align: justify;\">El mercado est\u00e1 muy bien integrado al espacio del restaurante, cuya decoraci\u00f3n interior da una sensaci\u00f3n de naturaleza y simplicidad.<\/p>\n<p style=\"text-align: justify;\">Pueden realizar una reserva en :\u00a0<a href=\"http:\/\/www.icentralmarket.com.ar\/reservas-dique3\/\" target=\"_blank\" rel=\"noopener\">http:\/\/www.icentralmarket.com.ar\/reservas-dique3\/<\/a><\/p>\n<\/div><\/div><\/div><\/div><\/div><div class=\"fusion-fullwidth fullwidth-box fusion-builder-row-3 fusion-flex-container nonhundred-percent-fullwidth non-hundred-percent-height-scrolling\" style=\"--awb-border-radius-top-left:0px;--awb-border-radius-top-right:0px;--awb-border-radius-bottom-right:0px;--awb-border-radius-bottom-left:0px;--awb-margin-top:50px;--awb-flex-wrap:wrap;\" ><div class=\"fusion-builder-row fusion-row fusion-flex-align-items-flex-start fusion-flex-content-wrap\" style=\"max-width:1352px;margin-left: calc(-4% \/ 2 );margin-right: calc(-4% \/ 2 );\"><div class=\"fusion-layout-column fusion_builder_column fusion-builder-column-2 fusion_builder_column_1_1 1_1 fusion-flex-column\" style=\"--awb-bg-size:cover;--awb-width-large:100%;--awb-margin-top-large:0px;--awb-spacing-right-large:1.92%;--awb-margin-bottom-large:20px;--awb-spacing-left-large:1.92%;--awb-width-medium:100%;--awb-order-medium:0;--awb-spacing-right-medium:1.92%;--awb-spacing-left-medium:1.92%;--awb-width-small:100%;--awb-order-small:0;--awb-spacing-right-small:1.92%;--awb-spacing-left-small:1.92%;\"><div class=\"fusion-column-wrapper fusion-column-has-shadow fusion-flex-justify-content-flex-start fusion-content-layout-column\"><div class=\"fusion-title title fusion-title-2 fusion-sep-none fusion-title-text fusion-title-size-three\"><h3 class=\"fusion-title-heading title-heading-left fusion-responsive-typography-calculated\" style=\"margin:0;--fontSize:30;line-height:1.3;\">Restaurante El faro (en el Hilton)<\/h3><\/div><div class=\"fusion-image-element \" style=\"text-align:center;--awb-bottom-shadow-color:rgba(0,0,0,0.4);--awb-caption-title-font-family:var(--h2_typography-font-family);--awb-caption-title-font-weight:var(--h2_typography-font-weight);--awb-caption-title-font-style:var(--h2_typography-font-style);--awb-caption-title-size:var(--h2_typography-font-size);--awb-caption-title-transform:var(--h2_typography-text-transform);--awb-caption-title-line-height:var(--h2_typography-line-height);--awb-caption-title-letter-spacing:var(--h2_typography-letter-spacing);\"><div class=\"awb-image-frame awb-image-frame-2 awb-bottomshadow\"><span class=\" fusion-imageframe imageframe-bottomshadow imageframe-2 hover-type-none\"><img decoding=\"async\" width=\"1440\" height=\"561\" title=\"Hilton Buenos Aires &#8211; Atrium\" src=\"http:\/\/enapol.com\/viii\/wp-content\/uploads\/sites\/6\/2021\/09\/Hilton-Buenos-Aires-Atrium.jpg\" alt class=\"img-responsive wp-image-793\" srcset=\"https:\/\/enapol.com\/viii\/wp-content\/uploads\/sites\/6\/2021\/09\/Hilton-Buenos-Aires-Atrium-200x78.jpg 200w, https:\/\/enapol.com\/viii\/wp-content\/uploads\/sites\/6\/2021\/09\/Hilton-Buenos-Aires-Atrium-400x156.jpg 400w, https:\/\/enapol.com\/viii\/wp-content\/uploads\/sites\/6\/2021\/09\/Hilton-Buenos-Aires-Atrium-600x234.jpg 600w, https:\/\/enapol.com\/viii\/wp-content\/uploads\/sites\/6\/2021\/09\/Hilton-Buenos-Aires-Atrium-800x312.jpg 800w, https:\/\/enapol.com\/viii\/wp-content\/uploads\/sites\/6\/2021\/09\/Hilton-Buenos-Aires-Atrium-1200x468.jpg 1200w, https:\/\/enapol.com\/viii\/wp-content\/uploads\/sites\/6\/2021\/09\/Hilton-Buenos-Aires-Atrium.jpg 1440w\" sizes=\"(max-width: 1024px) 100vw, (max-width: 640px) 100vw, 1440px\" \/><\/span><svg xmlns=\"http:\/\/www.w3.org\/2000\/svg\" version=\"1.1\" width=\"100%\" viewBox=\"0 0 600 28\" preserveAspectRatio=\"none\"><g clip-path=\"url(#a)\"><mask id=\"b\" style=\"mask-type:luminance\" maskUnits=\"userSpaceOnUse\" x=\"0\" y=\"0\" width=\"600\" height=\"28\"><path d=\"M0 0h600v28H0V0Z\" fill=\"#fff\"\/><\/mask><g filter=\"url(#c)\" mask=\"url(#b)\"><path d=\"M16.439-18.667h567.123v30.8S438.961-8.4 300-8.4C161.04-8.4 16.438 12.133 16.438 12.133v-30.8Z\" fill=\"#000\"\/><\/g><\/g><defs><clipPath id=\"a\"><path fill=\"#fff\" d=\"M0 0h600v28H0z\"\/><\/clipPath><filter id=\"c\" x=\"5.438\" y=\"-29.667\" width=\"589.123\" height=\"52.8\" filterUnits=\"userSpaceOnUse\" color-interpolation-filters=\"sRGB\"><feFlood flood-opacity=\"0\" result=\"BackgroundImageFix\"\/><feBlend in=\"SourceGraphic\" in2=\"BackgroundImageFix\" result=\"shape\"\/><feGaussianBlur stdDeviation=\"5.5\" result=\"effect1_foregroundBlur_3983_183\"\/><\/filter><\/defs><\/svg><\/div><\/div><div class=\"fusion-separator fusion-full-width-sep\" style=\"align-self: center;margin-left: auto;margin-right: auto;margin-top:10px;margin-bottom:10px;width:100%;\"><\/div><div class=\"fusion-text fusion-text-3\"><p style=\"text-align: justify;\">El Restaurant El Faro, es considerado uno de los lugares m\u00e1s exclusivos de la gastronom\u00eda del circuito de Puerto Madero. Cuenta con men\u00fas por temporadas, que destacan y combinan los mejores elementos de nuestra regi\u00f3n de una forma \u00fanica y original.<br \/>Ofrece:<\/p>\n<ul>\n<li style=\"text-align: justify;\">Desayunos buffet o a la carta con una gran variedad en panes y pasteler\u00eda.<\/li>\n<li style=\"text-align: justify;\">Almuerzos con exquisitos platos principales y una gran variedad de entradas, salad bar y variedad de postres buffet. Una excelente propuesta de men\u00fa ejecutivo gourmet que acompa\u00f1a una reuni\u00f3n de trabajo, una reuni\u00f3n de amigos o un almuerzo liviano.<\/li>\n<li style=\"text-align: justify;\">Exquisitas cenas de tres pasos a la carta con un men\u00fa muy variado con lo mejor de la cocina gourmet. Acompa\u00f1ado por una exquisita selecci\u00f3n de vinos de las mejores bodegas argentinas.<\/li>\n<\/ul>\n<\/div><\/div><\/div><\/div><\/div><div class=\"fusion-fullwidth fullwidth-box fusion-builder-row-4 fusion-flex-container nonhundred-percent-fullwidth non-hundred-percent-height-scrolling\" style=\"--awb-border-radius-top-left:0px;--awb-border-radius-top-right:0px;--awb-border-radius-bottom-right:0px;--awb-border-radius-bottom-left:0px;--awb-margin-top:50px;--awb-flex-wrap:wrap;\" ><div class=\"fusion-builder-row fusion-row fusion-flex-align-items-flex-start fusion-flex-content-wrap\" style=\"max-width:1352px;margin-left: calc(-4% \/ 2 );margin-right: calc(-4% \/ 2 );\"><div class=\"fusion-layout-column fusion_builder_column fusion-builder-column-3 fusion_builder_column_1_1 1_1 fusion-flex-column\" style=\"--awb-bg-size:cover;--awb-width-large:100%;--awb-margin-top-large:0px;--awb-spacing-right-large:1.92%;--awb-margin-bottom-large:20px;--awb-spacing-left-large:1.92%;--awb-width-medium:100%;--awb-order-medium:0;--awb-spacing-right-medium:1.92%;--awb-spacing-left-medium:1.92%;--awb-width-small:100%;--awb-order-small:0;--awb-spacing-right-small:1.92%;--awb-spacing-left-small:1.92%;\"><div class=\"fusion-column-wrapper fusion-column-has-shadow fusion-flex-justify-content-flex-start fusion-content-layout-column\"><div class=\"fusion-title title fusion-title-3 fusion-sep-none fusion-title-text fusion-title-size-three\"><h3 class=\"fusion-title-heading title-heading-left fusion-responsive-typography-calculated\" style=\"margin:0;--fontSize:30;line-height:1.3;\">Asia de Cuba<\/h3><\/div><div class=\"fusion-image-element \" style=\"text-align:center;--awb-bottom-shadow-color:rgba(0,0,0,0.4);--awb-caption-title-font-family:var(--h2_typography-font-family);--awb-caption-title-font-weight:var(--h2_typography-font-weight);--awb-caption-title-font-style:var(--h2_typography-font-style);--awb-caption-title-size:var(--h2_typography-font-size);--awb-caption-title-transform:var(--h2_typography-text-transform);--awb-caption-title-line-height:var(--h2_typography-line-height);--awb-caption-title-letter-spacing:var(--h2_typography-letter-spacing);\"><div class=\"awb-image-frame awb-image-frame-3 awb-bottomshadow\"><span class=\" fusion-imageframe imageframe-bottomshadow imageframe-3 hover-type-none\"><img decoding=\"async\" width=\"451\" height=\"312\" title=\"Asia-de-Cuba\" src=\"http:\/\/enapol.com\/viii\/wp-content\/uploads\/sites\/6\/2021\/09\/Asia-de-Cuba.jpg\" alt class=\"img-responsive wp-image-794\" srcset=\"https:\/\/enapol.com\/viii\/wp-content\/uploads\/sites\/6\/2021\/09\/Asia-de-Cuba-200x138.jpg 200w, https:\/\/enapol.com\/viii\/wp-content\/uploads\/sites\/6\/2021\/09\/Asia-de-Cuba-400x277.jpg 400w, https:\/\/enapol.com\/viii\/wp-content\/uploads\/sites\/6\/2021\/09\/Asia-de-Cuba.jpg 451w\" sizes=\"(max-width: 1024px) 100vw, (max-width: 640px) 100vw, 451px\" \/><\/span><svg xmlns=\"http:\/\/www.w3.org\/2000\/svg\" version=\"1.1\" width=\"100%\" viewBox=\"0 0 600 28\" preserveAspectRatio=\"none\"><g clip-path=\"url(#a)\"><mask id=\"b\" style=\"mask-type:luminance\" maskUnits=\"userSpaceOnUse\" x=\"0\" y=\"0\" width=\"600\" height=\"28\"><path d=\"M0 0h600v28H0V0Z\" fill=\"#fff\"\/><\/mask><g filter=\"url(#c)\" mask=\"url(#b)\"><path d=\"M16.439-18.667h567.123v30.8S438.961-8.4 300-8.4C161.04-8.4 16.438 12.133 16.438 12.133v-30.8Z\" fill=\"#000\"\/><\/g><\/g><defs><clipPath id=\"a\"><path fill=\"#fff\" d=\"M0 0h600v28H0z\"\/><\/clipPath><filter id=\"c\" x=\"5.438\" y=\"-29.667\" width=\"589.123\" height=\"52.8\" filterUnits=\"userSpaceOnUse\" color-interpolation-filters=\"sRGB\"><feFlood flood-opacity=\"0\" result=\"BackgroundImageFix\"\/><feBlend in=\"SourceGraphic\" in2=\"BackgroundImageFix\" result=\"shape\"\/><feGaussianBlur stdDeviation=\"5.5\" result=\"effect1_foregroundBlur_3983_183\"\/><\/filter><\/defs><\/svg><\/div><\/div><div class=\"fusion-separator fusion-full-width-sep\" style=\"align-self: center;margin-left: auto;margin-right: auto;margin-top:10px;margin-bottom:10px;width:100%;\"><\/div><div class=\"fusion-text fusion-text-4\"><p style=\"text-align: justify;\">Otra alternativa para disfrutar a orillas del canal, a pasos del Hilton.<\/p>\n<p style=\"text-align: justify;\">Ubicado en Puerto Madero a tan s\u00f3lo metros del hotel Hilton, Asia de Cuba es un glamoroso y reconocido restaurante\/disco de Buenos Aires.<\/p>\n<p style=\"text-align: justify;\">Durante la tarde la carta ofrece exquisitas variedades de s\u00e1ndwiches, tablas, dulces y cafeter\u00eda. Por la noche nos podemos deleitar con deliciosas combinaciones de sushi, pastas, pescados y postres.<\/p>\n<p style=\"text-align: justify;\">La carta de vinos y cocteles es sorprendentemente amplia. Opciones locales y de importaci\u00f3n para todos los gustos. De mi\u00e9rcoles a s\u00e1bado, pasada la medianoche, se transforma en una disco que ofrece la mejor m\u00fasica para bailar hasta el amanecer.<\/p>\n<p style=\"text-align: justify;\">Sin dudas Asia de Cuba es el lugar ideal para pasar una noche divertida entre amigos.<\/p>\n<\/div><\/div><\/div><\/div><\/div><\/p>\n","protected":false},"excerpt":{"rendered":"","protected":false},"author":1,"featured_media":0,"parent":15,"menu_order":10,"comment_status":"closed","ping_status":"closed","template":"","meta":{"_monsterinsights_skip_tracking":false,"_monsterinsights_sitenote_active":false,"_monsterinsights_sitenote_note":"","_monsterinsights_sitenote_category":0,"footnotes":""},"_links":{"self":[{"href":"https:\/\/enapol.com\/viii\/wp-json\/wp\/v2\/pages\/143"}],"collection":[{"href":"https:\/\/enapol.com\/viii\/wp-json\/wp\/v2\/pages"}],"about":[{"href":"https:\/\/enapol.com\/viii\/wp-json\/wp\/v2\/types\/page"}],"author":[{"embeddable":true,"href":"https:\/\/enapol.com\/viii\/wp-json\/wp\/v2\/users\/1"}],"replies":[{"embeddable":true,"href":"https:\/\/enapol.com\/viii\/wp-json\/wp\/v2\/comments?post=143"}],"version-history":[{"count":4,"href":"https:\/\/enapol.com\/viii\/wp-json\/wp\/v2\/pages\/143\/revisions"}],"predecessor-version":[{"id":795,"href":"https:\/\/enapol.com\/viii\/wp-json\/wp\/v2\/pages\/143\/revisions\/795"}],"up":[{"embeddable":true,"href":"https:\/\/enapol.com\/viii\/wp-json\/wp\/v2\/pages\/15"}],"wp:attachment":[{"href":"https:\/\/enapol.com\/viii\/wp-json\/wp\/v2\/media?parent=143"}],"curies":[{"name":"wp","href":"https:\/\/api.w.org\/{rel}","templated":true}]}}