{"id":51,"date":"2021-09-06T16:38:18","date_gmt":"2021-09-06T16:38:18","guid":{"rendered":"http:\/\/x-enapol.org\/viii\/?page_id=51"},"modified":"2021-09-06T20:20:59","modified_gmt":"2021-09-06T20:20:59","slug":"conversaciones","status":"publish","type":"page","link":"https:\/\/enapol.com\/viii\/conversaciones\/","title":{"rendered":"CONVERSACIONES"},"content":{"rendered":"<div class=\"fusion-fullwidth fullwidth-box fusion-builder-row-1 fusion-flex-container nonhundred-percent-fullwidth non-hundred-percent-height-scrolling\" style=\"--awb-border-radius-top-left:0px;--awb-border-radius-top-right:0px;--awb-border-radius-bottom-right:0px;--awb-border-radius-bottom-left:0px;--awb-flex-wrap:wrap;\" ><div class=\"fusion-builder-row fusion-row fusion-flex-align-items-flex-start fusion-flex-content-wrap\" style=\"max-width:1352px;margin-left: calc(-4% \/ 2 );margin-right: calc(-4% \/ 2 );\"><div class=\"fusion-layout-column fusion_builder_column fusion-builder-column-0 fusion_builder_column_1_1 1_1 fusion-flex-column\" style=\"--awb-bg-size:cover;--awb-width-large:100%;--awb-margin-top-large:0px;--awb-spacing-right-large:1.92%;--awb-margin-bottom-large:20px;--awb-spacing-left-large:1.92%;--awb-width-medium:100%;--awb-order-medium:0;--awb-spacing-right-medium:1.92%;--awb-spacing-left-medium:1.92%;--awb-width-small:100%;--awb-order-small:0;--awb-spacing-right-small:1.92%;--awb-spacing-left-small:1.92%;\"><div class=\"fusion-column-wrapper fusion-column-has-shadow fusion-flex-justify-content-flex-start fusion-content-layout-column\"><div class=\"fusion-text fusion-text-1\"><p style=\"text-align: justify;\">Las\u00a0<i>Conversaciones del ENAPOL<\/i>\u00a0son uno de los dispositivos m\u00e1s interesantes de los que hemos disfrutado en las dos versiones anteriores, dispositivo que volver\u00e1 a tener un lugar central en nuestro pr\u00f3ximo Encuentro Americano.<\/p>\n<p style=\"text-align: justify;\">Cada\u00a0<i>Conversaci\u00f3n<\/i>\u00a0estar\u00e1 conformada por un integrante de la EOL, uno de la EBP y uno de la NEL y se armar\u00e1 en torno de un tema extra\u00eddo de nuestra convocatoria:\u00a0<i>Asuntos de familia, sus enredos en la pr\u00e1ctica<\/i>.<\/p>\n<p style=\"text-align: justify;\">Esta vez contaremos con\u00a0<b>diecis\u00e9is<\/b>\u00a0conversaciones simult\u00e1neas, repartidas en dos bandas horarias, de una hora y cuarenta y cinco minutos cada una.<\/p>\n<p style=\"text-align: justify;\">Las\u00a0<i>Conversaciones<\/i>\u00a0constituyen un lugar privilegiado del lazo asociativo y se organizan en\u00a0<b>dos tiempos,<\/b>\u00a0en los que se despliega el trabajo de Escuela.<\/p>\n<p style=\"text-align: justify;\">En el\u00a0<b>primer<\/b>\u00a0tiempo un representante de cada\u00a0<i>Conversaci\u00f3n<\/i>\u00a0(una mesa = una Conversaci\u00f3n) elige un equipo \u2013entre cinco y diez colegas\u2013 con el que elabora durante varios meses su investigaci\u00f3n.<\/p>\n<p style=\"text-align: justify;\">En el Encuentro disfrutamos del\u00a0<b>segundo<\/b>\u00a0tiempo, en el que cada mesa ofrece una puntuaci\u00f3n (en un m\u00e1ximo de diez minutos) de la producci\u00f3n final de cada uno de los tres representantes de Escuela y los equipos (el texto estar\u00e1 disponible previamente para la lectura, ya que no se leer\u00e1 en la\u00a0<i>Conversaci\u00f3n<\/i>); a continuaci\u00f3n tendr\u00e1 lugar el debate, que descontamos ser\u00e1 enriquecedor y en el que estar\u00e1n incluidas las aristas diferenciales y\/o semejanzas acerca de cada tema.<\/p>\n<p style=\"text-align: justify;\">Aclaraci\u00f3n: los cuarenta y ocho trabajos se publicar\u00e1n previamente en forma completa en la p\u00e1gina\u00a0<i>web<\/i>, para poder ser le\u00eddos por los participantes del ENAPOL antes de la\u00a0<i>Conversaci\u00f3n<\/i>.<\/p>\n<\/div><\/div><\/div><\/div><\/div>\n","protected":false},"excerpt":{"rendered":"","protected":false},"author":1,"featured_media":0,"parent":0,"menu_order":5,"comment_status":"closed","ping_status":"closed","template":"","meta":{"_monsterinsights_skip_tracking":false,"_monsterinsights_sitenote_active":false,"_monsterinsights_sitenote_note":"","_monsterinsights_sitenote_category":0,"footnotes":""},"_links":{"self":[{"href":"https:\/\/enapol.com\/viii\/wp-json\/wp\/v2\/pages\/51"}],"collection":[{"href":"https:\/\/enapol.com\/viii\/wp-json\/wp\/v2\/pages"}],"about":[{"href":"https:\/\/enapol.com\/viii\/wp-json\/wp\/v2\/types\/page"}],"author":[{"embeddable":true,"href":"https:\/\/enapol.com\/viii\/wp-json\/wp\/v2\/users\/1"}],"replies":[{"embeddable":true,"href":"https:\/\/enapol.com\/viii\/wp-json\/wp\/v2\/comments?post=51"}],"version-history":[{"count":20,"href":"https:\/\/enapol.com\/viii\/wp-json\/wp\/v2\/pages\/51\/revisions"}],"predecessor-version":[{"id":273,"href":"https:\/\/enapol.com\/viii\/wp-json\/wp\/v2\/pages\/51\/revisions\/273"}],"wp:attachment":[{"href":"https:\/\/enapol.com\/viii\/wp-json\/wp\/v2\/media?parent=51"}],"curies":[{"name":"wp","href":"https:\/\/api.w.org\/{rel}","templated":true}]}}