{"id":54,"date":"2021-09-06T16:38:32","date_gmt":"2021-09-06T16:38:32","guid":{"rendered":"http:\/\/x-enapol.org\/viii\/?page_id=54"},"modified":"2021-09-06T22:39:33","modified_gmt":"2021-09-06T22:39:33","slug":"conversacoes","status":"publish","type":"page","link":"https:\/\/enapol.com\/viii\/pt\/conversacoes\/","title":{"rendered":"CONVERSA\u00c7\u00d5ES"},"content":{"rendered":"<div class=\"fusion-fullwidth fullwidth-box fusion-builder-row-1 fusion-flex-container nonhundred-percent-fullwidth non-hundred-percent-height-scrolling\" style=\"--awb-border-radius-top-left:0px;--awb-border-radius-top-right:0px;--awb-border-radius-bottom-right:0px;--awb-border-radius-bottom-left:0px;--awb-flex-wrap:wrap;\" ><div class=\"fusion-builder-row fusion-row fusion-flex-align-items-flex-start fusion-flex-content-wrap\" style=\"max-width:1352px;margin-left: calc(-4% \/ 2 );margin-right: calc(-4% \/ 2 );\"><div class=\"fusion-layout-column fusion_builder_column fusion-builder-column-0 fusion_builder_column_1_1 1_1 fusion-flex-column\" style=\"--awb-bg-size:cover;--awb-width-large:100%;--awb-margin-top-large:0px;--awb-spacing-right-large:1.92%;--awb-margin-bottom-large:20px;--awb-spacing-left-large:1.92%;--awb-width-medium:100%;--awb-order-medium:0;--awb-spacing-right-medium:1.92%;--awb-spacing-left-medium:1.92%;--awb-width-small:100%;--awb-order-small:0;--awb-spacing-right-small:1.92%;--awb-spacing-left-small:1.92%;\"><div class=\"fusion-column-wrapper fusion-column-has-shadow fusion-flex-justify-content-flex-start fusion-content-layout-column\"><div class=\"fusion-text fusion-text-1\"><p style=\"text-align: justify;\">As\u00a0<i>Conversa\u00e7\u00f5es do ENAPOL<\/i>\u00a0s\u00e3o um dos dispositivos mais interessantes dos quais temos disfrutado nas duas vers\u00f5es anteriores, dispositivo que voltar\u00e1 a ter um lugar central em nosso pr\u00f3ximo Encontro Americano.<\/p>\n<p style=\"text-align: justify;\">Cada\u00a0<i>Conversa\u00e7\u00e3o<\/i>\u00a0estar\u00e1 formada por um integrante da EOL, um da EBP e um da NEL e se montar\u00e1 em torno de um tema extra\u00eddo de nossa convocat\u00f3ria:\u00a0<i>Assuntos de fam\u00edlia, seus enredos na pr\u00e1tica<\/i>.<\/p>\n<p style=\"text-align: justify;\">Desta vez, contaremos com\u00a0<b>dezesseis\u00a0<\/b>conversa\u00e7\u00f5es simult\u00e2neas, divididas em duas partes de uma hora e quarenta e cinco minutos cada uma.<\/p>\n<p style=\"text-align: justify;\">As\u00a0<i>Conversa\u00e7\u00f5es\u00a0<\/i>constituem um lugar privilegiado do la\u00e7o associativo e se organizam em\u00a0<b>dois tempos,<\/b>\u00a0nos quais se desdobra o trabalho de Escola.<\/p>\n<p style=\"text-align: justify;\">No\u00a0<b>primeiro<\/b>\u00a0tempo, um representante de cada\u00a0<i>Conversa\u00e7\u00e3o\u00a0<\/i>(uma mesa = uma Conversa\u00e7\u00e3o) escolhe uma equipe \u2013 entre cinco e dez colegas \u2013 com a qual elabora durante v\u00e1rios meses sua investiga\u00e7\u00e3o.<\/p>\n<p style=\"text-align: justify;\">No Encontro, desfrutaremos do\u00a0<b>segundo<\/b>\u00a0tempo, no qual cada mesa oferece uma pontua\u00e7\u00e3o (em dez minutos no m\u00e1ximo) da produ\u00e7\u00e3o final de cada um dos tr\u00eas representantes de Escola e das equipes (o texto estar\u00e1 dispon\u00edvel previamente para a leitura, uma vez que n\u00e3o se ler\u00e1 durante a\u00a0<i>Conversa\u00e7\u00e3o<\/i>); em seguida, acontecer\u00e1 o debate, que esperamos que seja enriquecedor e no qual estar\u00e3o inclu\u00eddas as arestas diferenciais e\/ou semelhan\u00e7as sobre cada tema.<\/p>\n<p style=\"text-align: justify;\">Esclarecimento: os quarenta e oito trabalhos ser\u00e3o publicados previamente de forma completa na p\u00e1gina\u00a0<i>web<\/i>, a fim de que possam ser lidos pelos participantes do ENAPOL antesda\u00a0<i>Conversa\u00e7\u00e3o<\/i>.<\/p>\n<\/div><\/div><\/div><\/div><\/div>\n","protected":false},"excerpt":{"rendered":"","protected":false},"author":1,"featured_media":0,"parent":0,"menu_order":5,"comment_status":"closed","ping_status":"closed","template":"","meta":{"_monsterinsights_skip_tracking":false,"_monsterinsights_sitenote_active":false,"_monsterinsights_sitenote_note":"","_monsterinsights_sitenote_category":0,"footnotes":""},"_links":{"self":[{"href":"https:\/\/enapol.com\/viii\/wp-json\/wp\/v2\/pages\/54"}],"collection":[{"href":"https:\/\/enapol.com\/viii\/wp-json\/wp\/v2\/pages"}],"about":[{"href":"https:\/\/enapol.com\/viii\/wp-json\/wp\/v2\/types\/page"}],"author":[{"embeddable":true,"href":"https:\/\/enapol.com\/viii\/wp-json\/wp\/v2\/users\/1"}],"replies":[{"embeddable":true,"href":"https:\/\/enapol.com\/viii\/wp-json\/wp\/v2\/comments?post=54"}],"version-history":[{"count":2,"href":"https:\/\/enapol.com\/viii\/wp-json\/wp\/v2\/pages\/54\/revisions"}],"predecessor-version":[{"id":516,"href":"https:\/\/enapol.com\/viii\/wp-json\/wp\/v2\/pages\/54\/revisions\/516"}],"wp:attachment":[{"href":"https:\/\/enapol.com\/viii\/wp-json\/wp\/v2\/media?parent=54"}],"curies":[{"name":"wp","href":"https:\/\/api.w.org\/{rel}","templated":true}]}}