{"id":58,"date":"2021-09-06T16:39:09","date_gmt":"2021-09-06T16:39:09","guid":{"rendered":"http:\/\/x-enapol.org\/viii\/?page_id=58"},"modified":"2021-09-08T17:56:20","modified_gmt":"2021-09-08T17:56:20","slug":"bibliografia-2","status":"publish","type":"page","link":"https:\/\/enapol.com\/viii\/pt\/bibliografia-2\/","title":{"rendered":"BIBLIOGRAFIA"},"content":{"rendered":"<div class=\"fusion-fullwidth fullwidth-box fusion-builder-row-1 fusion-flex-container nonhundred-percent-fullwidth non-hundred-percent-height-scrolling\" style=\"--awb-border-radius-top-left:0px;--awb-border-radius-top-right:0px;--awb-border-radius-bottom-right:0px;--awb-border-radius-bottom-left:0px;--awb-flex-wrap:wrap;\" ><div class=\"fusion-builder-row fusion-row fusion-flex-align-items-flex-start fusion-flex-content-wrap\" style=\"max-width:1352px;margin-left: calc(-4% \/ 2 );margin-right: calc(-4% \/ 2 );\"><div class=\"fusion-layout-column fusion_builder_column fusion-builder-column-0 fusion_builder_column_1_1 1_1 fusion-flex-column\" style=\"--awb-bg-size:cover;--awb-width-large:100%;--awb-margin-top-large:0px;--awb-spacing-right-large:1.92%;--awb-margin-bottom-large:20px;--awb-spacing-left-large:1.92%;--awb-width-medium:100%;--awb-order-medium:0;--awb-spacing-right-medium:1.92%;--awb-spacing-left-medium:1.92%;--awb-width-small:100%;--awb-order-small:0;--awb-spacing-right-small:1.92%;--awb-spacing-left-small:1.92%;\"><div class=\"fusion-column-wrapper fusion-column-has-shadow fusion-flex-justify-content-flex-start fusion-content-layout-column\"><div class=\"fusion-title title fusion-title-1 fusion-sep-none fusion-title-text fusion-title-size-three\"><h3 class=\"fusion-title-heading title-heading-left fusion-responsive-typography-calculated\" style=\"margin:0;--fontSize:30;line-height:1.3;\">Levantamento realizado pela Escola Brasileira de Psican\u00e1lise (EBP)<\/h3><\/div><div class=\"fusion-text fusion-text-1\"><p style=\"text-align: justify;\"><b>Comiss\u00e3o da EBP:<\/b><br \/>\nCesar Skaf (EBP Delega\u00e7\u00e3o Paran\u00e1)<br \/>\nChristiano Lima (EBP Se\u00e7\u00e3o Minas Gerais)<br \/>\nCristiano Pimenta (EBP Delega\u00e7\u00e3o Goi\u00e1s\/Distrito Federal)<br \/>\nGraciela Bessa (EBP Se\u00e7\u00e3o Minas Gerais)<br \/>\nIsabel do R\u00eago Barros Duarte (EBP Se\u00e7\u00e3o Rio de Janeiro)<br \/>\nLouise Lhullier (EBP Se\u00e7\u00e3o Santa Catarina)<br \/>\nMaria Angela Marsico Maia (EBP Se\u00e7\u00e3o Rio de Janeiro)<br \/>\nMaria Teresa Wendhausen (EBP Se\u00e7\u00e3o Santa Catarina)<br \/>\nSandra Viola (EBP Se\u00e7\u00e3o Rio de Janeiro)<br \/>\nMarcia Zucchi (EBP Se\u00e7\u00e3o Rio de Janeiro)- Coordena\u00e7\u00e3o<br \/>\nMaria Josefina Sota Fuentes (EBP S\u00e3o Paulo) Respons\u00e1vel Geral pela EBP<\/p>\n<p style=\"text-align: justify;\"><b>Palavras-Chave<\/b><br \/>\nTodo o levantamento das refer\u00eancias bibliogr\u00e1ficas para o VIII ENAPOL foi feito em torno de palavras-chave extra\u00eddas dos eixos tem\u00e1ticos.<\/p>\n<p style=\"text-align: justify;\">As palavras-chave foram selecionadas em conjunto com os colegas da EOL e da NEL. As palavras selecionadas foram:<\/p>\n<ul style=\"text-align: justify;\">\n<li>Adolesc\u00eancia<\/li>\n<li>Ci\u00eancia e t\u00e9cnicas de reprodu\u00e7\u00e3o<\/li>\n<li>Configura\u00e7\u00f5es familiares<\/li>\n<li>Crian\u00e7as trans e suas fam\u00edlias<\/li>\n<li>Estranho (estranho familiar,\u00a0<i>unheimlich<\/i>)<\/li>\n<li>Extin\u00e7\u00e3o da fam\u00edlia<\/li>\n<li>Fam\u00edlia<\/li>\n<li>Fam\u00edlia anal\u00edtica<\/li>\n<li>Fam\u00edlia tradicional<\/li>\n<li>Familiar<\/li>\n<li>Fam\u00edlias e institui\u00e7\u00f5es<\/li>\n<li>Fam\u00edlias substitutas<\/li>\n<li>Fic\u00e7\u00f5es familiares (Romance familiar)<\/li>\n<li><i>Gadgets<\/i>\u00a0em fam\u00edlia<\/li>\n<li>Identidade de g\u00eanero<\/li>\n<li>Inf\u00e2ncia e solid\u00e3o<\/li>\n<li>Irmandade<\/li>\n<li>Irm\u00e3o<\/li>\n<li>Mae + fam\u00edlia<\/li>\n<li>Matrim\u00f4nio igualit\u00e1rio<\/li>\n<li>Novas parentalidades<\/li>\n<li>Pai + fam\u00edlia<\/li>\n<li>Segredos de fam\u00edlia<\/li>\n<li>Tradi\u00e7\u00f5es familiares<\/li>\n<li>Trai\u00e7\u00e3o na fam\u00edlia<\/li>\n<li>Transforma\u00e7\u00f5es na intimidade<\/li>\n<li>Tribos urbanas<\/li>\n<li>Viol\u00eancia familiar<\/li>\n<\/ul>\n<p style=\"text-align: justify;\"><b>Organiza\u00e7\u00e3o da Pesquisa<\/b><br \/>\nA pesquisa na EBP foi distribu\u00edda do seguinte modo:<\/p>\n<p style=\"text-align: justify;\"><b>\u2022 Obra de Sigmund Freud:<\/b><br \/>\nVolumes I a V, a cargo de Sandra Viola<br \/>\nVolumes VI a X, a cargo de Maria \u00c2ngela Marsico Maia<br \/>\nVolumes XI a XV, a cargo de Isabel do R\u00eago Barros Duarte<br \/>\nVolumes XVI a XX, a cargo de C\u00e9sar Skaf<br \/>\nVolumes XXI a XXIII, a cargo de Louise Lhullier<\/p>\n<p style=\"text-align: justify;\"><b>\u2022 Artigos e livros de Miquel Bassols, presidente da AMP:\u00a0<\/b>a cargo de Marcia Zucchi<\/p>\n<p style=\"text-align: justify;\"><b>\u2022<\/b>\u00a0<b>Autores com livros e artigos impressos, presentes na base de dados das Bibliotecas da EBP:\u00a0<\/b>a cargo de Marcia Zucchi (com a coopera\u00e7\u00e3o de Mariana Botelho Weil e da Bibliotecaria da EBPRio J\u00e9ssica Gomes)<\/p>\n<p style=\"text-align: justify;\"><b>\u2022 Revistas Brasileiras on line:<\/b><br \/>\n<b>Op\u00e7\u00e3o Lacaniana online,\u00a0<\/b>a cargo de Christiano Lima<br \/>\n<b>Almanaque \/ Carta de S\u00e3o Paulo\/ Itera\u00e7\u00e3o e aSephallus:\u00a0<\/b>a cargo de Graciela Bessa<\/p>\n<p style=\"text-align: justify;\"><b>\u2022 Latusa digital, @gente digital e Mote digital:\u00a0<\/b>a cargo de Maria Teresa Wendhausen<br \/>\n<b>Obra de Nelson Rodrigues<\/b>, a cargo de Cesar Skaf<br \/>\n<b>Artes e \u00e1reas conexas,\u00a0<\/b>a cargo de Cristiano Pimenta<\/p>\n<\/div><\/div><\/div><\/div><\/div>\n","protected":false},"excerpt":{"rendered":"","protected":false},"author":1,"featured_media":0,"parent":0,"menu_order":6,"comment_status":"closed","ping_status":"closed","template":"","meta":{"_monsterinsights_skip_tracking":false,"_monsterinsights_sitenote_active":false,"_monsterinsights_sitenote_note":"","_monsterinsights_sitenote_category":0,"footnotes":""},"_links":{"self":[{"href":"https:\/\/enapol.com\/viii\/wp-json\/wp\/v2\/pages\/58"}],"collection":[{"href":"https:\/\/enapol.com\/viii\/wp-json\/wp\/v2\/pages"}],"about":[{"href":"https:\/\/enapol.com\/viii\/wp-json\/wp\/v2\/types\/page"}],"author":[{"embeddable":true,"href":"https:\/\/enapol.com\/viii\/wp-json\/wp\/v2\/users\/1"}],"replies":[{"embeddable":true,"href":"https:\/\/enapol.com\/viii\/wp-json\/wp\/v2\/comments?post=58"}],"version-history":[{"count":5,"href":"https:\/\/enapol.com\/viii\/wp-json\/wp\/v2\/pages\/58\/revisions"}],"predecessor-version":[{"id":894,"href":"https:\/\/enapol.com\/viii\/wp-json\/wp\/v2\/pages\/58\/revisions\/894"}],"wp:attachment":[{"href":"https:\/\/enapol.com\/viii\/wp-json\/wp\/v2\/media?parent=58"}],"curies":[{"name":"wp","href":"https:\/\/api.w.org\/{rel}","templated":true}]}}