{"id":62,"date":"2021-09-06T16:39:46","date_gmt":"2021-09-06T16:39:46","guid":{"rendered":"http:\/\/x-enapol.org\/viii\/?page_id=62"},"modified":"2021-09-06T22:42:44","modified_gmt":"2021-09-06T22:42:44","slug":"trabalhos","status":"publish","type":"page","link":"https:\/\/enapol.com\/viii\/pt\/trabalhos\/","title":{"rendered":"TRABALHOS"},"content":{"rendered":"<div class=\"fusion-fullwidth fullwidth-box fusion-builder-row-1 fusion-flex-container nonhundred-percent-fullwidth non-hundred-percent-height-scrolling\" style=\"--awb-border-radius-top-left:0px;--awb-border-radius-top-right:0px;--awb-border-radius-bottom-right:0px;--awb-border-radius-bottom-left:0px;--awb-flex-wrap:wrap;\" ><div class=\"fusion-builder-row fusion-row fusion-flex-align-items-flex-start fusion-flex-content-wrap\" style=\"max-width:1352px;margin-left: calc(-4% \/ 2 );margin-right: calc(-4% \/ 2 );\"><div class=\"fusion-layout-column fusion_builder_column fusion-builder-column-0 fusion_builder_column_1_3 1_3 fusion-flex-column\" style=\"--awb-bg-size:cover;--awb-width-large:33.333333333333%;--awb-margin-top-large:0px;--awb-spacing-right-large:5.76%;--awb-margin-bottom-large:20px;--awb-spacing-left-large:5.76%;--awb-width-medium:100%;--awb-order-medium:0;--awb-spacing-right-medium:1.92%;--awb-spacing-left-medium:1.92%;--awb-width-small:100%;--awb-order-small:0;--awb-spacing-right-small:1.92%;--awb-spacing-left-small:1.92%;\"><div class=\"fusion-column-wrapper fusion-column-has-shadow fusion-flex-justify-content-flex-start fusion-content-layout-column\"><div class=\"fusion-image-element \" style=\"--awb-caption-title-font-family:var(--h2_typography-font-family);--awb-caption-title-font-weight:var(--h2_typography-font-weight);--awb-caption-title-font-style:var(--h2_typography-font-style);--awb-caption-title-size:var(--h2_typography-font-size);--awb-caption-title-transform:var(--h2_typography-text-transform);--awb-caption-title-line-height:var(--h2_typography-line-height);--awb-caption-title-letter-spacing:var(--h2_typography-letter-spacing);\"><span class=\" fusion-imageframe imageframe-none imageframe-1 hover-type-none\"><img decoding=\"async\" width=\"670\" height=\"670\" title=\"17-06-14_Extension-fecha-limite (1)\" src=\"http:\/\/enapol.com\/viii\/wp-content\/uploads\/sites\/6\/2021\/09\/17-06-14_Extension-fecha-limite-1.jpg\" alt class=\"img-responsive wp-image-519\" srcset=\"https:\/\/enapol.com\/viii\/wp-content\/uploads\/sites\/6\/2021\/09\/17-06-14_Extension-fecha-limite-1-200x200.jpg 200w, https:\/\/enapol.com\/viii\/wp-content\/uploads\/sites\/6\/2021\/09\/17-06-14_Extension-fecha-limite-1-400x400.jpg 400w, https:\/\/enapol.com\/viii\/wp-content\/uploads\/sites\/6\/2021\/09\/17-06-14_Extension-fecha-limite-1-600x600.jpg 600w, https:\/\/enapol.com\/viii\/wp-content\/uploads\/sites\/6\/2021\/09\/17-06-14_Extension-fecha-limite-1.jpg 670w\" sizes=\"(max-width: 1024px) 100vw, (max-width: 640px) 100vw, 400px\" \/><\/span><\/div><\/div><\/div><div class=\"fusion-layout-column fusion_builder_column fusion-builder-column-1 fusion_builder_column_2_3 2_3 fusion-flex-column\" style=\"--awb-bg-size:cover;--awb-width-large:66.666666666667%;--awb-margin-top-large:0px;--awb-spacing-right-large:2.88%;--awb-margin-bottom-large:20px;--awb-spacing-left-large:2.88%;--awb-width-medium:100%;--awb-order-medium:0;--awb-spacing-right-medium:1.92%;--awb-spacing-left-medium:1.92%;--awb-width-small:100%;--awb-order-small:0;--awb-spacing-right-small:1.92%;--awb-spacing-left-small:1.92%;\"><div class=\"fusion-column-wrapper fusion-column-has-shadow fusion-flex-justify-content-flex-start fusion-content-layout-column\"><div class=\"fusion-text fusion-text-1\"><p style=\"text-align: justify;\">Estimados colegas,<\/p>\n<p style=\"text-align: justify;\">J\u00e1 est\u00e1 aberta a convocat\u00f3ria para a recep\u00e7\u00e3o de trabalhos livres para o pr\u00f3ximo\u00a0<b>VIII ENAPOL:<\/b>\u00a0<b>Assuntos de Fam\u00edlia. Seus enredos na pr\u00e1tica<\/b>.<\/p>\n<p style=\"text-align: justify;\">A convocat\u00f3ria do Encontro est\u00e1 dirigida a membros e n\u00e3o membros de nossas Escolas, portanto, toda a comunidade pode participar ativamente, enviando seus trabalhos individuais, que podem ser o resultado tanto de uma elabora\u00e7\u00e3o pessoal como produto de um cartel ou outra atividade de investiga\u00e7\u00e3o.<\/p>\n<p style=\"text-align: justify;\">Embora n\u00e3o seja obrigat\u00f3rio estar inscrito em um cartel para apresentar no VIII ENAPOL, esta \u00e9 uma boa ocasi\u00e3o par faz\u00ea-lo.<\/p>\n<p style=\"text-align: justify;\">Para mais informa\u00e7\u00e3o, entrar em\u00a0<a href=\"http:\/\/cuatromasuno.eol.org.ar\/\" target=\"_blank\" rel=\"noopener\">http:\/\/cuatromasuno.eol.org.ar\/<\/a><\/p>\n<p style=\"text-align: justify;\">Em nossa p\u00e1gina web voc\u00eas podem ter acesso ao Argumento, aos Eixos tem\u00e1ticos e aos Conte\u00fados, para\u00a0<i>enredar-se<\/i>\u00a0nos temas que nos convocam e interrogam nossa pr\u00e1tica.<\/p>\n<p style=\"text-align: justify;\"><b>LEIA POR FAVOR ATENTAMENTE OS REQUISITOS ASSINALADOS ABAIXO:<\/b><br \/><b>Requisitos para o envio<\/b><\/p>\n<ul style=\"text-align: justify;\">\n<li>O texto dever\u00e1 ser enviado at\u00e9\u00a0<b>14 de junho de 2017<\/b>\u00a0por correio eletr\u00f4nico a:<br \/><a href=\"mailto:trabajos.enapol2017@gmail.com\">trabajos.enapol2017@gmail.com<\/a>\u00a0y\u00a0<a href=\"mailto:monicalax.trabajosenapol2017@gmail.com\">monicalax.trabajosenapol2017@gmail.com<\/a><\/li>\n<li>Em Assunto, do e-mail, colocar: VIII ENAPOL \/ Nome e sobrenome do autor.<\/li>\n<\/ul>\n<p style=\"text-align: justify;\"><b>Requisitos para apresenta\u00e7\u00e3o do texto<\/b><\/p>\n<ul style=\"text-align: justify;\">\n<li>M\u00e1ximo\u00a0<b>5000 caracteres\u00a0<\/b>com espa\u00e7os (notas e bibliografia inclu\u00eddas)<\/li>\n<li>Formato word, Times New Roman 12, espa\u00e7o entre linhas 1.5<\/li>\n<li>Cabe\u00e7alho: nome e sobrenome \/ Escola ou o pa\u00eds ao qual que pertence<\/li>\n<li>Endere\u00e7o de e-mail do autor<\/li>\n<li>T\u00edtulo do trabalho<\/li>\n<li>Eixo em que ele se inscreve<\/li>\n<li>A bibliografia citada, dever\u00e1 ser apresentada do seguinte modo:<br \/>Impressa: Autor,\u00a0<i>Titulo<\/i>, editora, cidade, ano, p\u00e1gina.<br \/>On-line: \u00abT\u00edtulo do artigo\u00bb, p\u00e1gina da qual foi tomado, link<\/li>\n<li>Uma vez selecionado e aceito o trabalho, ser\u00e1 pedido ao autor a tradu\u00e7\u00e3o do mesmo para o portugu\u00eas, ou para o espanhol, conforme o caso.<\/li>\n<\/ul>\n<p style=\"text-align: justify;\">No caso de voc\u00ea n\u00e3o receber confirma\u00e7\u00e3o de seu envio em 5 dias, n\u00f3s lhe agradeceremos por reenvi\u00e1-lo, esclarecendo que \u00e9 um reenvio.<\/p>\n<p style=\"text-align: justify;\">Lembrem que \u00e9 uma condi\u00e7\u00e3o o fato de\u00a0<b>estar inscrito no<\/b>\u00a0<b>VIII ENAPOL<\/b>\u00a0para o envio de trabalhos.<\/p>\n<p style=\"text-align: justify;\">Os trabalhos selecionados pela Comiss\u00e3o Cient\u00edfica ser\u00e3o apresentados nas Mesas Simult\u00e2neas.<\/p>\n<p style=\"text-align: justify;\">Sejam bem-vindos a um frut\u00edfero trabalho!<br \/>Uma sauda\u00e7\u00e3o afetuosa,<\/p>\n<p style=\"text-align: justify;\"><b><i>Comiss\u00e3o Cient\u00edfica do VIII ENAPOL<\/i><\/b><br \/><i>Silvia Salman<\/i>\u00a0(EOL)<br \/><i>Henri Kaufmanner<\/i>\u00a0(EBP)<br \/><i>Marcela Almanza<\/i>\u00a0(NEL)<\/p>\n<p style=\"text-align: justify;\"><i>Ernesto Sinatra<\/i>, Presidente do VIII ENAPOL<br \/><i>Alejandra Glaze<\/i>\u00a0e\u00a0<i>Viviana Mozzi<\/i>, Diretoras do VIII ENAPOL<\/p>\n<\/div><\/div><\/div><\/div><\/div>\n","protected":false},"excerpt":{"rendered":"","protected":false},"author":1,"featured_media":0,"parent":0,"menu_order":7,"comment_status":"closed","ping_status":"closed","template":"","meta":{"_monsterinsights_skip_tracking":false,"_monsterinsights_sitenote_active":false,"_monsterinsights_sitenote_note":"","_monsterinsights_sitenote_category":0,"footnotes":""},"_links":{"self":[{"href":"https:\/\/enapol.com\/viii\/wp-json\/wp\/v2\/pages\/62"}],"collection":[{"href":"https:\/\/enapol.com\/viii\/wp-json\/wp\/v2\/pages"}],"about":[{"href":"https:\/\/enapol.com\/viii\/wp-json\/wp\/v2\/types\/page"}],"author":[{"embeddable":true,"href":"https:\/\/enapol.com\/viii\/wp-json\/wp\/v2\/users\/1"}],"replies":[{"embeddable":true,"href":"https:\/\/enapol.com\/viii\/wp-json\/wp\/v2\/comments?post=62"}],"version-history":[{"count":2,"href":"https:\/\/enapol.com\/viii\/wp-json\/wp\/v2\/pages\/62\/revisions"}],"predecessor-version":[{"id":521,"href":"https:\/\/enapol.com\/viii\/wp-json\/wp\/v2\/pages\/62\/revisions\/521"}],"wp:attachment":[{"href":"https:\/\/enapol.com\/viii\/wp-json\/wp\/v2\/media?parent=62"}],"curies":[{"name":"wp","href":"https:\/\/api.w.org\/{rel}","templated":true}]}}