{"id":826,"date":"2021-09-08T16:41:54","date_gmt":"2021-09-08T16:41:54","guid":{"rendered":"http:\/\/x-enapol.org\/viii\/?page_id=826"},"modified":"2021-09-08T17:29:34","modified_gmt":"2021-09-08T17:29:34","slug":"hijos","status":"publish","type":"page","link":"https:\/\/enapol.com\/viii\/bibliografia\/hijos\/","title":{"rendered":"Hijos"},"content":{"rendered":"<p><div class=\"fusion-fullwidth fullwidth-box fusion-builder-row-1 fusion-flex-container nonhundred-percent-fullwidth non-hundred-percent-height-scrolling\" style=\"--awb-border-radius-top-left:0px;--awb-border-radius-top-right:0px;--awb-border-radius-bottom-right:0px;--awb-border-radius-bottom-left:0px;--awb-flex-wrap:wrap;\" ><div class=\"fusion-builder-row fusion-row fusion-flex-align-items-flex-start fusion-flex-content-wrap\" style=\"max-width:1352px;margin-left: calc(-4% \/ 2 );margin-right: calc(-4% \/ 2 );\"><div class=\"fusion-layout-column fusion_builder_column fusion-builder-column-0 fusion_builder_column_1_1 1_1 fusion-flex-column\" style=\"--awb-padding-top:7px;--awb-padding-bottom:7px;--awb-bg-color:#ed1b24;--awb-bg-color-hover:#ed1b24;--awb-bg-size:cover;--awb-width-large:100%;--awb-margin-top-large:0px;--awb-spacing-right-large:1.92%;--awb-margin-bottom-large:20px;--awb-spacing-left-large:1.92%;--awb-width-medium:100%;--awb-order-medium:0;--awb-spacing-right-medium:1.92%;--awb-spacing-left-medium:1.92%;--awb-width-small:100%;--awb-order-small:0;--awb-spacing-right-small:1.92%;--awb-spacing-left-small:1.92%;\"><div class=\"fusion-column-wrapper fusion-column-has-shadow fusion-flex-justify-content-flex-start fusion-content-layout-column\"><div class=\"fusion-text fusion-text-1\"><p style=\"font-family: Raleway; letter-spacing: 4px; font-size: 20px; font-weight: 500; margin-bottom: 0px; text-align: center;\"><span style=\"color: #ffffff;\">SIGMUND FREUD<\/span><\/p>\n<\/div><\/div><\/div><div class=\"fusion-layout-column fusion_builder_column fusion-builder-column-1 fusion_builder_column_1_1 1_1 fusion-flex-column\" style=\"--awb-bg-size:cover;--awb-width-large:100%;--awb-margin-top-large:0px;--awb-spacing-right-large:1.92%;--awb-margin-bottom-large:20px;--awb-spacing-left-large:1.92%;--awb-width-medium:100%;--awb-order-medium:0;--awb-spacing-right-medium:1.92%;--awb-spacing-left-medium:1.92%;--awb-width-small:100%;--awb-order-small:0;--awb-spacing-right-small:1.92%;--awb-spacing-left-small:1.92%;\"><div class=\"fusion-column-wrapper fusion-column-has-shadow fusion-flex-justify-content-flex-start fusion-content-layout-column\"><div class=\"fusion-text fusion-text-2\"><ul>\n<li style=\"text-align: justify;\">Freud, S., (1916-17 [1915-17]) Conferencias de introducci\u00f3n al psicoan\u00e1lisis. 13\u00b0 conferencia. Rasgos arcaicos e infantilismo en el sue\u00f1o. En\u00a0<i>Obras completas.\u00a0<\/i>Buenos Aires: Amorrortu. 1994. Tomo XV, pp. 188-189.<\/li>\n<li style=\"text-align: justify;\">Freud, S., (1917 [1916-17]) Conferencias de introducci\u00f3n al psicoan\u00e1lisis (<i>continuaci\u00f3n<\/i>). En\u00a0<i>Obras completas.\u00a0<\/i>Buenos Aires: Amorrortu. 1992. Tomo XVI:<br \/>&#8211; 17\u00b0 conferencia. El sentido de los s\u00edntomas, pp. 241,246.<br \/>&#8211; 18\u00b0 conferencia. La fijaci\u00f3n al trauma, lo inconciente, pp. 250-52.<br \/>&#8211; 21\u00b0 conferencia. Desarrollo libidinal y organizaciones sexuales, pp. 304-307.<\/li>\n<li style=\"text-align: justify;\">Freud, S., (1918 [1914]) De la historia de una neurosis infantil. En\u00a0<i>Obras completas.\u00a0<\/i>Buenos Aires: Amorrortu. 1994. Tomo XVII, p. 76.<\/li>\n<li style=\"text-align: justify;\">Freud, S., (1917) Un recuerdo de infancia en\u00a0<i>Poes\u00eda y verdad<\/i>. En\u00a0<i>Obras completas.\u00a0<\/i>Buenos Aires: Amorrortu. 1994. Tomo XVII, p. 147.<\/li>\n<li style=\"text-align: justify;\">Freud, S., (1919) \u00abPegan a un ni\u00f1o\u00bb. Contribuci\u00f3n al conocimiento de la g\u00e9nesis de las perversiones sexuales. En\u00a0<i>Obras completas.\u00a0<\/i>Buenos Aires: Amorrortu. 1994. Tomo XVII, pp. 184-187, 188, 192, 194-195, 199.<\/li>\n<li style=\"text-align: justify;\">Freud, S., (1918 [1914]) De la historia de una neurosis infantil. En\u00a0<i>Obras completas.\u00a0<\/i>Buenos Aires: Amorrortu. 1994. Tomo XVII, pp. 26-27, 35, 41, 43 nota 17, 44, 60-62, 66, 72, 92.<\/li>\n<li style=\"text-align: justify;\">Freud, S., (1919) Lo ominoso. En\u00a0<i>Obras completas.\u00a0<\/i>Buenos Aires: Amorrortu. 1994. Tomo XVII, p. 232 nota.<\/li>\n<li style=\"text-align: justify;\">Freud, S., (1920) Sobre la psicog\u00e9nesis de un caso de homosexualidad femenina. En\u00a0<i>Obras completas.\u00a0<\/i>Buenos Aires: Amorrortu. 1993. Tomo XVIII, pp. 150-151.<\/li>\n<li style=\"text-align: justify;\">Freud, S., (1922) Sue\u00f1o y telepat\u00eda. En\u00a0<i>Obras completas.\u00a0<\/i>Buenos Aires: Amorrortu. 1993. Tomo XVIII, pp. 207, 210.<\/li>\n<li style=\"text-align: justify;\">Freud, S., (1931) Sobre la sexualidad femenina. En\u00a0<i>Obras completas.\u00a0<\/i>Buenos Aires: Amorrortu. 1996. Tomo XXI, pp. 226-230, 232-244.<\/li>\n<li style=\"text-align: justify;\">Freud, S., (1930 [1929]) El malestar en la cultura. En\u00a0<i>Obras completas.\u00a0<\/i>Buenos Aires: Amorrortu. 1996. Tomo XXI, p. 110.<\/li>\n<li style=\"text-align: justify;\">Freud, S., (1933 [1932]) Nuevas conferencias de introducci\u00f3n al psicoan\u00e1lisis. 29\u00b0 conferencia. Revisi\u00f3n de la doctrina de los sue\u00f1os. En\u00a0<i>Obras completas.\u00a0<\/i>Buenos Aires: Amorrortu. 1996. Tomo XXII, pp. 24-25.<\/li>\n<li style=\"text-align: justify;\">Freud, S., (1933 [1932]) Nuevas conferencias de introducci\u00f3n al psicoan\u00e1lisis. 33\u00b0 conferencia. La feminidad. En\u00a0<i>Obras completas.\u00a0<\/i>Buenos Aires: Amorrortu. 1996. Tomo XXII, pp. 110-115, 117-124.<\/li>\n<li style=\"text-align: justify;\">Freud, S., (1939 [1934-38]) Mois\u00e9s y la religi\u00f3n monote\u00edsta. En\u00a0<i>Obras completas.\u00a0<\/i>Buenos Aires: Amorrortu. 1996. Tomo XXIII, pp. 120-121.<\/li>\n<li style=\"text-align: justify;\">Freud, S., (1940 [1938]) Esquema del psicoan\u00e1lisis. En\u00a0<i>Obras completas.\u00a0<\/i>Buenos Aires: Amorrortu. 1996. Tomo XXIII, pp. 193-194.<\/li>\n<li style=\"text-align: justify;\">Freud, S., (1927) Fetichismo. En\u00a0<i>Obras completas.\u00a0<\/i>Buenos Aires: Amorrortu. 1996. Tomo XXI, pp. 151-152.<\/li>\n<li style=\"text-align: justify;\">Freud, S., (1927) El humor. En\u00a0<i>Obras completas.\u00a0<\/i>Buenos Aires: Amorrortu. 1996. Tomo XXI, p. 159.<\/li>\n<li style=\"text-align: justify;\">Freud, S., (1928 [1927]) Dostoievski y el parricidio. En\u00a0<i>Obras completas.\u00a0<\/i>Buenos Aires: Amorrortu. 1996. Tomo XXI, pp. 180-184, 189-190.<\/li>\n<li style=\"text-align: justify;\">Freud, S., (2012)\u00a0<i>Cartas a sus hijos.<\/i>\u00a0Buenos Aires: Paid\u00f3s.<\/li>\n<\/ul>\n<\/div><\/div><\/div><\/div><\/div><div class=\"fusion-fullwidth fullwidth-box fusion-builder-row-2 fusion-flex-container nonhundred-percent-fullwidth non-hundred-percent-height-scrolling\" style=\"--awb-border-radius-top-left:0px;--awb-border-radius-top-right:0px;--awb-border-radius-bottom-right:0px;--awb-border-radius-bottom-left:0px;--awb-margin-top:40px;--awb-flex-wrap:wrap;\" ><div class=\"fusion-builder-row fusion-row fusion-flex-align-items-flex-start fusion-flex-content-wrap\" style=\"max-width:1352px;margin-left: calc(-4% \/ 2 );margin-right: calc(-4% \/ 2 );\"><div class=\"fusion-layout-column fusion_builder_column fusion-builder-column-2 fusion_builder_column_1_1 1_1 fusion-flex-column\" style=\"--awb-padding-top:7px;--awb-padding-bottom:7px;--awb-bg-color:#ed1b24;--awb-bg-color-hover:#ed1b24;--awb-bg-size:cover;--awb-width-large:100%;--awb-margin-top-large:0px;--awb-spacing-right-large:1.92%;--awb-margin-bottom-large:20px;--awb-spacing-left-large:1.92%;--awb-width-medium:100%;--awb-order-medium:0;--awb-spacing-right-medium:1.92%;--awb-spacing-left-medium:1.92%;--awb-width-small:100%;--awb-order-small:0;--awb-spacing-right-small:1.92%;--awb-spacing-left-small:1.92%;\"><div class=\"fusion-column-wrapper fusion-column-has-shadow fusion-flex-justify-content-flex-start fusion-content-layout-column\"><div class=\"fusion-text fusion-text-3\"><p style=\"font-family: Raleway; letter-spacing: 4px; font-size: 20px; font-weight: 500; margin-bottom: 0px; text-align: center;\"><span style=\"color: #ffffff;\">JACQUES LACAN<\/span><\/p>\n<\/div><\/div><\/div><div class=\"fusion-layout-column fusion_builder_column fusion-builder-column-3 fusion_builder_column_1_1 1_1 fusion-flex-column\" style=\"--awb-bg-size:cover;--awb-width-large:100%;--awb-margin-top-large:0px;--awb-spacing-right-large:1.92%;--awb-margin-bottom-large:20px;--awb-spacing-left-large:1.92%;--awb-width-medium:100%;--awb-order-medium:0;--awb-spacing-right-medium:1.92%;--awb-spacing-left-medium:1.92%;--awb-width-small:100%;--awb-order-small:0;--awb-spacing-right-small:1.92%;--awb-spacing-left-small:1.92%;\"><div class=\"fusion-column-wrapper fusion-column-has-shadow fusion-flex-justify-content-flex-start fusion-content-layout-column\"><div class=\"fusion-text fusion-text-4\"><ul>\n<li style=\"text-align: justify;\">Lacan, J., (1970-1971) Del mito que Freud forj\u00f3. En\u00a0<i>El Seminario, libro 18. De<\/i>\u00a0<i>un discurso que no fuera de semblante.<\/i>\u00a0Buenos Aires: Paid\u00f3s, pp. 148-162.<\/li>\n<li style=\"text-align: justify;\">Lacan, J., (1971-1972)\u00a0<i>El Seminario, libro 19\u00a0<\/i><i>\u2026o peor<\/i>. Buenos Aires: Paid\u00f3s:<br \/>&#8211; Cuesti\u00f3n de unos, p.148.<br \/>&#8211; El saber sobre la verdad, p.172.<br \/>&#8211; Teor\u00eda de las cuatro f\u00f3rmulas, p.199.<br \/>&#8211; Los cuerpos atrapados por el discurso, p.230.<\/li>\n<\/ul>\n<\/div><\/div><\/div><\/div><\/div><div class=\"fusion-fullwidth fullwidth-box fusion-builder-row-3 fusion-flex-container nonhundred-percent-fullwidth non-hundred-percent-height-scrolling\" style=\"--awb-border-radius-top-left:0px;--awb-border-radius-top-right:0px;--awb-border-radius-bottom-right:0px;--awb-border-radius-bottom-left:0px;--awb-margin-top:40px;--awb-flex-wrap:wrap;\" ><div class=\"fusion-builder-row fusion-row fusion-flex-align-items-flex-start fusion-flex-content-wrap\" style=\"max-width:1352px;margin-left: calc(-4% \/ 2 );margin-right: calc(-4% \/ 2 );\"><div class=\"fusion-layout-column fusion_builder_column fusion-builder-column-4 fusion_builder_column_1_1 1_1 fusion-flex-column\" style=\"--awb-padding-top:7px;--awb-padding-bottom:7px;--awb-bg-color:#ed1b24;--awb-bg-color-hover:#ed1b24;--awb-bg-size:cover;--awb-width-large:100%;--awb-margin-top-large:0px;--awb-spacing-right-large:1.92%;--awb-margin-bottom-large:20px;--awb-spacing-left-large:1.92%;--awb-width-medium:100%;--awb-order-medium:0;--awb-spacing-right-medium:1.92%;--awb-spacing-left-medium:1.92%;--awb-width-small:100%;--awb-order-small:0;--awb-spacing-right-small:1.92%;--awb-spacing-left-small:1.92%;\"><div class=\"fusion-column-wrapper fusion-column-has-shadow fusion-flex-justify-content-flex-start fusion-content-layout-column\"><div class=\"fusion-text fusion-text-5\"><p style=\"font-family: Raleway; letter-spacing: 4px; font-size: 20px; font-weight: 500; margin-bottom: 0px; text-align: center;\"><span style=\"color: #ffffff;\">JACQUES-ALAIN MILLER<\/span><\/p>\n<\/div><\/div><\/div><div class=\"fusion-layout-column fusion_builder_column fusion-builder-column-5 fusion_builder_column_1_1 1_1 fusion-flex-column\" style=\"--awb-bg-size:cover;--awb-width-large:100%;--awb-margin-top-large:0px;--awb-spacing-right-large:1.92%;--awb-margin-bottom-large:20px;--awb-spacing-left-large:1.92%;--awb-width-medium:100%;--awb-order-medium:0;--awb-spacing-right-medium:1.92%;--awb-spacing-left-medium:1.92%;--awb-width-small:100%;--awb-order-small:0;--awb-spacing-right-small:1.92%;--awb-spacing-left-small:1.92%;\"><div class=\"fusion-column-wrapper fusion-column-has-shadow fusion-flex-justify-content-flex-start fusion-content-layout-column\"><div class=\"fusion-text fusion-text-6\"><ul>\n<li style=\"text-align: justify;\">Miller, J.-A., (2004) Kafka Padre e hijo. En\u00a0<i>Mediodicho<\/i>\u00a028. C\u00f3rdoba: EOL-Secci\u00f3n C\u00f3rdoba, pp. 141-145.<\/li>\n<\/ul>\n<\/div><\/div><\/div><\/div><\/div><div class=\"fusion-fullwidth fullwidth-box fusion-builder-row-4 fusion-flex-container nonhundred-percent-fullwidth non-hundred-percent-height-scrolling\" style=\"--awb-border-radius-top-left:0px;--awb-border-radius-top-right:0px;--awb-border-radius-bottom-right:0px;--awb-border-radius-bottom-left:0px;--awb-margin-top:40px;--awb-flex-wrap:wrap;\" ><div class=\"fusion-builder-row fusion-row fusion-flex-align-items-flex-start fusion-flex-content-wrap\" style=\"max-width:1352px;margin-left: calc(-4% \/ 2 );margin-right: calc(-4% \/ 2 );\"><div class=\"fusion-layout-column fusion_builder_column fusion-builder-column-6 fusion_builder_column_1_1 1_1 fusion-flex-column\" style=\"--awb-padding-top:7px;--awb-padding-bottom:7px;--awb-bg-color:#ed1b24;--awb-bg-color-hover:#ed1b24;--awb-bg-size:cover;--awb-width-large:100%;--awb-margin-top-large:0px;--awb-spacing-right-large:1.92%;--awb-margin-bottom-large:20px;--awb-spacing-left-large:1.92%;--awb-width-medium:100%;--awb-order-medium:0;--awb-spacing-right-medium:1.92%;--awb-spacing-left-medium:1.92%;--awb-width-small:100%;--awb-order-small:0;--awb-spacing-right-small:1.92%;--awb-spacing-left-small:1.92%;\"><div class=\"fusion-column-wrapper fusion-column-has-shadow fusion-flex-justify-content-flex-start fusion-content-layout-column\"><div class=\"fusion-text fusion-text-7\"><p style=\"font-family: Raleway; letter-spacing: 4px; font-size: 20px; font-weight: 500; margin-bottom: 0px; text-align: center;\"><span style=\"color: #ffffff;\">\u00c9RIC LAURENT<\/span><\/p>\n<\/div><\/div><\/div><div class=\"fusion-layout-column fusion_builder_column fusion-builder-column-7 fusion_builder_column_1_1 1_1 fusion-flex-column\" style=\"--awb-bg-size:cover;--awb-width-large:100%;--awb-margin-top-large:0px;--awb-spacing-right-large:1.92%;--awb-margin-bottom-large:20px;--awb-spacing-left-large:1.92%;--awb-width-medium:100%;--awb-order-medium:0;--awb-spacing-right-medium:1.92%;--awb-spacing-left-medium:1.92%;--awb-width-small:100%;--awb-order-small:0;--awb-spacing-right-small:1.92%;--awb-spacing-left-small:1.92%;\"><div class=\"fusion-column-wrapper fusion-column-has-shadow fusion-flex-justify-content-flex-start fusion-content-layout-column\"><div class=\"fusion-text fusion-text-8\"><ul>\n<li style=\"text-align: justify;\">Laurent, E., (1999) Parejas de hoy y consecuencias para sus hijos. En\u00a0<i>Carretel<\/i>\u00a02, pp. 9-22.<\/li>\n<li style=\"text-align: justify;\">Laurent, E., (2001) Hijos del trauma. En\u00a0<i>Cuadernos de Psicoan\u00e1lisis<\/i>\u00a025, pp. 101-107.<\/li>\n<\/ul>\n<\/div><\/div><\/div><\/div><\/div><div class=\"fusion-fullwidth fullwidth-box fusion-builder-row-5 fusion-flex-container nonhundred-percent-fullwidth non-hundred-percent-height-scrolling\" style=\"--awb-border-radius-top-left:0px;--awb-border-radius-top-right:0px;--awb-border-radius-bottom-right:0px;--awb-border-radius-bottom-left:0px;--awb-margin-top:40px;--awb-flex-wrap:wrap;\" ><div class=\"fusion-builder-row fusion-row fusion-flex-align-items-flex-start fusion-flex-content-wrap\" style=\"max-width:1352px;margin-left: calc(-4% \/ 2 );margin-right: calc(-4% \/ 2 );\"><div class=\"fusion-layout-column fusion_builder_column fusion-builder-column-8 fusion_builder_column_1_1 1_1 fusion-flex-column\" style=\"--awb-padding-top:7px;--awb-padding-bottom:7px;--awb-bg-color:#ed1b24;--awb-bg-color-hover:#ed1b24;--awb-bg-size:cover;--awb-width-large:100%;--awb-margin-top-large:0px;--awb-spacing-right-large:1.92%;--awb-margin-bottom-large:20px;--awb-spacing-left-large:1.92%;--awb-width-medium:100%;--awb-order-medium:0;--awb-spacing-right-medium:1.92%;--awb-spacing-left-medium:1.92%;--awb-width-small:100%;--awb-order-small:0;--awb-spacing-right-small:1.92%;--awb-spacing-left-small:1.92%;\"><div class=\"fusion-column-wrapper fusion-column-has-shadow fusion-flex-justify-content-flex-start fusion-content-layout-column\"><div class=\"fusion-text fusion-text-9\"><p style=\"font-family: Raleway; letter-spacing: 4px; font-size: 20px; font-weight: 500; margin-bottom: 0px; text-align: center;\"><span style=\"color: #ffffff;\">ANALISTAS DEL CAMPO FREUDIANO<\/span><\/p>\n<\/div><\/div><\/div><div class=\"fusion-layout-column fusion_builder_column fusion-builder-column-9 fusion_builder_column_1_1 1_1 fusion-flex-column\" style=\"--awb-bg-size:cover;--awb-width-large:100%;--awb-margin-top-large:0px;--awb-spacing-right-large:1.92%;--awb-margin-bottom-large:20px;--awb-spacing-left-large:1.92%;--awb-width-medium:100%;--awb-order-medium:0;--awb-spacing-right-medium:1.92%;--awb-spacing-left-medium:1.92%;--awb-width-small:100%;--awb-order-small:0;--awb-spacing-right-small:1.92%;--awb-spacing-left-small:1.92%;\"><div class=\"fusion-column-wrapper fusion-column-has-shadow fusion-flex-justify-content-flex-start fusion-content-layout-column\"><div class=\"fusion-text fusion-text-10\"><ul>\n<li style=\"text-align: justify;\">Barros, M., (2014) La fe en el padre suele velar la fe del padre, \u00fanico fundamento del acto de reconocimiento del hijo. En Barros, M.,\u00a0<i>Intervenci\u00f3n sobre el Nombre del Padre<\/i>. Buenos Aires: Grama, pp. 55-58.<\/li>\n<li style=\"text-align: justify;\">Brienza, L., (2004) Construcci\u00f3n de la memoria y transmisi\u00f3n de la historia en los hijos de desaparecidos. En\u00a0<i>Psicoan\u00e1lisis y el Hospital<\/i>\u00a026, pp. 83-88.<\/li>\n<li style=\"text-align: justify;\">Briole, G., (2012) De padre a hijo: \u00abLa carretera principal\u00bb. En\u00a0<i>Freudiana<\/i>\u00a066, pp. 77-85.<\/li>\n<li style=\"text-align: justify;\">Dessal, G., (2005) Parejas de hoy y consecuencias para sus hijos. En\u00a0<i>Enlaces<\/i>\u00a010. Publicaci\u00f3n del Departamento de estudios psicoanal\u00edticos sobre la Familia-Enlaces. Ateneo los semblantes del matrimonio. Buenos Aires: ICF, pp. 83-85.<\/li>\n<li style=\"text-align: justify;\">Garc\u00eda, G. L., (1999)\u00a0<i>La cl\u00ednica y el lenguaje de las pasiones<\/i>. Buenos Aires: Tomo I.<\/li>\n<li style=\"text-align: justify;\">Kruger, F., (2013) Los hijos de la era pospaterna. En\u00a0<i>Mediodicho<\/i>\u00a0n\u00famero Extraordinario. C\u00f3rdoba: EOL-Secci\u00f3n C\u00f3rdoba, pp. 13- 19.<\/li>\n<li style=\"text-align: justify;\">Maluenda, E., (2013) Hijos de la Revoluci\u00f3n. En\u00a0<i>Enlaces<\/i>\u00a019. Publicaci\u00f3n del Departamento de estudios psicoanal\u00edticos sobre la Familia-Enlaces. Buenos Aires: Grama, pp. 160-163.<\/li>\n<li style=\"text-align: justify;\">Mariage, V., (2006) \u00a1Su hijo es un hiperactivo! En Stiglitz, G. (Comp.),\u00a0<i>DDA, ADD, ADHD, como ustedes quieran<\/i>. Buenos Aires: Grama, pp. 119-125.<\/li>\n<li style=\"text-align: justify;\">Mauas, L., (2014) Los hijos del mercado. En\u00a0<i>Enlaces<\/i>\u00a020. Publicaci\u00f3n del Departamento de estudios psicoanal\u00edticos sobre la Familia-Enlaces. Buenos Aires: Grama, pp. 21-23.<\/li>\n<li style=\"text-align: justify;\">Motta, C. G., (2013) Los hijos de la tierra. En\u00a0<i>El ni\u00f1o<\/i>\u00a013. Octubre de 2013, pp. 145-148.<\/li>\n<li style=\"text-align: justify;\">Najles, A. R., (1999) El padre es hijo de lalengua. En\u00a0<i>Carretel<\/i>\u00a02.<\/li>\n<li style=\"text-align: justify;\">Serrano, M. E., (2011) \u00bfViste? \u00a1Eran los hijos! En\u00a0<i>Enlaces<\/i>\u00a017. Publicaci\u00f3n del Departamento de estudios psicoanal\u00edticos sobre la Familia-Enlaces. Buenos Aires: Grama, pp. 72-74.<\/li>\n<li style=\"text-align: justify;\">Simonetti, A., (1996) Acerca de la relaci\u00f3n madre-hijo. En\u00a0<i>Decollage<\/i>\u00a02, pp. 67-69.<\/li>\n<li style=\"text-align: justify;\">Sinatra, E., (2003) La televisi\u00f3n es omnivoyeur y sus hijos tele-gozan. En Sinatra, E.,\u00a0<i>Nosotros, los hombres. Un estudio psicoanal\u00edtico<\/i>. Buenos Aires: Tres Haches, pp. 13-21.<\/li>\n<li style=\"text-align: justify;\">Tudanca, L., (1992) El padre del psicoan\u00e1lisis y un hijo que no fue. En Miller, J.-A. y otros,\u00a0<i>Comentario del Seminario inexistente<\/i>. Buenos Aires: Manantial, pp. 119-131.<\/li>\n<li style=\"text-align: justify;\">Udenio, B., (1999) La pareja padre-hijo. El psicoan\u00e1lisis frente a la variedad de las parejas contempor\u00e1neas. C\u00f3rdoba, EOL-C\u00f3rdoba, pp. 113-121.<\/li>\n<li style=\"text-align: justify;\">Vilchansky, A., (1999) Hijos de la ciencia: informan a un ni\u00f1o. En Centro Peque\u00f1o Hans. ICF:\u00a0<i>Actualidad de la pr\u00e1ctica psicoanal\u00edtica: psicoan\u00e1lisis con ni\u00f1os y p\u00faberes<\/i>. Buenos Aires: Labrado-CPH-ICF, pp. 131-137.<\/li>\n<\/ul>\n<\/div><\/div><\/div><\/div><\/div><div class=\"fusion-fullwidth fullwidth-box fusion-builder-row-6 fusion-flex-container nonhundred-percent-fullwidth non-hundred-percent-height-scrolling\" style=\"--awb-border-radius-top-left:0px;--awb-border-radius-top-right:0px;--awb-border-radius-bottom-right:0px;--awb-border-radius-bottom-left:0px;--awb-margin-top:40px;--awb-flex-wrap:wrap;\" ><div class=\"fusion-builder-row fusion-row fusion-flex-align-items-flex-start fusion-flex-content-wrap\" style=\"max-width:1352px;margin-left: calc(-4% \/ 2 );margin-right: calc(-4% \/ 2 );\"><div class=\"fusion-layout-column fusion_builder_column fusion-builder-column-10 fusion_builder_column_1_1 1_1 fusion-flex-column\" style=\"--awb-padding-top:7px;--awb-padding-bottom:7px;--awb-bg-color:#ed1b24;--awb-bg-color-hover:#ed1b24;--awb-bg-size:cover;--awb-width-large:100%;--awb-margin-top-large:0px;--awb-spacing-right-large:1.92%;--awb-margin-bottom-large:20px;--awb-spacing-left-large:1.92%;--awb-width-medium:100%;--awb-order-medium:0;--awb-spacing-right-medium:1.92%;--awb-spacing-left-medium:1.92%;--awb-width-small:100%;--awb-order-small:0;--awb-spacing-right-small:1.92%;--awb-spacing-left-small:1.92%;\"><div class=\"fusion-column-wrapper fusion-column-has-shadow fusion-flex-justify-content-flex-start fusion-content-layout-column\"><div class=\"fusion-text fusion-text-11\"><p style=\"font-family: Raleway; letter-spacing: 4px; font-size: 20px; font-weight: 500; margin-bottom: 0px; text-align: center;\"><span style=\"color: #ffffff;\">LITERATURA<\/span><\/p>\n<\/div><\/div><\/div><div class=\"fusion-layout-column fusion_builder_column fusion-builder-column-11 fusion_builder_column_1_1 1_1 fusion-flex-column\" style=\"--awb-bg-size:cover;--awb-width-large:100%;--awb-margin-top-large:0px;--awb-spacing-right-large:1.92%;--awb-margin-bottom-large:20px;--awb-spacing-left-large:1.92%;--awb-width-medium:100%;--awb-order-medium:0;--awb-spacing-right-medium:1.92%;--awb-spacing-left-medium:1.92%;--awb-width-small:100%;--awb-order-small:0;--awb-spacing-right-small:1.92%;--awb-spacing-left-small:1.92%;\"><div class=\"fusion-column-wrapper fusion-column-has-shadow fusion-flex-justify-content-flex-start fusion-content-layout-column\"><div class=\"fusion-text fusion-text-12\"><ul>\n<li style=\"text-align: justify;\">Angot, C., (2013)\u00a0<i>Una semana de vacaciones<\/i>. Barcelona: Anagrama.<\/li>\n<li style=\"text-align: justify;\">Borges, J., (1998)\u00a0<i>Obra po\u00e9tica<\/i>\u00a02. Madrid: Alianza.<\/li>\n<li style=\"text-align: justify;\">Fitzgerald, S., (2013)\u00a0<i>Cartas a mi hija<\/i>. Barcelona: Alpha Decay.<\/li>\n<li style=\"text-align: justify;\">Grandes, A., (2015)\u00a0<i>Mercado de Barcel\u00f3<\/i>. Buenos Aires: Tusquets.<\/li>\n<li style=\"text-align: justify;\">Kafka, F., (1989)\u00a0<i>Carta al padre<\/i>. M\u00e9xico: Concepto.<\/li>\n<li style=\"text-align: justify;\">Lispector, C., (2005) Donde se ense\u00f1ar\u00e1 a ser feliz. Madrid: Siruela.<\/li>\n<li style=\"text-align: justify;\">Sagan, F., (2004)\u00a0<i>Buenos d\u00edas, tristeza<\/i>. Barcelona: Anagrama.<\/li>\n<li style=\"text-align: justify;\">Schweblin, S., (2015)\u00a0<i>7 casas vac\u00edas<\/i>. Buenos Aires: Rivera del Duero.<\/li>\n<li style=\"text-align: justify;\">Schweblin, S., (2015)\u00a0<i>P\u00e1jaros en la boca<\/i>. Buenos aires: Literatura Random House.<\/li>\n<\/ul>\n<\/div><\/div><\/div><\/div><\/div><\/p>\n","protected":false},"excerpt":{"rendered":"","protected":false},"author":1,"featured_media":0,"parent":56,"menu_order":4,"comment_status":"closed","ping_status":"closed","template":"","meta":{"_monsterinsights_skip_tracking":false,"_monsterinsights_sitenote_active":false,"_monsterinsights_sitenote_note":"","_monsterinsights_sitenote_category":0,"footnotes":""},"_links":{"self":[{"href":"https:\/\/enapol.com\/viii\/wp-json\/wp\/v2\/pages\/826"}],"collection":[{"href":"https:\/\/enapol.com\/viii\/wp-json\/wp\/v2\/pages"}],"about":[{"href":"https:\/\/enapol.com\/viii\/wp-json\/wp\/v2\/types\/page"}],"author":[{"embeddable":true,"href":"https:\/\/enapol.com\/viii\/wp-json\/wp\/v2\/users\/1"}],"replies":[{"embeddable":true,"href":"https:\/\/enapol.com\/viii\/wp-json\/wp\/v2\/comments?post=826"}],"version-history":[{"count":3,"href":"https:\/\/enapol.com\/viii\/wp-json\/wp\/v2\/pages\/826\/revisions"}],"predecessor-version":[{"id":853,"href":"https:\/\/enapol.com\/viii\/wp-json\/wp\/v2\/pages\/826\/revisions\/853"}],"up":[{"embeddable":true,"href":"https:\/\/enapol.com\/viii\/wp-json\/wp\/v2\/pages\/56"}],"wp:attachment":[{"href":"https:\/\/enapol.com\/viii\/wp-json\/wp\/v2\/media?parent=826"}],"curies":[{"name":"wp","href":"https:\/\/api.w.org\/{rel}","templated":true}]}}