{"id":872,"date":"2021-09-08T17:50:45","date_gmt":"2021-09-08T17:50:45","guid":{"rendered":"http:\/\/x-enapol.org\/viii\/?page_id=872"},"modified":"2021-09-08T17:58:56","modified_gmt":"2021-09-08T17:58:56","slug":"jacques-alain-miller","status":"publish","type":"page","link":"https:\/\/enapol.com\/viii\/pt\/bibliografia-2\/jacques-alain-miller\/","title":{"rendered":"Jacques-Alain Miller"},"content":{"rendered":"<div class=\"fusion-fullwidth fullwidth-box fusion-builder-row-1 fusion-flex-container nonhundred-percent-fullwidth non-hundred-percent-height-scrolling\" style=\"--awb-border-radius-top-left:0px;--awb-border-radius-top-right:0px;--awb-border-radius-bottom-right:0px;--awb-border-radius-bottom-left:0px;--awb-flex-wrap:wrap;\" ><div class=\"fusion-builder-row fusion-row fusion-flex-align-items-flex-start fusion-flex-content-wrap\" style=\"max-width:1352px;margin-left: calc(-4% \/ 2 );margin-right: calc(-4% \/ 2 );\"><div class=\"fusion-layout-column fusion_builder_column fusion-builder-column-0 fusion_builder_column_1_1 1_1 fusion-flex-column\" style=\"--awb-bg-size:cover;--awb-width-large:100%;--awb-margin-top-large:0px;--awb-spacing-right-large:1.92%;--awb-margin-bottom-large:20px;--awb-spacing-left-large:1.92%;--awb-width-medium:100%;--awb-order-medium:0;--awb-spacing-right-medium:1.92%;--awb-spacing-left-medium:1.92%;--awb-width-small:100%;--awb-order-small:0;--awb-spacing-right-small:1.92%;--awb-spacing-left-small:1.92%;\"><div class=\"fusion-column-wrapper fusion-column-has-shadow fusion-flex-justify-content-flex-start fusion-content-layout-column\"><div class=\"fusion-text fusion-text-1\"><p style=\"text-align: justify;\">\u2022\u00a0<b>Crian\u00e7a e adolescente<\/b><\/p>\n<ul style=\"text-align: justify;\">\n<li>Miller, J.A. Interpretar a crian\u00e7a. Em:\u00a0<i>Op\u00e7\u00e3o Lacaniana (impressa) n. 72.<\/i>\u00a0P. 13-19. S\u00e3o Paulo: Eolia. 2016<\/li>\n<li>Miller, J.A. Em dire\u00e7\u00e3o a adolesc\u00eancia. Em:\u00a0<i>Op\u00e7\u00e3o Lacaniana (impressa) n. 72.<\/i>\u00a0P. 20-30. S\u00e3o Paulo: Eolia. 2016<\/li>\n<\/ul>\n<p style=\"text-align: justify;\">\u2022\u00a0<b>Fam\u00edlia<\/b><\/p>\n<ul style=\"text-align: justify;\">\n<li>Miller, J.A. (1993) Assuntos de fam\u00edlia no inconsciente,\u00a0<i>aSEPHallus Revista de Orienta\u00e7\u00e3o Lacaniana\u00a0<\/i>volume II<i>,\u00a0<\/i>numero 4. Dispon\u00edvel em:\u00a0<a href=\"http:\/\/www.isepol.com\/asephallus\/numero_04\/asephallus04.pdf\" target=\"_blank\" rel=\"noopener\">http:\/\/www.isepol.com\/asephallus\/numero_04\/asephallus04.pdf<\/a><\/li>\n<li>Miller, J. A. (2006) Leitura cr\u00edtica dos \u00abComplexos familiares\u00bb de Jacques Lacan.<i>Op\u00e7\u00e3o Lacaniana online n.2 (serie antiga).<\/i>\u00a0Dispon\u00edvel em:\u00a0<a href=\"http:\/\/www.opcaolacaniana.com.br\/antigos\/n2\/index.asp\" target=\"_blank\" rel=\"noopener\">http:\/\/www.opcaolacaniana.com.br\/antigos\/n2\/index.asp<\/a><\/li>\n<\/ul>\n<p style=\"text-align: justify;\">\u2022\u00a0<b>Pai<\/b><\/p>\n<ul style=\"text-align: justify;\">\n<li>Miller, J. A. (1999). Os casos raros, inclassific\u00e1veis da cl\u00ednica Psicanal\u00edtica. A conversa\u00e7\u00e3o de Arcachon.( pp 183-187) S\u00e3o Paulo: Biblioteca Freudiana Brasileira<\/li>\n<li>Miller, J.-A., Lacan, Professor de desejo. Em:\u00a0<i>Op\u00e7\u00e3o lacaniana online nova serie.<\/i>\u00a0Ano 4. N\u00famero 12. Novembro de 2013.<\/li>\n<li>Miller, J.-A, Kafka pai e filho. Em:\u00a0<i>Revista Psicologia Plural\u00a0<\/i>(19\/20). Pp 113-118. Belo Horizonte: FUMEC. 2004<\/li>\n<li>Miller, J.A. Uma reflex\u00e3o sobre o \u00c9dipo e seu para-al\u00e9m. Em:\u00a0<i>Op\u00e7\u00e3o Lacaniana (impressa) n. 67.<\/i>\u00a0P. 9-16. S\u00e3o Paulo: Eolia. 2013.<\/li>\n<li>Miller, J.A. O Outro sem Outro. Em:\u00a0<i>Op\u00e7\u00e3o Lacaniana (impressa) n. 67.<\/i>\u00a0P. 17-30. S\u00e3o Paulo: Eolia. 2013.<\/li>\n<\/ul>\n<p style=\"text-align: justify;\">\u2022\u00a0<b>M\u00e3e<\/b><\/p>\n<ul style=\"text-align: justify;\">\n<li>Miller, J.-A. A crian\u00e7a entre a mulher e a m\u00e3e. Em:\u00a0<i>Op\u00e7\u00e3o Lacaniana online nova s\u00e9rie Ano 5<\/i>. Dezembro de 2014.<\/li>\n<li>Miller, J.-A. Mulheres e Semblantes. Em:\u00a0<i>Op\u00e7\u00e3o Lacaniana online nova s\u00e9rie Ano 1 N\u00famero 1,\u00a0<\/i>Mar\u00e7o de 2010<\/li>\n<li>Miller, J.A. Medeia a meio dizer. Em:\u00a0<i>Op\u00e7\u00e3o Lacaniana (impressa) n. 71.<\/i>\u00a0P. 9-11. S\u00e3o Paulo: Eolia. 2015.<\/li>\n<li>Miller, J.A. M\u00e3e- Mulher. Em:\u00a0<i>Op\u00e7\u00e3o Lacaniana (impressa n. 71.<\/i>\u00a0P. 13-21. S\u00e3o Paulo: Eolia. 2015.<\/li>\n<\/ul>\n<p style=\"text-align: justify;\">\u2022\u00a0<b>Novas organiza\u00e7\u00f5es familiares<\/b><\/p>\n<ul>\n<li style=\"text-align: justify;\">Miller, J.A. Casamento homossexual: esquecer a natureza.\u00a0<i>Op\u00e7\u00e3o Lacaniana on-line<\/i>, n.10. Mar\u00e7o de 2013.<\/li>\n<\/ul>\n<\/div><\/div><\/div><\/div><\/div>\n","protected":false},"excerpt":{"rendered":"","protected":false},"author":1,"featured_media":0,"parent":58,"menu_order":3,"comment_status":"closed","ping_status":"closed","template":"","meta":{"_monsterinsights_skip_tracking":false,"_monsterinsights_sitenote_active":false,"_monsterinsights_sitenote_note":"","_monsterinsights_sitenote_category":0,"footnotes":""},"_links":{"self":[{"href":"https:\/\/enapol.com\/viii\/wp-json\/wp\/v2\/pages\/872"}],"collection":[{"href":"https:\/\/enapol.com\/viii\/wp-json\/wp\/v2\/pages"}],"about":[{"href":"https:\/\/enapol.com\/viii\/wp-json\/wp\/v2\/types\/page"}],"author":[{"embeddable":true,"href":"https:\/\/enapol.com\/viii\/wp-json\/wp\/v2\/users\/1"}],"replies":[{"embeddable":true,"href":"https:\/\/enapol.com\/viii\/wp-json\/wp\/v2\/comments?post=872"}],"version-history":[{"count":2,"href":"https:\/\/enapol.com\/viii\/wp-json\/wp\/v2\/pages\/872\/revisions"}],"predecessor-version":[{"id":897,"href":"https:\/\/enapol.com\/viii\/wp-json\/wp\/v2\/pages\/872\/revisions\/897"}],"up":[{"embeddable":true,"href":"https:\/\/enapol.com\/viii\/wp-json\/wp\/v2\/pages\/58"}],"wp:attachment":[{"href":"https:\/\/enapol.com\/viii\/wp-json\/wp\/v2\/media?parent=872"}],"curies":[{"name":"wp","href":"https:\/\/api.w.org\/{rel}","templated":true}]}}