{"id":874,"date":"2021-09-08T17:51:19","date_gmt":"2021-09-08T17:51:19","guid":{"rendered":"http:\/\/x-enapol.org\/viii\/?page_id=874"},"modified":"2021-09-08T17:59:33","modified_gmt":"2021-09-08T17:59:33","slug":"eric-laurent","status":"publish","type":"page","link":"https:\/\/enapol.com\/viii\/pt\/bibliografia-2\/eric-laurent\/","title":{"rendered":"Eric Laurent"},"content":{"rendered":"<div class=\"fusion-fullwidth fullwidth-box fusion-builder-row-1 fusion-flex-container nonhundred-percent-fullwidth non-hundred-percent-height-scrolling\" style=\"--awb-border-radius-top-left:0px;--awb-border-radius-top-right:0px;--awb-border-radius-bottom-right:0px;--awb-border-radius-bottom-left:0px;--awb-flex-wrap:wrap;\" ><div class=\"fusion-builder-row fusion-row fusion-flex-align-items-flex-start fusion-flex-content-wrap\" style=\"max-width:1352px;margin-left: calc(-4% \/ 2 );margin-right: calc(-4% \/ 2 );\"><div class=\"fusion-layout-column fusion_builder_column fusion-builder-column-0 fusion_builder_column_1_1 1_1 fusion-flex-column\" style=\"--awb-bg-size:cover;--awb-width-large:100%;--awb-margin-top-large:0px;--awb-spacing-right-large:1.92%;--awb-margin-bottom-large:20px;--awb-spacing-left-large:1.92%;--awb-width-medium:100%;--awb-order-medium:0;--awb-spacing-right-medium:1.92%;--awb-spacing-left-medium:1.92%;--awb-width-small:100%;--awb-order-small:0;--awb-spacing-right-small:1.92%;--awb-spacing-left-small:1.92%;\"><div class=\"fusion-column-wrapper fusion-column-has-shadow fusion-flex-justify-content-flex-start fusion-content-layout-column\"><div class=\"fusion-text fusion-text-1\"><p style=\"text-align: justify;\">\u2022\u00a0<b>Familia<\/b><\/p>\n<ul style=\"text-align: justify;\">\n<li>Laurent, E. (2005) O nome-do-pai entre realismo e nominalismo. Op\u00e7\u00e3o Lacaniana, S\u00e3o Paulo: Eolia, n.44, p. 92-109, nov. 2005.<\/li>\n<li>Laurent, E. (2011) A an\u00e1lise de crian\u00e7as e a paix\u00e3o familiar. Loucuras, s\u00edntomas e fantasias na vida cotidiana. (pp. 27-43). Belo Horizonte, Scriptum Livros.<\/li>\n<\/ul>\n<p style=\"text-align: justify;\">\u2022\u00a0<b>Pai<\/b><\/p>\n<ul style=\"text-align: justify;\">\n<li>Laurent, E. (2007). Pode o neur\u00f3tico prescindir do pai? A sociedade do sintoma, a psican\u00e1lise, hoje, (pp 51-58). Rio de Janeiro, Contra Capa Livraria.<\/li>\n<li>Laurent, E. (2007). Como recompor os Nomes do Pai? A sociedade do s\u00edntoma, a pasican\u00e1lise, hoje, (pp 59-69). Rio de Janeiro, Contra Capa Livraria.<\/li>\n<li>Laurent, E. (2005) O nome-do-pai entre realismo e nominalismo. Op\u00e7\u00e3o Lacaniana, S\u00e3o Paulo: Eolia, n.44, p. 92-109, nov. 2005.<\/li>\n<li>Laurent, E. (2006) Um novo amor pelo pai. Op\u00e7\u00e3o Lacaniana, S\u00e3o Paulo: Eolia, n.46, p. 20-29, 2006.<\/li>\n<li>Laurent, E. (2007). Um novo amor pelo pai. A sociedade do s\u00edntoma. A psican\u00e1lise, hoje, (pp. 71-88). Rio de Janeiro, Contra Capa Livraria.<\/li>\n<li>Laurent, E. (2004) Como recompor os nomes-do-pai?. Curinga, Belo Horizonte: Escola Brasileira de Psican\u00e1lise Se\u00e7\u00e3o Minas Gerais, n.20, p. 17-26, nov. 2004.<\/li>\n<li>Laurent, E. (2004) Como recompor os nomes-do-pai?. Curinga, Belo Horizonte: Escola Brasileira de Psican\u00e1lise Se\u00e7\u00e3o Minas Gerais, n.20, p. 17-26, nov. 2004.<\/li>\n<\/ul>\n<p style=\"text-align: justify;\">\u2022\u00a0<b>M\u00e3e<\/b><\/p>\n<ul>\n<li style=\"text-align: justify;\">Laurent, E. (2000) As paix\u00f5es do ser: VII Jornada da EBP\/Bahia: III Jornada do Instituto de Psican\u00e1lise da Bahia. Salvador: EBP\/Bahia, 124 p, nov 2000.<\/li>\n<li style=\"text-align: justify;\">Laurent, E. (2003) O amor louco de uma m\u00e3e. Op\u00e7\u00e3o Lacaniana, S\u00e3o Paulo: Eolia, n.36, p. 20-25, maio 2003.<\/li>\n<li style=\"text-align: justify;\">Laurent, D. (2011) M\u00e3e. Scilicet: A ordem simb\u00f3lica no s\u00e9culo XXI. N\u00e3o \u00e9 mais o que era. Quais as consequ\u00eancias para o tratamento? VIII Congresso da Associa\u00e7\u00e3o Mundial de Psican\u00e1lise. Belo Horizonte, Scriptum Livros, p. 237-239, 2011.<\/li>\n<\/ul>\n<\/div><\/div><\/div><\/div><\/div>\n","protected":false},"excerpt":{"rendered":"","protected":false},"author":1,"featured_media":0,"parent":58,"menu_order":4,"comment_status":"closed","ping_status":"closed","template":"","meta":{"_monsterinsights_skip_tracking":false,"_monsterinsights_sitenote_active":false,"_monsterinsights_sitenote_note":"","_monsterinsights_sitenote_category":0,"footnotes":""},"_links":{"self":[{"href":"https:\/\/enapol.com\/viii\/wp-json\/wp\/v2\/pages\/874"}],"collection":[{"href":"https:\/\/enapol.com\/viii\/wp-json\/wp\/v2\/pages"}],"about":[{"href":"https:\/\/enapol.com\/viii\/wp-json\/wp\/v2\/types\/page"}],"author":[{"embeddable":true,"href":"https:\/\/enapol.com\/viii\/wp-json\/wp\/v2\/users\/1"}],"replies":[{"embeddable":true,"href":"https:\/\/enapol.com\/viii\/wp-json\/wp\/v2\/comments?post=874"}],"version-history":[{"count":2,"href":"https:\/\/enapol.com\/viii\/wp-json\/wp\/v2\/pages\/874\/revisions"}],"predecessor-version":[{"id":898,"href":"https:\/\/enapol.com\/viii\/wp-json\/wp\/v2\/pages\/874\/revisions\/898"}],"up":[{"embeddable":true,"href":"https:\/\/enapol.com\/viii\/wp-json\/wp\/v2\/pages\/58"}],"wp:attachment":[{"href":"https:\/\/enapol.com\/viii\/wp-json\/wp\/v2\/media?parent=874"}],"curies":[{"name":"wp","href":"https:\/\/api.w.org\/{rel}","templated":true}]}}