{"id":878,"date":"2021-09-08T17:52:03","date_gmt":"2021-09-08T17:52:03","guid":{"rendered":"http:\/\/x-enapol.org\/viii\/?page_id=878"},"modified":"2021-09-08T18:01:03","modified_gmt":"2021-09-08T18:01:03","slug":"revistas-e-livros-impressos","status":"publish","type":"page","link":"https:\/\/enapol.com\/viii\/pt\/bibliografia-2\/revistas-e-livros-impressos\/","title":{"rendered":"Revistas e livros impressos"},"content":{"rendered":"<div class=\"fusion-fullwidth fullwidth-box fusion-builder-row-1 fusion-flex-container nonhundred-percent-fullwidth non-hundred-percent-height-scrolling\" style=\"--awb-border-radius-top-left:0px;--awb-border-radius-top-right:0px;--awb-border-radius-bottom-right:0px;--awb-border-radius-bottom-left:0px;--awb-flex-wrap:wrap;\" ><div class=\"fusion-builder-row fusion-row fusion-flex-align-items-flex-start fusion-flex-content-wrap\" style=\"max-width:1352px;margin-left: calc(-4% \/ 2 );margin-right: calc(-4% \/ 2 );\"><div class=\"fusion-layout-column fusion_builder_column fusion-builder-column-0 fusion_builder_column_1_1 1_1 fusion-flex-column\" style=\"--awb-bg-size:cover;--awb-width-large:100%;--awb-margin-top-large:0px;--awb-spacing-right-large:1.92%;--awb-margin-bottom-large:20px;--awb-spacing-left-large:1.92%;--awb-width-medium:100%;--awb-order-medium:0;--awb-spacing-right-medium:1.92%;--awb-spacing-left-medium:1.92%;--awb-width-small:100%;--awb-order-small:0;--awb-spacing-right-small:1.92%;--awb-spacing-left-small:1.92%;\"><div class=\"fusion-column-wrapper fusion-column-has-shadow fusion-flex-justify-content-flex-start fusion-content-layout-column\"><div class=\"fusion-text fusion-text-1\"><p style=\"text-align: justify;\"><b>\u2022 Adolesc\u00eancia<\/b><\/p>\n<ul style=\"text-align: justify;\">\n<li>Aberastury, A. &amp; Knobel, M., (1981).\u00a0<i>Adolesc\u00eancia normal: um enfoque psicanal\u00edtico\u00a0<\/i>(S.M.G., Balve Trans.). Porto Alegre: Artes m\u00e9dicas.<\/li>\n<li>Autran, P., (2001). Juiz de menores multa pais de adolescentes flagrados bebendo.\u00a0<i>N\u00facleo de Pesquisas em Toxicomania e Alcoolismo da EBP-RJ<\/i>. Rio de Janeiro: EBP RJ.<\/li>\n<li>Bentes, L., (2000). A adolesc\u00eancia e as drogas.\u00a0<i>A-Dictos<\/i>. Rio de Janeiro: N\u00facleo de Pesquisas em Toxicomania e Alcoolismo da EBP-RJ.<\/li>\n<li>Escola Brasileira de Psican\u00e1lise \u2013 Rio de Janeiro (1996).\u00a0<i>Adolesc\u00eancia: o despertar.\u00a0<\/i>Rio de Janeiro: Contra Capa.<\/li>\n<li>Escola Brasileira de Psican\u00e1lise Delega\u00e7\u00e3o Geral Goi\u00e1s\/Distrito Federal (novembro 2016) A Adolesc\u00eancia e os impasses do Desejo.\u00a0<i>Apalavra.<\/i>\u00a0Goi\u00e2nia: EBP. Delega\u00e7\u00e3o Goi\u00e1s\/Distrito Federal.<\/li>\n<li>Friedman, M. et al. Attempted suicide and self-mutilation in adolescence: some observations from a psychoanalythic reaear. In Cottet, S (org.).\u00a0<i>Puberdade cat\u00e1strofe e outros artigos<\/i>. Rio de Janeiro: EBP.<\/li>\n<li>Garcia, C., (2001, abr.). Em conflito com a lei.\u00a0<i>Curinga: a crian\u00e7a entre a m\u00e3e e a mulher<\/i>, (15\/16), 122-129.<\/li>\n<li>Glover, E. et al. (1970).\u00a0<i>A psican\u00e1lise de hoje: a aproxima\u00e7\u00e3o moderna aos problemas humanos\u00a0<\/i>(E.D. Velloso), Rio de Janeiro: Imago.<\/li>\n<li>Naveau, P., (2000). Adolesc\u00eancia e an\u00e1lise: uma sa\u00edda do impasse. In C.R. Lima, D.R.R. Lima, E. Monteiro, H.S.de Castro (Trads.)<i>\u00a0O floril\u00e9gio 2000: II Congresso da Associa\u00e7\u00e3o Mundial de Psican\u00e1lise<\/i>\u00a0(pp. 35-38). Rio de Janeiro: EBP.<\/li>\n<li>Stiglitz, G., (2009). La fam\u00edlia y la \u00e9poca.\u00a0<i>Psicoanalisis con ni\u00f1os y adolescentes<\/i>\u00a0(pp. 109-112). Buenos Aires: Grama ediciones.<\/li>\n<li>Trafford, A., (2001). Ca\u00e7adores de sensa\u00e7\u00f5es ou vitimas de depress\u00e3o.\u00a0<i>N\u00facleo de Pesquisas em Toxicomania e Alcoolismo da EBP-RJ<\/i>. Rio de Janeiro: EBP.<\/li>\n<\/ul>\n<p style=\"text-align: justify;\"><b>\u2022 Estranho familiar<\/b><\/p>\n<ul style=\"text-align: justify;\">\n<li>Freire, A.B., (2001). Psicose e impossibilidade: o real em quest\u00e3o. In Consentino, J.C. (org<i>.), O estranho na cl\u00ednica psicanal\u00edtica vicissitudes da subjetividade<\/i>\u00a0(pp. 87-98). Rio de Janeiro: Contra Capa.<\/li>\n<li>Laia, S., (2007).\u00a0<i>Metamorfosis de la fam\u00edlia<\/i>. C\u00f3rdoba: CIEC.<\/li>\n<li>Queiroz, E.F. de O., (2004, dez.). O \u00abestranho\u00bb filho adotivo: uma leitura cl\u00ednica do Unheimlich na ado\u00e7\u00e3o.\u00a0<i>Revista Latinoamericana de Psicopatologia Fundamental, 7<\/i>(4), 100-111.<\/li>\n<li>Ruiz, A.L. (2013). Manifestaciones depressivas y depresiones en ni\u00f1os y adolescentes. In Ram\u00edrez, M.E. et al. (Ed.),\u00a0<i>Conductas de riesgo en el \u00e0mbito escolar<\/i>\u00a0(pp.33-48). Medell\u00edn: NEL.<\/li>\n<\/ul>\n<p style=\"text-align: justify;\"><b>\u2022 Fam\u00edlia<\/b><\/p>\n<ul style=\"text-align: justify;\">\n<li>Centro de Estudo e Pesquisa em Psican\u00e1lise com crian\u00e7as, (1998).\u00a0<i>Fort-da,\u00a0<\/i>(4-5).<\/li>\n<li>Duba, C., (2015, ago.). O direito de ter um filho. Notas sobre maternidades e paternidades contempor\u00e2neas.\u00a0<i>Latusa,\u00a0<\/i>(20), 209-216.<\/li>\n<li>Laia, S., (2014). A viol\u00eancia nas cidades e o enxame que emaranha a vida: uma leitura referenciada na psican\u00e1lise de orienta\u00e7\u00e3o lacaniana. In Santos, Coelho, T., Santiago, J. &amp; Martello, A. (orgs.)\u00a0<i>Os corpos falantes e a normatividade dos supersocial<\/i>\u00a0(pp. 281-303). Rio de Janeiro: Cia. de Freud.<\/li>\n<li>Laurent, E., (2012). Un nuevo amor para el siglo?.\u00a0<i>El Caldero de la Escuela,\u00a0<\/i>(18).<\/li>\n<\/ul>\n<p style=\"text-align: justify;\"><b>\u2022 Fic\u00e7\u00f5es familiares (romance familiar)<\/b><\/p>\n<ul style=\"text-align: justify;\">\n<li>Baptista, M.E.N., (2006, mai.). Os beb\u00eas na s\u00e9rie dos gadgets.\u00a0<i>Op\u00e7\u00e3o Lacaniana<\/i>, (45), 64-67.<\/li>\n<li>Castro, S. de, (2001, abr.). No limite.\u00a0<i>Curinga,<\/i>\u00a0(15\/16), 48-53.<\/li>\n<li>Cottet, S., (1996). Estrutura e romance familiar na adolesc\u00eancia. In Escola Brasileira de Psican\u00e1lise (Ed.),\u00a0<i>Adolesc\u00eancia: o despertar<\/i>\u00a0(pp. 7-20). Rio de Janeiro: Contra Capa.<\/li>\n<li>Drummond, C., (2001, abr.). A palavra que humaniza o desejo.\u00a0<i>Curinga,<\/i>\u00a0(15\/16), 54-59.<\/li>\n<li>Garcia, G.l., (1996, jun.). Viene al caso.\u00a0<i>El caldero de la Escuela<\/i>, (42), 31-33.<\/li>\n<li>Lacad\u00e9e, P., Nomin\u00e9, B., Sauret, M.J., (1992). L&#8217;enfant, la verite et le roman familial: Presses Universitaires. Palestras do semin\u00e1rio itinerante realizado entre Bordeaux, Pau e Toulouse, integrantes do C.E.R.E.D.A.<\/li>\n<li>Nogueira, C.S.P., (2002). A toxicomania e o pai.\u00a0<i>Curinga<\/i>, (18), 34-41.<\/li>\n<li>Oliveira, S.E., (2006, nov.). Pater incertus.\u00a0<i>Curinga,<\/i>\u00a0(23), 107-112.<\/li>\n<li>Oliveira, S.M.E. (2001, abr.). O romance familiar e suas exce\u00e7\u00f5es.\u00a0<i>Curinga<\/i>, (15\/16), 28-39.<\/li>\n<li>Pimenta Filho, J.A., (2009, nov.). Novas configura\u00e7\u00f5es familiares: novos semblantes, novas fic\u00e7\u00f5es?\u00a0<i>Latusa<\/i>, (14), 81-89.<\/li>\n<li>Ruth, P. &amp; Santoro, V.C., (2011). O fio do desejo.\u00a0<i>Reverso<\/i>, (62), 93-98.<\/li>\n<\/ul>\n<p style=\"text-align: justify;\"><b>\u2022 Identidade de g\u00eanero<\/b><\/p>\n<ul style=\"text-align: justify;\">\n<li>Assef, J., (2013). De que sexuaci\u00f3n puede uno fiarse? La identidad de g\u00eanero a partir de dos modelos Del cine contempor\u00e2neo. In Torres, M. (org.).\u00a0<i>Transformaciones: ley, diversidad, sexuaci\u00f3n<\/i>\u00a0(pp.373-380). Olivos: Grama Ediciones.<\/li>\n<li>Fajnwaks, F., (2015).\u00a0<i>Como vivimos hoy.<\/i>\u00a0C\u00f3rdoba: Babel.<\/li>\n<li>Sinatra, E., (2013).\u00a0<i>@s nov@s adit@s: a implos\u00e3o do g\u00eanero na feminiza\u00e7\u00e3o do mundo.<\/i>\u00a0Cera, F. (trad.), Florian\u00f3polis: cultura e barb\u00e1rie.<\/li>\n<li>Trive\u00f1o, G., (2013). Identidad de G\u00eanero y cuerpo. In Torres, M. (org.).\u00a0<i>Transformaciones: ley, diversidad, sexuaci\u00f3n<\/i>\u00a0(pp. 255-258). Olivos: Grama Ediciones.<\/li>\n<li>Zucchi, M., (2008). Sobre o sexo e os limites do semblante.\u00a0<i>Latusa: o semblante e a com\u00e9dia dos sexos,<\/i>\u00a0(13), 85-94.<\/li>\n<\/ul>\n<p style=\"text-align: justify;\"><b>\u2022 Inf\u00e2ncia e solid\u00e3o<\/b><\/p>\n<ul style=\"text-align: justify;\">\n<li>Castro, s. de, (1998, abr.). A inexist\u00eancia do outro em nosso mundo contempor\u00e2neo.\u00a0<i>Curinga<\/i>, (11), 45-46.<\/li>\n<li>Cirino, O., (1998, abr.). O autista, o ovo e a solid\u00e3o.\u00a0<i>Curinga,<\/i>\u00a0(11), 94-97.<\/li>\n<li>Rosa, M., (2008). A \u00abPilula e o mito da rela\u00e7\u00e3o sexual. In Fuentes, M.J. &amp; Veras, m. (orgs.),\u00a0<i>Felicidade e sintoma: ensaios para uma psican\u00e1lise do s\u00e9c.XXI<\/i>\u00a0(pp.97-109). Rio de Janeiro: Corrupio.<\/li>\n<li>Santiago, A.L., (1998, abr.). Inf\u00e2ncia e segrega\u00e7\u00e3o: quando o saber diagnostica o acesso \u00e0 escrita como fracasso.\u00a0<i>Curinga, 11<\/i>, 58-61.<\/li>\n<li>Vidigal, C. (1998, abr.). A crian\u00e7a sintoma: uma crian\u00e7a \u00e9 um sintoma porque Denise est\u00e1 chamando.\u00a0<i>Curinga, 11<\/i>, 85-87.<\/li>\n<\/ul>\n<p style=\"text-align: justify;\"><b>\u2022 Irm\u00e3os<\/b><\/p>\n<ul style=\"text-align: justify;\">\n<li>Atti\u00e9, J., (2011, nov.). O crime que Dostoievsky n\u00e3o cometeu.\u00a0<i>Op\u00e7\u00e3o Lacaniana<\/i>, (61), 53-68.<\/li>\n<li>Miceli, A.V.P. &amp; Zornig, S.M.A. (2012, janhttp:\/\/www.asuntosdefamilia.com.ar\/jun.). C\u00e2ncer infanto-juvenil: o trauma dos irm\u00e3os.\u00a0<i>Tempo Psicanal\u00edtico, 1<\/i>(44), 11-26.<\/li>\n<li>Sawick, O., (2007). Fraternidade e Nome-do-Pai.\u00a0<i>Op\u00e7\u00e3o Lacaniana<\/i>, (50), 157-158.<\/li>\n<\/ul>\n<p style=\"text-align: justify;\"><b>\u2022 M\u00e3e<\/b><\/p>\n<ul style=\"text-align: justify;\">\n<li>Batla, Elba, Criscaut, J., Favret, E. &amp; Freid, S., Nemaric, A.C., Rossi, L., Valla, D., (1993).\u00a0<i>Un estrago: la relaci\u00f3n madre-hija<\/i>. Buenos Aires: An\u00e1fora.<\/li>\n<li>Biagi-Chai, F., (2011). Infantic\u00eddio: uma contra-avalia\u00e7\u00e3o psicanal\u00edtica.\u00a0<i>Aleph<\/i>, (2), 89-97.<\/li>\n<li>Escola Brasileira de Psican\u00e1lise \u2013 Minas Gerais, (2001, abr.). A crian\u00e7a entre a m\u00e3e e a mulher.\u00a0<i>Status Curinga<\/i>, (15\/16).<\/li>\n<li>Facury, T., Ribeiro, P. &amp; Vidigal, C., (2007). Do fen\u00f4meno psicossom\u00e1tico ao romance familiar.\u00a0<i>Curinga<\/i>, (25), 65-68.<\/li>\n<li>Maracaj\u00e1, M., (2012). Parentalidades \u00e0 la carte e a utopia p\u00f3s-sexual.\u00a0<i>Falasser<\/i>, (6), 159-163.<\/li>\n<li>Mattos, C.P., (2001, abr.). Um menino chamado Am\u00f3dio.\u00a0<i>Curinga<\/i>, (15\/16), 40-47.<\/li>\n<li>Santiago, A.L. (1993). Notas sobre a subjetiva\u00e7\u00e3o da castra\u00e7\u00e3o materna.\u00a0<i>IV Encontro Brasileiro do Campo Freudiano: demanda e desejo na entrada da an\u00e1lise.\u00a0<\/i>Belo Horizonte: Tahl.<\/li>\n<li>Tendlarz, S.E., (1997).\u00a0<i>De que sofrem as crian\u00e7as?: a psicose na inf\u00e2ncia<\/i>. Rio de Janeiro: Sette Letras.<\/li>\n<\/ul>\n<p style=\"text-align: justify;\"><b>\u2022 Novas configura\u00e7\u00f5es familiares<\/b><\/p>\n<ul style=\"text-align: justify;\">\n<li>Elia, M.A., (2007). Novas parcerias. Novas fam\u00edlias?<i>\u00a0Falasser \u2013<\/i><\/li>\n<li><i>Revista da delega\u00e7\u00e3o da Para\u00edba<\/i>, (2), 119-125.<\/li>\n<li>Levy, L., (2011). A psican\u00e1lise e a homoparentalidade.\u00a0<i>Cadernos de Psican\u00e1lise \u2013 CPCRJ, 27<\/i>(30), 153-176.<\/li>\n<li>Maracaj\u00e1, M., (2009). Tenho dois papais, como sa\u00ed da barriga de uma mam\u00e3e?: impasses na cl\u00ednica da homoparentalidade.\u00a0<i>Falasser \u2013 Revista da Delega\u00e7\u00e3o da Para\u00edba<\/i>, (4), 85-89.<\/li>\n<li>Maracaj\u00e1, M., (2012). Parentalidades \u00e0 la carte e a utopia p\u00f3s-sexual.\u00a0<i>Falasser<\/i>, (6), 159-163.<\/li>\n<li>Ons, S., (2014). Homoparentalidade. In Machado, O. (trad.).\u00a0<i>Scilicet: um real para o s\u00e9c. XXI.\u00a0<\/i>Belo Horizonte: Scriptum.<\/li>\n<li>Pimenta Filho, J.A., (2009, nov.). Novas configura\u00e7\u00f5es familiares: novos semblantes, novas fic\u00e7\u00f5es?\u00a0<i>Latusa<\/i>, (14), 81-89.<\/li>\n<li>Reymundo, O., (2001, set.). Novas fam\u00edlias, novas implica\u00e7\u00f5es \u00e9ticas.\u00a0<i>Op\u00e7\u00e3o Lacaniana,\u00a0<\/i>(31), 75-78.<\/li>\n<\/ul>\n<p style=\"text-align: justify;\"><b>\u2022 Pai<\/b><\/p>\n<ul style=\"text-align: justify;\">\n<li>Alvarenga, E., (2006). A ci\u00eancia e os novos pais.\u00a0<i>Op\u00e7\u00e3o Lacaniana<\/i>, (47), 23-26.<\/li>\n<li>Araujo, S.M.B., ((2006, jun.). Pai, aproxima de mim esse c\u00e1lice: significa\u00e7\u00f5es de ju\u00edzes e promotores sobre a fun\u00e7\u00e3o paterna no contexto da justi\u00e7a.\u00a0<i>Psicologia em Revista, 12<\/i>(19), 88-89.<\/li>\n<li>Barros, F.O., (2005).\u00a0<i>Do direito ao pai: a paternidade no tribunal e na vida<\/i>. Belo Horizonte: Del Rey.<\/li>\n<li>Barros, M.R.R., (1997, abr.). O sintoma da crian\u00e7a: uma quest\u00e3o para a fam\u00edlia conjugal.\u00a0<i>VII Encontro Brasileiro do Campo Freudiano<\/i>, S\u00e3o Paulo.<\/li>\n<li>Barros, M.R.R., (1998, mar.). O pai real e a realidade do pai: seu efeito no sintoma.\u00a0<i>Latusa<\/i>, (2), 61-72.<\/li>\n<li>Berenguer, Enric. Fratria e Nome-do-Pai. In Mirta Zbrun (Trad.).\u00a0<i>Scilicet Nomes do Pai.<\/i>\u00a0(pp.62-64). Rio de Janeiro: EBP.<\/li>\n<li>Bogochovol, A., (2006, nov.). Editorial.\u00a0<i>Carta de S\u00e3o Paulo, 13<\/i>(2), 4-6.<\/li>\n<li>Brousse, M-H. &amp; \u00c9sque, X., (2007).\u00a0<i>Amar al padre o al sinthome?<\/i>\u00a0Buenos Aires: Grama Ediciones.<\/li>\n<li>Castrillo, M.D. &amp; Coccoz, V., (1998). El partenaire fraterno entre el deseo y el goce.\u00a0<i>Freudiana<\/i>, (24), 27-34.<\/li>\n<li><i>Colofon: Bolet\u00edn de la Federaci\u00f3n Internacional de Bibliotecas del Campo Freudiano.\u00a0<\/i>Clinica de la sexuaci\u00f3n y (no) cl\u00ednica del g\u00eanero, (2002, Nov.).Escola Brasileira de Psican\u00e1lise \u2013 Rio de Janeiro (2000).\u00a0<i>Floril\u00e9gio 2000:II Congresso da Associa\u00e7\u00e3o Mundial de Psican\u00e1lise\u00a0<\/i>(C.R., Lima; D.R., Lima; E., Monteiro, H.S., de Castro &amp; Lilany trans.). Rio de Janeiro: EBP.<\/li>\n<li>Fajnwaks, F., (2013, mar.). Fam\u00edlias sintom\u00e1ticas.\u00a0<i>Op\u00e7\u00e3o Lacaniana on-line<\/i>, (10). Recuperado de www.opcaolacaniana.com.br\/pdf\/numero_10\/Familias_sintomaticas.pdf<\/li>\n<li><i>Falasser: Revista da Delega\u00e7\u00e3o Para\u00edba,\u00a0<\/i>2, 2007.<\/li>\n<li>Guimar\u00e3es, L., (2010). M\u00e3e nos tempos do decl\u00ednio do pai.\u00a0<i>Arteira \u2013 Revista de psican\u00e1lise<\/i>, (3), 61-84.<\/li>\n<li>Laurent, E., (2005, nov.). O nome-do-pai entre o realismo e o nominalismo<i>. Op\u00e7\u00e3o Lacaniana,<\/i>\u00a0(44), 92-109.<\/li>\n<li>Maracaj\u00e1, M., (2011). O que sabem as crian\u00e7as da era p\u00f3s-paterna?\u00a0<i>Falasser- revista da delega\u00e7\u00e3o da Para\u00edba<\/i>, (5), 153-159.<\/li>\n<li>Miller, J.A., (1992).\u00a0<i>Comentario del semin\u00e1rio inexistente<\/i>. Buenos Aires: Manantial.<\/li>\n<li>Miller, J.A., (1998).\u00a0<i>Os casos raros, inclassific\u00e1veis, da cl\u00ednica psicanal\u00edtica: a conversa\u00e7\u00e3o de Arcachon.\u00a0<\/i>S\u00e3o Paulo: Biblioteca Freudiana Brasileira.<\/li>\n<li>Moura, M.L.R., (1999, nov.). Constitui\u00e7\u00e3o familiar e fun\u00e7\u00e3o paterna.\u00a0<i>Carrossel, 3<\/i>(3e4), 103-109.<\/li>\n<li>Neves, E.M.B., (2008). A lei do amor e a heran\u00e7a do real do pai.\u00a0<i>Letra Cl\u00ednica<\/i>, (2), 73-78.<\/li>\n<li>Niceas, C.A., (1998, mar.). O grupo anal\u00edtico e a religi\u00e3o.\u00a0<i>Latusa<\/i>, (2), 91-104.<\/li>\n<li>Patoux-Guerber, C., (2001, nov.). Ju\u00edzes para salvar o pai?\u00a0<i>Curinga<\/i>, (17), 96-105.<\/li>\n<li>Puig, M., (1998). Otra vez el padre?\u00a0<i>Freudiana<\/i>, (23), 19-35.<\/li>\n<li>Santiago, J., (1998, abr.). O pai n\u00e3o nos surpreende mais&#8230;<i>Op\u00e7\u00e3o Lacaniana<\/i>, (21), 24-27.<\/li>\n<li>Stevens, A., (1996, set.). A fam\u00edlia , o decl\u00ednio da paternidade e o decl\u00ednio da virilidade.\u00a0<i>Curinga<\/i>, (8), 105-108.<\/li>\n<li>Stiglitz, G., (2005). A indecis\u00e3o da origem. In B.R., de Castro (trad.)\u00a0<i>Scilicet Nomes-do-pai<\/i>. Rio de Janeiro: EBP.<\/li>\n<li>Ubieto, J.R. (1999). Fam\u00edlia y condiciones de goce.\u00a0<i>Freudiana,<\/i>\u00a0(25), 67-71.<\/li>\n<\/ul>\n<p style=\"text-align: justify;\"><b>\u2022 Transexualidade<\/b><\/p>\n<ul style=\"text-align: justify;\">\n<li>Arsemet, F., (2015, ago.). Escolher seu sexo: usos contempor\u00e2neos da diferen\u00e7a dos sexos.\u00a0<i>Latusa,<\/i>\u00a0(20), 23-35.<\/li>\n<li>Beneti, A. (2013, abr.). Qual \u00e9 o sexo?.\u00a0<i>Op\u00e7\u00e3o Lacaniana<\/i>, (65), 77-81.<\/li>\n<li>Gorali, V. Et al. (2007).\u00a0<i>Intersexo: una cl\u00ednica de la ambiguedad sexual<\/i>. Buenos Aires: Grama.<\/li>\n<li>Moreira Junior, W.C. &amp; Santos, A.S.C., (2012). A ci\u00eancia a servi\u00e7o do del\u00edrio: \u00abComo seria belo ser uma mulher!\u00bb. In Santos, T.C., Santiago, J., Martello, A. (orgs.),\u00a0<i>De que real se trata na cl\u00ednica psicanal\u00edtica?: psican\u00e1lise, ci\u00eancia e discursos da ci\u00eancia<\/i>\u00a0(pp. 195-230). Rio de Janeiro: Cia. de Freud.<\/li>\n<li>Paulozky, D., (2012, nov.). La sexualidad como mascarada.\u00a0<i>Mediocho<\/i>, (38), 55-60.<\/li>\n<li>Sauvagnat, F., (2013). Nota sobre le evoluci\u00f3n de la noci\u00f3n de transexualismo. In Torres, M.,\u00a0<i>Transformaciones<\/i>\u00a0(pp. 193-208). Olivos: Grama Ediciones.<\/li>\n<li>Yellati, N., (2014). Transexualismo. In Fari, P. (Ed.).\u00a0<i>Um real para o s\u00e9culo XXI<\/i>\u00a0(pp.388-391). Minas Gerais: Scriptum.<\/li>\n<\/ul>\n<p style=\"text-align: justify;\"><b>\u2022 Tribus urbanas<\/b><\/p>\n<ul style=\"text-align: justify;\">\n<li>Baptista, M.E.N., (2006, mai.). Os beb\u00eas na s\u00e9rie dos gadgets.\u00a0<i>Op\u00e7\u00e3o Lacaniana<\/i>, (45), 64-67.<\/li>\n<li>Fl\u00f3rez, E. &amp; Gaviria, L.E., (2009). La identificaci\u00f3n y el otro contempor\u00e2neo. In Fl\u00f3rez, E., Gallo, H., Gaviria, L.E. et al. (orgs.),\u00a0<i>Actualizai\u00f3n de conceptos de la pr\u00e1tica cl\u00ednica<\/i>\u00a0(pp. 41-59). Medell\u00edn: NEL.<\/li>\n<li>Forbes, J., (2008). Maktoub? A influ\u00eancia da psican\u00e1lise sobre a express\u00e3o dos genes.\u00a0<i>Op\u00e7\u00e3o Lacaniana<\/i>, (52), 158-162.<\/li>\n<li>Laurent, E., (2005, nov.). O nome-do-pai entre o realismo e o nominalismo<i>. Op\u00e7\u00e3o Lacaniana,<\/i>\u00a0(44), 92-109.<\/li>\n<li>Palomera, V. (2006, dez.). Novas configura\u00e7\u00f5es das paternidades: a partir do direito<i>. Op\u00e7\u00e3o Lacaniana<\/i>, (47), 27-31.<\/li>\n<li>Sinatra, E., (2013).\u00a0<i>@s nov@s adit@s: a implos\u00e3o do g\u00eanero na feminiza\u00e7\u00e3o do mundo.<\/i>\u00a0Cera, F. (trad.), Florian\u00f3polis: cultura e barb\u00e1rie.<\/li>\n<\/ul>\n<p style=\"text-align: justify;\"><b>\u2022 Segredos de fam\u00edlia<\/b><\/p>\n<ul>\n<li style=\"text-align: justify;\">Bonningue, C., (1999, abr.). Secret de famille et castration.\u00a0<i>La cause freudienne- revue de psychanalyse<\/i>, (41), 89-92.<\/li>\n<li style=\"text-align: justify;\">Briole, G., (2011, nov.). Essa cicatriz, aqui.\u00a0<i>Op\u00e7\u00e3o Lacaniana<\/i>, (61), 155-160.<\/li>\n<li style=\"text-align: justify;\">Merlet, A., (2008, dez). D\u00e9ception-trahison.\u00a0<i>La Cause freudienne: Nouvelle Revue de Psychanalyse: Le rapport sexuel au XXI si\u00e8cle<\/i>. Paris: Navarin, n.70, 53- 57.<\/li>\n<li style=\"text-align: justify;\">Reznik, D.D. &amp; Salem, P., (2010). Duas faces da no\u00e7\u00e3o de segredo em psican\u00e1lise.\u00a0<i>Cadernos de Psican\u00e1lise \u2013 CPRJ, 32<\/i>(23), 93-105.<\/li>\n<li style=\"text-align: justify;\">Rubio, C.L., (2014, ago.). O corpo na ado\u00e7\u00e3o, com ou sem segredo.\u00a0<i>Apalavra<\/i>, (4), 120-125.<\/li>\n<\/ul>\n<\/div><\/div><\/div><\/div><\/div>\n","protected":false},"excerpt":{"rendered":"","protected":false},"author":1,"featured_media":0,"parent":58,"menu_order":6,"comment_status":"closed","ping_status":"closed","template":"","meta":{"_monsterinsights_skip_tracking":false,"_monsterinsights_sitenote_active":false,"_monsterinsights_sitenote_note":"","_monsterinsights_sitenote_category":0,"footnotes":""},"_links":{"self":[{"href":"https:\/\/enapol.com\/viii\/wp-json\/wp\/v2\/pages\/878"}],"collection":[{"href":"https:\/\/enapol.com\/viii\/wp-json\/wp\/v2\/pages"}],"about":[{"href":"https:\/\/enapol.com\/viii\/wp-json\/wp\/v2\/types\/page"}],"author":[{"embeddable":true,"href":"https:\/\/enapol.com\/viii\/wp-json\/wp\/v2\/users\/1"}],"replies":[{"embeddable":true,"href":"https:\/\/enapol.com\/viii\/wp-json\/wp\/v2\/comments?post=878"}],"version-history":[{"count":2,"href":"https:\/\/enapol.com\/viii\/wp-json\/wp\/v2\/pages\/878\/revisions"}],"predecessor-version":[{"id":900,"href":"https:\/\/enapol.com\/viii\/wp-json\/wp\/v2\/pages\/878\/revisions\/900"}],"up":[{"embeddable":true,"href":"https:\/\/enapol.com\/viii\/wp-json\/wp\/v2\/pages\/58"}],"wp:attachment":[{"href":"https:\/\/enapol.com\/viii\/wp-json\/wp\/v2\/media?parent=878"}],"curies":[{"name":"wp","href":"https:\/\/api.w.org\/{rel}","templated":true}]}}