{"id":92,"date":"2021-09-06T16:49:47","date_gmt":"2021-09-06T16:49:47","guid":{"rendered":"http:\/\/x-enapol.org\/viii\/?page_id=92"},"modified":"2021-09-06T22:54:09","modified_gmt":"2021-09-06T22:54:09","slug":"inscripcion","status":"publish","type":"page","link":"https:\/\/enapol.com\/viii\/encuentro\/inscripcion\/","title":{"rendered":"Inscripci\u00f3n"},"content":{"rendered":"<div class=\"fusion-fullwidth fullwidth-box fusion-builder-row-1 fusion-flex-container nonhundred-percent-fullwidth non-hundred-percent-height-scrolling\" style=\"--awb-border-radius-top-left:0px;--awb-border-radius-top-right:0px;--awb-border-radius-bottom-right:0px;--awb-border-radius-bottom-left:0px;--awb-flex-wrap:wrap;\" ><div class=\"fusion-builder-row fusion-row fusion-flex-align-items-flex-start fusion-flex-content-wrap\" style=\"max-width:1352px;margin-left: calc(-4% \/ 2 );margin-right: calc(-4% \/ 2 );\"><div class=\"fusion-layout-column fusion_builder_column fusion-builder-column-0 fusion_builder_column_1_1 1_1 fusion-flex-column\" style=\"--awb-bg-size:cover;--awb-width-large:100%;--awb-margin-top-large:0px;--awb-spacing-right-large:1.92%;--awb-margin-bottom-large:20px;--awb-spacing-left-large:1.92%;--awb-width-medium:100%;--awb-order-medium:0;--awb-spacing-right-medium:1.92%;--awb-spacing-left-medium:1.92%;--awb-width-small:100%;--awb-order-small:0;--awb-spacing-right-small:1.92%;--awb-spacing-left-small:1.92%;\"><div class=\"fusion-column-wrapper fusion-column-has-shadow fusion-flex-justify-content-flex-start fusion-content-layout-column\"><div class=\"fusion-image-element \" style=\"--awb-caption-title-font-family:var(--h2_typography-font-family);--awb-caption-title-font-weight:var(--h2_typography-font-weight);--awb-caption-title-font-style:var(--h2_typography-font-style);--awb-caption-title-size:var(--h2_typography-font-size);--awb-caption-title-transform:var(--h2_typography-text-transform);--awb-caption-title-line-height:var(--h2_typography-line-height);--awb-caption-title-letter-spacing:var(--h2_typography-letter-spacing);\"><span class=\" fusion-imageframe imageframe-none imageframe-1 hover-type-none\"><img decoding=\"async\" width=\"960\" height=\"1118\" title=\"17-09-11_Termina-la-inscripcion\" src=\"http:\/\/enapol.com\/viii\/wp-content\/uploads\/sites\/6\/2021\/09\/17-09-11_Termina-la-inscripcion.jpg\" alt class=\"img-responsive wp-image-532\" srcset=\"https:\/\/enapol.com\/viii\/wp-content\/uploads\/sites\/6\/2021\/09\/17-09-11_Termina-la-inscripcion-200x233.jpg 200w, https:\/\/enapol.com\/viii\/wp-content\/uploads\/sites\/6\/2021\/09\/17-09-11_Termina-la-inscripcion-400x466.jpg 400w, https:\/\/enapol.com\/viii\/wp-content\/uploads\/sites\/6\/2021\/09\/17-09-11_Termina-la-inscripcion-600x699.jpg 600w, https:\/\/enapol.com\/viii\/wp-content\/uploads\/sites\/6\/2021\/09\/17-09-11_Termina-la-inscripcion-800x932.jpg 800w, https:\/\/enapol.com\/viii\/wp-content\/uploads\/sites\/6\/2021\/09\/17-09-11_Termina-la-inscripcion.jpg 960w\" sizes=\"(max-width: 1024px) 100vw, (max-width: 640px) 100vw, 960px\" \/><\/span><\/div><div class=\"fusion-text fusion-text-1\"><p style=\"text-align: justify;\"><b>ATENCI\u00d3N:<\/b>\u00a0Los precios est\u00e1n expresados en pesos argentinos. Ser\u00e1n ajustados en funci\u00f3n de los cambios producidos en la Argentina en el valor d\u00f3lar. Esta grilla est\u00e1 armada seg\u00fan U$D 1 = $18.<\/p>\n<div class=\"inscripciones\" style=\"text-align: justify;\">\n<h4>VIII ENAPOL<\/h4>\n<p>14 y 15 de septiembre de 2017<\/p>\n<table class=\"lineapuntostabla\" border=\"0\" width=\"100%\" cellspacing=\"1\" cellpadding=\"2\">\n<tbody>\n<tr>\n<td><\/td>\n<td align=\"center\"><b>Desde 10\/8<\/b><\/td>\n<\/tr>\n<tr>\n<td><\/td>\n<td align=\"center\"><b>$<\/b><\/td>\n<\/tr>\n<tr>\n<td>Miembros de la AMP<\/td>\n<td align=\"center\">5400<\/td>\n<\/tr>\n<tr>\n<td>No miembros de la AMP<\/td>\n<td align=\"center\">4500<\/td>\n<\/tr>\n<tr>\n<td>Participantes de los establecimientos asociados al ICF*<\/td>\n<td align=\"center\">3600<\/td>\n<\/tr>\n<tr>\n<td>Residentes y concurrentes hospitalarios*<\/td>\n<td align=\"center\">3600<\/td>\n<\/tr>\n<tr>\n<td>Estudiantes**<\/td>\n<td align=\"center\">2700<\/td>\n<\/tr>\n<\/tbody>\n<\/table>\n<p><i>El sistema de pago permite que se pueda pagar en cuotas o con distintas tarjetas.<\/i><\/p>\n<h3>SEMANA LACANIANA<\/h3>\n<h4>VIII ENAPOL + XXVI Jornadas de la EOL<\/h4>\n<p>14\/15 y 16\/17 de septiembre de 2017<\/p>\n<table class=\"lineapuntostabla\" border=\"0\" width=\"100%\" cellspacing=\"1\" cellpadding=\"2\">\n<tbody>\n<tr>\n<td><\/td>\n<td align=\"center\"><b>Desde 10\/8<\/b><\/td>\n<\/tr>\n<tr>\n<td><\/td>\n<td align=\"center\"><b>$<\/b><\/td>\n<\/tr>\n<tr>\n<td>Miembros de la AMP<\/td>\n<td align=\"center\">7900<\/td>\n<\/tr>\n<tr>\n<td>Miembros interior de Argentina<\/td>\n<td align=\"center\">7400<\/td>\n<\/tr>\n<tr>\n<td>No Miembros de la AMP<\/td>\n<td align=\"center\">6500<\/td>\n<\/tr>\n<tr>\n<td>Participantes de los establecimientos asociados al ICF*<\/td>\n<td align=\"center\">5100<\/td>\n<\/tr>\n<tr>\n<td>Residentes, concurrentes hospitalarios<\/td>\n<td align=\"center\">5100<\/td>\n<\/tr>\n<tr>\n<td>Estudiantes**<\/td>\n<td align=\"center\">3800<\/td>\n<\/tr>\n<\/tbody>\n<\/table>\n<div>\n<p>A partir del 12 de Septiembre, las inscripciones deben hacerse con efectivo o tarjeta en la EOL o en el Hotel Hilton.<\/p>\n<\/div>\n<p><strong>Formas de pago<\/strong><\/p>\n<ul>\n<li>Pago en efectivo en la sede de la EOL<\/li>\n<li>Pago con tarjeta de d\u00e9bito: Banelco o Maestro en la sede de la EOL.<\/li>\n<li>Pago con tarjeta de cr\u00e9dito: Visa o Master en la sede de la EOL<\/li>\n<\/ul>\n<h4>Pol\u00edtica de cancelaci\u00f3n<\/h4>\n<p>Todo inscripto que, cualquiera sea el motivo, necesite cancelar su inscripci\u00f3n, podr\u00e1 hacerlo por cualquier medio fehaciente. Si la cancelaci\u00f3n se formula hasta la fecha de 30 de agosto, la organizaci\u00f3n le reintegrar\u00e1 el 50%. Pasada esa fecha no se realizar\u00e1 reintegro alguno.<\/p>\n<\/div>\n<div class=\"NotasPie\">\n<p style=\"text-align: justify;\">* Se les pedir\u00e1 que certifiquen su condici\u00f3n al momento de la inscripci\u00f3n y\/o acreditaci\u00f3n. Establecimientos asociados al IFT:\u00a0<b>ARGENTINA:<\/b>\u00a0ICdeBA (Instituto Cl\u00ednico de Buenos Aires), Centro Descartes (Buenos Aires), CIEC (Centro de Investigaciones y Estudios Cl\u00ednicos- C\u00f3rdoba). IOM2 (Instituto Oscar Masotta &#8211; Resto del pa\u00eds), Maestr\u00eda en psicoan\u00e1lisis de la UNSAM \u2022\u00a0<b>BRASIL:<\/b>\u00a0Bah\u00eda IPB (Instituto de Psican\u00e1lise da Bah\u00eda), Belo Horizonte IPSM-MG (Instituto de Psican\u00e1lise e Saude Mental de Mina Gerais), R\u00edo de Janeiro ICP\/RJ (Instituto de Cl\u00ednica Psicoanal\u00edtica do Rio de Janeiro), Sao Paulo CLIN-a (Centro Lacaniano de Investiga\u00e7\u00e3o da Ansiedade), CLIPP (Cl\u00ednica Lacaniana de Atendimento e Pesquisas en Psicanalise), IPLA (Instituto de Psicanalise Lacaniana)\u00a0<b>\u2022 COLOMBIA:<\/b>\u00a0CID-Bogot\u00e1, CID- Medell\u00edn (en formaci\u00f3n), Antena Infancia y Juventud de Bogot\u00e1\u00a0<b>\u2022 ECUADOR:<\/b>\u00a0CID-Guayaquil\u00a0<b>\u2022 ESTADOS UNIDOS:<\/b>\u00a0CID-Miami, PULSE, seminario en New York\u00a0<b>\u2022 GUATEMALA:<\/b>\u00a0CID-Guatemala\u00a0<b>\u2022 PER\u00da:<\/b>\u00a0CID-Lima\u00a0<b>\u2022 VENEZUELA:<\/b>\u00a0CID-Caracas, ACP CID-Caracas, AP CID-Maracaibo.<br \/>\n** Solo estudiantes universitarios de Grado.<\/p>\n<\/div>\n<\/div><\/div><\/div><\/div><\/div>\n","protected":false},"excerpt":{"rendered":"","protected":false},"author":1,"featured_media":0,"parent":15,"menu_order":2,"comment_status":"closed","ping_status":"closed","template":"","meta":{"_monsterinsights_skip_tracking":false,"_monsterinsights_sitenote_active":false,"_monsterinsights_sitenote_note":"","_monsterinsights_sitenote_category":0,"footnotes":""},"_links":{"self":[{"href":"https:\/\/enapol.com\/viii\/wp-json\/wp\/v2\/pages\/92"}],"collection":[{"href":"https:\/\/enapol.com\/viii\/wp-json\/wp\/v2\/pages"}],"about":[{"href":"https:\/\/enapol.com\/viii\/wp-json\/wp\/v2\/types\/page"}],"author":[{"embeddable":true,"href":"https:\/\/enapol.com\/viii\/wp-json\/wp\/v2\/users\/1"}],"replies":[{"embeddable":true,"href":"https:\/\/enapol.com\/viii\/wp-json\/wp\/v2\/comments?post=92"}],"version-history":[{"count":4,"href":"https:\/\/enapol.com\/viii\/wp-json\/wp\/v2\/pages\/92\/revisions"}],"predecessor-version":[{"id":535,"href":"https:\/\/enapol.com\/viii\/wp-json\/wp\/v2\/pages\/92\/revisions\/535"}],"up":[{"embeddable":true,"href":"https:\/\/enapol.com\/viii\/wp-json\/wp\/v2\/pages\/15"}],"wp:attachment":[{"href":"https:\/\/enapol.com\/viii\/wp-json\/wp\/v2\/media?parent=92"}],"curies":[{"name":"wp","href":"https:\/\/api.w.org\/{rel}","templated":true}]}}