{"id":94,"date":"2021-09-06T16:49:56","date_gmt":"2021-09-06T16:49:56","guid":{"rendered":"http:\/\/x-enapol.org\/viii\/?page_id=94"},"modified":"2021-09-06T22:55:46","modified_gmt":"2021-09-06T22:55:46","slug":"inscricao","status":"publish","type":"page","link":"https:\/\/enapol.com\/viii\/pt\/encontro\/inscricao\/","title":{"rendered":"Inscri\u00e7\u00e3o"},"content":{"rendered":"<div class=\"fusion-fullwidth fullwidth-box fusion-builder-row-1 fusion-flex-container nonhundred-percent-fullwidth non-hundred-percent-height-scrolling\" style=\"--awb-border-radius-top-left:0px;--awb-border-radius-top-right:0px;--awb-border-radius-bottom-right:0px;--awb-border-radius-bottom-left:0px;--awb-flex-wrap:wrap;\" ><div class=\"fusion-builder-row fusion-row fusion-flex-align-items-flex-start fusion-flex-content-wrap\" style=\"max-width:1352px;margin-left: calc(-4% \/ 2 );margin-right: calc(-4% \/ 2 );\"><div class=\"fusion-layout-column fusion_builder_column fusion-builder-column-0 fusion_builder_column_1_1 1_1 fusion-flex-column\" style=\"--awb-bg-size:cover;--awb-width-large:100%;--awb-margin-top-large:0px;--awb-spacing-right-large:1.92%;--awb-margin-bottom-large:20px;--awb-spacing-left-large:1.92%;--awb-width-medium:100%;--awb-order-medium:0;--awb-spacing-right-medium:1.92%;--awb-spacing-left-medium:1.92%;--awb-width-small:100%;--awb-order-small:0;--awb-spacing-right-small:1.92%;--awb-spacing-left-small:1.92%;\"><div class=\"fusion-column-wrapper fusion-column-has-shadow fusion-flex-justify-content-flex-start fusion-content-layout-column\"><div class=\"fusion-image-element \" style=\"--awb-caption-title-font-family:var(--h2_typography-font-family);--awb-caption-title-font-weight:var(--h2_typography-font-weight);--awb-caption-title-font-style:var(--h2_typography-font-style);--awb-caption-title-size:var(--h2_typography-font-size);--awb-caption-title-transform:var(--h2_typography-text-transform);--awb-caption-title-line-height:var(--h2_typography-line-height);--awb-caption-title-letter-spacing:var(--h2_typography-letter-spacing);\"><span class=\" fusion-imageframe imageframe-none imageframe-1 hover-type-none\"><img decoding=\"async\" width=\"960\" height=\"1118\" title=\"17-09-11_Termina-la-inscripcion (1)\" src=\"http:\/\/enapol.com\/viii\/wp-content\/uploads\/sites\/6\/2021\/09\/17-09-11_Termina-la-inscripcion-1.jpg\" alt class=\"img-responsive wp-image-531\" srcset=\"https:\/\/enapol.com\/viii\/wp-content\/uploads\/sites\/6\/2021\/09\/17-09-11_Termina-la-inscripcion-1-200x233.jpg 200w, https:\/\/enapol.com\/viii\/wp-content\/uploads\/sites\/6\/2021\/09\/17-09-11_Termina-la-inscripcion-1-400x466.jpg 400w, https:\/\/enapol.com\/viii\/wp-content\/uploads\/sites\/6\/2021\/09\/17-09-11_Termina-la-inscripcion-1-600x699.jpg 600w, https:\/\/enapol.com\/viii\/wp-content\/uploads\/sites\/6\/2021\/09\/17-09-11_Termina-la-inscripcion-1-800x932.jpg 800w, https:\/\/enapol.com\/viii\/wp-content\/uploads\/sites\/6\/2021\/09\/17-09-11_Termina-la-inscripcion-1.jpg 960w\" sizes=\"(max-width: 1024px) 100vw, (max-width: 640px) 100vw, 960px\" \/><\/span><\/div><div class=\"fusion-text fusion-text-1\"><p style=\"text-align: justify;\"><b>ATEN\u00c7\u00c3O:<\/b>\u00a0Os pre\u00e7os est\u00e3o expressos em pesos. Ser\u00e3o ajustados em fun\u00e7\u00e3o das mudan\u00e7as produzidas na argentina no valor do d\u00f3lar. Esta grade est\u00e1 montada com o d\u00f3lar equivalente a: U$D 1= $18.<\/p>\n<div class=\"inscripciones\" style=\"text-align: justify;\">\n<h4>VIII ENAPOL<\/h4>\n<p>14 e 15 de setembro de 2017<\/p>\n<table class=\"lineapuntostabla\" border=\"0\" width=\"100%\" cellspacing=\"1\" cellpadding=\"2\">\n<tbody>\n<tr>\n<td>\u00a0<\/td>\n<td align=\"center\"><b>A partir de 10\/8<\/b><\/td>\n<\/tr>\n<tr>\n<td>\u00a0<\/td>\n<td align=\"center\"><b>$<\/b><\/td>\n<\/tr>\n<tr>\n<td>Membros da AMP<\/td>\n<td align=\"center\">5400<\/td>\n<\/tr>\n<tr>\n<td>N\u00e3o membros da AMP<\/td>\n<td align=\"center\">4500<\/td>\n<\/tr>\n<tr>\n<td>Participantes dos estabelecimentos associados ao ICF*<\/td>\n<td align=\"center\">3600<\/td>\n<\/tr>\n<tr>\n<td>Residentes e volunt\u00e1rios hospitalares*<\/td>\n<td align=\"center\">3600<\/td>\n<\/tr>\n<tr>\n<td>Estudantes**<\/td>\n<td align=\"center\">2700<\/td>\n<\/tr>\n<\/tbody>\n<\/table>\n<p><i><\/i>O sistema de pagamento permite que se possa pagar em cotas ou com diferentes cart\u00f5es.<\/p>\n<p>\u00a0<\/p>\n<h3>SEMANA LACANIANA<\/h3>\n<h4>VIII ENAPOL + XXVI Jornadas Anuais da EOL<\/h4>\n<p>14\/15 e 16\/17 de setembro de 2017<\/p>\n<table class=\"lineapuntostabla\" border=\"0\" width=\"100%\" cellspacing=\"1\" cellpadding=\"2\">\n<tbody>\n<tr>\n<td>\u00a0<\/td>\n<td align=\"center\"><b>A partir de 10\/8<\/b><\/td>\n<\/tr>\n<tr>\n<td>\u00a0<\/td>\n<td align=\"center\"><b>$<\/b><\/td>\n<\/tr>\n<tr>\n<td>Membros da AMP<\/td>\n<td align=\"center\">7900<\/td>\n<\/tr>\n<tr>\n<td>N\u00e3o membros da AMP<\/td>\n<td align=\"center\">6500<\/td>\n<\/tr>\n<tr>\n<td>Participantes dos estabelecimentos associados ao ICF*<\/td>\n<td align=\"center\">5100<\/td>\n<\/tr>\n<tr>\n<td>Residentes e volunt\u00e1rios hospitalares*<\/td>\n<td align=\"center\">5100<\/td>\n<\/tr>\n<tr>\n<td>Estudantes**<\/td>\n<td align=\"center\">3800<\/td>\n<\/tr>\n<\/tbody>\n<\/table>\n<div>\n<p>A partir de 12 de setembro, as inscri\u00e7\u00f5es devem ser feitas em esp\u00e9cie ou por meio de cart\u00f5es de cr\u00e9dito na EOL ou no Hotel Hilton.<\/p>\n<\/div>\n<p><strong>Formas de pagamento<\/strong><\/p>\n<ul>\n<li>Pagamento em dinheiro na sede da EOL.<\/li>\n<li>Pagamento com cart\u00e3o de d\u00e9bito: Banelco ou Maestro na sede da EOL.<\/li>\n<li>Pagamento com cart\u00e3o de cr\u00e9dito: Visa ou Master na sede da EOL<\/li>\n<\/ul>\n<p>\u00a0<\/p>\n<h4>Pol\u00edtica de cancelaci\u00f3n<\/h4>\n<p>Todo inscripto que, cualquiera sea el motivo, necesite cancelar su inscripci\u00f3n, podr\u00e1 hacerlo por cualquier medio fehaciente. Si la cancelaci\u00f3n se formula hasta la fecha de 30 de agosto, la organizaci\u00f3n le reintegrar\u00e1 el 50%. Pasada esa fecha no se realizar\u00e1 reintegro alguno.<\/p>\n<\/div>\n<div class=\"NotasPie\">\n<p style=\"text-align: justify;\">* No momento da inscri\u00e7\u00e3o e\/ou credenciamento, lhes ser\u00e1 pedido para certificarem sua condi\u00e7\u00e3o. Establecimientos asociados al IFT:\u00a0<b>ARGENTINA:<\/b>\u00a0ICdeBA (Instituto Cl\u00ednico de Buenos Aires), Centro Descartes (Buenos Aires), CIEC (Centro de Investigaciones y Estudios Cl\u00ednicos- C\u00f3rdoba). IOM2 (Instituto Oscar Masotta &#8211; Resto del pa\u00eds), Maestr\u00eda en psicoan\u00e1lisis de la UNSAM \u2022\u00a0<b>BRASIL:<\/b>\u00a0Bah\u00eda IPB (Instituto de Psican\u00e1lise da Bah\u00eda), Belo Horizonte IPSM-MG (Instituto de Psican\u00e1lise e Saude Mental de Mina Gerais), R\u00edo de Janeiro ICP\/RJ (Instituto de Cl\u00ednica Psicoanal\u00edtica do Rio de Janeiro), Sao Paulo CLIN-a (Centro Lacaniano de Investiga\u00e7\u00e3o da Ansiedade), CLIPP (Cl\u00ednica Lacaniana de Atendimento e Pesquisas en Psicanalise), IPLA (Instituto de Psicanalise Lacaniana)\u00a0<b>\u2022 COLOMBIA:<\/b>\u00a0CID-Bogot\u00e1, CID- Medell\u00edn (en formaci\u00f3n), Antena Infancia y Juventud de Bogot\u00e1\u00a0<b>\u2022 ECUADOR:<\/b>\u00a0CID-Guayaquil\u00a0<b>\u2022 ESTADOS UNIDOS:<\/b>\u00a0CID-Miami, PULSE, seminario en New York\u00a0<b>\u2022 GUATEMALA:<\/b>\u00a0CID-Guatemala\u00a0<b>\u2022 PER\u00da:<\/b>\u00a0CID-Lima\u00a0<b>\u2022 VENEZUELA:<\/b>\u00a0CID-Caracas, ACP CID-Caracas, AP CID-Maracaibo.<br \/>** Somente estudantes universit\u00e1rios de Gradua\u00e7\u00e3o.<\/p>\n<\/div>\n<\/div><\/div><\/div><\/div><\/div>\n","protected":false},"excerpt":{"rendered":"","protected":false},"author":1,"featured_media":0,"parent":17,"menu_order":2,"comment_status":"closed","ping_status":"closed","template":"","meta":{"_monsterinsights_skip_tracking":false,"_monsterinsights_sitenote_active":false,"_monsterinsights_sitenote_note":"","_monsterinsights_sitenote_category":0,"footnotes":""},"_links":{"self":[{"href":"https:\/\/enapol.com\/viii\/wp-json\/wp\/v2\/pages\/94"}],"collection":[{"href":"https:\/\/enapol.com\/viii\/wp-json\/wp\/v2\/pages"}],"about":[{"href":"https:\/\/enapol.com\/viii\/wp-json\/wp\/v2\/types\/page"}],"author":[{"embeddable":true,"href":"https:\/\/enapol.com\/viii\/wp-json\/wp\/v2\/users\/1"}],"replies":[{"embeddable":true,"href":"https:\/\/enapol.com\/viii\/wp-json\/wp\/v2\/comments?post=94"}],"version-history":[{"count":2,"href":"https:\/\/enapol.com\/viii\/wp-json\/wp\/v2\/pages\/94\/revisions"}],"predecessor-version":[{"id":536,"href":"https:\/\/enapol.com\/viii\/wp-json\/wp\/v2\/pages\/94\/revisions\/536"}],"up":[{"embeddable":true,"href":"https:\/\/enapol.com\/viii\/wp-json\/wp\/v2\/pages\/17"}],"wp:attachment":[{"href":"https:\/\/enapol.com\/viii\/wp-json\/wp\/v2\/media?parent=94"}],"curies":[{"name":"wp","href":"https:\/\/api.w.org\/{rel}","templated":true}]}}