{"id":1689,"date":"2021-04-15T18:21:26","date_gmt":"2021-04-15T21:21:26","guid":{"rendered":"http:\/\/x-enapol.org\/?page_id=1689"},"modified":"2021-04-15T19:09:52","modified_gmt":"2021-04-15T22:09:52","slug":"textos-de-orientacion","status":"publish","type":"page","link":"https:\/\/enapol.com\/x\/textos-de-orientacion\/","title":{"rendered":"TEXTOS DE ORIENTACI\u00d3N"},"content":{"rendered":"<div class=\"fusion-fullwidth fullwidth-box fusion-builder-row-1 fusion-flex-container hundred-percent-fullwidth non-hundred-percent-height-scrolling\" style=\"--awb-background-position:left top;--awb-border-sizes-top:0px;--awb-border-sizes-bottom:0px;--awb-border-sizes-left:0px;--awb-border-sizes-right:0px;--awb-border-radius-top-left:0px;--awb-border-radius-top-right:0px;--awb-border-radius-bottom-right:0px;--awb-border-radius-bottom-left:0px;--awb-padding-top:0px;--awb-padding-right:0px;--awb-padding-bottom:0px;--awb-padding-left:0px;--awb-margin-top:40PX;--awb-flex-wrap:wrap;\" ><div class=\"fusion-builder-row fusion-row fusion-flex-align-items-stretch fusion-flex-content-wrap\" style=\"width:104% !important;max-width:104% !important;margin-left: calc(-4% \/ 2 );margin-right: calc(-4% \/ 2 );\"><div class=\"fusion-layout-column fusion_builder_column fusion-builder-column-0 fusion_builder_column_1_1 1_1 fusion-flex-column fusion-flex-align-self-flex-start fusion-column-no-min-height\" style=\"--awb-bg-size:cover;--awb-width-large:100%;--awb-margin-top-large:0px;--awb-spacing-right-large:1.92%;--awb-margin-bottom-large:0px;--awb-spacing-left-large:1.92%;--awb-width-medium:100%;--awb-spacing-right-medium:1.92%;--awb-spacing-left-medium:1.92%;--awb-width-small:100%;--awb-spacing-right-small:1.92%;--awb-spacing-left-small:1.92%;\"><div class=\"fusion-column-wrapper fusion-flex-justify-content-flex-start fusion-content-layout-column\"><style type=\"text\/css\">.fusion-portfolio-wrapper#fusion-portfolio-1 .fusion-portfolio-content{ padding: 25px 25px 25px 25px; text-align: left; }<\/style><div class=\"fusion-recent-works fusion-portfolio-element fusion-portfolio fusion-portfolio-1 fusion-portfolio-grid fusion-portfolio-paging-load-more-button fusion-portfolio-four fusion-portfolio-boxed fusion-portfolio-text fusion-portfolio-equal-heights fusion-portfolio-rollover\" data-id=\"-rw-1\" data-columns=\"four\"><style type=\"text\/css\">.fusion-portfolio-1 .fusion-portfolio-wrapper .fusion-col-spacing{padding:15px;}<\/style><div class=\"fusion-portfolio-wrapper\" id=\"fusion-portfolio-1\" data-picturesize=\"fixed\" data-pages=\"1\" style=\"margin:-15px;\"><article id=\"portfolio-1-post-2775\" class=\"fusion-portfolio-post textos-de-orientacion fusion-col-spacing post-2775\"><div class=\"fusion-portfolio-content-wrapper\" style=\"border:1px solid #0b0b0f;border-bottom-width:3px;background-color:rgba(11,11,15,1);\"><span class=\"vcard rich-snippet-hidden\"><span class=\"fn\"><a href=\"https:\/\/enapol.com\/x\/blog\/author\/gonzalozabala\/\" title=\"Entradas de gonzalozabala\" rel=\"author\">gonzalozabala<\/a><\/span><\/span><span class=\"updated rich-snippet-hidden\">2021-09-14T11:57:35-03:00<\/span><div  class=\"fusion-image-wrapper fusion-image-size-fixed\" aria-haspopup=\"true\">\n\t\t\t\t<img decoding=\"async\" width=\"300\" height=\"214\" src=\"https:\/\/enapol.com\/x\/wp-content\/uploads\/sites\/1\/2021\/09\/WhatsApp-Image-2021-09-14-at-11.14.32-300x214.jpeg\" class=\"attachment-portfolio-three size-portfolio-three wp-post-image\" alt=\"\" \/><div class=\"fusion-rollover\">\n\t<div class=\"fusion-rollover-content\">\n\n\t\t\t\t\t\t\t\t\t\t\t\t\t\t<a class=\"fusion-rollover-link\" href=\"https:\/\/enapol.com\/x\/blog\/portfolio-items\/lo-nuevo-del-amor-en-femenino\/?portfolioCats=41\">Lo nuevo del amor en femenino<\/a>\n\t\t\t\n\t\t\t\t\t\t\t\t\n\t\t\n\t\t\t\t\t\t\t\t\n\t\t\t\t\t\t\t\t\n\t\t\n\t\t\t\t\t\t<a class=\"fusion-link-wrapper\" href=\"https:\/\/enapol.com\/x\/blog\/portfolio-items\/lo-nuevo-del-amor-en-femenino\/?portfolioCats=41\" aria-label=\"Lo nuevo del amor en femenino\"><\/a>\n\t<\/div>\n<\/div>\n<\/div>\n<div class=\"fusion-portfolio-content\" style=\"background-color:rgba(11,11,15,1);\"><h2 class=\"entry-title fusion-post-title\"><a href=\"https:\/\/enapol.com\/x\/blog\/portfolio-items\/lo-nuevo-del-amor-en-femenino\/?portfolioCats=41\">Lo nuevo del amor en femenino<\/a><\/h2><div class=\"fusion-post-content\"><\/div><\/div><\/div><\/article><article id=\"portfolio-1-post-2122\" class=\"fusion-portfolio-post textos-de-orientacion fusion-col-spacing post-2122\"><div class=\"fusion-portfolio-content-wrapper\" style=\"border:1px solid #0b0b0f;border-bottom-width:3px;background-color:rgba(11,11,15,1);\"><span class=\"vcard rich-snippet-hidden\"><span class=\"fn\"><a href=\"https:\/\/enapol.com\/x\/blog\/author\/gonzalozabala\/\" title=\"Entradas de gonzalozabala\" rel=\"author\">gonzalozabala<\/a><\/span><\/span><span class=\"updated rich-snippet-hidden\">2021-06-04T13:22:26-03:00<\/span><div  class=\"fusion-image-wrapper fusion-image-size-fixed\" aria-haspopup=\"true\">\n\t\t\t\t<img decoding=\"async\" width=\"300\" height=\"214\" src=\"https:\/\/enapol.com\/x\/wp-content\/uploads\/sites\/1\/2021\/06\/Santiago-300x214.jpg\" class=\"attachment-portfolio-three size-portfolio-three wp-post-image\" alt=\"\" \/><div class=\"fusion-rollover\">\n\t<div class=\"fusion-rollover-content\">\n\n\t\t\t\t\t\t\t\t\t\t\t\t\t\t<a class=\"fusion-rollover-link\" href=\"https:\/\/enapol.com\/x\/blog\/portfolio-items\/la-maquina-del-no-todo-y-el-sintoma-como-serie-sin-limite\/?portfolioCats=41\">La m\u00e1quina del no-todo y el s\u00edntoma como serie sin-l\u00edmite<\/a>\n\t\t\t\n\t\t\t\t\t\t\t\t\n\t\t\n\t\t\t\t\t\t\t\t\n\t\t\t\t\t\t\t\t\n\t\t\n\t\t\t\t\t\t<a class=\"fusion-link-wrapper\" href=\"https:\/\/enapol.com\/x\/blog\/portfolio-items\/la-maquina-del-no-todo-y-el-sintoma-como-serie-sin-limite\/?portfolioCats=41\" aria-label=\"La m\u00e1quina del no-todo y el s\u00edntoma como serie sin-l\u00edmite\"><\/a>\n\t<\/div>\n<\/div>\n<\/div>\n<div class=\"fusion-portfolio-content\" style=\"background-color:rgba(11,11,15,1);\"><h2 class=\"entry-title fusion-post-title\"><a href=\"https:\/\/enapol.com\/x\/blog\/portfolio-items\/la-maquina-del-no-todo-y-el-sintoma-como-serie-sin-limite\/?portfolioCats=41\">La m\u00e1quina del no-todo y el s\u00edntoma como serie sin-l\u00edmite<\/a><\/h2><div class=\"fusion-post-content\"><\/div><\/div><\/div><\/article><article id=\"portfolio-1-post-2118\" class=\"fusion-portfolio-post textos-de-orientacion fusion-col-spacing post-2118\"><div class=\"fusion-portfolio-content-wrapper\" style=\"border:1px solid #0b0b0f;border-bottom-width:3px;background-color:rgba(11,11,15,1);\"><span class=\"vcard rich-snippet-hidden\"><span class=\"fn\"><a href=\"https:\/\/enapol.com\/x\/blog\/author\/gonzalozabala\/\" title=\"Entradas de gonzalozabala\" rel=\"author\">gonzalozabala<\/a><\/span><\/span><span class=\"updated rich-snippet-hidden\">2021-06-04T12:34:00-03:00<\/span><div  class=\"fusion-image-wrapper fusion-image-size-fixed\" aria-haspopup=\"true\">\n\t\t\t\t<img decoding=\"async\" width=\"300\" height=\"214\" src=\"https:\/\/enapol.com\/x\/wp-content\/uploads\/sites\/1\/2021\/06\/Graciela-Brodsky-300x214.jpg\" class=\"attachment-portfolio-three size-portfolio-three wp-post-image\" alt=\"\" \/><div class=\"fusion-rollover\">\n\t<div class=\"fusion-rollover-content\">\n\n\t\t\t\t\t\t\t\t\t\t\t\t\t\t<a class=\"fusion-rollover-link\" href=\"https:\/\/enapol.com\/x\/blog\/portfolio-items\/un-amor-mas-digno\/?portfolioCats=41\">Un amor m\u00e1s digno<\/a>\n\t\t\t\n\t\t\t\t\t\t\t\t\n\t\t\n\t\t\t\t\t\t\t\t\n\t\t\t\t\t\t\t\t\n\t\t\n\t\t\t\t\t\t<a class=\"fusion-link-wrapper\" href=\"https:\/\/enapol.com\/x\/blog\/portfolio-items\/un-amor-mas-digno\/?portfolioCats=41\" aria-label=\"Un amor m\u00e1s digno\"><\/a>\n\t<\/div>\n<\/div>\n<\/div>\n<div class=\"fusion-portfolio-content\" style=\"background-color:rgba(11,11,15,1);\"><h2 class=\"entry-title fusion-post-title\"><a href=\"https:\/\/enapol.com\/x\/blog\/portfolio-items\/un-amor-mas-digno\/?portfolioCats=41\">Un amor m\u00e1s digno<\/a><\/h2><div class=\"fusion-post-content\"><\/div><\/div><\/div><\/article><article id=\"portfolio-1-post-2124\" class=\"fusion-portfolio-post textos-de-orientacion fusion-col-spacing post-2124\"><div class=\"fusion-portfolio-content-wrapper\" style=\"border:1px solid #0b0b0f;border-bottom-width:3px;background-color:rgba(11,11,15,1);\"><span class=\"vcard rich-snippet-hidden\"><span class=\"fn\"><a href=\"https:\/\/enapol.com\/x\/blog\/author\/gonzalozabala\/\" title=\"Entradas de gonzalozabala\" rel=\"author\">gonzalozabala<\/a><\/span><\/span><span class=\"updated rich-snippet-hidden\">2021-06-07T11:42:49-03:00<\/span><div  class=\"fusion-image-wrapper fusion-image-size-fixed\" aria-haspopup=\"true\">\n\t\t\t\t<img decoding=\"async\" width=\"300\" height=\"214\" src=\"https:\/\/enapol.com\/x\/wp-content\/uploads\/sites\/1\/2021\/06\/WhatsApp-Image-2021-06-07-at-11.35.30-300x214.jpeg\" class=\"attachment-portfolio-three size-portfolio-three wp-post-image\" alt=\"\" \/><div class=\"fusion-rollover\">\n\t<div class=\"fusion-rollover-content\">\n\n\t\t\t\t\t\t\t\t\t\t\t\t\t\t<a class=\"fusion-rollover-link\" href=\"https:\/\/enapol.com\/x\/blog\/portfolio-items\/revalorizar-el-amor\/?portfolioCats=41\">Revalorizar el amor<\/a>\n\t\t\t\n\t\t\t\t\t\t\t\t\n\t\t\n\t\t\t\t\t\t\t\t\n\t\t\t\t\t\t\t\t\n\t\t\n\t\t\t\t\t\t<a class=\"fusion-link-wrapper\" href=\"https:\/\/enapol.com\/x\/blog\/portfolio-items\/revalorizar-el-amor\/?portfolioCats=41\" aria-label=\"Revalorizar el amor\"><\/a>\n\t<\/div>\n<\/div>\n<\/div>\n<div class=\"fusion-portfolio-content\" style=\"background-color:rgba(11,11,15,1);\"><h2 class=\"entry-title fusion-post-title\"><a href=\"https:\/\/enapol.com\/x\/blog\/portfolio-items\/revalorizar-el-amor\/?portfolioCats=41\">Revalorizar el amor<\/a><\/h2><div class=\"fusion-post-content\"><\/div><\/div><\/div><\/article><article id=\"portfolio-1-post-2126\" class=\"fusion-portfolio-post textos-de-orientacion fusion-col-spacing post-2126\"><div class=\"fusion-portfolio-content-wrapper\" style=\"border:1px solid #0b0b0f;border-bottom-width:3px;background-color:rgba(11,11,15,1);\"><span class=\"vcard rich-snippet-hidden\"><span class=\"fn\"><a href=\"https:\/\/enapol.com\/x\/blog\/author\/gonzalozabala\/\" title=\"Entradas de gonzalozabala\" rel=\"author\">gonzalozabala<\/a><\/span><\/span><span class=\"updated rich-snippet-hidden\">2021-06-03T20:38:23-03:00<\/span><div  class=\"fusion-image-wrapper fusion-image-size-fixed\" aria-haspopup=\"true\">\n\t\t\t\t<img decoding=\"async\" width=\"300\" height=\"214\" src=\"https:\/\/enapol.com\/x\/wp-content\/uploads\/sites\/1\/2021\/06\/Sergio-Laia-300x214.jpeg\" class=\"attachment-portfolio-three size-portfolio-three wp-post-image\" alt=\"\" \/><div class=\"fusion-rollover\">\n\t<div class=\"fusion-rollover-content\">\n\n\t\t\t\t\t\t\t\t\t\t\t\t\t\t<a class=\"fusion-rollover-link\" href=\"https:\/\/enapol.com\/x\/blog\/portfolio-items\/la-transferencia-sus-mutaciones-y-lo-real\/?portfolioCats=41\">La transferencia, sus mutaciones y lo real<\/a>\n\t\t\t\n\t\t\t\t\t\t\t\t\n\t\t\n\t\t\t\t\t\t\t\t\n\t\t\t\t\t\t\t\t\n\t\t\n\t\t\t\t\t\t<a class=\"fusion-link-wrapper\" href=\"https:\/\/enapol.com\/x\/blog\/portfolio-items\/la-transferencia-sus-mutaciones-y-lo-real\/?portfolioCats=41\" aria-label=\"La transferencia, sus mutaciones y lo real\"><\/a>\n\t<\/div>\n<\/div>\n<\/div>\n<div class=\"fusion-portfolio-content\" style=\"background-color:rgba(11,11,15,1);\"><h2 class=\"entry-title fusion-post-title\"><a href=\"https:\/\/enapol.com\/x\/blog\/portfolio-items\/la-transferencia-sus-mutaciones-y-lo-real\/?portfolioCats=41\">La transferencia, sus mutaciones y lo real<\/a><\/h2><div class=\"fusion-post-content\"><\/div><\/div><\/div><\/article><article id=\"portfolio-1-post-2091\" class=\"fusion-portfolio-post textos-de-orientacion fusion-col-spacing post-2091\"><div class=\"fusion-portfolio-content-wrapper\" style=\"border:1px solid #0b0b0f;border-bottom-width:3px;background-color:rgba(11,11,15,1);\"><span class=\"vcard rich-snippet-hidden\"><span class=\"fn\"><a href=\"https:\/\/enapol.com\/x\/blog\/author\/gonzalozabala\/\" title=\"Entradas de gonzalozabala\" rel=\"author\">gonzalozabala<\/a><\/span><\/span><span class=\"updated rich-snippet-hidden\">2021-06-02T10:11:12-03:00<\/span><div  class=\"fusion-image-wrapper fusion-image-size-fixed\" aria-haspopup=\"true\">\n\t\t\t\t<img decoding=\"async\" width=\"300\" height=\"214\" src=\"https:\/\/enapol.com\/x\/wp-content\/uploads\/sites\/1\/2021\/05\/Ronald-Portillo-300x214.jpg\" class=\"attachment-portfolio-three size-portfolio-three wp-post-image\" alt=\"\" \/><div class=\"fusion-rollover\">\n\t<div class=\"fusion-rollover-content\">\n\n\t\t\t\t\t\t\t\t\t\t\t\t\t\t<a class=\"fusion-rollover-link\" href=\"https:\/\/enapol.com\/x\/blog\/portfolio-items\/el-amor-como-invencion\/?portfolioCats=41\">El amor como invenci\u00f3n<\/a>\n\t\t\t\n\t\t\t\t\t\t\t\t\n\t\t\n\t\t\t\t\t\t\t\t\n\t\t\t\t\t\t\t\t\n\t\t\n\t\t\t\t\t\t<a class=\"fusion-link-wrapper\" href=\"https:\/\/enapol.com\/x\/blog\/portfolio-items\/el-amor-como-invencion\/?portfolioCats=41\" aria-label=\"El amor como invenci\u00f3n\"><\/a>\n\t<\/div>\n<\/div>\n<\/div>\n<div class=\"fusion-portfolio-content\" style=\"background-color:rgba(11,11,15,1);\"><h2 class=\"entry-title fusion-post-title\"><a href=\"https:\/\/enapol.com\/x\/blog\/portfolio-items\/el-amor-como-invencion\/?portfolioCats=41\">El amor como invenci\u00f3n<\/a><\/h2><div class=\"fusion-post-content\"><\/div><\/div><\/div><\/article><article id=\"portfolio-1-post-1695\" class=\"fusion-portfolio-post textos-de-orientacion fusion-col-spacing post-1695\"><div class=\"fusion-portfolio-content-wrapper\" style=\"border:1px solid #0b0b0f;border-bottom-width:3px;background-color:rgba(11,11,15,1);\"><span class=\"vcard rich-snippet-hidden\"><span class=\"fn\"><a href=\"https:\/\/enapol.com\/x\/blog\/author\/gonzalozabala\/\" title=\"Entradas de gonzalozabala\" rel=\"author\">gonzalozabala<\/a><\/span><\/span><span class=\"updated rich-snippet-hidden\">2021-04-15T18:27:50-03:00<\/span><div  class=\"fusion-image-wrapper fusion-image-size-fixed\" aria-haspopup=\"true\">\n\t\t\t\t<img decoding=\"async\" width=\"300\" height=\"214\" src=\"https:\/\/enapol.com\/x\/wp-content\/uploads\/sites\/1\/2021\/04\/JA-Miller-300x214.jpg\" class=\"attachment-portfolio-three size-portfolio-three wp-post-image\" alt=\"\" \/><div class=\"fusion-rollover\">\n\t<div class=\"fusion-rollover-content\">\n\n\t\t\t\t\t\t\t\t\t\t\t\t\t\t<a class=\"fusion-rollover-link\" href=\"https:\/\/enapol.com\/x\/blog\/portfolio-items\/el-amor-al-projimo-san-martin-y-salomon\/?portfolioCats=41\">El amor al pr\u00f3jimo. San Mart\u00edn y Salom\u00f3n<\/a>\n\t\t\t\n\t\t\t\t\t\t\t\t\n\t\t\n\t\t\t\t\t\t\t\t\n\t\t\t\t\t\t\t\t\n\t\t\n\t\t\t\t\t\t<a class=\"fusion-link-wrapper\" href=\"https:\/\/enapol.com\/x\/blog\/portfolio-items\/el-amor-al-projimo-san-martin-y-salomon\/?portfolioCats=41\" aria-label=\"El amor al pr\u00f3jimo. San Mart\u00edn y Salom\u00f3n\"><\/a>\n\t<\/div>\n<\/div>\n<\/div>\n<div class=\"fusion-portfolio-content\" style=\"background-color:rgba(11,11,15,1);\"><h2 class=\"entry-title fusion-post-title\"><a href=\"https:\/\/enapol.com\/x\/blog\/portfolio-items\/el-amor-al-projimo-san-martin-y-salomon\/?portfolioCats=41\">El amor al pr\u00f3jimo. San Mart\u00edn y Salom\u00f3n<\/a><\/h2><div class=\"fusion-post-content\"><\/div><\/div><\/div><\/article><\/div><\/div><\/div><\/div><\/div><\/div>\n","protected":false},"excerpt":{"rendered":"","protected":false},"author":1,"featured_media":0,"parent":0,"menu_order":0,"comment_status":"closed","ping_status":"closed","template":"","meta":{"_monsterinsights_skip_tracking":false,"_monsterinsights_sitenote_active":false,"_monsterinsights_sitenote_note":"","_monsterinsights_sitenote_category":0,"footnotes":""},"_links":{"self":[{"href":"https:\/\/enapol.com\/x\/wp-json\/wp\/v2\/pages\/1689"}],"collection":[{"href":"https:\/\/enapol.com\/x\/wp-json\/wp\/v2\/pages"}],"about":[{"href":"https:\/\/enapol.com\/x\/wp-json\/wp\/v2\/types\/page"}],"author":[{"embeddable":true,"href":"https:\/\/enapol.com\/x\/wp-json\/wp\/v2\/users\/1"}],"replies":[{"embeddable":true,"href":"https:\/\/enapol.com\/x\/wp-json\/wp\/v2\/comments?post=1689"}],"version-history":[{"count":7,"href":"https:\/\/enapol.com\/x\/wp-json\/wp\/v2\/pages\/1689\/revisions"}],"predecessor-version":[{"id":1701,"href":"https:\/\/enapol.com\/x\/wp-json\/wp\/v2\/pages\/1689\/revisions\/1701"}],"wp:attachment":[{"href":"https:\/\/enapol.com\/x\/wp-json\/wp\/v2\/media?parent=1689"}],"curies":[{"name":"wp","href":"https:\/\/api.w.org\/{rel}","templated":true}]}}