{"id":1818,"date":"2021-05-02T15:57:18","date_gmt":"2021-05-02T18:57:18","guid":{"rendered":"http:\/\/x-enapol.org\/?page_id=1818"},"modified":"2021-05-02T15:57:18","modified_gmt":"2021-05-02T18:57:18","slug":"primera-entrega","status":"publish","type":"page","link":"https:\/\/enapol.com\/x\/bibliografia\/el-amor-como-suplencia\/primera-entrega\/","title":{"rendered":"Primera Entrega"},"content":{"rendered":"<p><div class=\"fusion-fullwidth fullwidth-box fusion-builder-row-1 fusion-flex-container nonhundred-percent-fullwidth non-hundred-percent-height-scrolling\" style=\"--awb-border-radius-top-left:0px;--awb-border-radius-top-right:0px;--awb-border-radius-bottom-right:0px;--awb-border-radius-bottom-left:0px;--awb-margin-top:0px;--awb-flex-wrap:wrap;\" ><div class=\"fusion-builder-row fusion-row fusion-flex-align-items-flex-start fusion-flex-content-wrap\" style=\"max-width:1352px;margin-left: calc(-4% \/ 2 );margin-right: calc(-4% \/ 2 );\"><div class=\"fusion-layout-column fusion_builder_column fusion-builder-column-0 fusion_builder_column_1_1 1_1 fusion-flex-column\" style=\"--awb-bg-size:cover;--awb-width-large:100%;--awb-margin-top-large:0px;--awb-spacing-right-large:1.92%;--awb-margin-bottom-large:20px;--awb-spacing-left-large:1.92%;--awb-width-medium:100%;--awb-order-medium:0;--awb-spacing-right-medium:1.92%;--awb-spacing-left-medium:1.92%;--awb-width-small:100%;--awb-order-small:0;--awb-spacing-right-small:1.92%;--awb-spacing-left-small:1.92%;\"><div class=\"fusion-column-wrapper fusion-column-has-shadow fusion-flex-justify-content-flex-start fusion-content-layout-column\"><div class=\"fusion-title title fusion-title-1 fusion-sep-none fusion-title-text fusion-title-size-one\" style=\"--awb-margin-bottom:0px;\"><h1 class=\"fusion-title-heading title-heading-left fusion-responsive-typography-calculated\" style=\"margin:0;--fontSize:80;line-height:1.2;\">CITAS<\/h1><\/div><\/div><\/div><\/div><\/div><div class=\"fusion-fullwidth fullwidth-box fusion-builder-row-2 fusion-flex-container nonhundred-percent-fullwidth non-hundred-percent-height-scrolling\" style=\"--awb-border-radius-top-left:0px;--awb-border-radius-top-right:0px;--awb-border-radius-bottom-right:0px;--awb-border-radius-bottom-left:0px;--awb-flex-wrap:wrap;\" ><div class=\"fusion-builder-row fusion-row fusion-flex-align-items-flex-start fusion-flex-content-wrap\" style=\"max-width:1352px;margin-left: calc(-4% \/ 2 );margin-right: calc(-4% \/ 2 );\"><div class=\"fusion-layout-column fusion_builder_column fusion-builder-column-1 fusion_builder_column_1_1 1_1 fusion-flex-column\" style=\"--awb-bg-size:cover;--awb-width-large:100%;--awb-margin-top-large:0px;--awb-spacing-right-large:1.92%;--awb-margin-bottom-large:20px;--awb-spacing-left-large:1.92%;--awb-width-medium:100%;--awb-order-medium:0;--awb-spacing-right-medium:1.92%;--awb-spacing-left-medium:1.92%;--awb-width-small:100%;--awb-order-small:0;--awb-spacing-right-small:1.92%;--awb-spacing-left-small:1.92%;\"><div class=\"fusion-column-wrapper fusion-column-has-shadow fusion-flex-justify-content-flex-start fusion-content-layout-column\"><div class=\"fusion-testimonials classic awb-speech-bubble-show fusion-testimonials-1\" style=\"--awb-textcolor:#ffffff;--awb-backgroundcolor:#2a2a38;--awb-testimonial-border-style:solid;--awb-testimonial-border-color:var(--awb-color3);--awb-border-top-left-radius:0px;--awb-border-top-right-radius:0px;--awb-border-bottom-left-radius:0px;--awb-border-bottom-right-radius:0px;--testimonial-border-width-top:0px;--testimonial-border-width-right:0px;--testimonial-border-width-bottom:0px;--testimonial-border-width-left:0px;\" data-random=\"0\" data-speed=\"0\"><div class=\"reviews\"><div class=\"review active-testimonial no-avatar\"><blockquote><div class=\"awb-quote\"><div class=\"awb-quote-content\">\n<p style=\"text-align: justify;\">Lo que suple a la relaci\u00f3n sexual en cuanto inexistente hay que articularlo justamente seg\u00fan el para-ser. Es evidente que en todo lo que se aproxima a esta relaci\u00f3n, el lenguaje s\u00f3lo se manifiesta por su insuficiencia. Lo que suple la relaci\u00f3n sexual es precisamente el amor<\/p>\n<\/div><\/div><span class=\"awb-triangle\"><\/span><\/blockquote><div class=\"author\"><span class=\"company-name\"><strong>Jacques Lacan<\/strong><span>, <\/span><span>Seminario XX: A\u00fan. Buenos Aires. Paid\u00f3s. 1992. P. 58-59<\/span><\/span><\/div><\/div><\/div><\/div><div class=\"fusion-separator fusion-full-width-sep\" style=\"align-self: center;margin-left: auto;margin-right: auto;margin-top:20px;margin-bottom:20px;width:100%;\"><\/div><div class=\"fusion-testimonials classic awb-speech-bubble-show fusion-testimonials-2\" style=\"--awb-textcolor:#ffffff;--awb-backgroundcolor:#2a2a38;--awb-testimonial-border-style:solid;--awb-testimonial-border-color:var(--awb-color3);--awb-border-top-left-radius:0px;--awb-border-top-right-radius:0px;--awb-border-bottom-left-radius:0px;--awb-border-bottom-right-radius:0px;--testimonial-border-width-top:0px;--testimonial-border-width-right:0px;--testimonial-border-width-bottom:0px;--testimonial-border-width-left:0px;\" data-random=\"0\" data-speed=\"0\"><div class=\"reviews\"><div class=\"review active-testimonial no-avatar\"><blockquote><div class=\"awb-quote\"><div class=\"awb-quote-content\">\n<p style=\"text-align: justify;\">El desplazamiento de la negaci\u00f3n, del <em>cesa de no escribirse <\/em>al <em>no cesa de escribirse<\/em>, de contingencia a necesidad, \u00e9ste es el punto de suspensi\u00f3n del que se ata todo amor. Todo amor, por no subsistir sino con el <em>cesa de no escribirse,<\/em> tiende a desplazar la negaci\u00f3n al <em>no cesa de escribirse,<\/em> no cesa, no cesar\u00e1. Tal el sustituto que \u2013por v\u00eda de la existencia del inconsciente, y no de la relaci\u00f3n sexual, que son distintas- hace el destino y tambi\u00e9n el drama del amor<\/p>\n<\/div><\/div><span class=\"awb-triangle\"><\/span><\/blockquote><div class=\"author\"><span class=\"company-name\"><strong>Jacques Lacan<\/strong><span>, <\/span><span>Seminario XX: A\u00fan. Buenos Aires. Paid\u00f3s. 1992. P.175<\/span><\/span><\/div><\/div><\/div><\/div><div class=\"fusion-separator fusion-full-width-sep\" style=\"align-self: center;margin-left: auto;margin-right: auto;margin-top:20px;margin-bottom:20px;width:100%;\"><\/div><div class=\"fusion-testimonials classic awb-speech-bubble-show fusion-testimonials-3\" style=\"--awb-textcolor:#ffffff;--awb-backgroundcolor:#2a2a38;--awb-testimonial-border-style:solid;--awb-testimonial-border-color:var(--awb-color3);--awb-border-top-left-radius:0px;--awb-border-top-right-radius:0px;--awb-border-bottom-left-radius:0px;--awb-border-bottom-right-radius:0px;--testimonial-border-width-top:0px;--testimonial-border-width-right:0px;--testimonial-border-width-bottom:0px;--testimonial-border-width-left:0px;\" data-random=\"0\" data-speed=\"0\"><div class=\"reviews\"><div class=\"review active-testimonial no-avatar\"><blockquote><div class=\"awb-quote\"><div class=\"awb-quote-content\">\n<p style=\"text-align: justify;\">De una manera abusiva escribo \u201cla relaci\u00f3n sexual\u201d, puesto que la relaci\u00f3n sexual no se escribe y podemos decir que el estatuto eminente del amor en lo real es suplir la relaci\u00f3n sexual que no existe<\/p>\n<\/div><\/div><span class=\"awb-triangle\"><\/span><\/blockquote><div class=\"author\"><span class=\"company-name\"><strong>Jacques-Alain Miller<\/strong><span>, <\/span><span>El partenaire-s\u00edntoma. Buenos Aires. Paid\u00f3s. 2008. P. 158<\/span><\/span><\/div><\/div><\/div><\/div><div class=\"fusion-separator fusion-full-width-sep\" style=\"align-self: center;margin-left: auto;margin-right: auto;margin-top:20px;margin-bottom:20px;width:100%;\"><\/div><div class=\"fusion-testimonials classic awb-speech-bubble-show fusion-testimonials-4\" style=\"--awb-textcolor:#ffffff;--awb-backgroundcolor:#2a2a38;--awb-testimonial-border-style:solid;--awb-testimonial-border-color:var(--awb-color3);--awb-border-top-left-radius:0px;--awb-border-top-right-radius:0px;--awb-border-bottom-left-radius:0px;--awb-border-bottom-right-radius:0px;--testimonial-border-width-top:0px;--testimonial-border-width-right:0px;--testimonial-border-width-bottom:0px;--testimonial-border-width-left:0px;\" data-random=\"0\" data-speed=\"0\"><div class=\"reviews\"><div class=\"review active-testimonial no-avatar\"><blockquote><div class=\"awb-quote\"><div class=\"awb-quote-content\">\n<p style=\"text-align: justify;\">Por esta raz\u00f3n, llamamos real a aquello con lo que el aparato toma, sit\u00faa lo real del objeto <em>a<\/em> mediante sus semblantes, es decir, el s\u00edntoma.\u00a0 En su forma desarrollada, el s\u00edntoma es nuestro recurso para saber qu\u00e9 hacer con el Otro sexo, porque carecemos de una f\u00f3rmula de la relaci\u00f3n entre los seres sexuados.\u00a0 Existe la f\u00f3rmula que he expuesto al comienzo, pero como al nivel de los seres sexuados no hay f\u00f3rmula de la relaci\u00f3n, el s\u00edntoma es nuestro recurso, es lo que se utiliza para suplirla<\/p>\n<\/div><\/div><span class=\"awb-triangle\"><\/span><\/blockquote><div class=\"author\"><span class=\"company-name\"><strong>Jacques-Alain Miller<\/strong><span>, <\/span><span>El s\u00edntoma charlat\u00e1n. Barcelona. Paid\u00f3s. 1999. P. 50<\/span><\/span><\/div><\/div><\/div><\/div><div class=\"fusion-separator fusion-full-width-sep\" style=\"align-self: center;margin-left: auto;margin-right: auto;margin-top:20px;margin-bottom:20px;width:100%;\"><\/div><div class=\"fusion-testimonials classic awb-speech-bubble-show fusion-testimonials-5\" style=\"--awb-textcolor:#ffffff;--awb-backgroundcolor:#2a2a38;--awb-testimonial-border-style:solid;--awb-testimonial-border-color:var(--awb-color3);--awb-border-top-left-radius:0px;--awb-border-top-right-radius:0px;--awb-border-bottom-left-radius:0px;--awb-border-bottom-right-radius:0px;--testimonial-border-width-top:0px;--testimonial-border-width-right:0px;--testimonial-border-width-bottom:0px;--testimonial-border-width-left:0px;\" data-random=\"0\" data-speed=\"0\"><div class=\"reviews\"><div class=\"review active-testimonial no-avatar\"><blockquote><div class=\"awb-quote\"><div class=\"awb-quote-content\">\n<p style=\"text-align: justify;\">Por eso el psicoan\u00e1lisis en este momento hist\u00f3rico sostiene con valent\u00eda la posibilidad de servirse de un amor m\u00e1s digno en tanto no se sostendr\u00eda de la pura palabrer\u00eda sino del\u00a0 anudamiento<\/p>\n<\/div><\/div><span class=\"awb-triangle\"><\/span><\/blockquote><div class=\"author\"><span class=\"company-name\"><strong>Hebe Tizio<\/strong><span>, <\/span><span>La funci\u00f3n del amor en la experiencia anal\u00edtica. En Revista El Psicoan\u00e1lisis 23. Barcelona. ELP. P. 29<\/span><\/span><\/div><\/div><\/div><\/div><div class=\"fusion-separator fusion-full-width-sep\" style=\"align-self: center;margin-left: auto;margin-right: auto;margin-top:20px;margin-bottom:20px;width:100%;\"><\/div><div class=\"fusion-testimonials classic awb-speech-bubble-show fusion-testimonials-6\" style=\"--awb-textcolor:#ffffff;--awb-backgroundcolor:#2a2a38;--awb-testimonial-border-style:solid;--awb-testimonial-border-color:var(--awb-color3);--awb-border-top-left-radius:0px;--awb-border-top-right-radius:0px;--awb-border-bottom-left-radius:0px;--awb-border-bottom-right-radius:0px;--testimonial-border-width-top:0px;--testimonial-border-width-right:0px;--testimonial-border-width-bottom:0px;--testimonial-border-width-left:0px;\" data-random=\"0\" data-speed=\"0\"><div class=\"reviews\"><div class=\"review active-testimonial no-avatar\"><blockquote><div class=\"awb-quote\"><div class=\"awb-quote-content\">\n<p style=\"text-align: justify;\">Y, precisamente porque algo fundamental en el amor es del orden de la contingencia, el amor puede ser una v\u00eda de acceso, de subjetivaci\u00f3n, de ese lugar radical de la contingencia en la vida del sujeto. Puede ser, incluso, un modo de hacer con ella, un modo de hacer no conducente a un cinismo que, de lo contrario, ser\u00eda dif\u00edcilmente evitable<\/p>\n<\/div><\/div><span class=\"awb-triangle\"><\/span><\/blockquote><div class=\"author\"><span class=\"company-name\"><strong>Eric Berenguer<\/strong><span>, <\/span><span>\u00bfDe qu\u00e9 (real) hablamos cuando hablamos de amor? Revista El Psicoan\u00e1lisis 23. Barcelona. ELP. P. 32<\/span><\/span><\/div><\/div><\/div><\/div><div class=\"fusion-separator fusion-full-width-sep\" style=\"align-self: center;margin-left: auto;margin-right: auto;margin-top:20px;margin-bottom:20px;width:100%;\"><\/div><div class=\"fusion-testimonials classic awb-speech-bubble-show fusion-testimonials-7\" style=\"--awb-textcolor:#ffffff;--awb-backgroundcolor:#2a2a38;--awb-testimonial-border-style:solid;--awb-testimonial-border-color:var(--awb-color3);--awb-border-top-left-radius:0px;--awb-border-top-right-radius:0px;--awb-border-bottom-left-radius:0px;--awb-border-bottom-right-radius:0px;--testimonial-border-width-top:0px;--testimonial-border-width-right:0px;--testimonial-border-width-bottom:0px;--testimonial-border-width-left:0px;\" data-random=\"0\" data-speed=\"0\"><div class=\"reviews\"><div class=\"review active-testimonial no-avatar\"><blockquote><div class=\"awb-quote\"><div class=\"awb-quote-content\">\n<p style=\"text-align: justify;\">\u2026si el amor, torn\u00e1ndose un juego cuyas reglas se conocen, hallara un d\u00eda \u2013pues tal es su funci\u00f3n \u2013 al t\u00e9rmino de esto: que es uno de los Unos de esos tres, si funcionara uniendo el goce de lo Real con lo Real del goce, \u00bfno habr\u00eda aqu\u00ed algo que valdr\u00eda el juego?<\/p>\n<\/div><\/div><span class=\"awb-triangle\"><\/span><\/blockquote><div class=\"author\"><span class=\"company-name\"><strong>Jacques Lacan<\/strong><span>, <\/span><span>Seminario XXI: Los No Incautos yerran. In\u00e9dito. 1973. Clase del 12\/03\/74<\/span><\/span><\/div><\/div><\/div><\/div><div class=\"fusion-separator fusion-full-width-sep\" style=\"align-self: center;margin-left: auto;margin-right: auto;margin-top:20px;margin-bottom:20px;width:100%;\"><\/div><div class=\"fusion-testimonials classic awb-speech-bubble-show fusion-testimonials-8\" style=\"--awb-textcolor:#ffffff;--awb-backgroundcolor:#2a2a38;--awb-testimonial-border-style:solid;--awb-testimonial-border-color:var(--awb-color3);--awb-border-top-left-radius:0px;--awb-border-top-right-radius:0px;--awb-border-bottom-left-radius:0px;--awb-border-bottom-right-radius:0px;--testimonial-border-width-top:0px;--testimonial-border-width-right:0px;--testimonial-border-width-bottom:0px;--testimonial-border-width-left:0px;\" data-random=\"0\" data-speed=\"0\"><div class=\"reviews\"><div class=\"review active-testimonial no-avatar\"><blockquote><div class=\"awb-quote\"><div class=\"awb-quote-content\">\n<p style=\"text-align: justify;\">Lacan nos propone pasar del orden a lo nodal, inaugurando as\u00ed otro modo de lectura. Al tomar apoyo en las diferentes formas en que se anudan real, simb\u00f3lico e imaginario, el amor cobra relieve como medio, esta vez para aproximar lo real a lo simb\u00f3lico\u2026<\/p>\n<p style=\"text-align: justify;\">\u2026Lo que nuestra pr\u00e1ctica nos revela, es que una cierta manera de amar es, para los analizantes, el modo m\u00e1s frecuente de hacerse un s\u00edntoma. Un lazo esencial para ellos pero tambi\u00e9n para la experiencia anal\u00edtica misma\u2026<\/p>\n<p style=\"text-align: justify;\">\u2026Recordemos que Lacan hizo surgir el \u201cno hay relaci\u00f3n sexual\u201d como consecuencia de los dichos sobre el amor: \u201clos dichos sobre el amor solo encuentran c\u00f3mo ordenarse a partir del momento en que se formula con buena l\u00f3gica que no hay relaci\u00f3n sexual\u2026<\/p>\n<p style=\"text-align: justify;\">\u2026La transferencia que el discurso anal\u00edtico pone en acto, es el lugar privilegiado para poner de relieve esa referencia a la ausencia de relaci\u00f3n y el efecto agujero que ella promueve. Un psicoan\u00e1lisis puede alojar las palabras de amor para alcanzar ese punto de imposible, pero tambi\u00e9n puede crear las condiciones para que un fragmento de discurso amoroso haga que una vida sea posible<\/p>\n<\/div><\/div><span class=\"awb-triangle\"><\/span><\/blockquote><div class=\"author\"><span class=\"company-name\"><strong>Silvia Salman<\/strong><span>, <\/span><span>Amor. En Scilicet: las psicosis ordinarias y las otras: bajo transferencia. Buenos Aires. Grama ediciones. 2017. P. 54-55<\/span><\/span><\/div><\/div><\/div><\/div><div class=\"fusion-separator fusion-full-width-sep\" style=\"align-self: center;margin-left: auto;margin-right: auto;margin-top:20px;margin-bottom:20px;width:100%;\"><\/div><div class=\"fusion-testimonials classic awb-speech-bubble-show fusion-testimonials-9\" style=\"--awb-textcolor:#ffffff;--awb-backgroundcolor:#2a2a38;--awb-testimonial-border-style:solid;--awb-testimonial-border-color:var(--awb-color3);--awb-border-top-left-radius:0px;--awb-border-top-right-radius:0px;--awb-border-bottom-left-radius:0px;--awb-border-bottom-right-radius:0px;--testimonial-border-width-top:0px;--testimonial-border-width-right:0px;--testimonial-border-width-bottom:0px;--testimonial-border-width-left:0px;\" data-random=\"0\" data-speed=\"0\"><div class=\"reviews\"><div class=\"review active-testimonial no-avatar\"><blockquote><div class=\"awb-quote\"><div class=\"awb-quote-content\">\n<p style=\"text-align: justify;\">El amor femenino, en su versi\u00f3n erotoman\u00edaca, est\u00e1 centrado en un \u201cno s\u00e9 qui\u00e9n soy, h\u00e1blame de m\u00ed\u201d, que no designa la imposici\u00f3n por parte de la historia de la inexistencia femenina, sino lo que los hombres est\u00e1n encargados de remediar. Es preciso que una palabra d\u00e9 acceso al goce particular de una mujer que, como dice Lacan, se vuelve Otra para s\u00ed misma por mediaci\u00f3n del hombre. En este devenir \u201cOtra para s\u00ed misma\u201d coexiste el devenir en el sentido de una inscripci\u00f3n en el lugar del Otro, y el goce femenino Otro, que no tiene el mismo resorte que el goce f\u00e1lico, porque esconde un car\u00e1cter de \u00e9xtasis, no localizado en el \u00f3rgano<\/p>\n<\/div><\/div><span class=\"awb-triangle\"><\/span><\/blockquote><div class=\"author\"><span class=\"company-name\"><strong>\u00c9ric Laurent<\/strong><span>, <\/span><a href=\"http:\/\/elpsicoanalisis.elp.org.es\/numero-32\/el-psicoanalisis-se-cura-%E2%80%A8de-la-transferencia\" target=\"_blank\" rel=\"noopener noreferrer\"><span>\u00bfEl psicoan\u00e1lisis se cura de la transferencia? 2011.<\/span><\/a><\/span><\/div><\/div><\/div><\/div><div class=\"fusion-separator fusion-full-width-sep\" style=\"align-self: center;margin-left: auto;margin-right: auto;margin-top:20px;margin-bottom:20px;width:100%;\"><\/div><\/div><\/div><\/div><\/div><div class=\"fusion-fullwidth fullwidth-box fusion-builder-row-3 fusion-flex-container nonhundred-percent-fullwidth non-hundred-percent-height-scrolling\" style=\"--awb-border-radius-top-left:0px;--awb-border-radius-top-right:0px;--awb-border-radius-bottom-right:0px;--awb-border-radius-bottom-left:0px;--awb-flex-wrap:wrap;\" ><div class=\"fusion-builder-row fusion-row fusion-flex-align-items-flex-start fusion-flex-content-wrap\" style=\"max-width:1352px;margin-left: calc(-4% \/ 2 );margin-right: calc(-4% \/ 2 );\"><div class=\"fusion-layout-column fusion_builder_column fusion-builder-column-2 fusion_builder_column_1_1 1_1 fusion-flex-column\" style=\"--awb-bg-size:cover;--awb-width-large:100%;--awb-margin-top-large:0px;--awb-spacing-right-large:1.92%;--awb-margin-bottom-large:20px;--awb-spacing-left-large:1.92%;--awb-width-medium:100%;--awb-order-medium:0;--awb-spacing-right-medium:1.92%;--awb-spacing-left-medium:1.92%;--awb-width-small:100%;--awb-order-small:0;--awb-spacing-right-small:1.92%;--awb-spacing-left-small:1.92%;\"><div class=\"fusion-column-wrapper fusion-column-has-shadow fusion-flex-justify-content-flex-start fusion-content-layout-column\"><div class=\"fusion-title title fusion-title-2 fusion-sep-none fusion-title-text fusion-title-size-one\" style=\"--awb-margin-bottom:0px;\"><h1 class=\"fusion-title-heading title-heading-left fusion-responsive-typography-calculated\" style=\"margin:0;--fontSize:80;line-height:1.2;\">BIBLIOGRAF\u00cdA<\/h1><\/div><\/div><\/div><\/div><\/div><div class=\"fusion-fullwidth fullwidth-box fusion-builder-row-4 fusion-flex-container nonhundred-percent-fullwidth non-hundred-percent-height-scrolling\" style=\"--awb-border-radius-top-left:0px;--awb-border-radius-top-right:0px;--awb-border-radius-bottom-right:0px;--awb-border-radius-bottom-left:0px;--awb-flex-wrap:wrap;\" ><div class=\"fusion-builder-row fusion-row fusion-flex-align-items-flex-start fusion-flex-content-wrap\" style=\"max-width:1352px;margin-left: calc(-4% \/ 2 );margin-right: calc(-4% \/ 2 );\"><div class=\"fusion-layout-column fusion_builder_column fusion-builder-column-3 fusion_builder_column_1_1 1_1 fusion-flex-column\" style=\"--awb-bg-size:cover;--awb-width-large:100%;--awb-margin-top-large:0px;--awb-spacing-right-large:1.92%;--awb-margin-bottom-large:20px;--awb-spacing-left-large:1.92%;--awb-width-medium:100%;--awb-order-medium:0;--awb-spacing-right-medium:1.92%;--awb-spacing-left-medium:1.92%;--awb-width-small:100%;--awb-order-small:0;--awb-spacing-right-small:1.92%;--awb-spacing-left-small:1.92%;\"><div class=\"fusion-column-wrapper fusion-column-has-shadow fusion-flex-justify-content-flex-start fusion-content-layout-column\"><ul style=\"--awb-line-height:28.9px;--awb-icon-width:28.9px;--awb-icon-height:28.9px;--awb-icon-margin:11.9px;--awb-content-margin:40.8px;--awb-circlecolor:#ff8700;--awb-circle-yes-font-size:14.96px;\" class=\"fusion-checklist fusion-checklist-1 fusion-checklist-default type-icons\"><li class=\"fusion-li-item\" style=\"\"><span class=\"icon-wrapper circle-yes\"><i class=\"fusion-li-icon fa-book fas\" aria-hidden=\"true\"><\/i><\/span><div class=\"fusion-li-item-content\">\n<p style=\"text-align: justify;\">Berenguer E. \u00bfDe qu\u00e9 (real) hablamos cuando hablamos de amor? <em>Revista El Psicoan\u00e1lisis 23<\/em>. Barcelona. ELP<\/p>\n<\/div><\/li><li class=\"fusion-li-item\" style=\"\"><span class=\"icon-wrapper circle-yes\"><i class=\"fusion-li-icon fa-book fas\" aria-hidden=\"true\"><\/i><\/span><div class=\"fusion-li-item-content\">\n<p style=\"text-align: justify;\">Border\u00edas, A. El amor en la Neurosis: 3 preguntas a Andr\u00e9s Border\u00edas. \u00a0En <a href=\"https:\/\/nucep.com\/publicaciones\/amor-la-neurosis-3-preguntas-andres-borderias\/\">https:\/\/nucep.com\/publicaciones\/amor-la-neurosis-3-preguntas-andres-borderias\/<\/a>. 2016<\/p>\n<\/div><\/li><li class=\"fusion-li-item\" style=\"\"><span class=\"icon-wrapper circle-yes\"><i class=\"fusion-li-icon fa-book fas\" aria-hidden=\"true\"><\/i><\/span><div class=\"fusion-li-item-content\">\n<p style=\"text-align: justify;\">Lacan, J. <em>Seminario VIII: La transferencia, <\/em>Buenos Aires, Paid\u00f3s.2003<\/p>\n<\/div><\/li><li class=\"fusion-li-item\" style=\"\"><span class=\"icon-wrapper circle-yes\"><i class=\"fusion-li-icon fa-book fas\" aria-hidden=\"true\"><\/i><\/span><div class=\"fusion-li-item-content\">\n<p style=\"text-align: justify;\">Lacan, J. <em>Seminario XX: A\u00fan<\/em>. Buenos Aires. Paid\u00f3s. 1992<\/p>\n<\/div><\/li><li class=\"fusion-li-item\" style=\"\"><span class=\"icon-wrapper circle-yes\"><i class=\"fusion-li-icon fa-book fas\" aria-hidden=\"true\"><\/i><\/span><div class=\"fusion-li-item-content\">\n<p style=\"text-align: justify;\">Lacan, J. <em>Seminario XXIII: El sinthome. <\/em>Buenos Aires. Paid\u00f3s. 2006<\/p>\n<\/div><\/li><li class=\"fusion-li-item\" style=\"\"><span class=\"icon-wrapper circle-yes\"><i class=\"fusion-li-icon fa-book fas\" aria-hidden=\"true\"><\/i><\/span><div class=\"fusion-li-item-content\">\n<p style=\"text-align: justify;\">Lacan, J. <em>Seminario XXI: Los No Incautos yerran<\/em>.\u00a0 In\u00e9dito. 1973<\/p>\n<\/div><\/li><li class=\"fusion-li-item\" style=\"\"><span class=\"icon-wrapper circle-yes\"><i class=\"fusion-li-icon fa-book fas\" aria-hidden=\"true\"><\/i><\/span><div class=\"fusion-li-item-content\">\n<p style=\"text-align: justify;\">Lacan, J. <em>Seminario XXII: RSI<\/em>. In\u00e9dito. 1974<\/p>\n<\/div><\/li><li class=\"fusion-li-item\" style=\"\"><span class=\"icon-wrapper circle-yes\"><i class=\"fusion-li-icon fa-book fas\" aria-hidden=\"true\"><\/i><\/span><div class=\"fusion-li-item-content\">\n<p>Laurent \u00c9. <em>\u00bfEl psicoan\u00e1lisis se cura de la transferencia?<\/em> En <a href=\"http:\/\/elpsicoanalisis.elp.org.es\/numero-32\/el-psicoanalisis-se-cura-%E2%80%A8de-la-transferencia\" target=\"_blank\" rel=\"noopener noreferrer\">http:\/\/elpsicoanalisis.elp.org.es\/numero-32\/el-psicoanalisis-se-cura-%E2%80%A8de-la-transferencia<\/a>. 2011<\/p>\n<\/div><\/li><li class=\"fusion-li-item\" style=\"\"><span class=\"icon-wrapper circle-yes\"><i class=\"fusion-li-icon fa-book fas\" aria-hidden=\"true\"><\/i><\/span><div class=\"fusion-li-item-content\">\n<p style=\"text-align: justify;\">Miller, J. A. <em>El s\u00edntoma charlat\u00e1n<\/em>. Barcelona. Paid\u00f3s. 1999<\/p>\n<\/div><\/li><li class=\"fusion-li-item\" style=\"\"><span class=\"icon-wrapper circle-yes\"><i class=\"fusion-li-icon fa-book fas\" aria-hidden=\"true\"><\/i><\/span><div class=\"fusion-li-item-content\">\n<p style=\"text-align: justify;\">Miller, J. A. <em>El partenaire-s\u00edntoma<\/em>. Buenos Aires. Paid\u00f3s. 2008<\/p>\n<\/div><\/li><li class=\"fusion-li-item\" style=\"\"><span class=\"icon-wrapper circle-yes\"><i class=\"fusion-li-icon fa-book fas\" aria-hidden=\"true\"><\/i><\/span><div class=\"fusion-li-item-content\">\n<p style=\"text-align: justify;\">Scilicet. <em>Las psicosis ordinarias y las otras: bajo transferencia<\/em>. Buenos Aires. Grama ediciones.2017<\/p>\n<\/div><\/li><li class=\"fusion-li-item\" style=\"\"><span class=\"icon-wrapper circle-yes\"><i class=\"fusion-li-icon fa-book fas\" aria-hidden=\"true\"><\/i><\/span><div class=\"fusion-li-item-content\">\n<p style=\"text-align: justify;\">Tizio, H. La\u00a0 funci\u00f3n del amor en la experiencia anal\u00edtica. En <em>Revista El Psicoan\u00e1lisis 23.<\/em> Barcelona. ELP<\/p>\n<\/div><\/li><\/ul><\/div><\/div><\/div><\/div><\/p>\n","protected":false},"excerpt":{"rendered":"","protected":false},"author":1,"featured_media":0,"parent":906,"menu_order":1,"comment_status":"closed","ping_status":"closed","template":"","meta":{"_monsterinsights_skip_tracking":false,"_monsterinsights_sitenote_active":false,"_monsterinsights_sitenote_note":"","_monsterinsights_sitenote_category":0,"footnotes":""},"_links":{"self":[{"href":"https:\/\/enapol.com\/x\/wp-json\/wp\/v2\/pages\/1818"}],"collection":[{"href":"https:\/\/enapol.com\/x\/wp-json\/wp\/v2\/pages"}],"about":[{"href":"https:\/\/enapol.com\/x\/wp-json\/wp\/v2\/types\/page"}],"author":[{"embeddable":true,"href":"https:\/\/enapol.com\/x\/wp-json\/wp\/v2\/users\/1"}],"replies":[{"embeddable":true,"href":"https:\/\/enapol.com\/x\/wp-json\/wp\/v2\/comments?post=1818"}],"version-history":[{"count":1,"href":"https:\/\/enapol.com\/x\/wp-json\/wp\/v2\/pages\/1818\/revisions"}],"predecessor-version":[{"id":1819,"href":"https:\/\/enapol.com\/x\/wp-json\/wp\/v2\/pages\/1818\/revisions\/1819"}],"up":[{"embeddable":true,"href":"https:\/\/enapol.com\/x\/wp-json\/wp\/v2\/pages\/906"}],"wp:attachment":[{"href":"https:\/\/enapol.com\/x\/wp-json\/wp\/v2\/media?parent=1818"}],"curies":[{"name":"wp","href":"https:\/\/api.w.org\/{rel}","templated":true}]}}