{"id":1827,"date":"2021-05-02T16:47:37","date_gmt":"2021-05-02T19:47:37","guid":{"rendered":"http:\/\/x-enapol.org\/?page_id=1827"},"modified":"2021-05-02T17:00:20","modified_gmt":"2021-05-02T20:00:20","slug":"segunda-entrega","status":"publish","type":"page","link":"https:\/\/enapol.com\/x\/bibliografia\/hacer-el-amor-hablar-de-amor\/segunda-entrega\/","title":{"rendered":"Segunda Entrega"},"content":{"rendered":"<p><div class=\"fusion-fullwidth fullwidth-box fusion-builder-row-1 fusion-flex-container nonhundred-percent-fullwidth non-hundred-percent-height-scrolling\" style=\"--awb-border-radius-top-left:0px;--awb-border-radius-top-right:0px;--awb-border-radius-bottom-right:0px;--awb-border-radius-bottom-left:0px;--awb-margin-top:0px;--awb-flex-wrap:wrap;\" ><div class=\"fusion-builder-row fusion-row fusion-flex-align-items-flex-start fusion-flex-content-wrap\" style=\"max-width:1352px;margin-left: calc(-4% \/ 2 );margin-right: calc(-4% \/ 2 );\"><div class=\"fusion-layout-column fusion_builder_column fusion-builder-column-0 fusion_builder_column_1_1 1_1 fusion-flex-column\" style=\"--awb-bg-size:cover;--awb-width-large:100%;--awb-margin-top-large:0px;--awb-spacing-right-large:1.92%;--awb-margin-bottom-large:20px;--awb-spacing-left-large:1.92%;--awb-width-medium:100%;--awb-order-medium:0;--awb-spacing-right-medium:1.92%;--awb-spacing-left-medium:1.92%;--awb-width-small:100%;--awb-order-small:0;--awb-spacing-right-small:1.92%;--awb-spacing-left-small:1.92%;\"><div class=\"fusion-column-wrapper fusion-column-has-shadow fusion-flex-justify-content-flex-start fusion-content-layout-column\"><div class=\"fusion-title title fusion-title-1 fusion-sep-none fusion-title-text fusion-title-size-one\" style=\"--awb-margin-bottom:0px;\"><h1 class=\"fusion-title-heading title-heading-left fusion-responsive-typography-calculated\" style=\"margin:0;--fontSize:80;line-height:1.2;\">CITAS<\/h1><\/div><\/div><\/div><\/div><\/div><div class=\"fusion-fullwidth fullwidth-box fusion-builder-row-2 fusion-flex-container nonhundred-percent-fullwidth non-hundred-percent-height-scrolling\" style=\"--awb-border-radius-top-left:0px;--awb-border-radius-top-right:0px;--awb-border-radius-bottom-right:0px;--awb-border-radius-bottom-left:0px;--awb-flex-wrap:wrap;\" ><div class=\"fusion-builder-row fusion-row fusion-flex-align-items-flex-start fusion-flex-content-wrap\" style=\"max-width:1352px;margin-left: calc(-4% \/ 2 );margin-right: calc(-4% \/ 2 );\"><div class=\"fusion-layout-column fusion_builder_column fusion-builder-column-1 fusion_builder_column_1_1 1_1 fusion-flex-column\" style=\"--awb-bg-size:cover;--awb-width-large:100%;--awb-margin-top-large:0px;--awb-spacing-right-large:1.92%;--awb-margin-bottom-large:20px;--awb-spacing-left-large:1.92%;--awb-width-medium:100%;--awb-order-medium:0;--awb-spacing-right-medium:1.92%;--awb-spacing-left-medium:1.92%;--awb-width-small:100%;--awb-order-small:0;--awb-spacing-right-small:1.92%;--awb-spacing-left-small:1.92%;\"><div class=\"fusion-column-wrapper fusion-column-has-shadow fusion-flex-justify-content-flex-start fusion-content-layout-column\"><div class=\"fusion-testimonials classic awb-speech-bubble-show fusion-testimonials-1\" style=\"--awb-textcolor:#ffffff;--awb-backgroundcolor:#2a2a38;--awb-testimonial-border-style:solid;--awb-testimonial-border-color:var(--awb-color3);--awb-border-top-left-radius:0px;--awb-border-top-right-radius:0px;--awb-border-bottom-left-radius:0px;--awb-border-bottom-right-radius:0px;--testimonial-border-width-top:0px;--testimonial-border-width-right:0px;--testimonial-border-width-bottom:0px;--testimonial-border-width-left:0px;\" data-random=\"0\" data-speed=\"0\"><div class=\"reviews\"><div class=\"review active-testimonial no-avatar\"><blockquote><div class=\"awb-quote\"><div class=\"awb-quote-content\">\n<p style=\"text-align: justify;\">Es indudable que el hombre no piensa de la misma manera acostado que de pie, aunque sea s\u00f3lo el hecho de que en esa posici\u00f3n acostada que hace muchas cosas, el amor en particular, y el amor entra\u00f1a todo tipo de declaraciones. En la posici\u00f3n acostada, el hombre tiene la ilusi\u00f3n de decir alguna cosa que sea del decir, es decir que importe en lo real\u201d.<\/p>\n<\/div><\/div><span class=\"awb-triangle\"><\/span><\/blockquote><div class=\"author\"><span class=\"company-name\"><strong>Jacques Lacan<\/strong><span>, <\/span><span>\u201cApertura de la Secci\u00f3n cl\u00ednica\u201c, Ornicar?, n\u00b09, 1977. P. 8.<\/span><\/span><\/div><\/div><\/div><\/div><div class=\"fusion-separator fusion-full-width-sep\" style=\"align-self: center;margin-left: auto;margin-right: auto;margin-top:20px;margin-bottom:20px;width:100%;\"><\/div><div class=\"fusion-testimonials classic awb-speech-bubble-show fusion-testimonials-2\" style=\"--awb-textcolor:#ffffff;--awb-backgroundcolor:#2a2a38;--awb-testimonial-border-style:solid;--awb-testimonial-border-color:var(--awb-color3);--awb-border-top-left-radius:0px;--awb-border-top-right-radius:0px;--awb-border-bottom-left-radius:0px;--awb-border-bottom-right-radius:0px;--testimonial-border-width-top:0px;--testimonial-border-width-right:0px;--testimonial-border-width-bottom:0px;--testimonial-border-width-left:0px;\" data-random=\"0\" data-speed=\"0\"><div class=\"reviews\"><div class=\"review active-testimonial no-avatar\"><blockquote><div class=\"awb-quote\"><div class=\"awb-quote-content\">\n<p style=\"text-align: justify;\">(&#8230;) El acto de amor es eso. Hacer el amor, tal como lo indica el nombre, es poes\u00eda. Pero hay un abismo entre la poes\u00eda y el acto.<\/p>\n<\/div><\/div><span class=\"awb-triangle\"><\/span><\/blockquote><div class=\"author\"><span class=\"company-name\"><strong>Jacques Lacan<\/strong><span>, <\/span><span>Seminario XX. Aun. Bs. As. Paid\u00f3s. 2007. P. 88<\/span><\/span><\/div><\/div><\/div><\/div><div class=\"fusion-separator fusion-full-width-sep\" style=\"align-self: center;margin-left: auto;margin-right: auto;margin-top:20px;margin-bottom:20px;width:100%;\"><\/div><div class=\"fusion-testimonials classic awb-speech-bubble-show fusion-testimonials-3\" style=\"--awb-textcolor:#ffffff;--awb-backgroundcolor:#2a2a38;--awb-testimonial-border-style:solid;--awb-testimonial-border-color:var(--awb-color3);--awb-border-top-left-radius:0px;--awb-border-top-right-radius:0px;--awb-border-bottom-left-radius:0px;--awb-border-bottom-right-radius:0px;--testimonial-border-width-top:0px;--testimonial-border-width-right:0px;--testimonial-border-width-bottom:0px;--testimonial-border-width-left:0px;\" data-random=\"0\" data-speed=\"0\"><div class=\"reviews\"><div class=\"review active-testimonial no-avatar\"><blockquote><div class=\"awb-quote\"><div class=\"awb-quote-content\">\n<p style=\"text-align: justify;\">El aporte del discurso anal\u00edtico es que hablar de amor es en s\u00ed un goce, y quiz\u00e1, despu\u00e9s de todo, esa es tal vez la raz\u00f3n de que emergiese en un punto dado del discurso cient\u00edfico.<\/p>\n<\/div><\/div><span class=\"awb-triangle\"><\/span><\/blockquote><div class=\"author\"><span class=\"company-name\"><strong>Jacques Lacan<\/strong><span>, <\/span><span>Seminario XX. Aun. Bs. As. Paid\u00f3s. 2007. P. 101<\/span><\/span><\/div><\/div><\/div><\/div><div class=\"fusion-separator fusion-full-width-sep\" style=\"align-self: center;margin-left: auto;margin-right: auto;margin-top:20px;margin-bottom:20px;width:100%;\"><\/div><div class=\"fusion-testimonials classic awb-speech-bubble-show fusion-testimonials-4\" style=\"--awb-textcolor:#ffffff;--awb-backgroundcolor:#2a2a38;--awb-testimonial-border-style:solid;--awb-testimonial-border-color:var(--awb-color3);--awb-border-top-left-radius:0px;--awb-border-top-right-radius:0px;--awb-border-bottom-left-radius:0px;--awb-border-bottom-right-radius:0px;--testimonial-border-width-top:0px;--testimonial-border-width-right:0px;--testimonial-border-width-bottom:0px;--testimonial-border-width-left:0px;\" data-random=\"0\" data-speed=\"0\"><div class=\"reviews\"><div class=\"review active-testimonial no-avatar\"><blockquote><div class=\"awb-quote\"><div class=\"awb-quote-content\">\n<p style=\"text-align: justify;\">No hay otro trauma de nacimiento que nacer como deseado. Deseado, o no \u2014de lo mismo da igual, ya que es por el <em>parl\u00eatre<\/em>.<\/p>\n<p style=\"text-align: justify;\">El <em>parl\u00eatre<\/em> en cuesti\u00f3n se reparte, por lo general, en dos hablantes. Dos hablantes que no hablan la misma lengua. Dos que no se escuchan hablar. Dos que no se entienden, sin m\u00e1s. Dos que se conjuran para la reproducci\u00f3n, pero de un malentendido cabal, que vuestro cuerpo har\u00e1 pasar con la dicha reproducci\u00f3n<\/p>\n<\/div><\/div><span class=\"awb-triangle\"><\/span><\/blockquote><div class=\"author\"><span class=\"company-name\"><strong>Jacques Lacan<\/strong><span>, <\/span><span>El malentendido. In\u00e9dito, 1980<\/span><\/span><\/div><\/div><\/div><\/div><div class=\"fusion-separator fusion-full-width-sep\" style=\"align-self: center;margin-left: auto;margin-right: auto;margin-top:20px;margin-bottom:20px;width:100%;\"><\/div><div class=\"fusion-testimonials classic awb-speech-bubble-show fusion-testimonials-5\" style=\"--awb-textcolor:#ffffff;--awb-backgroundcolor:#2a2a38;--awb-testimonial-border-style:solid;--awb-testimonial-border-color:var(--awb-color3);--awb-border-top-left-radius:0px;--awb-border-top-right-radius:0px;--awb-border-bottom-left-radius:0px;--awb-border-bottom-right-radius:0px;--testimonial-border-width-top:0px;--testimonial-border-width-right:0px;--testimonial-border-width-bottom:0px;--testimonial-border-width-left:0px;\" data-random=\"0\" data-speed=\"0\"><div class=\"reviews\"><div class=\"review active-testimonial no-avatar\"><blockquote><div class=\"awb-quote\"><div class=\"awb-quote-content\">\n<p>(\u2026) para amar es preciso hablar, el amor es inaccesible sin la palabra (\u2026).<\/p>\n<\/div><\/div><span class=\"awb-triangle\"><\/span><\/blockquote><div class=\"author\"><span class=\"company-name\"><strong>Jacques-Alain Miller<\/strong><span>, <\/span><span>El hueso de un an\u00e1lisis. Bs. As. Tres Haches. 1998. P. 79<\/span><\/span><\/div><\/div><\/div><\/div><div class=\"fusion-separator fusion-full-width-sep\" style=\"align-self: center;margin-left: auto;margin-right: auto;margin-top:20px;margin-bottom:20px;width:100%;\"><\/div><div class=\"fusion-testimonials classic awb-speech-bubble-show fusion-testimonials-6\" style=\"--awb-textcolor:#ffffff;--awb-backgroundcolor:#2a2a38;--awb-testimonial-border-style:solid;--awb-testimonial-border-color:var(--awb-color3);--awb-border-top-left-radius:0px;--awb-border-top-right-radius:0px;--awb-border-bottom-left-radius:0px;--awb-border-bottom-right-radius:0px;--testimonial-border-width-top:0px;--testimonial-border-width-right:0px;--testimonial-border-width-bottom:0px;--testimonial-border-width-left:0px;\" data-random=\"0\" data-speed=\"0\"><div class=\"reviews\"><div class=\"review active-testimonial no-avatar\"><blockquote><div class=\"awb-quote\"><div class=\"awb-quote-content\">\n<p style=\"text-align: justify;\">El di\u00e1logo de un sexo con el otro es imposible, suspiraba Lacan. Los enamorados est\u00e1n de hecho condenados a aprender indefinidamente la lengua del otro, a tientas, buscando las claves, siempre revocables. El amor, es un laberinto de malentendidos cuya salida no existe.<\/p>\n<\/div><\/div><span class=\"awb-triangle\"><\/span><\/blockquote><div class=\"author\"><span class=\"company-name\"><strong>Jacques-Alain Miller<\/strong><span>, <\/span><span>Amamos a aquel que responde a nuestra pregunta \u00bfqui\u00e9n soy yo?. Buenos Aires. P\u00e1gina 12. 2011<\/span><\/span><\/div><\/div><\/div><\/div><div class=\"fusion-separator fusion-full-width-sep\" style=\"align-self: center;margin-left: auto;margin-right: auto;margin-top:20px;margin-bottom:20px;width:100%;\"><\/div><div class=\"fusion-testimonials classic awb-speech-bubble-show fusion-testimonials-7\" style=\"--awb-textcolor:#ffffff;--awb-backgroundcolor:#2a2a38;--awb-testimonial-border-style:solid;--awb-testimonial-border-color:var(--awb-color3);--awb-border-top-left-radius:0px;--awb-border-top-right-radius:0px;--awb-border-bottom-left-radius:0px;--awb-border-bottom-right-radius:0px;--testimonial-border-width-top:0px;--testimonial-border-width-right:0px;--testimonial-border-width-bottom:0px;--testimonial-border-width-left:0px;\" data-random=\"0\" data-speed=\"0\"><div class=\"reviews\"><div class=\"review active-testimonial no-avatar\"><blockquote><div class=\"awb-quote\"><div class=\"awb-quote-content\">\n<p style=\"text-align: justify;\">Lacan lo remarca con este punto: la relaci\u00f3n a la falta en el Otro que habla en el lugar del lenguaje; en el lugar en que se articulan palabra y lenguaje la \u00faltima palabra sobre el amor faltar\u00e1 . Frente a esa falta, de un lado, lado masculino, est\u00e1 el objeto del fantasma, y del otro, lado femenino, se trata de lo que vendr\u00e1 al lugar en el fin (&#8230;).<\/p>\n<\/div><\/div><span class=\"awb-triangle\"><\/span><\/blockquote><div class=\"author\"><span class=\"company-name\"><strong>Eric Laurent<\/strong><span>, <\/span><span>La disparidad en el amor. Virtualia # 2. Revista digital de la EOL. 2001<\/span><\/span><\/div><\/div><\/div><\/div><div class=\"fusion-separator fusion-full-width-sep\" style=\"align-self: center;margin-left: auto;margin-right: auto;margin-top:20px;margin-bottom:20px;width:100%;\"><\/div><div class=\"fusion-testimonials classic awb-speech-bubble-show fusion-testimonials-8\" style=\"--awb-textcolor:#ffffff;--awb-backgroundcolor:#2a2a38;--awb-testimonial-border-style:solid;--awb-testimonial-border-color:var(--awb-color3);--awb-border-top-left-radius:0px;--awb-border-top-right-radius:0px;--awb-border-bottom-left-radius:0px;--awb-border-bottom-right-radius:0px;--testimonial-border-width-top:0px;--testimonial-border-width-right:0px;--testimonial-border-width-bottom:0px;--testimonial-border-width-left:0px;\" data-random=\"0\" data-speed=\"0\"><div class=\"reviews\"><div class=\"review active-testimonial no-avatar\"><blockquote><div class=\"awb-quote\"><div class=\"awb-quote-content\">\n<p style=\"text-align: justify;\">No hay decir que no tenga su ra\u00edz en\u00a0 un discurso; si <em>haiuno<\/em>, impronta de goce, vino del Otro. Que el amor sea apasionante implica exponerse a un juego en el que uno, sin saber,\u00a0 es activo a partir de las reglas de su decir.<\/p>\n<\/div><\/div><span class=\"awb-triangle\"><\/span><\/blockquote><div class=\"author\"><span class=\"company-name\"><strong>Carmen Gonz\u00e1lez Taboas<\/strong><span>, <\/span><span>Un amor menos tonto. Una lectura del Seminario XXI de Lacan, Bs. As., Grama, 2015. P. 173<\/span><\/span><\/div><\/div><\/div><\/div><div class=\"fusion-separator fusion-full-width-sep\" style=\"align-self: center;margin-left: auto;margin-right: auto;margin-top:20px;margin-bottom:20px;width:100%;\"><\/div><div class=\"fusion-testimonials classic awb-speech-bubble-show fusion-testimonials-9\" style=\"--awb-textcolor:#ffffff;--awb-backgroundcolor:#2a2a38;--awb-testimonial-border-style:solid;--awb-testimonial-border-color:var(--awb-color3);--awb-border-top-left-radius:0px;--awb-border-top-right-radius:0px;--awb-border-bottom-left-radius:0px;--awb-border-bottom-right-radius:0px;--testimonial-border-width-top:0px;--testimonial-border-width-right:0px;--testimonial-border-width-bottom:0px;--testimonial-border-width-left:0px;\" data-random=\"0\" data-speed=\"0\"><div class=\"reviews\"><div class=\"review active-testimonial no-avatar\"><blockquote><div class=\"awb-quote\"><div class=\"awb-quote-content\">\n<p style=\"text-align: justify;\">\u00a0La prohibici\u00f3n de hablar el (idioma) \u00e1rabe no era del todo inconsciente. Sab\u00eda que aprend\u00ed a entenderlo, sin hablarlo, por curiosidad de saber lo que mis padres hablaban entre ellos para no ser entendidos, pero fue en el psicoan\u00e1lisis que descubr\u00ed su nombre: Edipo. Tampoco sab\u00eda que se trataba del idioma (la lengua) del no hay relaci\u00f3n sexual\u2026<\/p>\n<\/div><\/div><span class=\"awb-triangle\"><\/span><\/blockquote><div class=\"author\"><span class=\"company-name\"><strong>Angelina Harari<\/strong><span>, <\/span><span>La rigidez anal\u00edtica, Lacaniana, A\u00f1o 9, nro. 12, abril 2012. P. 34. <\/span><\/span><\/div><\/div><\/div><\/div><div class=\"fusion-separator fusion-full-width-sep\" style=\"align-self: center;margin-left: auto;margin-right: auto;margin-top:20px;margin-bottom:20px;width:100%;\"><\/div><div class=\"fusion-testimonials classic awb-speech-bubble-show fusion-testimonials-10\" style=\"--awb-textcolor:#ffffff;--awb-backgroundcolor:#2a2a38;--awb-testimonial-border-style:solid;--awb-testimonial-border-color:var(--awb-color3);--awb-border-top-left-radius:0px;--awb-border-top-right-radius:0px;--awb-border-bottom-left-radius:0px;--awb-border-bottom-right-radius:0px;--testimonial-border-width-top:0px;--testimonial-border-width-right:0px;--testimonial-border-width-bottom:0px;--testimonial-border-width-left:0px;\" data-random=\"0\" data-speed=\"0\"><div class=\"reviews\"><div class=\"review active-testimonial no-avatar\"><blockquote><div class=\"awb-quote\"><div class=\"awb-quote-content\">\n<p style=\"text-align: justify;\">Cuando se toma entonces el punto de partida en el goce, en el <em>se goza<\/em>, entonces la palabra de amor se torna enigm\u00e1tica, pero se ve bien ahora su nuevo valor, de permitir enlazar el goce a los circuitos del sentido, enlazar la pulsi\u00f3n al Otro.<\/p>\n<p style=\"text-align: justify;\">(&#8230;) si el goce del Otro no es signo de amor, el amor es el sentido que puede orientar al goce a pasar por el Otro. Ya no es el amor velo de la pulsi\u00f3n, es el amor que enlaza la pulsi\u00f3n al Otro, lo que constituye ya otro estatuto del amor.<\/p>\n<\/div><\/div><span class=\"awb-triangle\"><\/span><\/blockquote><div class=\"author\"><span class=\"company-name\"><strong>Tarrab, M. <\/strong><span>, <\/span><span>Dos comentarios sobre el amor. Virtualia #36. Revista digital de la EOL. 2019<\/span><\/span><\/div><\/div><\/div><\/div><\/div><\/div><\/div><\/div><div class=\"fusion-fullwidth fullwidth-box fusion-builder-row-3 fusion-flex-container nonhundred-percent-fullwidth non-hundred-percent-height-scrolling\" style=\"--awb-border-radius-top-left:0px;--awb-border-radius-top-right:0px;--awb-border-radius-bottom-right:0px;--awb-border-radius-bottom-left:0px;--awb-flex-wrap:wrap;\" ><div class=\"fusion-builder-row fusion-row fusion-flex-align-items-flex-start fusion-flex-content-wrap\" style=\"max-width:1352px;margin-left: calc(-4% \/ 2 );margin-right: calc(-4% \/ 2 );\"><div class=\"fusion-layout-column fusion_builder_column fusion-builder-column-2 fusion_builder_column_1_1 1_1 fusion-flex-column\" style=\"--awb-bg-size:cover;--awb-width-large:100%;--awb-margin-top-large:0px;--awb-spacing-right-large:1.92%;--awb-margin-bottom-large:20px;--awb-spacing-left-large:1.92%;--awb-width-medium:100%;--awb-order-medium:0;--awb-spacing-right-medium:1.92%;--awb-spacing-left-medium:1.92%;--awb-width-small:100%;--awb-order-small:0;--awb-spacing-right-small:1.92%;--awb-spacing-left-small:1.92%;\"><div class=\"fusion-column-wrapper fusion-column-has-shadow fusion-flex-justify-content-flex-start fusion-content-layout-column\"><div class=\"fusion-title title fusion-title-2 fusion-sep-none fusion-title-text fusion-title-size-one\" style=\"--awb-margin-bottom:0px;\"><h1 class=\"fusion-title-heading title-heading-left fusion-responsive-typography-calculated\" style=\"margin:0;--fontSize:80;line-height:1.2;\">BIBLIOGRAF\u00cdA<\/h1><\/div><\/div><\/div><\/div><\/div><div class=\"fusion-fullwidth fullwidth-box fusion-builder-row-4 fusion-flex-container nonhundred-percent-fullwidth non-hundred-percent-height-scrolling\" style=\"--awb-border-radius-top-left:0px;--awb-border-radius-top-right:0px;--awb-border-radius-bottom-right:0px;--awb-border-radius-bottom-left:0px;--awb-flex-wrap:wrap;\" ><div class=\"fusion-builder-row fusion-row fusion-flex-align-items-flex-start fusion-flex-content-wrap\" style=\"max-width:1352px;margin-left: calc(-4% \/ 2 );margin-right: calc(-4% \/ 2 );\"><div class=\"fusion-layout-column fusion_builder_column fusion-builder-column-3 fusion_builder_column_1_1 1_1 fusion-flex-column\" style=\"--awb-bg-size:cover;--awb-width-large:100%;--awb-margin-top-large:0px;--awb-spacing-right-large:1.92%;--awb-margin-bottom-large:20px;--awb-spacing-left-large:1.92%;--awb-width-medium:100%;--awb-order-medium:0;--awb-spacing-right-medium:1.92%;--awb-spacing-left-medium:1.92%;--awb-width-small:100%;--awb-order-small:0;--awb-spacing-right-small:1.92%;--awb-spacing-left-small:1.92%;\"><div class=\"fusion-column-wrapper fusion-column-has-shadow fusion-flex-justify-content-flex-start fusion-content-layout-column\"><ul style=\"--awb-line-height:28.9px;--awb-icon-width:28.9px;--awb-icon-height:28.9px;--awb-icon-margin:11.9px;--awb-content-margin:40.8px;--awb-circlecolor:#ff8700;--awb-circle-yes-font-size:14.96px;\" class=\"fusion-checklist fusion-checklist-1 fusion-checklist-default type-icons\"><li class=\"fusion-li-item\" style=\"\"><span class=\"icon-wrapper circle-yes\"><i class=\"fusion-li-icon fa-book fas\" aria-hidden=\"true\"><\/i><\/span><div class=\"fusion-li-item-content\">\n<p>Lacan, J. Hablo a las paredes<em>.<\/em> Buenos Aires. Paid\u00f3s. 2012.<\/p>\n<\/div><\/li><li class=\"fusion-li-item\" style=\"\"><span class=\"icon-wrapper circle-yes\"><i class=\"fusion-li-icon fa-book fas\" aria-hidden=\"true\"><\/i><\/span><div class=\"fusion-li-item-content\">\n<p>Lacan, J. Seminario XX. Aun. Buenos Aires. Paid\u00f3s. 2007.<\/p>\n<\/div><\/li><li class=\"fusion-li-item\" style=\"\"><span class=\"icon-wrapper circle-yes\"><i class=\"fusion-li-icon fa-book fas\" aria-hidden=\"true\"><\/i><\/span><div class=\"fusion-li-item-content\">\n<p>Lacan, J, Apertura de la Secci\u00f3n cl\u00ednica, <em>Ornicar<\/em>?, n\u00b09, 1977.<\/p>\n<\/div><\/li><li class=\"fusion-li-item\" style=\"\"><span class=\"icon-wrapper circle-yes\"><i class=\"fusion-li-icon fa-book fas\" aria-hidden=\"true\"><\/i><\/span><div class=\"fusion-li-item-content\">\n<p>Miller, J.-A. El hueso de un an\u00e1lisis. Buenos Aires. Tres haches. 1998.<\/p>\n<\/div><\/li><li class=\"fusion-li-item\" style=\"\"><span class=\"icon-wrapper circle-yes\"><i class=\"fusion-li-icon fa-book fas\" aria-hidden=\"true\"><\/i><\/span><div class=\"fusion-li-item-content\">\n<p>Miller, J.-A.\u00a0 Introducci\u00f3n al m\u00e9todo psicoanal\u00edtico. Buenos Aires. Paid\u00f3s. 2006.<\/p>\n<\/div><\/li><li class=\"fusion-li-item\" style=\"\"><span class=\"icon-wrapper circle-yes\"><i class=\"fusion-li-icon fa-book fas\" aria-hidden=\"true\"><\/i><\/span><div class=\"fusion-li-item-content\">\n<p style=\"text-align: justify;\">Miller, J.-A. Donc. Buenos Aires: Paid\u00f3s. 2011.<\/p>\n<\/div><\/li><li class=\"fusion-li-item\" style=\"\"><span class=\"icon-wrapper circle-yes\"><i class=\"fusion-li-icon fa-book fas\" aria-hidden=\"true\"><\/i><\/span><div class=\"fusion-li-item-content\">\n<p>Miller, J-A. Amamos a aquel que responde a nuestra pregunta \u00bfqui\u00e9n soy yo?. Buenos Aires. P\u00e1gina 12. 22 de diciembre de 2011. <a href=\"https:\/\/www.pagina12.com.ar\/diario\/suplementos\/rosario\/21-31778-2011-12-22.html\">https:\/\/www.pagina12.com.ar\/diario\/suplementos\/rosario\/21-31778-2011-12-22.html<\/a><\/p>\n<\/div><\/li><li class=\"fusion-li-item\" style=\"\"><span class=\"icon-wrapper circle-yes\"><i class=\"fusion-li-icon fa-book fas\" aria-hidden=\"true\"><\/i><\/span><div class=\"fusion-li-item-content\">\n<p>Gonz\u00e1lez Taboas, C. El amor, A\u00fan. Una lectura de Seminario 20 de Lacan y sus fuentes antiguas. Bs. As. Grama. 2020.<\/p>\n<\/div><\/li><li class=\"fusion-li-item\" style=\"\"><span class=\"icon-wrapper circle-yes\"><i class=\"fusion-li-icon fa-book fas\" aria-hidden=\"true\"><\/i><\/span><div class=\"fusion-li-item-content\">\n<p>Gonz\u00e1lez Taboas, C. Un amor menos tonto. Una lectura del Seminario XXI de Lacan, Bs. As., Grama, 2015.<\/p>\n<\/div><\/li><li class=\"fusion-li-item\" style=\"\"><span class=\"icon-wrapper circle-yes\"><i class=\"fusion-li-icon fa-book fas\" aria-hidden=\"true\"><\/i><\/span><div class=\"fusion-li-item-content\">\n<p>Mart\u00ednez de Bocca, C. El analista lacaniano: l\u00edmite de la errancia. Mediodicho 34. C\u00f3rdoba: EOL &#8211; Secci\u00f3n C\u00f3rdoba, 2008.<\/p>\n<\/div><\/li><li class=\"fusion-li-item\" style=\"\"><span class=\"icon-wrapper circle-yes\"><i class=\"fusion-li-icon fa-book fas\" aria-hidden=\"true\"><\/i><\/span><div class=\"fusion-li-item-content\">\n<p>Laurent, E, La disparidad en el amor. Virtualia <em># 2<\/em>. Revista digital de la EOL. 2001.<br \/>\n<a href=\"http:\/\/www.revistavirtualia.com\/articulos\/760\/destacados\/la-disparidad-en-el-amor\">http:\/\/www.revistavirtualia.com\/articulos\/760\/destacados\/la-disparidad-en-el-amor<\/a><\/p>\n<\/div><\/li><li class=\"fusion-li-item\" style=\"\"><span class=\"icon-wrapper circle-yes\"><i class=\"fusion-li-icon fa-book fas\" aria-hidden=\"true\"><\/i><\/span><div class=\"fusion-li-item-content\">\n<p>Tarrab, M. Dos comentarios sobre el amor. <em>Virtualia#36<\/em>. Revista digital de la EOL. 2019.<br \/>\n<a href=\"http:\/\/www.revistavirtualia.com\/articulos\/826\/el-amor-y-la-epoca\/dos-comentarios-sobre-el-amor\" target=\"_blank\" rel=\"noopener noreferrer\">http:\/\/www.revistavirtualia.com\/articulos\/826\/el-amor-y-la-epoca\/dos-comentarios-sobre-el-amor<\/a><\/p>\n<\/div><\/li><\/ul><\/div><\/div><\/div><\/div><\/p>\n","protected":false},"excerpt":{"rendered":"","protected":false},"author":1,"featured_media":0,"parent":908,"menu_order":2,"comment_status":"closed","ping_status":"closed","template":"","meta":{"_monsterinsights_skip_tracking":false,"_monsterinsights_sitenote_active":false,"_monsterinsights_sitenote_note":"","_monsterinsights_sitenote_category":0,"footnotes":""},"_links":{"self":[{"href":"https:\/\/enapol.com\/x\/wp-json\/wp\/v2\/pages\/1827"}],"collection":[{"href":"https:\/\/enapol.com\/x\/wp-json\/wp\/v2\/pages"}],"about":[{"href":"https:\/\/enapol.com\/x\/wp-json\/wp\/v2\/types\/page"}],"author":[{"embeddable":true,"href":"https:\/\/enapol.com\/x\/wp-json\/wp\/v2\/users\/1"}],"replies":[{"embeddable":true,"href":"https:\/\/enapol.com\/x\/wp-json\/wp\/v2\/comments?post=1827"}],"version-history":[{"count":4,"href":"https:\/\/enapol.com\/x\/wp-json\/wp\/v2\/pages\/1827\/revisions"}],"predecessor-version":[{"id":1832,"href":"https:\/\/enapol.com\/x\/wp-json\/wp\/v2\/pages\/1827\/revisions\/1832"}],"up":[{"embeddable":true,"href":"https:\/\/enapol.com\/x\/wp-json\/wp\/v2\/pages\/908"}],"wp:attachment":[{"href":"https:\/\/enapol.com\/x\/wp-json\/wp\/v2\/media?parent=1827"}],"curies":[{"name":"wp","href":"https:\/\/api.w.org\/{rel}","templated":true}]}}