{"id":242,"date":"2020-11-09T16:50:21","date_gmt":"2020-11-09T19:50:21","guid":{"rendered":"http:\/\/x-enapol.org\/?page_id=242"},"modified":"2021-06-02T09:40:07","modified_gmt":"2021-06-02T12:40:07","slug":"afiche","status":"publish","type":"page","link":"https:\/\/enapol.com\/x\/encuentro\/afiche\/","title":{"rendered":"Afiche"},"content":{"rendered":"<div class=\"fusion-fullwidth fullwidth-box fusion-builder-row-1 fusion-flex-container nonhundred-percent-fullwidth non-hundred-percent-height-scrolling\" style=\"--awb-border-radius-top-left:0px;--awb-border-radius-top-right:0px;--awb-border-radius-bottom-right:0px;--awb-border-radius-bottom-left:0px;--awb-flex-wrap:wrap;\" ><div class=\"fusion-builder-row fusion-row fusion-flex-align-items-flex-start fusion-flex-content-wrap\" style=\"max-width:1352px;margin-left: calc(-4% \/ 2 );margin-right: calc(-4% \/ 2 );\"><div class=\"fusion-layout-column fusion_builder_column fusion-builder-column-0 fusion_builder_column_1_2 1_2 fusion-flex-column\" style=\"--awb-bg-size:cover;--awb-width-large:50%;--awb-margin-top-large:0px;--awb-spacing-right-large:3.84%;--awb-margin-bottom-large:20px;--awb-spacing-left-large:3.84%;--awb-width-medium:100%;--awb-order-medium:0;--awb-spacing-right-medium:1.92%;--awb-spacing-left-medium:1.92%;--awb-width-small:100%;--awb-order-small:0;--awb-spacing-right-small:1.92%;--awb-spacing-left-small:1.92%;\"><div class=\"fusion-column-wrapper fusion-column-has-shadow fusion-flex-justify-content-flex-start fusion-content-layout-column\"><div class=\"fusion-image-element \" style=\"--awb-bottom-shadow-color:rgba(0,0,0,0.4);--awb-caption-title-font-family:var(--h2_typography-font-family);--awb-caption-title-font-weight:var(--h2_typography-font-weight);--awb-caption-title-font-style:var(--h2_typography-font-style);--awb-caption-title-size:var(--h2_typography-font-size);--awb-caption-title-transform:var(--h2_typography-text-transform);--awb-caption-title-line-height:var(--h2_typography-line-height);--awb-caption-title-letter-spacing:var(--h2_typography-letter-spacing);\"><div class=\"awb-image-frame awb-image-frame-1 imageframe-liftup awb-bottomshadow\"><span class=\" fusion-imageframe imageframe-bottomshadow imageframe-1\"><a href=\"http:\/\/enapol.com\/x\/wp-content\/uploads\/2021\/06\/ENAPOL-FINAL-WEB-Espanol-scaled.jpg\" class=\"fusion-lightbox\" data-rel=\"iLightbox[72e60b16ffed7bd62b7]\" data-title=\"ENAPOL &#8211; FINAL WEB Espa\u00f1ol\" title=\"ENAPOL &#8211; FINAL WEB Espa\u00f1ol\"><img decoding=\"async\" width=\"1810\" height=\"2560\" src=\"http:\/\/enapol.com\/x\/wp-content\/uploads\/2021\/06\/ENAPOL-FINAL-WEB-Espanol-scaled.jpg\" alt class=\"img-responsive wp-image-2098\" srcset=\"https:\/\/enapol.com\/x\/wp-content\/uploads\/sites\/1\/2021\/06\/ENAPOL-FINAL-WEB-Espanol-200x283.jpg 200w, https:\/\/enapol.com\/x\/wp-content\/uploads\/sites\/1\/2021\/06\/ENAPOL-FINAL-WEB-Espanol-400x566.jpg 400w, https:\/\/enapol.com\/x\/wp-content\/uploads\/sites\/1\/2021\/06\/ENAPOL-FINAL-WEB-Espanol-600x848.jpg 600w, https:\/\/enapol.com\/x\/wp-content\/uploads\/sites\/1\/2021\/06\/ENAPOL-FINAL-WEB-Espanol-800x1131.jpg 800w, https:\/\/enapol.com\/x\/wp-content\/uploads\/sites\/1\/2021\/06\/ENAPOL-FINAL-WEB-Espanol-1200x1697.jpg 1200w, https:\/\/enapol.com\/x\/wp-content\/uploads\/sites\/1\/2021\/06\/ENAPOL-FINAL-WEB-Espanol-scaled.jpg 1810w\" sizes=\"(max-width: 1024px) 100vw, (max-width: 640px) 100vw, 800px\" \/><\/a><\/span><svg xmlns=\"http:\/\/www.w3.org\/2000\/svg\" version=\"1.1\" width=\"100%\" viewBox=\"0 0 600 28\" preserveAspectRatio=\"none\"><g clip-path=\"url(#a)\"><mask id=\"b\" style=\"mask-type:luminance\" maskUnits=\"userSpaceOnUse\" x=\"0\" y=\"0\" width=\"600\" height=\"28\"><path d=\"M0 0h600v28H0V0Z\" fill=\"#fff\"\/><\/mask><g filter=\"url(#c)\" mask=\"url(#b)\"><path d=\"M16.439-18.667h567.123v30.8S438.961-8.4 300-8.4C161.04-8.4 16.438 12.133 16.438 12.133v-30.8Z\" fill=\"#000\"\/><\/g><\/g><defs><clipPath id=\"a\"><path fill=\"#fff\" d=\"M0 0h600v28H0z\"\/><\/clipPath><filter id=\"c\" x=\"5.438\" y=\"-29.667\" width=\"589.123\" height=\"52.8\" filterUnits=\"userSpaceOnUse\" color-interpolation-filters=\"sRGB\"><feFlood flood-opacity=\"0\" result=\"BackgroundImageFix\"\/><feBlend in=\"SourceGraphic\" in2=\"BackgroundImageFix\" result=\"shape\"\/><feGaussianBlur stdDeviation=\"5.5\" result=\"effect1_foregroundBlur_3983_183\"\/><\/filter><\/defs><\/svg><\/div><\/div><\/div><\/div><div class=\"fusion-layout-column fusion_builder_column fusion-builder-column-1 fusion_builder_column_1_2 1_2 fusion-flex-column\" style=\"--awb-bg-size:cover;--awb-width-large:50%;--awb-margin-top-large:0px;--awb-spacing-right-large:3.84%;--awb-margin-bottom-large:20px;--awb-spacing-left-large:3.84%;--awb-width-medium:100%;--awb-order-medium:0;--awb-spacing-right-medium:1.92%;--awb-spacing-left-medium:1.92%;--awb-width-small:100%;--awb-order-small:0;--awb-spacing-right-small:1.92%;--awb-spacing-left-small:1.92%;\"><div class=\"fusion-column-wrapper fusion-column-has-shadow fusion-flex-justify-content-flex-start fusion-content-layout-column\"><div class=\"fusion-video fusion-youtube\" style=\"--awb-max-width:600px;--awb-max-height:360px;--awb-align-self:center;--awb-width:100%;\"><div class=\"video-shortcode\"><div class=\"fluid-width-video-wrapper\" style=\"padding-top:60%;\" ><iframe title=\"YouTube video player 1\" src=\"https:\/\/www.youtube.com\/embed\/4V8Mb1Q1BBE?wmode=transparent&autoplay=0\" width=\"600\" height=\"360\" allowfullscreen allow=\"autoplay; fullscreen\"><\/iframe><\/div><\/div><\/div><div class=\"fusion-separator fusion-full-width-sep\" style=\"align-self: center;margin-left: auto;margin-right: auto;margin-top:20px;margin-bottom:20px;width:100%;\"><\/div><div class=\"fusion-text fusion-text-1\"><p style=\"text-align: center;\"><span style=\"color: #ffffff;\"><strong>VALENZ<\/strong><\/span><br \/>\n<span style=\"color: #ffffff;\"><strong>Sergio Valenzuela<\/strong><\/span><\/p>\n<p style=\"text-align: justify;\">Sergio Valenzuela, VALENZ, siendo licenciado en comunicaci\u00f3n para la educaci\u00f3n, dise\u00f1ador gr\u00e1fico, creativo publicista y productor, toma posici\u00f3n: \u201cla pintura es mi vida\u201d. Artista guatemalteco, despliega en su obra artefactos cotidianos: sillas, camas, escaleras, en las que articula \u201cel juego que es la vida\u201d. En esos espacios se sube, baja, despierta y sue\u00f1a, y se despliega \u201cla singularidad de cada uno\u201d. Con su l\u00e1piz grafito, pone a iterar lo que pulsa en su mirada y lo va trenzando de una obra a otra; as\u00ed da vida propia a sus tramas.<\/p>\n<p>Su obra \u201c<a href=\"http:\/\/enapol.com\/x\/wp-content\/uploads\/2020\/11\/IMG_2009.jpg\" target=\"_blank\" rel=\"noopener noreferrer\"><strong>Nosotros en Balance<\/strong><\/a>\u201d es el artefacto que ha puesto en marcha, desde el vamos, nuestro X ENAPOL; cada uno sabr\u00e1 dar lectura y uso a este engranaje, que ha marcado con flechas, v\u00e9rtigos, cuerpos y colores el inicio de nuestra investigaci\u00f3n en torno a lo nuevo en el amor.<\/p>\n<\/div><div class=\"fusion-separator fusion-full-width-sep\" style=\"align-self: center;margin-left: auto;margin-right: auto;margin-top:10px;margin-bottom:10px;width:100%;\"><\/div><div style=\"text-align:center;\"><a class=\"fusion-button button-flat fusion-button-default-size button-default fusion-button-default button-1 fusion-button-span-yes fusion-button-default-type\" target=\"_blank\" rel=\"noopener noreferrer\" href=\"https:\/\/valenzfineart.com\/\"><span class=\"fusion-button-text\">VALENZ<\/span><\/a><\/div><\/div><\/div><\/div><\/div>\n","protected":false},"excerpt":{"rendered":"","protected":false},"author":1,"featured_media":0,"parent":236,"menu_order":1,"comment_status":"closed","ping_status":"closed","template":"","meta":{"_monsterinsights_skip_tracking":false,"_monsterinsights_sitenote_active":false,"_monsterinsights_sitenote_note":"","_monsterinsights_sitenote_category":0,"footnotes":""},"_links":{"self":[{"href":"https:\/\/enapol.com\/x\/wp-json\/wp\/v2\/pages\/242"}],"collection":[{"href":"https:\/\/enapol.com\/x\/wp-json\/wp\/v2\/pages"}],"about":[{"href":"https:\/\/enapol.com\/x\/wp-json\/wp\/v2\/types\/page"}],"author":[{"embeddable":true,"href":"https:\/\/enapol.com\/x\/wp-json\/wp\/v2\/users\/1"}],"replies":[{"embeddable":true,"href":"https:\/\/enapol.com\/x\/wp-json\/wp\/v2\/comments?post=242"}],"version-history":[{"count":8,"href":"https:\/\/enapol.com\/x\/wp-json\/wp\/v2\/pages\/242\/revisions"}],"predecessor-version":[{"id":2099,"href":"https:\/\/enapol.com\/x\/wp-json\/wp\/v2\/pages\/242\/revisions\/2099"}],"up":[{"embeddable":true,"href":"https:\/\/enapol.com\/x\/wp-json\/wp\/v2\/pages\/236"}],"wp:attachment":[{"href":"https:\/\/enapol.com\/x\/wp-json\/wp\/v2\/media?parent=242"}],"curies":[{"name":"wp","href":"https:\/\/api.w.org\/{rel}","templated":true}]}}