{"id":256,"date":"2020-11-09T17:04:59","date_gmt":"2020-11-09T20:04:59","guid":{"rendered":"http:\/\/x-enapol.org\/?page_id=256"},"modified":"2021-09-15T16:03:28","modified_gmt":"2021-09-15T19:03:28","slug":"conversaciones","status":"publish","type":"page","link":"https:\/\/enapol.com\/x\/conversaciones\/","title":{"rendered":"CONVERSACIONES"},"content":{"rendered":"<div class=\"fusion-fullwidth fullwidth-box fusion-builder-row-1 fusion-flex-container nonhundred-percent-fullwidth non-hundred-percent-height-scrolling\" style=\"--awb-border-radius-top-left:0px;--awb-border-radius-top-right:0px;--awb-border-radius-bottom-right:0px;--awb-border-radius-bottom-left:0px;--awb-flex-wrap:wrap;\" ><div class=\"fusion-builder-row fusion-row fusion-flex-align-items-flex-start fusion-flex-content-wrap\" style=\"max-width:1352px;margin-left: calc(-4% \/ 2 );margin-right: calc(-4% \/ 2 );\"><div class=\"fusion-layout-column fusion_builder_column fusion-builder-column-0 fusion_builder_column_1_1 1_1 fusion-flex-column\" style=\"--awb-bg-size:cover;--awb-width-large:100%;--awb-margin-top-large:0px;--awb-spacing-right-large:1.92%;--awb-margin-bottom-large:20px;--awb-spacing-left-large:1.92%;--awb-width-medium:100%;--awb-order-medium:0;--awb-spacing-right-medium:1.92%;--awb-spacing-left-medium:1.92%;--awb-width-small:100%;--awb-order-small:0;--awb-spacing-right-small:1.92%;--awb-spacing-left-small:1.92%;\"><div class=\"fusion-column-wrapper fusion-column-has-shadow fusion-flex-justify-content-flex-start fusion-content-layout-column\"><div class=\"fusion-text fusion-text-1\"><p style=\"text-align: justify;\">Estimados colegas,<\/p>\n<p style=\"text-align: justify;\">El 2021 es el a\u00f1o del X Encuentro Americano de Psicoan\u00e1lisis de Orientaci\u00f3n Lacaniana, y nos seguimos preparando. Ya est\u00e1n en marcha los medios a trav\u00e9s de los cuales vamos estableciendo las bases transferenciales alrededor del tema de Lo nuevo en el amor.<\/p>\n<p style=\"text-align: justify;\">En esa v\u00eda, hemos previsto el trabajo de grupos de conversaci\u00f3n conformados por quince integrantes, los cuales ser\u00e1n coordinados por dos colegas de la AMP de cada Escuela quienes, durante cuatro meses (del 10 de abril al 15 de agosto), dar\u00e1n forma a una elaboraci\u00f3n colectiva a partir de una tem\u00e1tica precisa.<\/p>\n<p style=\"text-align: justify;\">Cada Escuela conformar\u00e1 diez grupos. Las duplas de coordinaci\u00f3n tendr\u00e1n en cuenta en el llamado a configurar sus grupos a aqu\u00e9llos que, de manera sostenida, han declarado su inter\u00e9s por el psicoan\u00e1lisis de orientaci\u00f3n lacaniana, a trav\u00e9s de su participaci\u00f3n en alguno de los dispositivos de transmisi\u00f3n y ense\u00f1anza de las Escuelas de la AMP y del Campo freudiano: Los Institutos, los grupos de investigaci\u00f3n, los carteles, los grupos asociados, etc.<\/p>\n<p style=\"text-align: justify;\">La elaboraci\u00f3n colectiva se plasmar\u00e1 en un texto que ser\u00e1 publicado en nuestros medios y compartido con las elaboraciones de los otros grupos con la misma tem\u00e1tica durante nuestro ENAPOL en el mes de octubre.<\/p>\n<p style=\"text-align: justify;\">Las r\u00fabricas de estas conversaciones son la siguientes:<\/p>\n<\/div><div class=\"fusion-text fusion-text-2\"><p style=\"text-align: justify;\">\u00a1Ojal\u00e1 sea una propuesta que los conduzca del entusiasmo al amor!<\/p>\n<p style=\"text-align: justify;\"><strong>Lizbeth Ahumada Yanet<\/strong><br \/>\nPresidente X ENAPOL<\/p>\n<\/div><\/div><\/div><\/div><\/div>\n","protected":false},"excerpt":{"rendered":"","protected":false},"author":1,"featured_media":0,"parent":0,"menu_order":5,"comment_status":"closed","ping_status":"closed","template":"","meta":{"_monsterinsights_skip_tracking":false,"_monsterinsights_sitenote_active":false,"_monsterinsights_sitenote_note":"","_monsterinsights_sitenote_category":0,"footnotes":""},"_links":{"self":[{"href":"https:\/\/enapol.com\/x\/wp-json\/wp\/v2\/pages\/256"}],"collection":[{"href":"https:\/\/enapol.com\/x\/wp-json\/wp\/v2\/pages"}],"about":[{"href":"https:\/\/enapol.com\/x\/wp-json\/wp\/v2\/types\/page"}],"author":[{"embeddable":true,"href":"https:\/\/enapol.com\/x\/wp-json\/wp\/v2\/users\/1"}],"replies":[{"embeddable":true,"href":"https:\/\/enapol.com\/x\/wp-json\/wp\/v2\/comments?post=256"}],"version-history":[{"count":23,"href":"https:\/\/enapol.com\/x\/wp-json\/wp\/v2\/pages\/256\/revisions"}],"predecessor-version":[{"id":2951,"href":"https:\/\/enapol.com\/x\/wp-json\/wp\/v2\/pages\/256\/revisions\/2951"}],"wp:attachment":[{"href":"https:\/\/enapol.com\/x\/wp-json\/wp\/v2\/media?parent=256"}],"curies":[{"name":"wp","href":"https:\/\/api.w.org\/{rel}","templated":true}]}}