{"id":2721,"date":"2021-08-31T07:21:58","date_gmt":"2021-08-31T10:21:58","guid":{"rendered":"http:\/\/x-enapol.org\/?page_id=2721"},"modified":"2021-08-31T08:38:41","modified_gmt":"2021-08-31T11:38:41","slug":"tercera-entrega","status":"publish","type":"page","link":"https:\/\/enapol.com\/x\/bibliografia\/hacer-el-amor-hablar-de-amor\/tercera-entrega\/","title":{"rendered":"Tercera Entrega"},"content":{"rendered":"<p><div class=\"fusion-fullwidth fullwidth-box fusion-builder-row-1 fusion-flex-container nonhundred-percent-fullwidth non-hundred-percent-height-scrolling\" style=\"--awb-border-radius-top-left:0px;--awb-border-radius-top-right:0px;--awb-border-radius-bottom-right:0px;--awb-border-radius-bottom-left:0px;--awb-margin-top:0px;--awb-flex-wrap:wrap;\" ><div class=\"fusion-builder-row fusion-row fusion-flex-align-items-flex-start fusion-flex-content-wrap\" style=\"max-width:1352px;margin-left: calc(-4% \/ 2 );margin-right: calc(-4% \/ 2 );\"><div class=\"fusion-layout-column fusion_builder_column fusion-builder-column-0 fusion_builder_column_1_1 1_1 fusion-flex-column\" style=\"--awb-bg-size:cover;--awb-width-large:100%;--awb-margin-top-large:0px;--awb-spacing-right-large:1.92%;--awb-margin-bottom-large:20px;--awb-spacing-left-large:1.92%;--awb-width-medium:100%;--awb-order-medium:0;--awb-spacing-right-medium:1.92%;--awb-spacing-left-medium:1.92%;--awb-width-small:100%;--awb-order-small:0;--awb-spacing-right-small:1.92%;--awb-spacing-left-small:1.92%;\"><div class=\"fusion-column-wrapper fusion-column-has-shadow fusion-flex-justify-content-flex-start fusion-content-layout-column\"><div class=\"fusion-title title fusion-title-1 fusion-sep-none fusion-title-text fusion-title-size-one\" style=\"--awb-margin-bottom:0px;\"><h1 class=\"fusion-title-heading title-heading-left fusion-responsive-typography-calculated\" style=\"margin:0;--fontSize:80;line-height:1.2;\">CITAS<\/h1><\/div><\/div><\/div><\/div><\/div><div class=\"fusion-fullwidth fullwidth-box fusion-builder-row-2 fusion-flex-container nonhundred-percent-fullwidth non-hundred-percent-height-scrolling\" style=\"--awb-border-radius-top-left:0px;--awb-border-radius-top-right:0px;--awb-border-radius-bottom-right:0px;--awb-border-radius-bottom-left:0px;--awb-flex-wrap:wrap;\" ><div class=\"fusion-builder-row fusion-row fusion-flex-align-items-flex-start fusion-flex-content-wrap\" style=\"max-width:1352px;margin-left: calc(-4% \/ 2 );margin-right: calc(-4% \/ 2 );\"><div class=\"fusion-layout-column fusion_builder_column fusion-builder-column-1 fusion_builder_column_1_1 1_1 fusion-flex-column\" style=\"--awb-bg-size:cover;--awb-width-large:100%;--awb-margin-top-large:0px;--awb-spacing-right-large:1.92%;--awb-margin-bottom-large:20px;--awb-spacing-left-large:1.92%;--awb-width-medium:100%;--awb-order-medium:0;--awb-spacing-right-medium:1.92%;--awb-spacing-left-medium:1.92%;--awb-width-small:100%;--awb-order-small:0;--awb-spacing-right-small:1.92%;--awb-spacing-left-small:1.92%;\"><div class=\"fusion-column-wrapper fusion-column-has-shadow fusion-flex-justify-content-flex-start fusion-content-layout-column\"><div class=\"fusion-testimonials classic awb-speech-bubble-show fusion-testimonials-1\" style=\"--awb-textcolor:#ffffff;--awb-backgroundcolor:#2a2a38;--awb-testimonial-border-style:solid;--awb-testimonial-border-color:var(--awb-color3);--awb-border-top-left-radius:0px;--awb-border-top-right-radius:0px;--awb-border-bottom-left-radius:0px;--awb-border-bottom-right-radius:0px;--testimonial-border-width-top:0px;--testimonial-border-width-right:0px;--testimonial-border-width-bottom:0px;--testimonial-border-width-left:0px;\" data-random=\"0\" data-speed=\"0\"><div class=\"reviews\"><div class=\"review active-testimonial no-avatar\"><blockquote><div class=\"awb-quote\"><div class=\"awb-quote-content\">\n<p style=\"text-align: justify;\">Sufr\u00eda enormemente de un s\u00edntoma: no pod\u00eda amar a un solo hombre [\u2026] En la primera entrevista, la demanda: ay\u00fademe a amar a un solo hombre y a orientarme en la pr\u00e1ctica anal\u00edtica. Despu\u00e9s, uno tras otro, los dos elementos que se tejieron y destejieron en ese an\u00e1lisis hasta el final. A uno lo llamo <em>vaiv\u00e9n <\/em>[\u2026] Al otro elemento lo llamo la escena de seducci\u00f3n. [al final del an\u00e1lisis supo] que \u201cseductora\u201d no es s\u00edntoma sino <em>sinthome; <\/em>no es una compulsi\u00f3n sino el modo de funcionamiento, el m\u00edo desde siempre, a partir del real irreductible del vaiv\u00e9n. \u201cHacerme desear\u201d lo hab\u00eda abordado siempre en relaci\u00f3n al Otro, pero ahora era algo mucho m\u00e1s \u00edntimo: afanarme a fondo para hacerme desear\u2026 el saber, hacerme desear\u2026 el amor, hacerme desear, a m\u00ed misma; en conjunto, la vida<\/p>\n<\/div><\/div><span class=\"awb-triangle\"><\/span><\/blockquote><div class=\"author\"><span class=\"company-name\"><strong>Serra, M. <\/strong><span>, <\/span><span>Vaiven. Primer Testimonio, Revista Bit\u00e1cora Lacaniana, N\u00ba7, Octubre 2018. P.175<\/span><\/span><\/div><\/div><\/div><\/div><div class=\"fusion-separator fusion-full-width-sep\" style=\"align-self: center;margin-left: auto;margin-right: auto;margin-top:20px;margin-bottom:20px;width:100%;\"><\/div><div class=\"fusion-testimonials classic awb-speech-bubble-show fusion-testimonials-2\" style=\"--awb-textcolor:#ffffff;--awb-backgroundcolor:#2a2a38;--awb-testimonial-border-style:solid;--awb-testimonial-border-color:var(--awb-color3);--awb-border-top-left-radius:0px;--awb-border-top-right-radius:0px;--awb-border-bottom-left-radius:0px;--awb-border-bottom-right-radius:0px;--testimonial-border-width-top:0px;--testimonial-border-width-right:0px;--testimonial-border-width-bottom:0px;--testimonial-border-width-left:0px;\" data-random=\"0\" data-speed=\"0\"><div class=\"reviews\"><div class=\"review active-testimonial no-avatar\"><blockquote><div class=\"awb-quote\"><div class=\"awb-quote-content\">\n<p style=\"text-align: justify;\">Pude hacerme hablar por \u00e9l, sus palabras de amor resonaron en mi cuerpo y experiment\u00e9 el amor como \u201cel encuentro de dos medios decires que no se recubren\u201d, lejos de un complemento. Se trata de ser la \u00fanica pero en el sentido de la singularidad de mi goce, otra diferente del dulce a devorar<\/p>\n<\/div><\/div><span class=\"awb-triangle\"><\/span><\/blockquote><div class=\"author\"><span class=\"company-name\"><strong>Kuperwajs, I.<\/strong><span>, <\/span><span>\u201cTomar la palabra\u201d. Revista Lacaniana N 27: Operaci\u00f3n Anal\u00edtica. Publicaci\u00f3n de Escuela de la Orientaci\u00f3n Lacaniana, Grama, Buenos Aires, 2019. p.112.<\/span><\/span><\/div><\/div><\/div><\/div><div class=\"fusion-separator fusion-full-width-sep\" style=\"align-self: center;margin-left: auto;margin-right: auto;margin-top:20px;margin-bottom:20px;width:100%;\"><\/div><div class=\"fusion-testimonials classic awb-speech-bubble-show fusion-testimonials-3\" style=\"--awb-textcolor:#ffffff;--awb-backgroundcolor:#2a2a38;--awb-testimonial-border-style:solid;--awb-testimonial-border-color:var(--awb-color3);--awb-border-top-left-radius:0px;--awb-border-top-right-radius:0px;--awb-border-bottom-left-radius:0px;--awb-border-bottom-right-radius:0px;--testimonial-border-width-top:0px;--testimonial-border-width-right:0px;--testimonial-border-width-bottom:0px;--testimonial-border-width-left:0px;\" data-random=\"0\" data-speed=\"0\"><div class=\"reviews\"><div class=\"review active-testimonial no-avatar\"><blockquote><div class=\"awb-quote\"><div class=\"awb-quote-content\">\n<p style=\"text-align: justify;\">El acto del analista vino a puntuar con ligereza este desenlace: con gesto interrogador, me design\u00f3 la puerta, remiti\u00e9ndome a la decisi\u00f3n, al acto. Sal\u00ed de la sesi\u00f3n algo desorientada y, no sin humor, se me impuso esta f\u00f3rmula: \u201csoy una Glotona de vida\u201d. La pasi\u00f3n del ser que me hab\u00eda retenido en an\u00e1lisis ya no estaba. Se apoyaba en la creencia de un otro que pudiera nombrarme: habr\u00eda <em>al menos uno<\/em>, un hombre que sabr\u00eda hablarme, comprender llamar a mi singularidad. Yo hab\u00eda heredado de mi familia la creencia hist\u00e9rica en un Otro absoluto, un ser de excepci\u00f3n que hab\u00eda tomado para m\u00ed la m\u00e1scara de don Juan, con su reverso, la Mujer fatal.<\/p>\n<\/div><\/div><span class=\"awb-triangle\"><\/span><\/blockquote><div class=\"author\"><span class=\"company-name\"><strong>Blancard, M.-H.<\/strong><span>, <\/span><span>\u201cTomar el goce a la letra\u201d. Revista Lacaniana N 15, Grama, Buenos Aires, 2013, p. 64<\/span><\/span><\/div><\/div><\/div><\/div><div class=\"fusion-separator fusion-full-width-sep\" style=\"align-self: center;margin-left: auto;margin-right: auto;margin-top:20px;margin-bottom:20px;width:100%;\"><\/div><div class=\"fusion-testimonials classic awb-speech-bubble-show fusion-testimonials-4\" style=\"--awb-textcolor:#ffffff;--awb-backgroundcolor:#2a2a38;--awb-testimonial-border-style:solid;--awb-testimonial-border-color:var(--awb-color3);--awb-border-top-left-radius:0px;--awb-border-top-right-radius:0px;--awb-border-bottom-left-radius:0px;--awb-border-bottom-right-radius:0px;--testimonial-border-width-top:0px;--testimonial-border-width-right:0px;--testimonial-border-width-bottom:0px;--testimonial-border-width-left:0px;\" data-random=\"0\" data-speed=\"0\"><div class=\"reviews\"><div class=\"review active-testimonial no-avatar\"><blockquote><div class=\"awb-quote\"><div class=\"awb-quote-content\">\n<p>La introducci\u00f3n de lo femenino en el campo del goce sexual agujerea la l\u00f3gica f\u00e1lica y produce la falta que pone en marcha el empuje hacia el Otro sexo.<\/p>\n<p>(\u2026) escuch\u00e9 una voz cuando me dispongo a dormir. No es imperativa. No es una<\/p>\n<p>alucinaci\u00f3n, viene del partenaire y dice: \u201cH\u00e1blame\u201d.<\/p>\n<p>Tampoco es \u201ch\u00e1blame de amor\u201d. Es invitaci\u00f3n a salirme de mis pensamientos.<\/p>\n<p style=\"text-align: justify;\">(\u2026) Es una voz que no porta ning\u00fan imperativo de goce, que no viene de lo m\u00e1s rec\u00f3ndito del agujero que el Otro es, sino que muy cerca de ese agujero invita a servirme de ella y de la palabra para tejer mi trama<\/p>\n<\/div><\/div><span class=\"awb-triangle\"><\/span><\/blockquote><div class=\"author\"><span class=\"company-name\"><strong>Stiglitz, G. <\/strong><span>, <\/span><span>\u00a1Duerme! El Caldero de la Escuela. N\u00ba 14. Bs. As. 2010. p. 62<\/span><\/span><\/div><\/div><\/div><\/div><div class=\"fusion-separator fusion-full-width-sep\" style=\"align-self: center;margin-left: auto;margin-right: auto;margin-top:20px;margin-bottom:20px;width:100%;\"><\/div><div class=\"fusion-testimonials classic awb-speech-bubble-show fusion-testimonials-5\" style=\"--awb-textcolor:#ffffff;--awb-backgroundcolor:#2a2a38;--awb-testimonial-border-style:solid;--awb-testimonial-border-color:var(--awb-color3);--awb-border-top-left-radius:0px;--awb-border-top-right-radius:0px;--awb-border-bottom-left-radius:0px;--awb-border-bottom-right-radius:0px;--testimonial-border-width-top:0px;--testimonial-border-width-right:0px;--testimonial-border-width-bottom:0px;--testimonial-border-width-left:0px;\" data-random=\"0\" data-speed=\"0\"><div class=\"reviews\"><div class=\"review active-testimonial no-avatar\"><blockquote><div class=\"awb-quote\"><div class=\"awb-quote-content\">\n<p>En la entrada el sujeto habla al nivel del amor, a la salida el sujeto sabe que habla al nivel de la pulsi\u00f3n<\/p>\n<\/div><\/div><span class=\"awb-triangle\"><\/span><\/blockquote><div class=\"author\"><span class=\"company-name\"><strong>Salman, S. <\/strong><span>, <\/span><span>En la entrada el sujeto habla al nivel del amor, a la salida el sujeto sabe que habla al nivel de la pulsi\u00f3n<\/span><\/span><\/div><\/div><\/div><\/div><div class=\"fusion-separator fusion-full-width-sep\" style=\"align-self: center;margin-left: auto;margin-right: auto;margin-top:20px;margin-bottom:20px;width:100%;\"><\/div><div class=\"fusion-testimonials classic awb-speech-bubble-show fusion-testimonials-6\" style=\"--awb-textcolor:#ffffff;--awb-backgroundcolor:#2a2a38;--awb-testimonial-border-style:solid;--awb-testimonial-border-color:var(--awb-color3);--awb-border-top-left-radius:0px;--awb-border-top-right-radius:0px;--awb-border-bottom-left-radius:0px;--awb-border-bottom-right-radius:0px;--testimonial-border-width-top:0px;--testimonial-border-width-right:0px;--testimonial-border-width-bottom:0px;--testimonial-border-width-left:0px;\" data-random=\"0\" data-speed=\"0\"><div class=\"reviews\"><div class=\"review active-testimonial no-avatar\"><blockquote><div class=\"awb-quote\"><div class=\"awb-quote-content\">\n<p>Aprendi na an\u00e1lise que para amar \u00e9 preciso dizer, falar com uma mulher. A obra do amor consiste em endere\u00e7ar \u00e0 mulher o elogio ao amor<\/p>\n<\/div><\/div><span class=\"awb-triangle\"><\/span><\/blockquote><div class=\"author\"><span class=\"company-name\"><strong>Campos, S. <\/strong><span>, <\/span><span>2011). Amar sem compreender. Em Revista Op\u00e7\u00e3o lacaniana, 62. S\u00e3o Paulo: EBP. P\u00e1gina 107<\/span><\/span><\/div><\/div><\/div><\/div><div class=\"fusion-separator fusion-full-width-sep\" style=\"align-self: center;margin-left: auto;margin-right: auto;margin-top:20px;margin-bottom:20px;width:100%;\"><\/div><div class=\"fusion-testimonials classic awb-speech-bubble-show fusion-testimonials-7\" style=\"--awb-textcolor:#ffffff;--awb-backgroundcolor:#2a2a38;--awb-testimonial-border-style:solid;--awb-testimonial-border-color:var(--awb-color3);--awb-border-top-left-radius:0px;--awb-border-top-right-radius:0px;--awb-border-bottom-left-radius:0px;--awb-border-bottom-right-radius:0px;--testimonial-border-width-top:0px;--testimonial-border-width-right:0px;--testimonial-border-width-bottom:0px;--testimonial-border-width-left:0px;\" data-random=\"0\" data-speed=\"0\"><div class=\"reviews\"><div class=\"review active-testimonial no-avatar\"><blockquote><div class=\"awb-quote\"><div class=\"awb-quote-content\">\n<p>Com uma mulher, o homem se prepara para cantar o amor ou a guerra, pois a bela tamb\u00e9m \u00e9 a fera<\/p>\n<\/div><\/div><span class=\"awb-triangle\"><\/span><\/blockquote><div class=\"author\"><span class=\"company-name\"><strong>Campos, S. <\/strong><span>, <\/span><span>(2011). Amar sem compreender. Em Revista Op\u00e7\u00e3o lacaniana, 62. S\u00e3o Paulo:EBP. P\u00e1gina 108<\/span><\/span><\/div><\/div><\/div><\/div><div class=\"fusion-separator fusion-full-width-sep\" style=\"align-self: center;margin-left: auto;margin-right: auto;margin-top:20px;margin-bottom:20px;width:100%;\"><\/div><div class=\"fusion-testimonials classic awb-speech-bubble-show fusion-testimonials-8\" style=\"--awb-textcolor:#ffffff;--awb-backgroundcolor:#2a2a38;--awb-testimonial-border-style:solid;--awb-testimonial-border-color:var(--awb-color3);--awb-border-top-left-radius:0px;--awb-border-top-right-radius:0px;--awb-border-bottom-left-radius:0px;--awb-border-bottom-right-radius:0px;--testimonial-border-width-top:0px;--testimonial-border-width-right:0px;--testimonial-border-width-bottom:0px;--testimonial-border-width-left:0px;\" data-random=\"0\" data-speed=\"0\"><div class=\"reviews\"><div class=\"review active-testimonial no-avatar\"><blockquote><div class=\"awb-quote\"><div class=\"awb-quote-content\">\n<p style=\"text-align: justify;\">Porque diferentemente do nosso colega S\u00e9rgio de Campos, que testemunhou de que forma em seu caso \u2013 cito-o: \u201camor e desejo estavam disjuntos, entre \u2018minha mulher\u2019, que amava e a \u2018Outra mulher\u2019, que desejava\u201d- no meu caso, amor e desejo tendem a coincidir. Uma modalidade amorosa que, efetivamente, pelo tamponamento da hi\u00e2ncia que h\u00e1 entre uma e Outra, \u00e9 mais prop\u00edcia a fazer existir a cren\u00e7a n\u2019A mulher<\/p>\n<\/div><\/div><span class=\"awb-triangle\"><\/span><\/blockquote><div class=\"author\"><span class=\"company-name\"><strong>Gorostiza, L. <\/strong><span>, <\/span><span>\u201cO incomensur\u00e1vel sil\u00eancio de uma mulher\u201d. Op\u00e7\u00e3o Lacaniana 65. Abril, 2013. Eolia, S\u00e3o Paulo. P.44<\/span><\/span><\/div><\/div><\/div><\/div><div class=\"fusion-separator fusion-full-width-sep\" style=\"align-self: center;margin-left: auto;margin-right: auto;margin-top:20px;margin-bottom:20px;width:100%;\"><\/div><div class=\"fusion-testimonials classic awb-speech-bubble-show fusion-testimonials-9\" style=\"--awb-textcolor:#ffffff;--awb-backgroundcolor:#2a2a38;--awb-testimonial-border-style:solid;--awb-testimonial-border-color:var(--awb-color3);--awb-border-top-left-radius:0px;--awb-border-top-right-radius:0px;--awb-border-bottom-left-radius:0px;--awb-border-bottom-right-radius:0px;--testimonial-border-width-top:0px;--testimonial-border-width-right:0px;--testimonial-border-width-bottom:0px;--testimonial-border-width-left:0px;\" data-random=\"0\" data-speed=\"0\"><div class=\"reviews\"><div class=\"review active-testimonial no-avatar\"><blockquote><div class=\"awb-quote\"><div class=\"awb-quote-content\">\n<p style=\"text-align: justify;\">Encontrei aquele com quem eu iria enfim construir minha vid<strong>a<\/strong>. Estudante de medicina, ele queria ser socorrista. Ele encarava comigo a prova existencial que eu atravessava. Algo de fusional nos unia. Ele me fazia rir. O futuro estava com ele<\/p>\n<\/div><\/div><span class=\"awb-triangle\"><\/span><\/blockquote><div class=\"author\"><span class=\"company-name\"><strong>Leguil, C. <\/strong><span>, <\/span><span>A primeira. Em: Op\u00e7\u00e3o Lacaniana-Revista Brasileira Internacional de Psican\u00e1lise, 80\/81. Eolia: S\u00e3o Paulo.Pg.42\/43<\/span><\/span><\/div><\/div><\/div><\/div><\/div><\/div><\/div><\/div><\/p>\n","protected":false},"excerpt":{"rendered":"","protected":false},"author":1,"featured_media":0,"parent":908,"menu_order":3,"comment_status":"closed","ping_status":"closed","template":"","meta":{"_monsterinsights_skip_tracking":false,"_monsterinsights_sitenote_active":false,"_monsterinsights_sitenote_note":"","_monsterinsights_sitenote_category":0,"footnotes":""},"_links":{"self":[{"href":"https:\/\/enapol.com\/x\/wp-json\/wp\/v2\/pages\/2721"}],"collection":[{"href":"https:\/\/enapol.com\/x\/wp-json\/wp\/v2\/pages"}],"about":[{"href":"https:\/\/enapol.com\/x\/wp-json\/wp\/v2\/types\/page"}],"author":[{"embeddable":true,"href":"https:\/\/enapol.com\/x\/wp-json\/wp\/v2\/users\/1"}],"replies":[{"embeddable":true,"href":"https:\/\/enapol.com\/x\/wp-json\/wp\/v2\/comments?post=2721"}],"version-history":[{"count":3,"href":"https:\/\/enapol.com\/x\/wp-json\/wp\/v2\/pages\/2721\/revisions"}],"predecessor-version":[{"id":2744,"href":"https:\/\/enapol.com\/x\/wp-json\/wp\/v2\/pages\/2721\/revisions\/2744"}],"up":[{"embeddable":true,"href":"https:\/\/enapol.com\/x\/wp-json\/wp\/v2\/pages\/908"}],"wp:attachment":[{"href":"https:\/\/enapol.com\/x\/wp-json\/wp\/v2\/media?parent=2721"}],"curies":[{"name":"wp","href":"https:\/\/api.w.org\/{rel}","templated":true}]}}