{"id":2725,"date":"2021-08-31T07:23:20","date_gmt":"2021-08-31T10:23:20","guid":{"rendered":"http:\/\/x-enapol.org\/?page_id=2725"},"modified":"2021-08-31T08:51:06","modified_gmt":"2021-08-31T11:51:06","slug":"tercera-entrega","status":"publish","type":"page","link":"https:\/\/enapol.com\/x\/bibliografia\/nuevas-modalidades-de-amor-al-padre\/tercera-entrega\/","title":{"rendered":"Tercera Entrega"},"content":{"rendered":"<p><div class=\"fusion-fullwidth fullwidth-box fusion-builder-row-1 fusion-flex-container nonhundred-percent-fullwidth non-hundred-percent-height-scrolling\" style=\"--awb-border-radius-top-left:0px;--awb-border-radius-top-right:0px;--awb-border-radius-bottom-right:0px;--awb-border-radius-bottom-left:0px;--awb-margin-top:0px;--awb-flex-wrap:wrap;\" ><div class=\"fusion-builder-row fusion-row fusion-flex-align-items-flex-start fusion-flex-content-wrap\" style=\"max-width:1352px;margin-left: calc(-4% \/ 2 );margin-right: calc(-4% \/ 2 );\"><div class=\"fusion-layout-column fusion_builder_column fusion-builder-column-0 fusion_builder_column_1_1 1_1 fusion-flex-column\" style=\"--awb-bg-size:cover;--awb-width-large:100%;--awb-margin-top-large:0px;--awb-spacing-right-large:1.92%;--awb-margin-bottom-large:20px;--awb-spacing-left-large:1.92%;--awb-width-medium:100%;--awb-order-medium:0;--awb-spacing-right-medium:1.92%;--awb-spacing-left-medium:1.92%;--awb-width-small:100%;--awb-order-small:0;--awb-spacing-right-small:1.92%;--awb-spacing-left-small:1.92%;\"><div class=\"fusion-column-wrapper fusion-column-has-shadow fusion-flex-justify-content-flex-start fusion-content-layout-column\"><div class=\"fusion-title title fusion-title-1 fusion-sep-none fusion-title-text fusion-title-size-one\" style=\"--awb-margin-bottom:0px;\"><h1 class=\"fusion-title-heading title-heading-left fusion-responsive-typography-calculated\" style=\"margin:0;--fontSize:80;line-height:1.2;\">CITAS<\/h1><\/div><\/div><\/div><\/div><\/div><div class=\"fusion-fullwidth fullwidth-box fusion-builder-row-2 fusion-flex-container nonhundred-percent-fullwidth non-hundred-percent-height-scrolling\" style=\"--awb-border-radius-top-left:0px;--awb-border-radius-top-right:0px;--awb-border-radius-bottom-right:0px;--awb-border-radius-bottom-left:0px;--awb-flex-wrap:wrap;\" ><div class=\"fusion-builder-row fusion-row fusion-flex-align-items-flex-start fusion-flex-content-wrap\" style=\"max-width:1352px;margin-left: calc(-4% \/ 2 );margin-right: calc(-4% \/ 2 );\"><div class=\"fusion-layout-column fusion_builder_column fusion-builder-column-1 fusion_builder_column_1_1 1_1 fusion-flex-column\" style=\"--awb-bg-size:cover;--awb-width-large:100%;--awb-margin-top-large:0px;--awb-spacing-right-large:1.92%;--awb-margin-bottom-large:20px;--awb-spacing-left-large:1.92%;--awb-width-medium:100%;--awb-order-medium:0;--awb-spacing-right-medium:1.92%;--awb-spacing-left-medium:1.92%;--awb-width-small:100%;--awb-order-small:0;--awb-spacing-right-small:1.92%;--awb-spacing-left-small:1.92%;\"><div class=\"fusion-column-wrapper fusion-column-has-shadow fusion-flex-justify-content-flex-start fusion-content-layout-column\"><div class=\"fusion-testimonials classic awb-speech-bubble-show fusion-testimonials-1\" style=\"--awb-textcolor:#ffffff;--awb-backgroundcolor:#2a2a38;--awb-testimonial-border-style:solid;--awb-testimonial-border-color:var(--awb-color3);--awb-border-top-left-radius:0px;--awb-border-top-right-radius:0px;--awb-border-bottom-left-radius:0px;--awb-border-bottom-right-radius:0px;--testimonial-border-width-top:0px;--testimonial-border-width-right:0px;--testimonial-border-width-bottom:0px;--testimonial-border-width-left:0px;\" data-random=\"0\" data-speed=\"0\"><div class=\"reviews\"><div class=\"review active-testimonial no-avatar\"><blockquote><div class=\"awb-quote\"><div class=\"awb-quote-content\">\n<p style=\"text-align: justify;\">El amor al Padre y el goce del Padre se desplegaron en el an\u00e1lisis cuando la sensaci\u00f3n de amenaza y de estar expuesto a la fatalidad se hicieron s\u00edntoma en la transferencia. Pudieron entonces situarse las m\u00faltiples formas en que el sujeto cargaba sobre si la castraci\u00f3n y el goce del Otro. El amor al padre y el goce del padre parec\u00edan incluir ese sacrificio. En la transferencia se pone en acto con angustia, la parte de goce ignorada que me correspond\u00eda en ese circuito. Cuidar al Otro organizaba la posici\u00f3n en el ideal, resignificaba la historia de los esfuerzos y hab\u00eda sido muy efectivo en proporcionarme un lugar en la vida profesional. El lazo amoroso y libidinal con el partenaire estaba fuertemente marcado por ese rasgo, aunque no solo por eso, claro<\/p>\n<\/div><\/div><span class=\"awb-triangle\"><\/span><\/blockquote><div class=\"author\"><span class=\"company-name\"><strong>Tarrab, M. <\/strong><span>, <\/span><span>\u201cY el soplo se vuelve signo\u201d, extra\u00eddo de la p\u00e1gina web de la AMP. Testimonio pronunciado en la EOL , Buenos Aires 25\/4\/06 y en el IV Congreso de la AMP en Roma 15\/7\/06 Publicado en : Lacaniana de Psicoan\u00e1lisis, EOL, n\u00ba4, 2006, p. 3<\/span><\/span><\/div><\/div><\/div><\/div><div class=\"fusion-separator fusion-full-width-sep\" style=\"align-self: center;margin-left: auto;margin-right: auto;margin-top:20px;margin-bottom:20px;width:100%;\"><\/div><div class=\"fusion-testimonials classic awb-speech-bubble-show fusion-testimonials-2\" style=\"--awb-textcolor:#ffffff;--awb-backgroundcolor:#2a2a38;--awb-testimonial-border-style:solid;--awb-testimonial-border-color:var(--awb-color3);--awb-border-top-left-radius:0px;--awb-border-top-right-radius:0px;--awb-border-bottom-left-radius:0px;--awb-border-bottom-right-radius:0px;--testimonial-border-width-top:0px;--testimonial-border-width-right:0px;--testimonial-border-width-bottom:0px;--testimonial-border-width-left:0px;\" data-random=\"0\" data-speed=\"0\"><div class=\"reviews\"><div class=\"review active-testimonial no-avatar\"><blockquote><div class=\"awb-quote\"><div class=\"awb-quote-content\">\n<p style=\"text-align: justify;\">Quiz\u00e1 hoy pueda decir que era adicta al trabajo de actuar, de actuar sin parar, para despertar al padre, al otro, al partenaire, para que el otro repare en m\u00ed y para ser escuchada. Era necesario convertir al otro en mi p\u00fablico. Para ello hab\u00eda que convertir lo \u00edntimo en p\u00fablico. Hacer una construcci\u00f3n p\u00fablica de lo privado. [\u2026]\n<p style=\"text-align: justify;\">Sin duda, el testimonio de pase implica un pasaje de lo privado a lo p\u00fablico.<\/p>\n<p style=\"text-align: justify;\">Y ac\u00e1 estoy\u2026<\/p>\n<p style=\"text-align: justify;\">Ya no es el gusto por exhibirme, ya no es satisfacer la pulsi\u00f3n a cualquier precio para que el otro repare en m\u00ed. Es hacerme escuchar en mi causa, en mi entusiasmo por el psicoan\u00e1lisis y por el teatro de la vida <\/p>\n<\/div><\/div><span class=\"awb-triangle\"><\/span><\/blockquote><div class=\"author\"><span class=\"company-name\"><strong>Grinbaum, G. <\/strong><span>, <\/span><span>(2016). Una c\u00e1mara encendida. Mediodicho N\u00ba 42. \u00bfDe qu\u00e9 tenemos miedo?, 139-144.<\/span><\/span><\/div><\/div><\/div><\/div><div class=\"fusion-separator fusion-full-width-sep\" style=\"align-self: center;margin-left: auto;margin-right: auto;margin-top:20px;margin-bottom:20px;width:100%;\"><\/div><div class=\"fusion-testimonials classic awb-speech-bubble-show fusion-testimonials-3\" style=\"--awb-textcolor:#ffffff;--awb-backgroundcolor:#2a2a38;--awb-testimonial-border-style:solid;--awb-testimonial-border-color:var(--awb-color3);--awb-border-top-left-radius:0px;--awb-border-top-right-radius:0px;--awb-border-bottom-left-radius:0px;--awb-border-bottom-right-radius:0px;--testimonial-border-width-top:0px;--testimonial-border-width-right:0px;--testimonial-border-width-bottom:0px;--testimonial-border-width-left:0px;\" data-random=\"0\" data-speed=\"0\"><div class=\"reviews\"><div class=\"review active-testimonial no-avatar\"><blockquote><div class=\"awb-quote\"><div class=\"awb-quote-content\">\n<p style=\"text-align: justify;\">\u00danica hija mujer de ese matrimonio, no hab\u00eda podido armar un lazo con mi padre que no fuese el de la verg\u00fcenza. Lamentaba mucho no haber podido tener otro tipo de relaci\u00f3n con \u00e9l. Una interpretaci\u00f3n peg\u00f3 justo:\u201d Por qu\u00e9 no cambiar el lazo con \u00e9l, a pesar de estar muerto\u201d. Intervenci\u00f3n que produce alivio ya que sit\u00faa que siempre (siempre) el lazo es con el padre que uno se arma, no con el de carne y hueso. Dicho as\u00ed, parece obvio, pero mi neurosis se vio sorprendida. Negra como mi padre, condenada entonces por ese rasgo, comenzaba a vislumbrar una salida posible frente a la posici\u00f3n estragada en la que me hab\u00eda parapetado. (\u2026) La salida de este tramo se produce con un alivio sintom\u00e1tico evidente<\/p>\n<\/div><\/div><span class=\"awb-triangle\"><\/span><\/blockquote><div class=\"author\"><span class=\"company-name\"><strong>Recalde, M.  <\/strong><span>, <\/span><span>Testimonio 1 En la Escuela. Revista Lacaniana n\u00ba16, ( 2014) , p52, 53.<\/span><\/span><\/div><\/div><\/div><\/div><div class=\"fusion-separator fusion-full-width-sep\" style=\"align-self: center;margin-left: auto;margin-right: auto;margin-top:20px;margin-bottom:20px;width:100%;\"><\/div><div class=\"fusion-testimonials classic awb-speech-bubble-show fusion-testimonials-4\" style=\"--awb-textcolor:#ffffff;--awb-backgroundcolor:#2a2a38;--awb-testimonial-border-style:solid;--awb-testimonial-border-color:var(--awb-color3);--awb-border-top-left-radius:0px;--awb-border-top-right-radius:0px;--awb-border-bottom-left-radius:0px;--awb-border-bottom-right-radius:0px;--testimonial-border-width-top:0px;--testimonial-border-width-right:0px;--testimonial-border-width-bottom:0px;--testimonial-border-width-left:0px;\" data-random=\"0\" data-speed=\"0\"><div class=\"reviews\"><div class=\"review active-testimonial no-avatar\"><blockquote><div class=\"awb-quote\"><div class=\"awb-quote-content\">\n<p style=\"text-align: justify;\">Que ese analista fuera alguien conocido no me ahorr\u00f3 un encuentro singular. Protagoniz\u00f3 una escena de c\u00f3lera, breve, pero que encendi\u00f3 en m\u00ed la transferencia. Era como mi padre. Los golpes del padre no hab\u00edan sido atravesados. \u201c\u00a1Usted tom\u00f3 muy en serio su Edipo!\u201d, me dijo. Empezaba a disolverse el azote, el que yo provocaba y el que yo era para los dem\u00e1s.\u201d<\/p>\n<\/div><\/div><span class=\"awb-triangle\"><\/span><\/blockquote><div class=\"author\"><span class=\"company-name\"><strong>Aromi, A. <\/strong><span>, <\/span><span>Romperse la cabeza. Revista Lacaniana n\u00ba16 (2014) p. 75.<\/span><\/span><\/div><\/div><\/div><\/div><div class=\"fusion-separator fusion-full-width-sep\" style=\"align-self: center;margin-left: auto;margin-right: auto;margin-top:20px;margin-bottom:20px;width:100%;\"><\/div><div class=\"fusion-testimonials classic awb-speech-bubble-show fusion-testimonials-5\" style=\"--awb-textcolor:#ffffff;--awb-backgroundcolor:#2a2a38;--awb-testimonial-border-style:solid;--awb-testimonial-border-color:var(--awb-color3);--awb-border-top-left-radius:0px;--awb-border-top-right-radius:0px;--awb-border-bottom-left-radius:0px;--awb-border-bottom-right-radius:0px;--testimonial-border-width-top:0px;--testimonial-border-width-right:0px;--testimonial-border-width-bottom:0px;--testimonial-border-width-left:0px;\" data-random=\"0\" data-speed=\"0\"><div class=\"reviews\"><div class=\"review active-testimonial no-avatar\"><blockquote><div class=\"awb-quote\"><div class=\"awb-quote-content\">\n<p style=\"text-align: justify;\">Hacerme ver por una mirada triste -para animarla con cualquier saber disponible- se encarn\u00f3 primero en la mirada de mi padre, aquejado por una melancol\u00eda que prestaba a esa mirada un velo de tristeza, que me cautiv\u00f3 muy tempranamente. En el transcurso del an\u00e1lisis, ese enunciado fue decantando m\u00e1s all\u00e1 de lo ed\u00edpico, del amor al padre, para verificar hasta qu\u00e9 punto hab\u00eda engrampado con el s\u00edntoma y comandado mi vida, especialmente en el amor. Lo he llamado, una c\u00e1rcel -otro encierro- porque fue tanto una determinaci\u00f3n decisiva en mi elecci\u00f3n amorosa como el obst\u00e1culo para vivirlo de manera no-toda. \u00bfC\u00f3mo ausentarme sin sentir la presi\u00f3n de causar una tristeza enorme en el partenaire, o en m\u00ed?<\/p>\n<\/div><\/div><span class=\"awb-triangle\"><\/span><\/blockquote><div class=\"author\"><span class=\"company-name\"><strong>Gasbarro, C. <\/strong><span>, <\/span><span>Otra lengua, Otro goce. Revista Lacaniana de Psicoan\u00e1lisis n\u00b0 19. Bs. As. Publicaci\u00f3n de la Escuela de la Orientaci\u00f3n Lacaniana. 2015. p. 133.<\/span><\/span><\/div><\/div><\/div><\/div><div class=\"fusion-separator fusion-full-width-sep\" style=\"align-self: center;margin-left: auto;margin-right: auto;margin-top:20px;margin-bottom:20px;width:100%;\"><\/div><div class=\"fusion-testimonials classic awb-speech-bubble-show fusion-testimonials-6\" style=\"--awb-textcolor:#ffffff;--awb-backgroundcolor:#2a2a38;--awb-testimonial-border-style:solid;--awb-testimonial-border-color:var(--awb-color3);--awb-border-top-left-radius:0px;--awb-border-top-right-radius:0px;--awb-border-bottom-left-radius:0px;--awb-border-bottom-right-radius:0px;--testimonial-border-width-top:0px;--testimonial-border-width-right:0px;--testimonial-border-width-bottom:0px;--testimonial-border-width-left:0px;\" data-random=\"0\" data-speed=\"0\"><div class=\"reviews\"><div class=\"review active-testimonial no-avatar\"><blockquote><div class=\"awb-quote\"><div class=\"awb-quote-content\">\n<p style=\"text-align: justify;\">A essa altura da an\u00e1lise, a doce fantasia me empanturrava. Decifr\u00e1-la implicou na destitui\u00e7\u00e3o do amor ao pai e em localizar o seu al\u00e9m<\/p>\n<\/div><\/div><span class=\"awb-triangle\"><\/span><\/blockquote><div class=\"author\"><span class=\"company-name\"><strong>Kuperwajs, I. <\/strong><span>, <\/span><span>(2020). \u201cSoltar a voz\u201d. Em Revista Op\u00e7\u00e3o lacaniana, 82. S\u00e3o Paulo: EBP. P\u00e1gina 139.<\/span><\/span><\/div><\/div><\/div><\/div><div class=\"fusion-separator fusion-full-width-sep\" style=\"align-self: center;margin-left: auto;margin-right: auto;margin-top:20px;margin-bottom:20px;width:100%;\"><\/div><div class=\"fusion-testimonials classic awb-speech-bubble-show fusion-testimonials-7\" style=\"--awb-textcolor:#ffffff;--awb-backgroundcolor:#2a2a38;--awb-testimonial-border-style:solid;--awb-testimonial-border-color:var(--awb-color3);--awb-border-top-left-radius:0px;--awb-border-top-right-radius:0px;--awb-border-bottom-left-radius:0px;--awb-border-bottom-right-radius:0px;--testimonial-border-width-top:0px;--testimonial-border-width-right:0px;--testimonial-border-width-bottom:0px;--testimonial-border-width-left:0px;\" data-random=\"0\" data-speed=\"0\"><div class=\"reviews\"><div class=\"review active-testimonial no-avatar\"><blockquote><div class=\"awb-quote\"><div class=\"awb-quote-content\">\n<p style=\"text-align: justify;\">O amor do pai estrutura a histeria, o gozo da m\u00e3e a desestrutura<\/p>\n<\/div><\/div><span class=\"awb-triangle\"><\/span><\/blockquote><div class=\"author\"><span class=\"company-name\"><strong>Laurent, D. <\/strong><span>, <\/span><span>(2000). Desidentifica\u00e7\u00e3o de uma mulher. Em Revista Op\u00e7\u00e3o lacaniana, 29. S\u00e3o Paulo: EBP. P\u00e1gina 39.<\/span><\/span><\/div><\/div><\/div><\/div><div class=\"fusion-separator fusion-full-width-sep\" style=\"align-self: center;margin-left: auto;margin-right: auto;margin-top:20px;margin-bottom:20px;width:100%;\"><\/div><div class=\"fusion-testimonials classic awb-speech-bubble-show fusion-testimonials-8\" style=\"--awb-textcolor:#ffffff;--awb-backgroundcolor:#2a2a38;--awb-testimonial-border-style:solid;--awb-testimonial-border-color:var(--awb-color3);--awb-border-top-left-radius:0px;--awb-border-top-right-radius:0px;--awb-border-bottom-left-radius:0px;--awb-border-bottom-right-radius:0px;--testimonial-border-width-top:0px;--testimonial-border-width-right:0px;--testimonial-border-width-bottom:0px;--testimonial-border-width-left:0px;\" data-random=\"0\" data-speed=\"0\"><div class=\"reviews\"><div class=\"review active-testimonial no-avatar\"><blockquote><div class=\"awb-quote\"><div class=\"awb-quote-content\">\n<p style=\"text-align: justify;\">Para ir al\u00e9m do pai, foi preciso compreender suas falhas, sem, contudo, am\u00e1-lo, j\u00e1 que amar o pai \u00e9 estar submetido ao ideal pela vertente do am\u00f3dio<\/p>\n<\/div><\/div><span class=\"awb-triangle\"><\/span><\/blockquote><div class=\"author\"><span class=\"company-name\"><strong>Campos, S. <\/strong><span>, <\/span><span>(2011). Amar sem compreender. Em Revista Op\u00e7\u00e3o lacaniana, 62. S\u00e3o Paulo: EBP. P\u00e1gina 106.<\/span><\/span><\/div><\/div><\/div><\/div><div class=\"fusion-separator fusion-full-width-sep\" style=\"align-self: center;margin-left: auto;margin-right: auto;margin-top:20px;margin-bottom:20px;width:100%;\"><\/div><div class=\"fusion-testimonials classic awb-speech-bubble-show fusion-testimonials-9\" style=\"--awb-textcolor:#ffffff;--awb-backgroundcolor:#2a2a38;--awb-testimonial-border-style:solid;--awb-testimonial-border-color:var(--awb-color3);--awb-border-top-left-radius:0px;--awb-border-top-right-radius:0px;--awb-border-bottom-left-radius:0px;--awb-border-bottom-right-radius:0px;--testimonial-border-width-top:0px;--testimonial-border-width-right:0px;--testimonial-border-width-bottom:0px;--testimonial-border-width-left:0px;\" data-random=\"0\" data-speed=\"0\"><div class=\"reviews\"><div class=\"review active-testimonial no-avatar\"><blockquote><div class=\"awb-quote\"><div class=\"awb-quote-content\">\n<p style=\"text-align: justify;\">Como a primeira filha, desde muito cedo, eu estava marcada pelo amor ao pai, em fun\u00e7\u00e3o do desejo deste ter uma filha a quem daria o mesmo nome de sua esposa [&#8230;] Esse ato de nomea\u00e7\u00e3o n\u00e3o se fez, por\u00e9m, sem implicar consequ\u00eancias no que concerne ao lugar que passei a ocupar junto \u00e0 minha m\u00e3e, bem como junto \u00e0 minha av\u00f3 paterna [&#8230;]<\/div><\/div><span class=\"awb-triangle\"><\/span><\/blockquote><div class=\"author\"><span class=\"company-name\"><strong>Santiago, A L.<\/strong><span>, <\/span><span>Coup de foudre. In. MILLER, Jacques-Alain (et al). Aposta no passe: seguido de 15 testemunhos de Analistas da Escola, membros da Escola Brasileira de Psican\u00e1lise. Rio de Janeiro: Contracapa, 2018, p. 186. (Organiza\u00e7\u00e3o e tradu\u00e7\u00e3o de Ana Lydia Santiago).<\/span><\/span><\/div><\/div><\/div><\/div><\/div><\/div><\/div><\/div><\/p>\n","protected":false},"excerpt":{"rendered":"","protected":false},"author":1,"featured_media":0,"parent":912,"menu_order":3,"comment_status":"closed","ping_status":"closed","template":"","meta":{"_monsterinsights_skip_tracking":false,"_monsterinsights_sitenote_active":false,"_monsterinsights_sitenote_note":"","_monsterinsights_sitenote_category":0,"footnotes":""},"_links":{"self":[{"href":"https:\/\/enapol.com\/x\/wp-json\/wp\/v2\/pages\/2725"}],"collection":[{"href":"https:\/\/enapol.com\/x\/wp-json\/wp\/v2\/pages"}],"about":[{"href":"https:\/\/enapol.com\/x\/wp-json\/wp\/v2\/types\/page"}],"author":[{"embeddable":true,"href":"https:\/\/enapol.com\/x\/wp-json\/wp\/v2\/users\/1"}],"replies":[{"embeddable":true,"href":"https:\/\/enapol.com\/x\/wp-json\/wp\/v2\/comments?post=2725"}],"version-history":[{"count":3,"href":"https:\/\/enapol.com\/x\/wp-json\/wp\/v2\/pages\/2725\/revisions"}],"predecessor-version":[{"id":2748,"href":"https:\/\/enapol.com\/x\/wp-json\/wp\/v2\/pages\/2725\/revisions\/2748"}],"up":[{"embeddable":true,"href":"https:\/\/enapol.com\/x\/wp-json\/wp\/v2\/pages\/912"}],"wp:attachment":[{"href":"https:\/\/enapol.com\/x\/wp-json\/wp\/v2\/media?parent=2725"}],"curies":[{"name":"wp","href":"https:\/\/api.w.org\/{rel}","templated":true}]}}