{"id":2727,"date":"2021-08-31T07:23:38","date_gmt":"2021-08-31T10:23:38","guid":{"rendered":"http:\/\/x-enapol.org\/?page_id=2727"},"modified":"2021-08-31T09:01:00","modified_gmt":"2021-08-31T12:01:00","slug":"tercera-entrega","status":"publish","type":"page","link":"https:\/\/enapol.com\/x\/bibliografia\/amores-locos\/tercera-entrega\/","title":{"rendered":"Tercera Entrega"},"content":{"rendered":"<p><div class=\"fusion-fullwidth fullwidth-box fusion-builder-row-1 fusion-flex-container nonhundred-percent-fullwidth non-hundred-percent-height-scrolling\" style=\"--awb-border-radius-top-left:0px;--awb-border-radius-top-right:0px;--awb-border-radius-bottom-right:0px;--awb-border-radius-bottom-left:0px;--awb-margin-top:0px;--awb-flex-wrap:wrap;\" ><div class=\"fusion-builder-row fusion-row fusion-flex-align-items-flex-start fusion-flex-content-wrap\" style=\"max-width:1352px;margin-left: calc(-4% \/ 2 );margin-right: calc(-4% \/ 2 );\"><div class=\"fusion-layout-column fusion_builder_column fusion-builder-column-0 fusion_builder_column_1_1 1_1 fusion-flex-column\" style=\"--awb-bg-size:cover;--awb-width-large:100%;--awb-margin-top-large:0px;--awb-spacing-right-large:1.92%;--awb-margin-bottom-large:20px;--awb-spacing-left-large:1.92%;--awb-width-medium:100%;--awb-order-medium:0;--awb-spacing-right-medium:1.92%;--awb-spacing-left-medium:1.92%;--awb-width-small:100%;--awb-order-small:0;--awb-spacing-right-small:1.92%;--awb-spacing-left-small:1.92%;\"><div class=\"fusion-column-wrapper fusion-column-has-shadow fusion-flex-justify-content-flex-start fusion-content-layout-column\"><div class=\"fusion-title title fusion-title-1 fusion-sep-none fusion-title-text fusion-title-size-one\" style=\"--awb-margin-bottom:0px;\"><h1 class=\"fusion-title-heading title-heading-left fusion-responsive-typography-calculated\" style=\"margin:0;--fontSize:80;line-height:1.2;\">CITAS<\/h1><\/div><\/div><\/div><\/div><\/div><div class=\"fusion-fullwidth fullwidth-box fusion-builder-row-2 fusion-flex-container nonhundred-percent-fullwidth non-hundred-percent-height-scrolling\" style=\"--awb-border-radius-top-left:0px;--awb-border-radius-top-right:0px;--awb-border-radius-bottom-right:0px;--awb-border-radius-bottom-left:0px;--awb-flex-wrap:wrap;\" ><div class=\"fusion-builder-row fusion-row fusion-flex-align-items-flex-start fusion-flex-content-wrap\" style=\"max-width:1352px;margin-left: calc(-4% \/ 2 );margin-right: calc(-4% \/ 2 );\"><div class=\"fusion-layout-column fusion_builder_column fusion-builder-column-1 fusion_builder_column_1_1 1_1 fusion-flex-column\" style=\"--awb-bg-size:cover;--awb-width-large:100%;--awb-margin-top-large:0px;--awb-spacing-right-large:1.92%;--awb-margin-bottom-large:20px;--awb-spacing-left-large:1.92%;--awb-width-medium:100%;--awb-order-medium:0;--awb-spacing-right-medium:1.92%;--awb-spacing-left-medium:1.92%;--awb-width-small:100%;--awb-order-small:0;--awb-spacing-right-small:1.92%;--awb-spacing-left-small:1.92%;\"><div class=\"fusion-column-wrapper fusion-column-has-shadow fusion-flex-justify-content-flex-start fusion-content-layout-column\"><div class=\"fusion-testimonials classic awb-speech-bubble-show fusion-testimonials-1\" style=\"--awb-textcolor:#ffffff;--awb-backgroundcolor:#2a2a38;--awb-testimonial-border-style:solid;--awb-testimonial-border-color:var(--awb-color3);--awb-border-top-left-radius:0px;--awb-border-top-right-radius:0px;--awb-border-bottom-left-radius:0px;--awb-border-bottom-right-radius:0px;--testimonial-border-width-top:0px;--testimonial-border-width-right:0px;--testimonial-border-width-bottom:0px;--testimonial-border-width-left:0px;\" data-random=\"0\" data-speed=\"0\"><div class=\"reviews\"><div class=\"review active-testimonial no-avatar\"><blockquote><div class=\"awb-quote\"><div class=\"awb-quote-content\">\n<p style=\"text-align: justify;\">El estilo erotoman\u00edaco del amor en una mujer no se refiere s\u00f3lo a \u201ces \u00e9l quien me ama\u201d, tambi\u00e9n a \u201ces \u00e9l quien me habla\u201d. As\u00ed es como en mi an\u00e1lisis el goce del silencio hab\u00eda tomado ese tinte c\u00f3mico de la erotoman\u00eda en la transferencia, bajo la forma de quiero que me reconozca, quiero que me diga. (&#8230;) As\u00ed, cuando el silencio ha quedado vaciado de la mirada, esa que ha trazado un destino de secretos, ya no se trata de esa lengua del Otro que me atemoriza y me representa y quedo m\u00e1s abierta a la contingencia. Es as\u00ed como la soledad resulta sin Otro, y por consiguiente posibilita un nuevo lazo con otros, sintiendo gusto por lo extranjero. En una relaci\u00f3n entre el arte de callar, que es tambi\u00e9n el arte de hablar, contando con esa traza in\u00e9dita, resto fecundo, que hoy llamo la flor de mi secreto<\/p>\n<\/div><\/div><span class=\"awb-triangle\"><\/span><\/blockquote><div class=\"author\"><span class=\"company-name\"><strong>Mildiner, K.<\/strong><span>, <\/span><span>\u201cLa flor de mi secreto\u201d, Revista Lacaniana 20, Grama, Bs. As., 2016, pp. 66-67<\/span><\/span><\/div><\/div><\/div><\/div><div class=\"fusion-separator fusion-full-width-sep\" style=\"align-self: center;margin-left: auto;margin-right: auto;margin-top:20px;margin-bottom:20px;width:100%;\"><\/div><div class=\"fusion-testimonials classic awb-speech-bubble-show fusion-testimonials-2\" style=\"--awb-textcolor:#ffffff;--awb-backgroundcolor:#2a2a38;--awb-testimonial-border-style:solid;--awb-testimonial-border-color:var(--awb-color3);--awb-border-top-left-radius:0px;--awb-border-top-right-radius:0px;--awb-border-bottom-left-radius:0px;--awb-border-bottom-right-radius:0px;--testimonial-border-width-top:0px;--testimonial-border-width-right:0px;--testimonial-border-width-bottom:0px;--testimonial-border-width-left:0px;\" data-random=\"0\" data-speed=\"0\"><div class=\"reviews\"><div class=\"review active-testimonial no-avatar\"><blockquote><div class=\"awb-quote\"><div class=\"awb-quote-content\">\n<p style=\"text-align: justify;\">Este sujeto decide iniciar un an\u00e1lisis pues no sabe c\u00f3mo hacer con las mujeres, y en particular con una mujer. Por otro lado, nunca es la buena. Y cuando fue \u201cla buena\u201d, es decir, la esposa, fue la peor. Una verdadera pesadilla: queriendo evitar la falta, la castraci\u00f3n, hab\u00eda elegido una mujer ocupada con el agujero de la forclusi\u00f3n. \u00c9l se encuentra r\u00e1pidamente en un impasse radical \u2013no poder dejar a una mujer (que \u00e9l no ama) y no poder quedarse con ella<\/p>\n<\/div><\/div><span class=\"awb-triangle\"><\/span><\/blockquote><div class=\"author\"><span class=\"company-name\"><strong>Monribot, P.<\/strong><span>, <\/span><a href=\"http:\/\/www.cdcelp.org\/freudiana\/Monribot37.PDF\" target=\"_blank\" rel=\"noopener noreferrer\"><span>\u201c\u00bfQu\u00e9 curaci\u00f3n del cuerpo en an\u00e1lisis?\u201d <\/span><\/a><\/span><\/div><\/div><\/div><\/div><div class=\"fusion-separator fusion-full-width-sep\" style=\"align-self: center;margin-left: auto;margin-right: auto;margin-top:20px;margin-bottom:20px;width:100%;\"><\/div><div class=\"fusion-testimonials classic awb-speech-bubble-show fusion-testimonials-3\" style=\"--awb-textcolor:#ffffff;--awb-backgroundcolor:#2a2a38;--awb-testimonial-border-style:solid;--awb-testimonial-border-color:var(--awb-color3);--awb-border-top-left-radius:0px;--awb-border-top-right-radius:0px;--awb-border-bottom-left-radius:0px;--awb-border-bottom-right-radius:0px;--testimonial-border-width-top:0px;--testimonial-border-width-right:0px;--testimonial-border-width-bottom:0px;--testimonial-border-width-left:0px;\" data-random=\"0\" data-speed=\"0\"><div class=\"reviews\"><div class=\"review active-testimonial no-avatar\"><blockquote><div class=\"awb-quote\"><div class=\"awb-quote-content\">\n<p style=\"text-align: justify;\">Es extra\u00f1o decirlo, pero no adquirimos una deuda al ser amados. Con todo, contraemos una deuda cuando amamos a una mujer. Adem\u00e1s, es imposible saldar la deuda infinita para con una mujer no-toda que se ama, una vez que el hecho de dar lo que uno no tiene, aqu\u00ed significa volverse deudor permanente.<\/p>\n<p style=\"text-align: justify;\">As\u00ed que, cuanto m\u00e1s el hombre intente amortizar la deuda con m\u00e1s amor, m\u00e1s deudor se vuelve. Lo interesante es que \u00e9l reconoce esa deuda solo mientras cree en ese amor, visto que se paga siempre por aquello en lo que se cree, el sacrificio, el diezmo y la ofrenda verifican esa tesis. Con todo, el amor es infinito mientras dura, seg\u00fan el poeta<\/p>\n<\/div><\/div><span class=\"awb-triangle\"><\/span><\/blockquote><div class=\"author\"><span class=\"company-name\"><strong>Campos, S. <\/strong><span>, <\/span><span>\u201cUna nueva forma de amor\u201d. Revista Lacaniana de Psicoan\u00e1lisis n\u00b0 12. Bs. As. Publicaci\u00f3n de la Escuela de la Orientaci\u00f3n Lacaniana. 2012. p. 99.<\/span><\/span><\/div><\/div><\/div><\/div><div class=\"fusion-separator fusion-full-width-sep\" style=\"align-self: center;margin-left: auto;margin-right: auto;margin-top:20px;margin-bottom:20px;width:100%;\"><\/div><div class=\"fusion-testimonials classic awb-speech-bubble-show fusion-testimonials-4\" style=\"--awb-textcolor:#ffffff;--awb-backgroundcolor:#2a2a38;--awb-testimonial-border-style:solid;--awb-testimonial-border-color:var(--awb-color3);--awb-border-top-left-radius:0px;--awb-border-top-right-radius:0px;--awb-border-bottom-left-radius:0px;--awb-border-bottom-right-radius:0px;--testimonial-border-width-top:0px;--testimonial-border-width-right:0px;--testimonial-border-width-bottom:0px;--testimonial-border-width-left:0px;\" data-random=\"0\" data-speed=\"0\"><div class=\"reviews\"><div class=\"review active-testimonial no-avatar\"><blockquote><div class=\"awb-quote\"><div class=\"awb-quote-content\">\n<p style=\"text-align: justify;\">Pude ler, <em>apr\u00e8s-coup<\/em>, que foi uma parceria devastadora, que n\u00e3o me possibilitou encontrar-me com meu desejo de mulher. Ele falava, brilhava e eu escolhia calar, provocando ainda mais a consterna\u00e7\u00e3o mortificante do amor<\/p>\n<\/div><\/div><span class=\"awb-triangle\"><\/span><\/blockquote><div class=\"author\"><span class=\"company-name\"><strong>Kuperwajs, I. <\/strong><span>, <\/span><span>(2020). \u201cSoltar a voz\u201d. Em Revista Op\u00e7\u00e3o lacaniana, 82. S\u00e3o Paulo: EBP. P\u00e1gina 138.<\/span><\/span><\/div><\/div><\/div><\/div><div class=\"fusion-separator fusion-full-width-sep\" style=\"align-self: center;margin-left: auto;margin-right: auto;margin-top:20px;margin-bottom:20px;width:100%;\"><\/div><div class=\"fusion-testimonials classic awb-speech-bubble-show fusion-testimonials-5\" style=\"--awb-textcolor:#ffffff;--awb-backgroundcolor:#2a2a38;--awb-testimonial-border-style:solid;--awb-testimonial-border-color:var(--awb-color3);--awb-border-top-left-radius:0px;--awb-border-top-right-radius:0px;--awb-border-bottom-left-radius:0px;--awb-border-bottom-right-radius:0px;--testimonial-border-width-top:0px;--testimonial-border-width-right:0px;--testimonial-border-width-bottom:0px;--testimonial-border-width-left:0px;\" data-random=\"0\" data-speed=\"0\"><div class=\"reviews\"><div class=\"review active-testimonial no-avatar\"><blockquote><div class=\"awb-quote\"><div class=\"awb-quote-content\">\n<p style=\"text-align: justify;\">Ser uma mulher do amor degradado\u00a0 \u0336\u00a0 \u00eatre une femme de l\u2019amour bafou\u00e9\u00a0 \u0336\u00a0 condensa a eloqu\u00eancia da voz sob a forma do sil\u00eancio e o excesso do olhar sob a forma do cuidado. Esta nomea\u00e7\u00e3o separa o sujeito e o objeto, faz cair o Outro: \u00e9 o nome da abje\u00e7\u00e3o do gozo<\/p>\n<\/div><\/div><span class=\"awb-triangle\"><\/span><\/blockquote><div class=\"author\"><span class=\"company-name\"><strong>Santiago, J. <\/strong><span>, <\/span><span>(2013). O nome, o oco e a fona\u00e7\u00e3o. Em Revista Op\u00e7\u00e3o lacaniana, 67. S\u00e3o P<\/span><\/span><\/div><\/div><\/div><\/div><div class=\"fusion-separator fusion-full-width-sep\" style=\"align-self: center;margin-left: auto;margin-right: auto;margin-top:20px;margin-bottom:20px;width:100%;\"><\/div><div class=\"fusion-testimonials classic awb-speech-bubble-show fusion-testimonials-6\" style=\"--awb-textcolor:#ffffff;--awb-backgroundcolor:#2a2a38;--awb-testimonial-border-style:solid;--awb-testimonial-border-color:var(--awb-color3);--awb-border-top-left-radius:0px;--awb-border-top-right-radius:0px;--awb-border-bottom-left-radius:0px;--awb-border-bottom-right-radius:0px;--testimonial-border-width-top:0px;--testimonial-border-width-right:0px;--testimonial-border-width-bottom:0px;--testimonial-border-width-left:0px;\" data-random=\"0\" data-speed=\"0\"><div class=\"reviews\"><div class=\"review active-testimonial no-avatar\"><blockquote><div class=\"awb-quote\"><div class=\"awb-quote-content\">\n<p style=\"text-align: justify;\">O sujeito, ent\u00e3o, estaria mais feliz com o amor- sem o desejo- ou com o desejo- sem amar? Era essa sua loucura de fundo que subsistia. Com efeito, quanto mais desesperado por conciliar os objetos de amor e de desejo numa conjuntura est\u00e1vel e equidistante, mais fracassava<\/p>\n<\/div><\/div><span class=\"awb-triangle\"><\/span><\/blockquote><div class=\"author\"><span class=\"company-name\"><strong>Campos, S. <\/strong><span>, <\/span><span>\u201cLoucura masculina diante do n\u00e3o-todo da mulher\u201d Op\u00e7\u00e3o Lacaniana 61. Novembro, 2011. Eolia, S\u00e3o Paulo. P.92<\/span><\/span><\/div><\/div><\/div><\/div><div class=\"fusion-separator fusion-full-width-sep\" style=\"align-self: center;margin-left: auto;margin-right: auto;margin-top:20px;margin-bottom:20px;width:100%;\"><\/div><div class=\"fusion-testimonials classic awb-speech-bubble-show fusion-testimonials-7\" style=\"--awb-textcolor:#ffffff;--awb-backgroundcolor:#2a2a38;--awb-testimonial-border-style:solid;--awb-testimonial-border-color:var(--awb-color3);--awb-border-top-left-radius:0px;--awb-border-top-right-radius:0px;--awb-border-bottom-left-radius:0px;--awb-border-bottom-right-radius:0px;--testimonial-border-width-top:0px;--testimonial-border-width-right:0px;--testimonial-border-width-bottom:0px;--testimonial-border-width-left:0px;\" data-random=\"0\" data-speed=\"0\"><div class=\"reviews\"><div class=\"review active-testimonial no-avatar\"><blockquote><div class=\"awb-quote\"><div class=\"awb-quote-content\">\n<p style=\"text-align: justify;\">\u00c9 preciso levar em conta, nos bastidores da retic\u00eancias ao amor passional, possessivo e exclusivo, corria a via fantasm\u00e1tica: \u201cdeixar-se levar pelo Outro\u201d, com epis\u00f3dios bem precoces na minha inf\u00e2ncia, seduzida por primos mais velhos, a ponto de ter engolido p\u00edlulas perigosas &#8211; rem\u00e9dios de minha av\u00f3, cedidas a mim com muita gentileza por um deles<\/p>\n<\/div><\/div><span class=\"awb-triangle\"><\/span><\/blockquote><div class=\"author\"><span class=\"company-name\"><strong>Harari, A. <\/strong><span>, <\/span><span>Parceiros no singular. In. MILLER, Jacques-Alain (et al). Aposta no passe: seguido de 15 testemunhos de Analistas da Escola, membros da Escola Brasileira de Psican\u00e1lise. Rio de Janeiro: Contracapa, 2018, p. 186. (Organiza\u00e7\u00e3o e tradu\u00e7\u00e3o de Ana Lydia Santiago).<\/span><\/span><\/div><\/div><\/div><\/div><div class=\"fusion-separator fusion-full-width-sep\" style=\"align-self: center;margin-left: auto;margin-right: auto;margin-top:20px;margin-bottom:20px;width:100%;\"><\/div><div class=\"fusion-testimonials classic awb-speech-bubble-show fusion-testimonials-8\" style=\"--awb-textcolor:#ffffff;--awb-backgroundcolor:#2a2a38;--awb-testimonial-border-style:solid;--awb-testimonial-border-color:var(--awb-color3);--awb-border-top-left-radius:0px;--awb-border-top-right-radius:0px;--awb-border-bottom-left-radius:0px;--awb-border-bottom-right-radius:0px;--testimonial-border-width-top:0px;--testimonial-border-width-right:0px;--testimonial-border-width-bottom:0px;--testimonial-border-width-left:0px;\" data-random=\"0\" data-speed=\"0\"><div class=\"reviews\"><div class=\"review active-testimonial no-avatar\"><blockquote><div class=\"awb-quote\"><div class=\"awb-quote-content\">\n<p style=\"text-align: justify;\">Um equ\u00edvoco da l\u00edngua, que insiste em se apossar do nome da primeira analista, acaba por destacar o significante \u00abc\u00f3lera\u00bb, designador, ou nome, do gozo sem sentido das mulheres de minha fam\u00edlia &#8211; notadamente minha m\u00e3e e minha av\u00f3 paterna. (&#8230;)\u00a0\u00a0\u00a0\u00a0\u00a0 Com efeito, minha m\u00e3e \u00e9 a pr\u00f3pria encarna\u00e7\u00e3o do Outro mau, componente inerente \u00e0 subjetividade de minha av\u00f3. Desde muito cedo, por conseguinte, n\u00e3o passou despercebido o \u00f3dio que minha av\u00f3 alimentava contra a nora, minha m\u00e3e, e projetava sobre a neta do mesmo nome. A posi\u00e7\u00e3o que se configura para o sujeito, nessas circunst\u00e2ncias, \u00e9 a de ser uma tela em que o outro lan\u00e7a um elemento insuport\u00e1vel dele pr\u00f3prio<\/p>\n<\/div><\/div><span class=\"awb-triangle\"><\/span><\/blockquote><div class=\"author\"><span class=\"company-name\"><strong>Miller, J.A. et all<\/strong><span>, <\/span><span>Aposta no Passe. Contra Capa: Rio de Janeiro, 2018, pg. 191 Passe de Ana Lydia Santiago<\/span><\/span><\/div><\/div><\/div><\/div><\/div><\/div><\/div><\/div><\/p>\n","protected":false},"excerpt":{"rendered":"","protected":false},"author":1,"featured_media":0,"parent":914,"menu_order":3,"comment_status":"closed","ping_status":"closed","template":"","meta":{"_monsterinsights_skip_tracking":false,"_monsterinsights_sitenote_active":false,"_monsterinsights_sitenote_note":"","_monsterinsights_sitenote_category":0,"footnotes":""},"_links":{"self":[{"href":"https:\/\/enapol.com\/x\/wp-json\/wp\/v2\/pages\/2727"}],"collection":[{"href":"https:\/\/enapol.com\/x\/wp-json\/wp\/v2\/pages"}],"about":[{"href":"https:\/\/enapol.com\/x\/wp-json\/wp\/v2\/types\/page"}],"author":[{"embeddable":true,"href":"https:\/\/enapol.com\/x\/wp-json\/wp\/v2\/users\/1"}],"replies":[{"embeddable":true,"href":"https:\/\/enapol.com\/x\/wp-json\/wp\/v2\/comments?post=2727"}],"version-history":[{"count":3,"href":"https:\/\/enapol.com\/x\/wp-json\/wp\/v2\/pages\/2727\/revisions"}],"predecessor-version":[{"id":2750,"href":"https:\/\/enapol.com\/x\/wp-json\/wp\/v2\/pages\/2727\/revisions\/2750"}],"up":[{"embeddable":true,"href":"https:\/\/enapol.com\/x\/wp-json\/wp\/v2\/pages\/914"}],"wp:attachment":[{"href":"https:\/\/enapol.com\/x\/wp-json\/wp\/v2\/media?parent=2727"}],"curies":[{"name":"wp","href":"https:\/\/api.w.org\/{rel}","templated":true}]}}