{"id":2731,"date":"2021-08-31T07:24:12","date_gmt":"2021-08-31T10:24:12","guid":{"rendered":"http:\/\/x-enapol.org\/?page_id=2731"},"modified":"2021-08-31T09:13:04","modified_gmt":"2021-08-31T12:13:04","slug":"tercera-entrega","status":"publish","type":"page","link":"https:\/\/enapol.com\/x\/bibliografia\/nuevas-formas-de-amor-familiar\/tercera-entrega\/","title":{"rendered":"Tercera Entrega"},"content":{"rendered":"<p><div class=\"fusion-fullwidth fullwidth-box fusion-builder-row-1 fusion-flex-container nonhundred-percent-fullwidth non-hundred-percent-height-scrolling\" style=\"--awb-border-radius-top-left:0px;--awb-border-radius-top-right:0px;--awb-border-radius-bottom-right:0px;--awb-border-radius-bottom-left:0px;--awb-margin-top:0px;--awb-flex-wrap:wrap;\" ><div class=\"fusion-builder-row fusion-row fusion-flex-align-items-flex-start fusion-flex-content-wrap\" style=\"max-width:1352px;margin-left: calc(-4% \/ 2 );margin-right: calc(-4% \/ 2 );\"><div class=\"fusion-layout-column fusion_builder_column fusion-builder-column-0 fusion_builder_column_1_1 1_1 fusion-flex-column\" style=\"--awb-bg-size:cover;--awb-width-large:100%;--awb-margin-top-large:0px;--awb-spacing-right-large:1.92%;--awb-margin-bottom-large:20px;--awb-spacing-left-large:1.92%;--awb-width-medium:100%;--awb-order-medium:0;--awb-spacing-right-medium:1.92%;--awb-spacing-left-medium:1.92%;--awb-width-small:100%;--awb-order-small:0;--awb-spacing-right-small:1.92%;--awb-spacing-left-small:1.92%;\"><div class=\"fusion-column-wrapper fusion-column-has-shadow fusion-flex-justify-content-flex-start fusion-content-layout-column\"><div class=\"fusion-title title fusion-title-1 fusion-sep-none fusion-title-text fusion-title-size-one\" style=\"--awb-margin-bottom:0px;\"><h1 class=\"fusion-title-heading title-heading-left fusion-responsive-typography-calculated\" style=\"margin:0;--fontSize:80;line-height:1.2;\">CITAS<\/h1><\/div><\/div><\/div><\/div><\/div><div class=\"fusion-fullwidth fullwidth-box fusion-builder-row-2 fusion-flex-container nonhundred-percent-fullwidth non-hundred-percent-height-scrolling\" style=\"--awb-border-radius-top-left:0px;--awb-border-radius-top-right:0px;--awb-border-radius-bottom-right:0px;--awb-border-radius-bottom-left:0px;--awb-flex-wrap:wrap;\" ><div class=\"fusion-builder-row fusion-row fusion-flex-align-items-flex-start fusion-flex-content-wrap\" style=\"max-width:1352px;margin-left: calc(-4% \/ 2 );margin-right: calc(-4% \/ 2 );\"><div class=\"fusion-layout-column fusion_builder_column fusion-builder-column-1 fusion_builder_column_1_1 1_1 fusion-flex-column\" style=\"--awb-bg-size:cover;--awb-width-large:100%;--awb-margin-top-large:0px;--awb-spacing-right-large:1.92%;--awb-margin-bottom-large:20px;--awb-spacing-left-large:1.92%;--awb-width-medium:100%;--awb-order-medium:0;--awb-spacing-right-medium:1.92%;--awb-spacing-left-medium:1.92%;--awb-width-small:100%;--awb-order-small:0;--awb-spacing-right-small:1.92%;--awb-spacing-left-small:1.92%;\"><div class=\"fusion-column-wrapper fusion-column-has-shadow fusion-flex-justify-content-flex-start fusion-content-layout-column\"><div class=\"fusion-testimonials classic awb-speech-bubble-show fusion-testimonials-1\" style=\"--awb-textcolor:#ffffff;--awb-backgroundcolor:#2a2a38;--awb-testimonial-border-style:solid;--awb-testimonial-border-color:var(--awb-color3);--awb-border-top-left-radius:0px;--awb-border-top-right-radius:0px;--awb-border-bottom-left-radius:0px;--awb-border-bottom-right-radius:0px;--testimonial-border-width-top:0px;--testimonial-border-width-right:0px;--testimonial-border-width-bottom:0px;--testimonial-border-width-left:0px;\" data-random=\"0\" data-speed=\"0\"><div class=\"reviews\"><div class=\"review active-testimonial no-avatar\"><blockquote><div class=\"awb-quote\"><div class=\"awb-quote-content\">\n<p style=\"text-align: justify;\">Puedo ampararme en la afirmaci\u00f3n actual de los derechos de las mujeres a disponer de sus cuerpos. Pero, m\u00e1s singularmente, encuentro en la conexi\u00f3n entre temporalidad y maternidad un borde que decid\u00ed no atravesar. La maternidad habr\u00eda sido como un franqueamiento brutal de ese borde<\/p>\n<\/div><\/div><span class=\"awb-triangle\"><\/span><\/blockquote><div class=\"author\"><span class=\"company-name\"><strong>Levy Yeyati, E. <\/strong><span>, <\/span><span>Delicias de un gozo prometido. Revista Lacaniana de Psicoan\u00e1lisis N\u00ba 28. Bs. As. Publicaci\u00f3n de la Escuela de la Orientaci\u00f3n Lacaniana. 2020. p. 138.<\/span><\/span><\/div><\/div><\/div><\/div><div class=\"fusion-separator fusion-full-width-sep\" style=\"align-self: center;margin-left: auto;margin-right: auto;margin-top:20px;margin-bottom:20px;width:100%;\"><\/div><div class=\"fusion-testimonials classic awb-speech-bubble-show fusion-testimonials-2\" style=\"--awb-textcolor:#ffffff;--awb-backgroundcolor:#2a2a38;--awb-testimonial-border-style:solid;--awb-testimonial-border-color:var(--awb-color3);--awb-border-top-left-radius:0px;--awb-border-top-right-radius:0px;--awb-border-bottom-left-radius:0px;--awb-border-bottom-right-radius:0px;--testimonial-border-width-top:0px;--testimonial-border-width-right:0px;--testimonial-border-width-bottom:0px;--testimonial-border-width-left:0px;\" data-random=\"0\" data-speed=\"0\"><div class=\"reviews\"><div class=\"review active-testimonial no-avatar\"><blockquote><div class=\"awb-quote\"><div class=\"awb-quote-content\">\n<p style=\"text-align: justify;\">La feminidad no se reduce a la maternidad\u2026 ( ) &#8230;Hoy no tengo dudas que la maternidad en mi caso fue posible cuando pude encontrar la manera de lidiar con lo femenino. \u00bfCu\u00e1l fue mi manera? Un activismo en mi lazo al partenaire. Una condici\u00f3n er\u00f3tica: lo femenino en un hombre. Una soluci\u00f3n: saber ser la Otra<\/p>\n<\/div><\/div><span class=\"awb-triangle\"><\/span><\/blockquote><div class=\"author\"><span class=\"company-name\"><strong>Grinbaum, G.<\/strong><span>, <\/span><span>(2019) Una mujer sin maquillaje, Buenos Aires, Grama Ediciones, pp. 48-49<\/span><\/span><\/div><\/div><\/div><\/div><div class=\"fusion-separator fusion-full-width-sep\" style=\"align-self: center;margin-left: auto;margin-right: auto;margin-top:20px;margin-bottom:20px;width:100%;\"><\/div><div class=\"fusion-testimonials classic awb-speech-bubble-show fusion-testimonials-3\" style=\"--awb-textcolor:#ffffff;--awb-backgroundcolor:#2a2a38;--awb-testimonial-border-style:solid;--awb-testimonial-border-color:var(--awb-color3);--awb-border-top-left-radius:0px;--awb-border-top-right-radius:0px;--awb-border-bottom-left-radius:0px;--awb-border-bottom-right-radius:0px;--testimonial-border-width-top:0px;--testimonial-border-width-right:0px;--testimonial-border-width-bottom:0px;--testimonial-border-width-left:0px;\" data-random=\"0\" data-speed=\"0\"><div class=\"reviews\"><div class=\"review active-testimonial no-avatar\"><blockquote><div class=\"awb-quote\"><div class=\"awb-quote-content\">\n<p style=\"text-align: justify;\">Uma sombra para mim incompreens\u00edvel tornava dif\u00edcil acreditar plenamente no amor do Outro dirigido a mim. Em primeiro lugar, essa desconfian\u00e7a implicava minha rela\u00e7\u00e3o com o amor materno, e acabaria por recair, desde menino, sobre minha rela\u00e7\u00e3o com as meninas, e depois com as mulheres. Este n\u00f3, que no curso da an\u00e1lise chegarei a nomear como \u201cimpostura materna\u201d sobre o amor, me condenar\u00e1, durante anos, \u00e0 posi\u00e7\u00e3o do amado desconfiado do amor do Outro, dificultando que eu me colocasse realmente em jogo na posi\u00e7\u00e3o do amante, do desejante<\/p>\n<\/div><\/div><span class=\"awb-triangle\"><\/span><\/blockquote><div class=\"author\"><span class=\"company-name\"><strong>Consenza, D. <\/strong><span>, <\/span><span>(2019). Cair na an\u00e1lise: entre fantasia e acontecimento de corpo. Em Revista Op\u00e7\u00e3o lacaniana, 80. S\u00e3o Paulo: EBP. P\u00e1gina 138.<\/span><\/span><\/div><\/div><\/div><\/div><\/div><\/div><\/div><\/div><\/p>\n","protected":false},"excerpt":{"rendered":"","protected":false},"author":1,"featured_media":0,"parent":918,"menu_order":3,"comment_status":"closed","ping_status":"closed","template":"","meta":{"_monsterinsights_skip_tracking":false,"_monsterinsights_sitenote_active":false,"_monsterinsights_sitenote_note":"","_monsterinsights_sitenote_category":0,"footnotes":""},"_links":{"self":[{"href":"https:\/\/enapol.com\/x\/wp-json\/wp\/v2\/pages\/2731"}],"collection":[{"href":"https:\/\/enapol.com\/x\/wp-json\/wp\/v2\/pages"}],"about":[{"href":"https:\/\/enapol.com\/x\/wp-json\/wp\/v2\/types\/page"}],"author":[{"embeddable":true,"href":"https:\/\/enapol.com\/x\/wp-json\/wp\/v2\/users\/1"}],"replies":[{"embeddable":true,"href":"https:\/\/enapol.com\/x\/wp-json\/wp\/v2\/comments?post=2731"}],"version-history":[{"count":3,"href":"https:\/\/enapol.com\/x\/wp-json\/wp\/v2\/pages\/2731\/revisions"}],"predecessor-version":[{"id":2754,"href":"https:\/\/enapol.com\/x\/wp-json\/wp\/v2\/pages\/2731\/revisions\/2754"}],"up":[{"embeddable":true,"href":"https:\/\/enapol.com\/x\/wp-json\/wp\/v2\/pages\/918"}],"wp:attachment":[{"href":"https:\/\/enapol.com\/x\/wp-json\/wp\/v2\/media?parent=2731"}],"curies":[{"name":"wp","href":"https:\/\/api.w.org\/{rel}","templated":true}]}}