{"id":2735,"date":"2021-08-31T07:24:41","date_gmt":"2021-08-31T10:24:41","guid":{"rendered":"http:\/\/x-enapol.org\/?page_id=2735"},"modified":"2021-08-31T09:22:49","modified_gmt":"2021-08-31T12:22:49","slug":"tercera-entrega","status":"publish","type":"page","link":"https:\/\/enapol.com\/x\/bibliografia\/el-amor-en-la-practica-con-los-autistas\/tercera-entrega\/","title":{"rendered":"Tercera Entrega"},"content":{"rendered":"<p><div class=\"fusion-fullwidth fullwidth-box fusion-builder-row-1 fusion-flex-container nonhundred-percent-fullwidth non-hundred-percent-height-scrolling\" style=\"--awb-border-radius-top-left:0px;--awb-border-radius-top-right:0px;--awb-border-radius-bottom-right:0px;--awb-border-radius-bottom-left:0px;--awb-margin-top:0px;--awb-flex-wrap:wrap;\" ><div class=\"fusion-builder-row fusion-row fusion-flex-align-items-flex-start fusion-flex-content-wrap\" style=\"max-width:1352px;margin-left: calc(-4% \/ 2 );margin-right: calc(-4% \/ 2 );\"><div class=\"fusion-layout-column fusion_builder_column fusion-builder-column-0 fusion_builder_column_1_1 1_1 fusion-flex-column\" style=\"--awb-bg-size:cover;--awb-width-large:100%;--awb-margin-top-large:0px;--awb-spacing-right-large:1.92%;--awb-margin-bottom-large:20px;--awb-spacing-left-large:1.92%;--awb-width-medium:100%;--awb-order-medium:0;--awb-spacing-right-medium:1.92%;--awb-spacing-left-medium:1.92%;--awb-width-small:100%;--awb-order-small:0;--awb-spacing-right-small:1.92%;--awb-spacing-left-small:1.92%;\"><div class=\"fusion-column-wrapper fusion-column-has-shadow fusion-flex-justify-content-flex-start fusion-content-layout-column\"><div class=\"fusion-title title fusion-title-1 fusion-sep-none fusion-title-text fusion-title-size-one\" style=\"--awb-margin-bottom:0px;\"><h1 class=\"fusion-title-heading title-heading-left fusion-responsive-typography-calculated\" style=\"margin:0;--fontSize:80;line-height:1.2;\">CITAS<\/h1><\/div><\/div><\/div><\/div><\/div><div class=\"fusion-fullwidth fullwidth-box fusion-builder-row-2 fusion-flex-container nonhundred-percent-fullwidth non-hundred-percent-height-scrolling\" style=\"--awb-border-radius-top-left:0px;--awb-border-radius-top-right:0px;--awb-border-radius-bottom-right:0px;--awb-border-radius-bottom-left:0px;--awb-flex-wrap:wrap;\" ><div class=\"fusion-builder-row fusion-row fusion-flex-align-items-flex-start fusion-flex-content-wrap\" style=\"max-width:1352px;margin-left: calc(-4% \/ 2 );margin-right: calc(-4% \/ 2 );\"><div class=\"fusion-layout-column fusion_builder_column fusion-builder-column-1 fusion_builder_column_1_1 1_1 fusion-flex-column\" style=\"--awb-bg-size:cover;--awb-width-large:100%;--awb-margin-top-large:0px;--awb-spacing-right-large:1.92%;--awb-margin-bottom-large:20px;--awb-spacing-left-large:1.92%;--awb-width-medium:100%;--awb-order-medium:0;--awb-spacing-right-medium:1.92%;--awb-spacing-left-medium:1.92%;--awb-width-small:100%;--awb-order-small:0;--awb-spacing-right-small:1.92%;--awb-spacing-left-small:1.92%;\"><div class=\"fusion-column-wrapper fusion-column-has-shadow fusion-flex-justify-content-flex-start fusion-content-layout-column\"><div class=\"fusion-testimonials classic awb-speech-bubble-show fusion-testimonials-1\" style=\"--awb-textcolor:#ffffff;--awb-backgroundcolor:#2a2a38;--awb-testimonial-border-style:solid;--awb-testimonial-border-color:var(--awb-color3);--awb-border-top-left-radius:0px;--awb-border-top-right-radius:0px;--awb-border-bottom-left-radius:0px;--awb-border-bottom-right-radius:0px;--testimonial-border-width-top:0px;--testimonial-border-width-right:0px;--testimonial-border-width-bottom:0px;--testimonial-border-width-left:0px;\" data-random=\"0\" data-speed=\"0\"><div class=\"reviews\"><div class=\"review active-testimonial no-avatar\"><blockquote><div class=\"awb-quote\"><div class=\"awb-quote-content\">\n<p style=\"text-align: justify;\">Precisamente, lo que usted recuerda, la palabra de Donna Williams, \u00a1es formidable! Una descripci\u00f3n com\u00fan del autismo es que el autista se encuentra separado del Otro, con el que no tiene ning\u00fan contacto. Y resulta que tenemos a alguien considerado como autista, diplomada, reconocida que nos dice: \u201cestoy buscando este Otro parad\u00f3jico: un gu\u00eda que me siga.\u201d Me parece que, efectivamente, tendr\u00edamos que escribir esto en las paredes de los locales en los que se debaten este tipo de discusiones sobre la transferencia en el autismo y la psicosis, donde ciertamente no es evidente que haya una transferencia. Pero sujetos como Donna Williams \u2014y tambi\u00e9n otros que cada vez tienen un car\u00e1cter excepcional\u2014 muestran que un sujeto autista introduce un lazo muy particular con el otro. Sea este una persona, la pantalla, los centros de inter\u00e9s. A partir de aqu\u00ed tenemos la posibilidad \u2014si uno lo hace de la buena manera\u2014, es decir, nunca anticip\u00e1ndose sobre el sujeto, sino m\u00e1s bien estando en la posici\u00f3n de \u201cser la gu\u00eda que sigue\u201d.<\/p>\n<\/div><\/div><span class=\"awb-triangle\"><\/span><\/blockquote><div class=\"author\"><span class=\"company-name\"><strong>Laurent,  E. <\/strong><span>, <\/span><span>El Uno Solo Revista Freudiana 83, Barcelona 2018. Extracto de entrevista realizada por La comisi\u00f3n de la secci\u00f3n de entrevistas de Freudiana, llamada Signos de interrogaci\u00f3n \u2014Marta Berenguer, Claudia Gonz\u00e1lez, Erick Gonz\u00e1lez y Howard Rouse (HR)<\/span><\/span><\/div><\/div><\/div><\/div><div class=\"fusion-separator fusion-full-width-sep\" style=\"align-self: center;margin-left: auto;margin-right: auto;margin-top:20px;margin-bottom:20px;width:100%;\"><\/div><div class=\"fusion-testimonials classic awb-speech-bubble-show fusion-testimonials-2\" style=\"--awb-textcolor:#ffffff;--awb-backgroundcolor:#2a2a38;--awb-testimonial-border-style:solid;--awb-testimonial-border-color:var(--awb-color3);--awb-border-top-left-radius:0px;--awb-border-top-right-radius:0px;--awb-border-bottom-left-radius:0px;--awb-border-bottom-right-radius:0px;--testimonial-border-width-top:0px;--testimonial-border-width-right:0px;--testimonial-border-width-bottom:0px;--testimonial-border-width-left:0px;\" data-random=\"0\" data-speed=\"0\"><div class=\"reviews\"><div class=\"review active-testimonial no-avatar\"><blockquote><div class=\"awb-quote\"><div class=\"awb-quote-content\">\n<p style=\"text-align: justify;\">He reparado en el final del an\u00e1lisis la soledad radical que es la m\u00eda \u2013estar solo-, me reenv\u00eda a otra posici\u00f3n, la de hacer de la soledad un punto de apoyo. Me apoyo entonces en los otros- Unos solos, todos solos y nosotros hacemos juntos la ruta<\/p>\n<\/div><\/div><span class=\"awb-triangle\"><\/span><\/blockquote><div class=\"author\"><span class=\"company-name\"><strong>Laurent, D. <\/strong><span>, <\/span><span>Ese cuerpo que llevamos a an\u00e1lisis Revista Lacaniana n\u00ba24, (2018 ) p. 146<\/span><\/span><\/div><\/div><\/div><\/div><div class=\"fusion-separator fusion-full-width-sep\" style=\"align-self: center;margin-left: auto;margin-right: auto;margin-top:20px;margin-bottom:20px;width:100%;\"><\/div><div class=\"fusion-testimonials classic awb-speech-bubble-show fusion-testimonials-3\" style=\"--awb-textcolor:#ffffff;--awb-backgroundcolor:#2a2a38;--awb-testimonial-border-style:solid;--awb-testimonial-border-color:var(--awb-color3);--awb-border-top-left-radius:0px;--awb-border-top-right-radius:0px;--awb-border-bottom-left-radius:0px;--awb-border-bottom-right-radius:0px;--testimonial-border-width-top:0px;--testimonial-border-width-right:0px;--testimonial-border-width-bottom:0px;--testimonial-border-width-left:0px;\" data-random=\"0\" data-speed=\"0\"><div class=\"reviews\"><div class=\"review active-testimonial no-avatar\"><blockquote><div class=\"awb-quote\"><div class=\"awb-quote-content\">\n<p style=\"text-align: justify;\">Por falta de conocimiento me tom\u00f3 mucho tiempo dejar de esconderme y aprender a amar y conocerme a m\u00ed mismo. Sin embargo, hoy puedo decir que me siento orgulloso de ser aspergiano\u201d John E. Robison, Look Me in the Eye: My Life with Asperger\u2019s. Tree Rivers Press 2008, p. 2.<\/p>\n<\/div><\/div><span class=\"awb-triangle\"><\/span><\/blockquote><div class=\"author\"><span class=\"company-name\"><strong>Temple Grandin y Margaret M. Scariano <\/strong><span>, <\/span><span>Atravesando las puertas del autismo. Una historia de esperanza y recuperaci\u00f3n. Paid\u00f3s p 34,35. 1986.<\/span><\/span><\/div><\/div><\/div><\/div><div class=\"fusion-separator fusion-full-width-sep\" style=\"align-self: center;margin-left: auto;margin-right: auto;margin-top:20px;margin-bottom:20px;width:100%;\"><\/div><div class=\"fusion-testimonials classic awb-speech-bubble-show fusion-testimonials-4\" style=\"--awb-textcolor:#ffffff;--awb-backgroundcolor:#2a2a38;--awb-testimonial-border-style:solid;--awb-testimonial-border-color:var(--awb-color3);--awb-border-top-left-radius:0px;--awb-border-top-right-radius:0px;--awb-border-bottom-left-radius:0px;--awb-border-bottom-right-radius:0px;--testimonial-border-width-top:0px;--testimonial-border-width-right:0px;--testimonial-border-width-bottom:0px;--testimonial-border-width-left:0px;\" data-random=\"0\" data-speed=\"0\"><div class=\"reviews\"><div class=\"review active-testimonial no-avatar\"><blockquote><div class=\"awb-quote\"><div class=\"awb-quote-content\">\n<p style=\"text-align: justify;\">Hubiera dado cualquier cosa por ser amada, por ser abrazada. Al mismo tiempo evitaba el contacto excesivo, como en el caso de mi t\u00eda obesa y demasiado afectuosa. Recibir sus demostraciones de afecto era para m\u00ed como ser engullida por una ballena. En cuanto a la maestra, el solo hecho de que me tocara me hac\u00eda encoger de miedo y dar un paso atr\u00e1s. (\u2026) Era como si una puerta de vidrio corrediza me separara del mundo de amor y comprensi\u00f3n humana. (\u2026) Solo pasados los veinte a\u00f1os fui capaz de estrechar la mano de otra persona o de mirarla directamente a la cara<\/p>\n<\/div><\/div><span class=\"awb-triangle\"><\/span><\/blockquote><div class=\"author\"><span class=\"company-name\"><strong>Daniel Tammet<\/strong><span>, <\/span><a href=\"https:\/\/youtu.be\/GzpZb10P1WQ\" target=\"_blank\" rel=\"noopener noreferrer\"><span>La ciudad de las ideas 2011 <\/span><\/a><\/span><\/div><\/div><\/div><\/div><div class=\"fusion-separator fusion-full-width-sep\" style=\"align-self: center;margin-left: auto;margin-right: auto;margin-top:20px;margin-bottom:20px;width:100%;\"><\/div><\/div><\/div><\/div><\/div><\/p>\n","protected":false},"excerpt":{"rendered":"","protected":false},"author":1,"featured_media":0,"parent":922,"menu_order":3,"comment_status":"closed","ping_status":"closed","template":"","meta":{"_monsterinsights_skip_tracking":false,"_monsterinsights_sitenote_active":false,"_monsterinsights_sitenote_note":"","_monsterinsights_sitenote_category":0,"footnotes":""},"_links":{"self":[{"href":"https:\/\/enapol.com\/x\/wp-json\/wp\/v2\/pages\/2735"}],"collection":[{"href":"https:\/\/enapol.com\/x\/wp-json\/wp\/v2\/pages"}],"about":[{"href":"https:\/\/enapol.com\/x\/wp-json\/wp\/v2\/types\/page"}],"author":[{"embeddable":true,"href":"https:\/\/enapol.com\/x\/wp-json\/wp\/v2\/users\/1"}],"replies":[{"embeddable":true,"href":"https:\/\/enapol.com\/x\/wp-json\/wp\/v2\/comments?post=2735"}],"version-history":[{"count":3,"href":"https:\/\/enapol.com\/x\/wp-json\/wp\/v2\/pages\/2735\/revisions"}],"predecessor-version":[{"id":2758,"href":"https:\/\/enapol.com\/x\/wp-json\/wp\/v2\/pages\/2735\/revisions\/2758"}],"up":[{"embeddable":true,"href":"https:\/\/enapol.com\/x\/wp-json\/wp\/v2\/pages\/922"}],"wp:attachment":[{"href":"https:\/\/enapol.com\/x\/wp-json\/wp\/v2\/media?parent=2735"}],"curies":[{"name":"wp","href":"https:\/\/api.w.org\/{rel}","templated":true}]}}