{"id":2903,"date":"2021-09-15T14:39:47","date_gmt":"2021-09-15T17:39:47","guid":{"rendered":"http:\/\/x-enapol.org\/?page_id=2903"},"modified":"2021-10-27T12:44:33","modified_gmt":"2021-10-27T15:44:33","slug":"vigencia-del-amor-en-las-configuraciones-familiares-actuales","status":"publish","type":"page","link":"https:\/\/enapol.com\/x\/conversaciones\/vigencia-del-amor-en-las-configuraciones-familiares-actuales\/","title":{"rendered":"Vigencia del amor en las configuraciones familiares actuales"},"content":{"rendered":"<p><div class=\"fusion-fullwidth fullwidth-box fusion-builder-row-1 fusion-flex-container nonhundred-percent-fullwidth non-hundred-percent-height-scrolling\" style=\"--awb-border-radius-top-left:0px;--awb-border-radius-top-right:0px;--awb-border-radius-bottom-right:0px;--awb-border-radius-bottom-left:0px;--awb-flex-wrap:wrap;\" ><div class=\"fusion-builder-row fusion-row fusion-flex-align-items-flex-start fusion-flex-content-wrap\" style=\"max-width:1352px;margin-left: calc(-4% \/ 2 );margin-right: calc(-4% \/ 2 );\"><div class=\"fusion-layout-column fusion_builder_column fusion-builder-column-0 fusion_builder_column_1_1 1_1 fusion-flex-column\" style=\"--awb-padding-top:10px;--awb-padding-bottom:10px;--awb-bg-color:#790074;--awb-bg-color-hover:#790074;--awb-bg-size:cover;--awb-width-large:100%;--awb-margin-top-large:0px;--awb-spacing-right-large:1.92%;--awb-margin-bottom-large:20px;--awb-spacing-left-large:1.92%;--awb-width-medium:100%;--awb-order-medium:0;--awb-spacing-right-medium:1.92%;--awb-spacing-left-medium:1.92%;--awb-width-small:100%;--awb-order-small:0;--awb-spacing-right-small:1.92%;--awb-spacing-left-small:1.92%;\"><div class=\"fusion-column-wrapper fusion-column-has-shadow fusion-flex-justify-content-flex-start fusion-content-layout-column\"><div class=\"fusion-text fusion-text-1\"><p style=\"font-family: Raleway; letter-spacing: 2px; font-size: 20px; font-weight: 500; margin-bottom: 0px; text-align: center;\"><span style=\"color: #ffffff;\">NEL<\/span><\/p>\n<\/div><\/div><\/div><div class=\"fusion-layout-column fusion_builder_column fusion-builder-column-1 fusion_builder_column_1_1 1_1 fusion-flex-column\" style=\"--awb-bg-size:cover;--awb-width-large:100%;--awb-margin-top-large:0px;--awb-spacing-right-large:1.92%;--awb-margin-bottom-large:20px;--awb-spacing-left-large:1.92%;--awb-width-medium:100%;--awb-order-medium:0;--awb-spacing-right-medium:1.92%;--awb-spacing-left-medium:1.92%;--awb-width-small:100%;--awb-order-small:0;--awb-spacing-right-small:1.92%;--awb-spacing-left-small:1.92%;\"><div class=\"fusion-column-wrapper fusion-column-has-shadow fusion-flex-justify-content-flex-start fusion-content-layout-column\"><div class=\"fusion-text fusion-text-2\"><ul>\n<li style=\"text-align: justify;\"><strong>Dupla coordinadora<\/strong>: Antonio Aguirre (\u2020) &#8211; Piedad de Spurrier<\/li>\n<li style=\"text-align: justify;\"><strong>Integrantes<\/strong>: Juan Althaus; Fernanda Carrera; Paola Corn\u00fa; Ivon Espinoza; Roxana Faush; Gloria Gonzalez; Sofia Guaraguara; Marcos Guti\u00e9rrez; Blanca Najare; Mar\u00eda Solita Quijano; Carlos Quezada; Alvaro Rend\u00f3n; Javier Rodriguez<\/li>\n<\/ul>\n<\/div><div style=\"text-align:right;\"><a class=\"fusion-button button-flat fusion-button-default-size button-default fusion-button-default button-1 fusion-button-default-span fusion-button-default-type\" target=\"_blank\" rel=\"noopener noreferrer\" href=\"http:\/\/enapol.com\/x\/wp-content\/uploads\/2021\/09\/Vigencia-del-amor-en-las-configuraciones-familiares-actualesNEL-ESP.pdf\"><i class=\"fa-download fas button-icon-left\" aria-hidden=\"true\"><\/i><span class=\"fusion-button-text\">DESCARGA<\/span><\/a><\/div><\/div><\/div><\/div><\/div><div class=\"fusion-fullwidth fullwidth-box fusion-builder-row-2 fusion-flex-container nonhundred-percent-fullwidth non-hundred-percent-height-scrolling\" style=\"--awb-border-radius-top-left:0px;--awb-border-radius-top-right:0px;--awb-border-radius-bottom-right:0px;--awb-border-radius-bottom-left:0px;--awb-margin-top:50px;--awb-flex-wrap:wrap;\" ><div class=\"fusion-builder-row fusion-row fusion-flex-align-items-flex-start fusion-flex-content-wrap\" style=\"max-width:1352px;margin-left: calc(-4% \/ 2 );margin-right: calc(-4% \/ 2 );\"><div class=\"fusion-layout-column fusion_builder_column fusion-builder-column-2 fusion_builder_column_1_1 1_1 fusion-flex-column\" style=\"--awb-padding-top:10px;--awb-padding-bottom:10px;--awb-bg-color:#790074;--awb-bg-color-hover:#790074;--awb-bg-size:cover;--awb-width-large:100%;--awb-margin-top-large:0px;--awb-spacing-right-large:1.92%;--awb-margin-bottom-large:20px;--awb-spacing-left-large:1.92%;--awb-width-medium:100%;--awb-order-medium:0;--awb-spacing-right-medium:1.92%;--awb-spacing-left-medium:1.92%;--awb-width-small:100%;--awb-order-small:0;--awb-spacing-right-small:1.92%;--awb-spacing-left-small:1.92%;\"><div class=\"fusion-column-wrapper fusion-column-has-shadow fusion-flex-justify-content-flex-start fusion-content-layout-column\"><div class=\"fusion-text fusion-text-3\"><p style=\"font-family: Raleway; letter-spacing: 2px; font-size: 20px; font-weight: 500; margin-bottom: 0px; text-align: center;\"><span style=\"color: #ffffff;\">EOL<\/span><\/p>\n<\/div><\/div><\/div><div class=\"fusion-layout-column fusion_builder_column fusion-builder-column-3 fusion_builder_column_1_1 1_1 fusion-flex-column\" style=\"--awb-bg-size:cover;--awb-width-large:100%;--awb-margin-top-large:0px;--awb-spacing-right-large:1.92%;--awb-margin-bottom-large:20px;--awb-spacing-left-large:1.92%;--awb-width-medium:100%;--awb-order-medium:0;--awb-spacing-right-medium:1.92%;--awb-spacing-left-medium:1.92%;--awb-width-small:100%;--awb-order-small:0;--awb-spacing-right-small:1.92%;--awb-spacing-left-small:1.92%;\"><div class=\"fusion-column-wrapper fusion-column-has-shadow fusion-flex-justify-content-flex-start fusion-content-layout-column\"><div class=\"fusion-text fusion-text-4\"><ul>\n<li style=\"text-align: justify;\"><strong>Dupla coordinadora<\/strong>: Nora Silvestri &#8211; Gustavo Sobel<\/li>\n<li style=\"text-align: justify;\"><strong>Integrantes<\/strong>: Alejandra Antu\u00f1a; Claudia Caruncho; Lilian Trejo; Martina Gonzales Arufe; Lucia Marquina; Carolina Dagnino; Fedra Cavanna; Angeles Cordoba; M\u00f3nica Biaggio; Adriana Lafogiannis; Julieta Bermant; Omar Buamden; Erica Boglione.<\/li>\n<\/ul>\n<\/div><div style=\"text-align:right;\"><a class=\"fusion-button button-flat fusion-button-default-size button-default fusion-button-default button-2 fusion-button-default-span fusion-button-default-type\" target=\"_blank\" rel=\"noopener noreferrer\" href=\"http:\/\/enapol.com\/x\/wp-content\/uploads\/2021\/10\/Enapol.-El-amor-de-dos-madres-II.pdf\"><i class=\"fa-download fas button-icon-left\" aria-hidden=\"true\"><\/i><span class=\"fusion-button-text\">DESCARGA<\/span><\/a><\/div><\/div><\/div><\/div><\/div><div class=\"fusion-fullwidth fullwidth-box fusion-builder-row-3 fusion-flex-container nonhundred-percent-fullwidth non-hundred-percent-height-scrolling\" style=\"--awb-border-radius-top-left:0px;--awb-border-radius-top-right:0px;--awb-border-radius-bottom-right:0px;--awb-border-radius-bottom-left:0px;--awb-margin-top:50px;--awb-flex-wrap:wrap;\" ><div class=\"fusion-builder-row fusion-row fusion-flex-align-items-flex-start fusion-flex-content-wrap\" style=\"max-width:1352px;margin-left: calc(-4% \/ 2 );margin-right: calc(-4% \/ 2 );\"><div class=\"fusion-layout-column fusion_builder_column fusion-builder-column-4 fusion_builder_column_1_1 1_1 fusion-flex-column\" style=\"--awb-padding-top:10px;--awb-padding-bottom:10px;--awb-bg-color:#790074;--awb-bg-color-hover:#790074;--awb-bg-size:cover;--awb-width-large:100%;--awb-margin-top-large:0px;--awb-spacing-right-large:1.92%;--awb-margin-bottom-large:20px;--awb-spacing-left-large:1.92%;--awb-width-medium:100%;--awb-order-medium:0;--awb-spacing-right-medium:1.92%;--awb-spacing-left-medium:1.92%;--awb-width-small:100%;--awb-order-small:0;--awb-spacing-right-small:1.92%;--awb-spacing-left-small:1.92%;\"><div class=\"fusion-column-wrapper fusion-column-has-shadow fusion-flex-justify-content-flex-start fusion-content-layout-column\"><div class=\"fusion-text fusion-text-5\"><p style=\"font-family: Raleway; letter-spacing: 2px; font-size: 20px; font-weight: 500; margin-bottom: 0px; text-align: center;\"><span style=\"color: #ffffff;\">EBP<\/span><\/p>\n<\/div><\/div><\/div><div class=\"fusion-layout-column fusion_builder_column fusion-builder-column-5 fusion_builder_column_1_1 1_1 fusion-flex-column\" style=\"--awb-bg-size:cover;--awb-width-large:100%;--awb-margin-top-large:0px;--awb-spacing-right-large:1.92%;--awb-margin-bottom-large:20px;--awb-spacing-left-large:1.92%;--awb-width-medium:100%;--awb-order-medium:0;--awb-spacing-right-medium:1.92%;--awb-spacing-left-medium:1.92%;--awb-width-small:100%;--awb-order-small:0;--awb-spacing-right-small:1.92%;--awb-spacing-left-small:1.92%;\"><div class=\"fusion-column-wrapper fusion-column-has-shadow fusion-flex-justify-content-flex-start fusion-content-layout-column\"><div class=\"fusion-text fusion-text-6\"><ul>\n<li style=\"text-align: justify;\"><strong>Dupla coordinadora<\/strong>: Cristiano Pimenta \u2013 Eliane Dias<\/li>\n<li style=\"text-align: justify;\"><strong>Integrantes<\/strong>: Angela Batista; Blanca Musachi; Carla Serles; Cristiane Grillo; Flavia C\u00eara; Gabriela Machado; Jacqueline Coelho; Julia Solano; K\u00e1tia Nadeau; Rafaela de Oliveira; Renally de Melo; Rog\u00e9rio de Barros; T\u00e2nia Martins.<\/li>\n<\/ul>\n<\/div><div style=\"text-align:right;\"><a class=\"fusion-button button-flat fusion-button-default-size button-default fusion-button-default button-3 fusion-button-default-span fusion-button-default-type\" target=\"_blank\" rel=\"noopener noreferrer\" href=\"http:\/\/enapol.com\/x\/wp-content\/uploads\/2021\/09\/Vigencia-del-amor-en-las-configuraciones-familiares-actualesEBP-ESP.pdf\"><i class=\"fa-download fas button-icon-left\" aria-hidden=\"true\"><\/i><span class=\"fusion-button-text\">DESCARGA<\/span><\/a><\/div><\/div><\/div><\/div><\/div><\/p>\n","protected":false},"excerpt":{"rendered":"","protected":false},"author":1,"featured_media":0,"parent":256,"menu_order":1,"comment_status":"closed","ping_status":"closed","template":"","meta":{"_monsterinsights_skip_tracking":false,"_monsterinsights_sitenote_active":false,"_monsterinsights_sitenote_note":"","_monsterinsights_sitenote_category":0,"footnotes":""},"_links":{"self":[{"href":"https:\/\/enapol.com\/x\/wp-json\/wp\/v2\/pages\/2903"}],"collection":[{"href":"https:\/\/enapol.com\/x\/wp-json\/wp\/v2\/pages"}],"about":[{"href":"https:\/\/enapol.com\/x\/wp-json\/wp\/v2\/types\/page"}],"author":[{"embeddable":true,"href":"https:\/\/enapol.com\/x\/wp-json\/wp\/v2\/users\/1"}],"replies":[{"embeddable":true,"href":"https:\/\/enapol.com\/x\/wp-json\/wp\/v2\/comments?post=2903"}],"version-history":[{"count":11,"href":"https:\/\/enapol.com\/x\/wp-json\/wp\/v2\/pages\/2903\/revisions"}],"predecessor-version":[{"id":3393,"href":"https:\/\/enapol.com\/x\/wp-json\/wp\/v2\/pages\/2903\/revisions\/3393"}],"up":[{"embeddable":true,"href":"https:\/\/enapol.com\/x\/wp-json\/wp\/v2\/pages\/256"}],"wp:attachment":[{"href":"https:\/\/enapol.com\/x\/wp-json\/wp\/v2\/media?parent=2903"}],"curies":[{"name":"wp","href":"https:\/\/api.w.org\/{rel}","templated":true}]}}