{"id":2926,"date":"2021-09-15T15:05:42","date_gmt":"2021-09-15T18:05:42","guid":{"rendered":"http:\/\/x-enapol.org\/?page_id=2926"},"modified":"2021-09-24T11:02:47","modified_gmt":"2021-09-24T14:02:47","slug":"amor-y-sexo-en-la-adolescencia","status":"publish","type":"page","link":"https:\/\/enapol.com\/x\/conversaciones\/amor-y-sexo-en-la-adolescencia\/","title":{"rendered":"Amor y sexo en la adolescencia"},"content":{"rendered":"<p><div class=\"fusion-fullwidth fullwidth-box fusion-builder-row-1 fusion-flex-container nonhundred-percent-fullwidth non-hundred-percent-height-scrolling\" style=\"--awb-border-radius-top-left:0px;--awb-border-radius-top-right:0px;--awb-border-radius-bottom-right:0px;--awb-border-radius-bottom-left:0px;--awb-flex-wrap:wrap;\" ><div class=\"fusion-builder-row fusion-row fusion-flex-align-items-flex-start fusion-flex-content-wrap\" style=\"max-width:1352px;margin-left: calc(-4% \/ 2 );margin-right: calc(-4% \/ 2 );\"><div class=\"fusion-layout-column fusion_builder_column fusion-builder-column-0 fusion_builder_column_1_1 1_1 fusion-flex-column\" style=\"--awb-padding-top:10px;--awb-padding-bottom:10px;--awb-bg-color:#790074;--awb-bg-color-hover:#790074;--awb-bg-size:cover;--awb-width-large:100%;--awb-margin-top-large:0px;--awb-spacing-right-large:1.92%;--awb-margin-bottom-large:20px;--awb-spacing-left-large:1.92%;--awb-width-medium:100%;--awb-order-medium:0;--awb-spacing-right-medium:1.92%;--awb-spacing-left-medium:1.92%;--awb-width-small:100%;--awb-order-small:0;--awb-spacing-right-small:1.92%;--awb-spacing-left-small:1.92%;\"><div class=\"fusion-column-wrapper fusion-column-has-shadow fusion-flex-justify-content-flex-start fusion-content-layout-column\"><div class=\"fusion-text fusion-text-1\"><p style=\"font-family: Raleway; letter-spacing: 2px; font-size: 20px; font-weight: 500; margin-bottom: 0px; text-align: center;\"><span style=\"color: #ffffff;\">NEL<\/span><\/p>\n<\/div><\/div><\/div><div class=\"fusion-layout-column fusion_builder_column fusion-builder-column-1 fusion_builder_column_1_1 1_1 fusion-flex-column\" style=\"--awb-bg-size:cover;--awb-width-large:100%;--awb-margin-top-large:0px;--awb-spacing-right-large:1.92%;--awb-margin-bottom-large:20px;--awb-spacing-left-large:1.92%;--awb-width-medium:100%;--awb-order-medium:0;--awb-spacing-right-medium:1.92%;--awb-spacing-left-medium:1.92%;--awb-width-small:100%;--awb-order-small:0;--awb-spacing-right-small:1.92%;--awb-spacing-left-small:1.92%;\"><div class=\"fusion-column-wrapper fusion-column-has-shadow fusion-flex-justify-content-flex-start fusion-content-layout-column\"><div class=\"fusion-text fusion-text-2\"><ul>\n<li style=\"text-align: justify;\"><strong>Dupla coordinadora<\/strong>: Giancarla Antezana &#8211; Gabriela Urriolagoitia<\/li>\n<li style=\"text-align: justify;\"><strong>Integrantes<\/strong>: Walfre Beltr\u00e1n; Daniela Dotzauer; Zulma Juchani; Claudia Pe\u00f1aloza; Evangelina Fuentes; Rosalba Guzm\u00e1n; Ana Badani; Marcela Zabalaga; Ra\u00fal Arancibia; Verena Kr\u00e4tzig; Erick Fern\u00e1ndez; Marxi Condori<\/li>\n<\/ul>\n<\/div><div style=\"text-align:right;\"><a class=\"fusion-button button-flat fusion-button-default-size button-default fusion-button-default button-1 fusion-button-default-span fusion-button-default-type\" target=\"_blank\" rel=\"noopener noreferrer\" href=\"http:\/\/enapol.com\/x\/wp-content\/uploads\/2021\/09\/Amor-y-sexo-en-la-adolescenciaNEL-ESP.pdf\"><i class=\"fa-download fas button-icon-left\" aria-hidden=\"true\"><\/i><span class=\"fusion-button-text\">DESCARGA<\/span><\/a><\/div><\/div><\/div><\/div><\/div><div class=\"fusion-fullwidth fullwidth-box fusion-builder-row-2 fusion-flex-container nonhundred-percent-fullwidth non-hundred-percent-height-scrolling\" style=\"--awb-border-radius-top-left:0px;--awb-border-radius-top-right:0px;--awb-border-radius-bottom-right:0px;--awb-border-radius-bottom-left:0px;--awb-margin-top:50px;--awb-flex-wrap:wrap;\" ><div class=\"fusion-builder-row fusion-row fusion-flex-align-items-flex-start fusion-flex-content-wrap\" style=\"max-width:1352px;margin-left: calc(-4% \/ 2 );margin-right: calc(-4% \/ 2 );\"><div class=\"fusion-layout-column fusion_builder_column fusion-builder-column-2 fusion_builder_column_1_1 1_1 fusion-flex-column\" style=\"--awb-padding-top:10px;--awb-padding-bottom:10px;--awb-bg-color:#790074;--awb-bg-color-hover:#790074;--awb-bg-size:cover;--awb-width-large:100%;--awb-margin-top-large:0px;--awb-spacing-right-large:1.92%;--awb-margin-bottom-large:20px;--awb-spacing-left-large:1.92%;--awb-width-medium:100%;--awb-order-medium:0;--awb-spacing-right-medium:1.92%;--awb-spacing-left-medium:1.92%;--awb-width-small:100%;--awb-order-small:0;--awb-spacing-right-small:1.92%;--awb-spacing-left-small:1.92%;\"><div class=\"fusion-column-wrapper fusion-column-has-shadow fusion-flex-justify-content-flex-start fusion-content-layout-column\"><div class=\"fusion-text fusion-text-3\"><p style=\"font-family: Raleway; letter-spacing: 2px; font-size: 20px; font-weight: 500; margin-bottom: 0px; text-align: center;\"><span style=\"color: #ffffff;\">EOL<\/span><\/p>\n<\/div><\/div><\/div><div class=\"fusion-layout-column fusion_builder_column fusion-builder-column-3 fusion_builder_column_1_1 1_1 fusion-flex-column\" style=\"--awb-bg-size:cover;--awb-width-large:100%;--awb-margin-top-large:0px;--awb-spacing-right-large:1.92%;--awb-margin-bottom-large:20px;--awb-spacing-left-large:1.92%;--awb-width-medium:100%;--awb-order-medium:0;--awb-spacing-right-medium:1.92%;--awb-spacing-left-medium:1.92%;--awb-width-small:100%;--awb-order-small:0;--awb-spacing-right-small:1.92%;--awb-spacing-left-small:1.92%;\"><div class=\"fusion-column-wrapper fusion-column-has-shadow fusion-flex-justify-content-flex-start fusion-content-layout-column\"><div class=\"fusion-text fusion-text-4\"><ul>\n<li style=\"text-align: justify;\"><strong>Dupla coordinadora<\/strong>: Viviana Cammilli &#8211; D\u00e9bora Nitzcaner<\/li>\n<li style=\"text-align: justify;\"><strong>Integrantes<\/strong>: Alberto Saul; Guillermo Adri\u00e1n L\u00f3pez; Paola Gutkowsky; Gerardo Battista; Marta Abossio; Daniel Abraham Aksman; Alma Perez Abella;\u00a0 Silvia Pino; Nicol\u00e1s Mascialino; Natalia Andreini; Dolores Amden; Perla Drechsler; Tom\u00e1s Verger; Gast\u00f3n Cottino; Ludmila Malischevski<\/li>\n<\/ul>\n<\/div><div style=\"text-align:right;\"><a class=\"fusion-button button-flat fusion-button-default-size button-default fusion-button-default button-2 fusion-button-default-span fusion-button-default-type\" target=\"_blank\" rel=\"noopener noreferrer\" href=\"http:\/\/enapol.com\/x\/wp-content\/uploads\/2021\/09\/Amor-y-sexo-en-la-adolescenciaEOL-ESP.pdf\"><i class=\"fa-download fas button-icon-left\" aria-hidden=\"true\"><\/i><span class=\"fusion-button-text\">DESCARGA<\/span><\/a><\/div><\/div><\/div><\/div><\/div><div class=\"fusion-fullwidth fullwidth-box fusion-builder-row-3 fusion-flex-container nonhundred-percent-fullwidth non-hundred-percent-height-scrolling\" style=\"--awb-border-radius-top-left:0px;--awb-border-radius-top-right:0px;--awb-border-radius-bottom-right:0px;--awb-border-radius-bottom-left:0px;--awb-margin-top:50px;--awb-flex-wrap:wrap;\" ><div class=\"fusion-builder-row fusion-row fusion-flex-align-items-flex-start fusion-flex-content-wrap\" style=\"max-width:1352px;margin-left: calc(-4% \/ 2 );margin-right: calc(-4% \/ 2 );\"><div class=\"fusion-layout-column fusion_builder_column fusion-builder-column-4 fusion_builder_column_1_1 1_1 fusion-flex-column\" style=\"--awb-padding-top:10px;--awb-padding-bottom:10px;--awb-bg-color:#790074;--awb-bg-color-hover:#790074;--awb-bg-size:cover;--awb-width-large:100%;--awb-margin-top-large:0px;--awb-spacing-right-large:1.92%;--awb-margin-bottom-large:20px;--awb-spacing-left-large:1.92%;--awb-width-medium:100%;--awb-order-medium:0;--awb-spacing-right-medium:1.92%;--awb-spacing-left-medium:1.92%;--awb-width-small:100%;--awb-order-small:0;--awb-spacing-right-small:1.92%;--awb-spacing-left-small:1.92%;\"><div class=\"fusion-column-wrapper fusion-column-has-shadow fusion-flex-justify-content-flex-start fusion-content-layout-column\"><div class=\"fusion-text fusion-text-5\"><p style=\"font-family: Raleway; letter-spacing: 2px; font-size: 20px; font-weight: 500; margin-bottom: 0px; text-align: center;\"><span style=\"color: #ffffff;\">EBP<\/span><\/p>\n<\/div><\/div><\/div><div class=\"fusion-layout-column fusion_builder_column fusion-builder-column-5 fusion_builder_column_1_1 1_1 fusion-flex-column\" style=\"--awb-bg-size:cover;--awb-width-large:100%;--awb-margin-top-large:0px;--awb-spacing-right-large:1.92%;--awb-margin-bottom-large:20px;--awb-spacing-left-large:1.92%;--awb-width-medium:100%;--awb-order-medium:0;--awb-spacing-right-medium:1.92%;--awb-spacing-left-medium:1.92%;--awb-width-small:100%;--awb-order-small:0;--awb-spacing-right-small:1.92%;--awb-spacing-left-small:1.92%;\"><div class=\"fusion-column-wrapper fusion-column-has-shadow fusion-flex-justify-content-flex-start fusion-content-layout-column\"><div class=\"fusion-text fusion-text-6\"><ul>\n<li style=\"text-align: justify;\"><strong>Dupla coordinadora<\/strong>: Cristiane Barreto &#8211; M\u00f4nica Hage<\/li>\n<li style=\"text-align: justify;\"><strong>Integrantes<\/strong>: Ana Martha Wilson Maia; Carolina Scofield; Cassandra Dias; Daniela Ara\u00fajo; Ethel Poll; In\u00eas Seabra; Isabela Silveira; Juliana Prado; Juliana Motta; Luiz Felipe Monteiro; Ol\u00edvia Viana; Marcia Ledo; Rodrigo Almeida; Silvia Satto; Val\u00e9ria Ferranti<\/li>\n<\/ul>\n<\/div><div style=\"text-align:right;\"><a class=\"fusion-button button-flat fusion-button-default-size button-default fusion-button-default button-3 fusion-button-default-span fusion-button-default-type\" target=\"_blank\" rel=\"noopener noreferrer\" href=\"http:\/\/enapol.com\/x\/wp-content\/uploads\/2021\/09\/Amor-y-Sexo-en-la-adolescencia-EBP-ESP.pdf\"><i class=\"fa-download fas button-icon-left\" aria-hidden=\"true\"><\/i><span class=\"fusion-button-text\">DESCARGA<\/span><\/a><\/div><\/div><\/div><\/div><\/div><\/p>\n","protected":false},"excerpt":{"rendered":"","protected":false},"author":1,"featured_media":0,"parent":256,"menu_order":7,"comment_status":"closed","ping_status":"closed","template":"","meta":{"_monsterinsights_skip_tracking":false,"_monsterinsights_sitenote_active":false,"_monsterinsights_sitenote_note":"","_monsterinsights_sitenote_category":0,"footnotes":""},"_links":{"self":[{"href":"https:\/\/enapol.com\/x\/wp-json\/wp\/v2\/pages\/2926"}],"collection":[{"href":"https:\/\/enapol.com\/x\/wp-json\/wp\/v2\/pages"}],"about":[{"href":"https:\/\/enapol.com\/x\/wp-json\/wp\/v2\/types\/page"}],"author":[{"embeddable":true,"href":"https:\/\/enapol.com\/x\/wp-json\/wp\/v2\/users\/1"}],"replies":[{"embeddable":true,"href":"https:\/\/enapol.com\/x\/wp-json\/wp\/v2\/comments?post=2926"}],"version-history":[{"count":6,"href":"https:\/\/enapol.com\/x\/wp-json\/wp\/v2\/pages\/2926\/revisions"}],"predecessor-version":[{"id":3057,"href":"https:\/\/enapol.com\/x\/wp-json\/wp\/v2\/pages\/2926\/revisions\/3057"}],"up":[{"embeddable":true,"href":"https:\/\/enapol.com\/x\/wp-json\/wp\/v2\/pages\/256"}],"wp:attachment":[{"href":"https:\/\/enapol.com\/x\/wp-json\/wp\/v2\/media?parent=2926"}],"curies":[{"name":"wp","href":"https:\/\/api.w.org\/{rel}","templated":true}]}}