{"id":1782,"date":"2023-02-11T17:00:31","date_gmt":"2023-02-11T20:00:31","guid":{"rendered":"https:\/\/enapol.com\/xi\/?page_id=1782"},"modified":"2023-04-06T23:49:53","modified_gmt":"2023-04-07T02:49:53","slug":"encuentro","status":"publish","type":"page","link":"https:\/\/enapol.com\/xi\/encuentro\/","title":{"rendered":"ENCUENTRO"},"content":{"rendered":"<div class=\"fusion-fullwidth fullwidth-box fusion-builder-row-1 fusion-flex-container has-pattern-background has-mask-background nonhundred-percent-fullwidth non-hundred-percent-height-scrolling\" style=\"--awb-border-radius-top-left:0px;--awb-border-radius-top-right:0px;--awb-border-radius-bottom-right:0px;--awb-border-radius-bottom-left:0px;--awb-flex-wrap:wrap;\" ><div class=\"fusion-builder-row fusion-row fusion-flex-align-items-flex-start fusion-flex-content-wrap\" style=\"max-width:1248px;margin-left: calc(-4% \/ 2 );margin-right: calc(-4% \/ 2 );\"><div class=\"fusion-layout-column fusion_builder_column fusion-builder-column-0 fusion_builder_column_1_1 1_1 fusion-flex-column\" style=\"--awb-bg-size:cover;--awb-width-large:100%;--awb-margin-top-large:0px;--awb-spacing-right-large:1.92%;--awb-margin-bottom-large:20px;--awb-spacing-left-large:1.92%;--awb-width-medium:100%;--awb-order-medium:0;--awb-spacing-right-medium:1.92%;--awb-spacing-left-medium:1.92%;--awb-width-small:100%;--awb-order-small:0;--awb-spacing-right-small:1.92%;--awb-spacing-left-small:1.92%;\"><div class=\"fusion-column-wrapper fusion-column-has-shadow fusion-flex-justify-content-flex-start fusion-content-layout-column\"><div class=\"fusion-video fusion-youtube\" style=\"--awb-max-width:800px;--awb-max-height:450px;--awb-align-self:center;--awb-width:100%;\"><div class=\"video-shortcode\"><div class=\"fluid-width-video-wrapper\" style=\"padding-top:56.25%;\" ><iframe title=\"YouTube video player 1\" src=\"https:\/\/www.youtube.com\/embed\/Cl-UyiKeT9M?wmode=transparent&autoplay=0\" width=\"800\" height=\"450\" allowfullscreen allow=\"autoplay; fullscreen\"><\/iframe><\/div><\/div><\/div><div class=\"fusion-separator fusion-full-width-sep\" style=\"align-self: center;margin-left: auto;margin-right: auto;margin-top:20px;margin-bottom:20px;width:100%;\"><\/div><div class=\"fusion-text fusion-text-1\"><p style=\"text-align: justify;\">Cada dos a\u00f1os la <strong>Federaci\u00f3n Americana de Psicoan\u00e1lisis de Orientaci\u00f3n Lacaniana, FAPOL,<\/strong> organiza el <strong>Encuentro Americano de Psicoan\u00e1lisis<\/strong>, <strong>ENAPOL<\/strong>. Se trata de un evento abierto a todo aquel que se encuentre causado por el psicoan\u00e1lisis de la orientaci\u00f3n lacaniana.<\/p>\n<p style=\"text-align: justify;\">El t\u00edtulo que nos convoca este a\u00f1o, \u201cEmpezar a analizarse\u201d, aborda un tema que interroga directamente la cl\u00ednica de la entrada en an\u00e1lisis, el momento cuando un paciente consulta por primera vez y se producen esas primeras entrevistas fundamentales. Contemplar la perspectiva l\u00f3gica de los inicios implica toda la direcci\u00f3n del tratamiento, incluso su conclusi\u00f3n.<\/p>\n<p style=\"text-align: justify;\">Tendremos tres d\u00edas para conversar e investigar sobre las vertientes que este t\u00edtulo nos propone. Habr\u00e1 mesas plenarias y simultaneas, conferencias, conversaciones, y presentaciones de casos en un Jornada Cl\u00ednica cuya condici\u00f3n para participar es sencillamente el deseo de atravesar la puerta. No hace falta ser miembro de ninguna instituci\u00f3n para asistir ni para escribir o enviar el caso cl\u00ednico que te gustar\u00eda trabajar.<\/p>\n<p style=\"text-align: justify;\">Por eso queremos invitarte a que abras <em>tu puerta<\/em> al pr\u00f3ximo ENAPOL, el n\u00famero 11. Ser\u00e1 la oportunidad de intercambiar preguntas y construir nuevas respuestas participando de manera virtual desde donde est\u00e9s, o sum\u00e1ndote a los colegas que desde los diferentes pa\u00edses de Am\u00e9rica Latina se har\u00e1n presentes en la ciudad de Buenos Aires los d\u00edas 29 y 30 de Septiembre y 1 de Octubre de este a\u00f1o, 2023.<\/p>\n<p style=\"text-align: justify;\">\u00a1Las puertas est\u00e1n abiertas, los esperamos!<\/p>\n<p style=\"text-align: justify;\"><strong>Jorge Assef<br \/>\n<\/strong>Presidente del XI ENAPOL<\/p>\n<\/div><\/div><\/div><\/div><\/div>\n","protected":false},"excerpt":{"rendered":"","protected":false},"author":1,"featured_media":0,"parent":0,"menu_order":2,"comment_status":"closed","ping_status":"closed","template":"","meta":{"_monsterinsights_skip_tracking":false,"_monsterinsights_sitenote_active":false,"_monsterinsights_sitenote_note":"","_monsterinsights_sitenote_category":0,"footnotes":""},"_links":{"self":[{"href":"https:\/\/enapol.com\/xi\/wp-json\/wp\/v2\/pages\/1782"}],"collection":[{"href":"https:\/\/enapol.com\/xi\/wp-json\/wp\/v2\/pages"}],"about":[{"href":"https:\/\/enapol.com\/xi\/wp-json\/wp\/v2\/types\/page"}],"author":[{"embeddable":true,"href":"https:\/\/enapol.com\/xi\/wp-json\/wp\/v2\/users\/1"}],"replies":[{"embeddable":true,"href":"https:\/\/enapol.com\/xi\/wp-json\/wp\/v2\/comments?post=1782"}],"version-history":[{"count":6,"href":"https:\/\/enapol.com\/xi\/wp-json\/wp\/v2\/pages\/1782\/revisions"}],"predecessor-version":[{"id":2855,"href":"https:\/\/enapol.com\/xi\/wp-json\/wp\/v2\/pages\/1782\/revisions\/2855"}],"wp:attachment":[{"href":"https:\/\/enapol.com\/xi\/wp-json\/wp\/v2\/media?parent=1782"}],"curies":[{"name":"wp","href":"https:\/\/api.w.org\/{rel}","templated":true}]}}