{"id":1794,"date":"2023-02-11T17:02:28","date_gmt":"2023-02-11T20:02:28","guid":{"rendered":"https:\/\/enapol.com\/xi\/?page_id=1794"},"modified":"2023-05-26T12:50:26","modified_gmt":"2023-05-26T15:50:26","slug":"bibliografia","status":"publish","type":"page","link":"https:\/\/enapol.com\/xi\/bibliografia\/","title":{"rendered":"BIBLIOGRAF\u00cdA"},"content":{"rendered":"<p><div class=\"fusion-fullwidth fullwidth-box fusion-builder-row-1 fusion-flex-container has-pattern-background has-mask-background nonhundred-percent-fullwidth non-hundred-percent-height-scrolling\" style=\"--awb-border-radius-top-left:0px;--awb-border-radius-top-right:0px;--awb-border-radius-bottom-right:0px;--awb-border-radius-bottom-left:0px;--awb-flex-wrap:wrap;\" ><div class=\"fusion-builder-row fusion-row fusion-flex-align-items-flex-start fusion-flex-content-wrap\" style=\"max-width:1248px;margin-left: calc(-4% \/ 2 );margin-right: calc(-4% \/ 2 );\"><div class=\"fusion-layout-column fusion_builder_column fusion-builder-column-0 fusion_builder_column_1_2 1_2 fusion-flex-column\" style=\"--awb-bg-size:cover;--awb-width-large:50%;--awb-margin-top-large:0px;--awb-spacing-right-large:3.84%;--awb-margin-bottom-large:20px;--awb-spacing-left-large:3.84%;--awb-width-medium:50%;--awb-order-medium:0;--awb-spacing-right-medium:3.84%;--awb-spacing-left-medium:3.84%;--awb-width-small:100%;--awb-order-small:0;--awb-spacing-right-small:1.92%;--awb-spacing-left-small:1.92%;\"><div class=\"fusion-column-wrapper fusion-column-has-shadow fusion-flex-justify-content-flex-start fusion-content-layout-column\"><div style=\"text-align:center;\"><a class=\"fusion-button button-flat button-small button-default fusion-button-default button-1 fusion-button-span-yes fusion-button-default-type\" target=\"_self\" href=\"https:\/\/enapol.com\/xi\/bibliografia\/primera-entrega\/citas\/\"><span class=\"fusion-button-text\">CITAS<\/span><\/a><\/div><\/div><\/div><div class=\"fusion-layout-column fusion_builder_column fusion-builder-column-1 fusion_builder_column_1_2 1_2 fusion-flex-column\" style=\"--awb-bg-size:cover;--awb-width-large:50%;--awb-margin-top-large:0px;--awb-spacing-right-large:3.84%;--awb-margin-bottom-large:20px;--awb-spacing-left-large:3.84%;--awb-width-medium:50%;--awb-order-medium:0;--awb-spacing-right-medium:3.84%;--awb-spacing-left-medium:3.84%;--awb-width-small:100%;--awb-order-small:0;--awb-spacing-right-small:1.92%;--awb-spacing-left-small:1.92%;\"><div class=\"fusion-column-wrapper fusion-column-has-shadow fusion-flex-justify-content-flex-start fusion-content-layout-column\"><div style=\"text-align:center;\"><a class=\"fusion-button button-flat button-small button-default fusion-button-default button-2 fusion-button-span-yes fusion-button-default-type\" target=\"_self\" href=\"https:\/\/enapol.com\/xi\/bibliografia-3\/\"><span class=\"fusion-button-text\">BIBLIOGRAF\u00cdA RAZONADA<\/span><\/a><\/div><\/div><\/div><\/div><\/div><div class=\"fusion-fullwidth fullwidth-box fusion-builder-row-2 fusion-flex-container has-pattern-background has-mask-background nonhundred-percent-fullwidth non-hundred-percent-height-scrolling\" style=\"--awb-border-radius-top-left:0px;--awb-border-radius-top-right:0px;--awb-border-radius-bottom-right:0px;--awb-border-radius-bottom-left:0px;--awb-margin-top:40px;--awb-flex-wrap:wrap;\" ><div class=\"fusion-builder-row fusion-row fusion-flex-align-items-flex-start fusion-flex-content-wrap\" style=\"max-width:1248px;margin-left: calc(-4% \/ 2 );margin-right: calc(-4% \/ 2 );\"><div class=\"fusion-layout-column fusion_builder_column fusion-builder-column-2 fusion_builder_column_1_1 1_1 fusion-flex-column\" style=\"--awb-bg-size:cover;--awb-width-large:100%;--awb-margin-top-large:0px;--awb-spacing-right-large:1.92%;--awb-margin-bottom-large:20px;--awb-spacing-left-large:1.92%;--awb-width-medium:100%;--awb-order-medium:0;--awb-spacing-right-medium:1.92%;--awb-spacing-left-medium:1.92%;--awb-width-small:100%;--awb-order-small:0;--awb-spacing-right-small:1.92%;--awb-spacing-left-small:1.92%;\"><div class=\"fusion-column-wrapper fusion-column-has-shadow fusion-flex-justify-content-flex-start fusion-content-layout-column\"><div class=\"fusion-text fusion-text-1\"><p style=\"text-align: justify;\">El argumento de este XI ENAPOL nos sumerge en una atmosfera de investigaci\u00f3n. Esto nos llev\u00f3 a tomar como br\u00fajula de nuestra bibliograf\u00eda la referencia de J. Lacan en El Seminario de <em>La Angustia <\/em>sobre<em> la funci\u00f3n de la llave.<\/em><\/p>\n<p style=\"text-align: justify;\">Respecto de la constituci\u00f3n de un saber en \u201cun trabajo de elaboraci\u00f3n, que llamaremos comunitario m\u00e1s que colectivo, del an\u00e1lisis entre quienes lo experimentan, los analistas, resulta concebible un trabajo de recopilaci\u00f3n que justifique el lugar que puede ocupar una ense\u00f1anza como la que aqu\u00ed se hace (\u2026) hay -secretada por la experiencia anal\u00edtica- toda una literatura que se llama teor\u00eda anal\u00edtica, (\u2026) y ella es la que requiere que haga algo que vaya m\u00e1s all\u00e1 de la recopilaci\u00f3n, que vaya, a trav\u00e9s de esta recopilaci\u00f3n de la teor\u00eda anal\u00edtica, en la direcci\u00f3n de acercarnos a aquello que constituye su fuente, o sea, la experiencia\u201d<sup>1<\/sup>.<\/p>\n<p style=\"text-align: justify;\">Esta indicaci\u00f3n pone la v\u00eda de acceso a ese saber a distancia de las analog\u00edas y los cat\u00e1logos, y propone, por el contrario, a la tercera v\u00eda, bajo el \u00edndice de<em> la funci\u00f3n de la llave<\/em><sup>2<\/sup>.<\/p>\n<p style=\"text-align: justify;\">Encontrar\u00e1n en nuestra bibliograf\u00eda un instrumento con <em>funci\u00f3n de llave<\/em>, que les permitir\u00e1 abrir a lo igual, a lo dispar, a un orden, a distintos momentos, a los entrecruzamientos, a lo refractario al concepto y sus tratamientos en la teor\u00eda, a encontrar -ojal\u00e1- un punto de apoyo para el trabajo que nos proponemos en esta ocasi\u00f3n: \u201cComenzar a analizarse\u201d.<\/p>\n<p style=\"text-align: justify;\">Aqu\u00ed est\u00e1 nuestra bibliograf\u00eda a partir de las preguntas que nos plantea el argumento. Ahora se las ofreceremos a ustedes en cuatro entregas que esperamos acompa\u00f1en vuestra investigaci\u00f3n. \u00a0Parafraseando a Freud, esperamos que quienes busquen, hallen aqu\u00ed m\u00e1s de lo que esperaban encontrar.<\/p>\n<hr \/>\n<p style=\"text-align: justify;\">1 Lacan, J., (1962-1963) <em>El seminario, libro 10, La Angustia<\/em>, Buenos Aires, Paid\u00f3s, 2007, p. 26.<\/p>\n<p style=\"text-align: justify;\">2<em> Ibid<\/em> p. 30.<\/p>\n<\/div><\/div><\/div><\/div><\/div><\/p>\n","protected":false},"excerpt":{"rendered":"","protected":false},"author":1,"featured_media":0,"parent":0,"menu_order":9,"comment_status":"closed","ping_status":"closed","template":"","meta":{"_monsterinsights_skip_tracking":false,"_monsterinsights_sitenote_active":false,"_monsterinsights_sitenote_note":"","_monsterinsights_sitenote_category":0,"footnotes":""},"_links":{"self":[{"href":"https:\/\/enapol.com\/xi\/wp-json\/wp\/v2\/pages\/1794"}],"collection":[{"href":"https:\/\/enapol.com\/xi\/wp-json\/wp\/v2\/pages"}],"about":[{"href":"https:\/\/enapol.com\/xi\/wp-json\/wp\/v2\/types\/page"}],"author":[{"embeddable":true,"href":"https:\/\/enapol.com\/xi\/wp-json\/wp\/v2\/users\/1"}],"replies":[{"embeddable":true,"href":"https:\/\/enapol.com\/xi\/wp-json\/wp\/v2\/comments?post=1794"}],"version-history":[{"count":10,"href":"https:\/\/enapol.com\/xi\/wp-json\/wp\/v2\/pages\/1794\/revisions"}],"predecessor-version":[{"id":3470,"href":"https:\/\/enapol.com\/xi\/wp-json\/wp\/v2\/pages\/1794\/revisions\/3470"}],"wp:attachment":[{"href":"https:\/\/enapol.com\/xi\/wp-json\/wp\/v2\/media?parent=1794"}],"curies":[{"name":"wp","href":"https:\/\/api.w.org\/{rel}","templated":true}]}}