{"id":1798,"date":"2023-02-11T17:02:51","date_gmt":"2023-02-11T20:02:51","guid":{"rendered":"https:\/\/enapol.com\/xi\/?page_id=1798"},"modified":"2023-09-23T23:25:10","modified_gmt":"2023-09-24T02:25:10","slug":"libreria","status":"publish","type":"page","link":"https:\/\/enapol.com\/xi\/libreria\/","title":{"rendered":"LIBRER\u00cdA"},"content":{"rendered":"<div class=\"fusion-fullwidth fullwidth-box fusion-builder-row-1 fusion-flex-container has-pattern-background has-mask-background nonhundred-percent-fullwidth non-hundred-percent-height-scrolling\" style=\"--awb-border-radius-top-left:0px;--awb-border-radius-top-right:0px;--awb-border-radius-bottom-right:0px;--awb-border-radius-bottom-left:0px;--awb-flex-wrap:wrap;\" ><div class=\"fusion-builder-row fusion-row fusion-flex-align-items-flex-start fusion-flex-content-wrap\" style=\"max-width:1248px;margin-left: calc(-4% \/ 2 );margin-right: calc(-4% \/ 2 );\"><div class=\"fusion-layout-column fusion_builder_column fusion-builder-column-0 fusion_builder_column_1_1 1_1 fusion-flex-column\" style=\"--awb-bg-size:cover;--awb-width-large:100%;--awb-margin-top-large:0px;--awb-spacing-right-large:1.92%;--awb-margin-bottom-large:20px;--awb-spacing-left-large:1.92%;--awb-width-medium:100%;--awb-order-medium:0;--awb-spacing-right-medium:1.92%;--awb-spacing-left-medium:1.92%;--awb-width-small:100%;--awb-order-small:0;--awb-spacing-right-small:1.92%;--awb-spacing-left-small:1.92%;\"><div class=\"fusion-column-wrapper fusion-column-has-shadow fusion-flex-justify-content-flex-start fusion-content-layout-column\"><div class=\"fusion-text fusion-text-1\"><p style=\"text-align: justify;\">Queridos colegas,<\/p>\n<p style=\"text-align: justify;\">Con mucha alegr\u00eda les hacemos llegar el <strong>CAT\u00c1LOGO DE LA LIBRER\u00cdA DEL XI ENAPOL<\/strong> \u201cEmpezar a analizarse\u201d.<\/p>\n<p style=\"text-align: justify;\">All\u00ed encontrar\u00e1n Publicaciones de Escuela, del Campo Freudiano y numerosos t\u00edtulos de Autores de la AMP.<\/p>\n<p style=\"text-align: justify;\">\u00a1Rec\u00f3rranlo y vayan eligiendo!<\/p>\n<p style=\"text-align: justify;\">Pueden hacernos llegar su <strong>pedido anticipado<\/strong> hasta el mi\u00e9rcoles 27 escribi\u00e9ndonos a: <a href=\"mailto:libreriaenapol2023@gmail.com\">libreriaenapol2023@gmail.com<\/a>. Les prepararemos su selecci\u00f3n (sujeto a stock por orden de pedido).<\/p>\n<p style=\"text-align: justify;\">Se retirar\u00e1n <u>exclusivamente<\/u> en el Hotel Marriott, pasando por el \u201c<strong>Punto de retiro<\/strong>\u201d que encontrar\u00e1n dentro de la <strong>Librer\u00eda del XI Enapol<\/strong> desde el <strong>viernes 29 a las 13.30 hasta el s\u00e1bado 30 a las 13.30, sin excepci\u00f3n<\/strong>.<\/p>\n<p style=\"text-align: justify;\">Se abonan al momento de retirar.<\/p>\n<p style=\"text-align: justify;\">Los esperaremos con m\u00e1s novedades editoriales y sorpresas en #lalibreriadelencuentro que tendr\u00e1 su lugar especial en el <strong>Sal\u00f3n Colorado del Marriot (subsuelo) <\/strong>los d\u00edas viernes 29, s\u00e1bado 30 y domingo 1 de 13.30 a 20.30 hs.<\/p>\n<p style=\"text-align: justify;\">Eliana Amor y Ludmila Malischevski (EOL)<\/p>\n<p style=\"text-align: justify;\">Fabiola Ramon (EBP)<\/p>\n<p style=\"text-align: justify;\">Francisco Pisani (NEL)<\/p>\n<p style=\"text-align: justify;\">Librer\u00eda XI Enapol<\/p>\n<p style=\"text-align: justify;\">Anal\u00eda Trachter (Coordinaci\u00f3n t\u00e9cnica)<\/p>\n<p style=\"text-align: justify;\">Betty Nagorny (Directora XI ENAPOL)<\/p>\n<\/div><div class=\"fusion-separator fusion-full-width-sep\" style=\"align-self: center;margin-left: auto;margin-right: auto;margin-top:20px;margin-bottom:20px;width:100%;\"><\/div><div style=\"text-align:left;\"><a class=\"fusion-button button-flat fusion-button-default-size button-default fusion-button-default button-1 fusion-button-default-span fusion-button-default-type\" target=\"_blank\" rel=\"noopener noreferrer\" href=\"https:\/\/drive.google.com\/file\/d\/1UfDG5FCkPKny2Inb4qErjUTR_JVWLZBq\/view?usp=sharing\"><span class=\"fusion-button-text\">CAT\u00c1LOGO<\/span><\/a><\/div><\/div><\/div><\/div><\/div>\n","protected":false},"excerpt":{"rendered":"","protected":false},"author":1,"featured_media":0,"parent":0,"menu_order":11,"comment_status":"closed","ping_status":"closed","template":"","meta":{"_monsterinsights_skip_tracking":false,"_monsterinsights_sitenote_active":false,"_monsterinsights_sitenote_note":"","_monsterinsights_sitenote_category":0,"footnotes":""},"_links":{"self":[{"href":"https:\/\/enapol.com\/xi\/wp-json\/wp\/v2\/pages\/1798"}],"collection":[{"href":"https:\/\/enapol.com\/xi\/wp-json\/wp\/v2\/pages"}],"about":[{"href":"https:\/\/enapol.com\/xi\/wp-json\/wp\/v2\/types\/page"}],"author":[{"embeddable":true,"href":"https:\/\/enapol.com\/xi\/wp-json\/wp\/v2\/users\/1"}],"replies":[{"embeddable":true,"href":"https:\/\/enapol.com\/xi\/wp-json\/wp\/v2\/comments?post=1798"}],"version-history":[{"count":4,"href":"https:\/\/enapol.com\/xi\/wp-json\/wp\/v2\/pages\/1798\/revisions"}],"predecessor-version":[{"id":4749,"href":"https:\/\/enapol.com\/xi\/wp-json\/wp\/v2\/pages\/1798\/revisions\/4749"}],"wp:attachment":[{"href":"https:\/\/enapol.com\/xi\/wp-json\/wp\/v2\/media?parent=1798"}],"curies":[{"name":"wp","href":"https:\/\/api.w.org\/{rel}","templated":true}]}}