{"id":2116,"date":"2023-02-16T12:42:34","date_gmt":"2023-02-16T15:42:34","guid":{"rendered":"https:\/\/enapol.com\/xi\/?page_id=2116"},"modified":"2023-04-06T23:50:38","modified_gmt":"2023-04-07T02:50:38","slug":"encontro","status":"publish","type":"page","link":"https:\/\/enapol.com\/xi\/pt\/encontro\/","title":{"rendered":"ENCONTRO"},"content":{"rendered":"<div class=\"fusion-fullwidth fullwidth-box fusion-builder-row-1 fusion-flex-container has-pattern-background has-mask-background nonhundred-percent-fullwidth non-hundred-percent-height-scrolling\" style=\"--awb-border-radius-top-left:0px;--awb-border-radius-top-right:0px;--awb-border-radius-bottom-right:0px;--awb-border-radius-bottom-left:0px;--awb-flex-wrap:wrap;\" ><div class=\"fusion-builder-row fusion-row fusion-flex-align-items-flex-start fusion-flex-content-wrap\" style=\"max-width:1248px;margin-left: calc(-4% \/ 2 );margin-right: calc(-4% \/ 2 );\"><div class=\"fusion-layout-column fusion_builder_column fusion-builder-column-0 fusion_builder_column_1_1 1_1 fusion-flex-column\" style=\"--awb-bg-size:cover;--awb-width-large:100%;--awb-margin-top-large:0px;--awb-spacing-right-large:1.92%;--awb-margin-bottom-large:20px;--awb-spacing-left-large:1.92%;--awb-width-medium:100%;--awb-order-medium:0;--awb-spacing-right-medium:1.92%;--awb-spacing-left-medium:1.92%;--awb-width-small:100%;--awb-order-small:0;--awb-spacing-right-small:1.92%;--awb-spacing-left-small:1.92%;\"><div class=\"fusion-column-wrapper fusion-column-has-shadow fusion-flex-justify-content-flex-start fusion-content-layout-column\"><div class=\"fusion-video fusion-youtube\" style=\"--awb-max-width:800px;--awb-max-height:450px;--awb-align-self:center;--awb-width:100%;\"><div class=\"video-shortcode\"><div class=\"fluid-width-video-wrapper\" style=\"padding-top:56.25%;\" ><iframe title=\"YouTube video player 1\" src=\"https:\/\/www.youtube.com\/embed\/Cl-UyiKeT9M?wmode=transparent&autoplay=0\" width=\"800\" height=\"450\" allowfullscreen allow=\"autoplay; fullscreen\"><\/iframe><\/div><\/div><\/div><div class=\"fusion-separator fusion-full-width-sep\" style=\"align-self: center;margin-left: auto;margin-right: auto;margin-top:20px;margin-bottom:20px;width:100%;\"><\/div><div class=\"fusion-text fusion-text-1\"><p style=\"text-align: justify;\">A cada dois anos a <strong>Federa\u00e7\u00e3o Americana de Psican\u00e1lise de Orienta\u00e7\u00e3o Lacaniana, FAPOL<\/strong>, organiza o <strong>Encontro Americano de Psican\u00e1lise, ENAPOL.<\/strong> Trata-se de um evento aberto a todos aqueles que se estejam causados pela psican\u00e1lise de orienta\u00e7\u00e3o lacaniana.<\/p>\n<p style=\"text-align: justify;\">O t\u00edtulo que nos convoca este ano, \u201cCome\u00e7ar a se analisar\u201d, aborda um tema que questiona diretamente a cl\u00ednica da entrada em an\u00e1lise, o momento em que um paciente consulta pela primeira vez e se produzem essas primeiras entrevistas fundamentais. Contemplar a perspectiva l\u00f3gica dos come\u00e7os implica toda a dire\u00e7\u00e3o do tratamento, inclusive sua conclus\u00e3o.<\/p>\n<p style=\"text-align: justify;\">Teremos tr\u00eas dias para conversar e investigar as vertentes que este t\u00edtulo nos prop\u00f5e. Haver\u00e1 mesas plen\u00e1rias e simult\u00e2neas, confer\u00eancias, conversa\u00e7\u00f5es e apresenta\u00e7\u00f5es de casos em uma Jornada Cl\u00ednica, cuja condi\u00e7\u00e3o para participar \u00e9 simplesmente o desejo de atravessar a porta. N\u00e3o \u00e9 necess\u00e1rio ser membro de nenhuma institui\u00e7\u00e3o para assistir nem para escrever ou enviar o caso cl\u00ednico que voc\u00ea gostaria de trabalhar.<\/p>\n<p style=\"text-align: justify;\">Por isso, queremos convid\u00e1-lo a abrir a <em>sua porta<\/em> para o pr\u00f3ximo ENAPOL, o n\u00famero 11. Ser\u00e1 a oportunidade de intercambiar perguntas e construir novas respostas participando virtualmente de onde voc\u00ea estiver, ou juntando-se aos colegas que, a partir de diferentes pa\u00edses da Am\u00e9rica Latina, estar\u00e3o presentes na cidade de Buenos Aires, nos dias 29 e 30 de setembro e 1\u00ba de outubro deste ano, 2023.<\/p>\n<p style=\"text-align: justify;\">As portas est\u00e3o abertas, esperamos voc\u00eas!<\/p>\n<p>\u00a0<\/p>\n<p style=\"text-align: justify;\"><strong>Jorge Assef<br \/><\/strong>Presidente do XI ENAPOL<\/p>\n<\/div><\/div><\/div><\/div><\/div>\n","protected":false},"excerpt":{"rendered":"","protected":false},"author":1,"featured_media":0,"parent":0,"menu_order":2,"comment_status":"closed","ping_status":"closed","template":"","meta":{"_monsterinsights_skip_tracking":false,"_monsterinsights_sitenote_active":false,"_monsterinsights_sitenote_note":"","_monsterinsights_sitenote_category":0,"footnotes":""},"_links":{"self":[{"href":"https:\/\/enapol.com\/xi\/wp-json\/wp\/v2\/pages\/2116"}],"collection":[{"href":"https:\/\/enapol.com\/xi\/wp-json\/wp\/v2\/pages"}],"about":[{"href":"https:\/\/enapol.com\/xi\/wp-json\/wp\/v2\/types\/page"}],"author":[{"embeddable":true,"href":"https:\/\/enapol.com\/xi\/wp-json\/wp\/v2\/users\/1"}],"replies":[{"embeddable":true,"href":"https:\/\/enapol.com\/xi\/wp-json\/wp\/v2\/comments?post=2116"}],"version-history":[{"count":4,"href":"https:\/\/enapol.com\/xi\/wp-json\/wp\/v2\/pages\/2116\/revisions"}],"predecessor-version":[{"id":2856,"href":"https:\/\/enapol.com\/xi\/wp-json\/wp\/v2\/pages\/2116\/revisions\/2856"}],"wp:attachment":[{"href":"https:\/\/enapol.com\/xi\/wp-json\/wp\/v2\/media?parent=2116"}],"curies":[{"name":"wp","href":"https:\/\/api.w.org\/{rel}","templated":true}]}}