{"id":2164,"date":"2023-02-16T18:01:20","date_gmt":"2023-02-16T21:01:20","guid":{"rendered":"https:\/\/enapol.com\/xi\/?page_id=2164"},"modified":"2023-04-29T22:16:34","modified_gmt":"2023-04-30T01:16:34","slug":"bibliografia-2","status":"publish","type":"page","link":"https:\/\/enapol.com\/xi\/pt\/bibliografia-2\/","title":{"rendered":"BIBLIOGRAFIA"},"content":{"rendered":"<p><div class=\"fusion-fullwidth fullwidth-box fusion-builder-row-1 fusion-flex-container has-pattern-background has-mask-background nonhundred-percent-fullwidth non-hundred-percent-height-scrolling\" style=\"--awb-border-radius-top-left:0px;--awb-border-radius-top-right:0px;--awb-border-radius-bottom-right:0px;--awb-border-radius-bottom-left:0px;--awb-flex-wrap:wrap;\" ><div class=\"fusion-builder-row fusion-row fusion-flex-align-items-flex-start fusion-flex-content-wrap\" style=\"max-width:1248px;margin-left: calc(-4% \/ 2 );margin-right: calc(-4% \/ 2 );\"><div class=\"fusion-layout-column fusion_builder_column fusion-builder-column-0 fusion_builder_column_1_2 1_2 fusion-flex-column\" style=\"--awb-bg-size:cover;--awb-width-large:50%;--awb-margin-top-large:0px;--awb-spacing-right-large:3.84%;--awb-margin-bottom-large:20px;--awb-spacing-left-large:3.84%;--awb-width-medium:50%;--awb-order-medium:0;--awb-spacing-right-medium:3.84%;--awb-spacing-left-medium:3.84%;--awb-width-small:100%;--awb-order-small:0;--awb-spacing-right-small:1.92%;--awb-spacing-left-small:1.92%;\"><div class=\"fusion-column-wrapper fusion-column-has-shadow fusion-flex-justify-content-flex-start fusion-content-layout-column\"><div style=\"text-align:center;\"><a class=\"fusion-button button-flat button-small button-default fusion-button-default button-1 fusion-button-span-yes fusion-button-default-type\" target=\"_self\" href=\"https:\/\/enapol.com\/xi\/pt\/bibliografia-2\/primeira-parte\/citacoes\/\"><span class=\"fusion-button-text\">CITA\u00c7\u00d5ES<\/span><\/a><\/div><\/div><\/div><div class=\"fusion-layout-column fusion_builder_column fusion-builder-column-1 fusion_builder_column_1_2 1_2 fusion-flex-column\" style=\"--awb-bg-size:cover;--awb-width-large:50%;--awb-margin-top-large:0px;--awb-spacing-right-large:3.84%;--awb-margin-bottom-large:20px;--awb-spacing-left-large:3.84%;--awb-width-medium:50%;--awb-order-medium:0;--awb-spacing-right-medium:3.84%;--awb-spacing-left-medium:3.84%;--awb-width-small:100%;--awb-order-small:0;--awb-spacing-right-small:1.92%;--awb-spacing-left-small:1.92%;\"><div class=\"fusion-column-wrapper fusion-column-has-shadow fusion-flex-justify-content-flex-start fusion-content-layout-column\"><div style=\"text-align:center;\"><a class=\"fusion-button button-flat button-small button-default fusion-button-default button-2 fusion-button-span-yes fusion-button-default-type\" target=\"_self\" href=\"https:\/\/enapol.com\/xi\/pt\/bibliografia-2\/primeira-parte\/bibliografia\/\"><span class=\"fusion-button-text\">BIBLIOGRAF\u00cdA FUNDAMENTADA<\/span><\/a><\/div><\/div><\/div><\/div><\/div><div class=\"fusion-fullwidth fullwidth-box fusion-builder-row-2 fusion-flex-container has-pattern-background has-mask-background nonhundred-percent-fullwidth non-hundred-percent-height-scrolling\" style=\"--awb-border-radius-top-left:0px;--awb-border-radius-top-right:0px;--awb-border-radius-bottom-right:0px;--awb-border-radius-bottom-left:0px;--awb-margin-top:40px;--awb-flex-wrap:wrap;\" ><div class=\"fusion-builder-row fusion-row fusion-flex-align-items-flex-start fusion-flex-content-wrap\" style=\"max-width:1248px;margin-left: calc(-4% \/ 2 );margin-right: calc(-4% \/ 2 );\"><div class=\"fusion-layout-column fusion_builder_column fusion-builder-column-2 fusion_builder_column_1_1 1_1 fusion-flex-column\" style=\"--awb-bg-size:cover;--awb-width-large:100%;--awb-margin-top-large:0px;--awb-spacing-right-large:1.92%;--awb-margin-bottom-large:20px;--awb-spacing-left-large:1.92%;--awb-width-medium:100%;--awb-order-medium:0;--awb-spacing-right-medium:1.92%;--awb-spacing-left-medium:1.92%;--awb-width-small:100%;--awb-order-small:0;--awb-spacing-right-small:1.92%;--awb-spacing-left-small:1.92%;\"><div class=\"fusion-column-wrapper fusion-column-has-shadow fusion-flex-justify-content-flex-start fusion-content-layout-column\"><div class=\"fusion-text fusion-text-1\"><p style=\"text-align: justify;\">O argumento desta XI ENAPOL mergulha-nos numa atmosfera de investiga\u00e7\u00e3o. Isto levou-nos a tomar como b\u00fassola da nossa bibliografia a refer\u00eancia de J. Lacan no Semin\u00e1rio <em>A Ang\u00fastia<\/em> a respeito da <em>fun\u00e7\u00e3o da chave<\/em>.<\/p>\n<p style=\"text-align: justify;\">Com rela\u00e7\u00e3o \u00e0 constitui\u00e7\u00e3o de um saber \u201cnum trabalho de elabora\u00e7\u00e3o da an\u00e1lise, o qual diremos mais comunit\u00e1rio do que coletivo, entre os que t\u00eam a experi\u00eancia dela, os analistas, que se torna conceb\u00edvel um trabalho de agrega\u00e7\u00e3o que justifique o lugar pass\u00edvel de ser assumido por um ensino como o que se faz aqui (&#8230;) \u00e9 por existir, segregada pela experi\u00eancia anal\u00edtica, toda uma literatura que se chama teoria anal\u00edtica, (&#8230;) e \u00e9 ela que exige que eu fa\u00e7a algo que v\u00e1 al\u00e9m da agrega\u00e7\u00e3o, algo que deve caminhar, atrav\u00e9s dessa agrega\u00e7\u00e3o da teoria anal\u00edtica, no sentido de nos aproximar do que constitui sua fonte, a saber, a experi\u00eancia\u201d<sup>1<\/sup>.<\/p>\n<p style=\"text-align: justify;\">Esta indica\u00e7\u00e3o p\u00f5e a via de acesso a este saber distante das analogias e dos cat\u00e1logos, e prop\u00f5e, pelo contr\u00e1rio, a terceira via, sob o \u00edndice da <em>fun\u00e7\u00e3o da chave<\/em> <sup>2<\/sup>.<\/p>\n<p style=\"text-align: justify;\">Voc\u00eas encontrar\u00e3o em nossa bibliografia um instrumento com a <em>fun\u00e7\u00e3o de chave<\/em>, que lhes permitir\u00e1 a abertura ao igual, ao d\u00edspar, a uma ordem, a diferentes momentos, aos entrecruzamentos, ao refrat\u00e1rio ao conceito e seus tratamentos na teoria para encontrar &#8211; tomara &#8211; um ponto de apoio ao trabalho que nos propomos nesta ocasi\u00e3o: \u00abCome\u00e7ar a se analisar\u00bb.<\/p>\n<p style=\"text-align: justify;\">Segue nossa bibliografia a partir das quest\u00f5es que o argumento nos coloca. As ofereceremos em quatro entregas que, esperamos, acompanhem a investiga\u00e7\u00e3o de voc\u00eas. Parafraseando Freud, esperamos que aqueles que procuram, encontrem aqui mais do que esperavam encontrar.<\/p>\n<hr \/>\n<p>1 Lacan, J. (2005[1962-63]) O Semin\u00e1rio, livro 10: A ang\u00fastia. Rio de Janeiro. Jorge Zahar Editor, p. 26.<\/p>\n<p>2 Id ibid., p. 30.<\/p>\n<\/div><\/div><\/div><\/div><\/div><\/p>\n","protected":false},"excerpt":{"rendered":"","protected":false},"author":1,"featured_media":0,"parent":0,"menu_order":9,"comment_status":"closed","ping_status":"closed","template":"","meta":{"_monsterinsights_skip_tracking":false,"_monsterinsights_sitenote_active":false,"_monsterinsights_sitenote_note":"","_monsterinsights_sitenote_category":0,"footnotes":""},"_links":{"self":[{"href":"https:\/\/enapol.com\/xi\/wp-json\/wp\/v2\/pages\/2164"}],"collection":[{"href":"https:\/\/enapol.com\/xi\/wp-json\/wp\/v2\/pages"}],"about":[{"href":"https:\/\/enapol.com\/xi\/wp-json\/wp\/v2\/types\/page"}],"author":[{"embeddable":true,"href":"https:\/\/enapol.com\/xi\/wp-json\/wp\/v2\/users\/1"}],"replies":[{"embeddable":true,"href":"https:\/\/enapol.com\/xi\/wp-json\/wp\/v2\/comments?post=2164"}],"version-history":[{"count":5,"href":"https:\/\/enapol.com\/xi\/wp-json\/wp\/v2\/pages\/2164\/revisions"}],"predecessor-version":[{"id":3178,"href":"https:\/\/enapol.com\/xi\/wp-json\/wp\/v2\/pages\/2164\/revisions\/3178"}],"wp:attachment":[{"href":"https:\/\/enapol.com\/xi\/wp-json\/wp\/v2\/media?parent=2164"}],"curies":[{"name":"wp","href":"https:\/\/api.w.org\/{rel}","templated":true}]}}