{"id":2674,"date":"2023-03-29T20:00:08","date_gmt":"2023-03-29T23:00:08","guid":{"rendered":"https:\/\/enapol.com\/xi\/?page_id=2674"},"modified":"2023-06-24T11:36:54","modified_gmt":"2023-06-24T14:36:54","slug":"sigmund-freud","status":"publish","type":"page","link":"https:\/\/enapol.com\/xi\/pt\/bibliografia-2\/primeira-parte\/bibliografia\/sigmund-freud\/","title":{"rendered":"Sigmund Freud"},"content":{"rendered":"<div id=\"freud\" class=\"fusion-container-anchor\"><div class=\"fusion-fullwidth fullwidth-box fusion-builder-row-1 fusion-flex-container has-pattern-background has-mask-background nonhundred-percent-fullwidth non-hundred-percent-height-scrolling\" style=\"--awb-border-radius-top-left:0px;--awb-border-radius-top-right:0px;--awb-border-radius-bottom-right:0px;--awb-border-radius-bottom-left:0px;--awb-flex-wrap:wrap;\" ><div class=\"fusion-builder-row fusion-row fusion-flex-align-items-flex-start fusion-flex-content-wrap\" style=\"max-width:1248px;margin-left: calc(-4% \/ 2 );margin-right: calc(-4% \/ 2 );\"><div class=\"fusion-layout-column fusion_builder_column fusion-builder-column-0 fusion_builder_column_1_1 1_1 fusion-flex-column\" style=\"--awb-bg-size:cover;--awb-width-large:100%;--awb-margin-top-large:0px;--awb-spacing-right-large:1.92%;--awb-margin-bottom-large:20px;--awb-spacing-left-large:1.92%;--awb-width-medium:100%;--awb-order-medium:0;--awb-spacing-right-medium:1.92%;--awb-spacing-left-medium:1.92%;--awb-width-small:100%;--awb-order-small:0;--awb-spacing-right-small:1.92%;--awb-spacing-left-small:1.92%;\"><div class=\"fusion-column-wrapper fusion-column-has-shadow fusion-flex-justify-content-flex-start fusion-content-layout-column\"><ul style=\"--awb-line-height:27.2px;--awb-icon-width:27.2px;--awb-icon-height:27.2px;--awb-icon-margin:11.2px;--awb-content-margin:38.4px;--awb-circlecolor:#65bc7b;--awb-circle-yes-font-size:14.08px;\" class=\"fusion-checklist fusion-checklist-1 fusion-checklist-default type-icons\"><li class=\"fusion-li-item\" style=\"\"><span class=\"icon-wrapper circle-yes\"><i class=\"fusion-li-icon fa-book fas\" aria-hidden=\"true\"><\/i><\/span><div class=\"fusion-li-item-content\">\n<p>Freud, S., (1890) \u201cTratamiento ps\u00edquico (tratamiento del alma)\u201d, <em>Obras completas<\/em>, vol. I, Buenos Aires, Amorrortu, 1991.<\/p>\n<p><span style=\"color: #993300;\">Palabras clave: sugesti\u00f3n-resistencia-ideal del tratamiento<\/span><\/p>\n<\/div><\/li><li class=\"fusion-li-item\" style=\"\"><span class=\"icon-wrapper circle-yes\"><i class=\"fusion-li-icon fa-book fas\" aria-hidden=\"true\"><\/i><\/span><div class=\"fusion-li-item-content\">\n<p>Freud, S., (1893) \u201cEstudios sobre la histeria\u201d, <em>Obras Completas<\/em>, vol. II, Buenos Aires, Amorrortu, p. 124.<\/p>\n<p><span style=\"color: #993300;\">Palabras clave: s\u00edntoma, trauma<\/span><\/p>\n<\/div><\/li><li class=\"fusion-li-item\" style=\"\"><span class=\"icon-wrapper circle-yes\"><i class=\"fusion-li-icon fa-book fas\" aria-hidden=\"true\"><\/i><\/span><div class=\"fusion-li-item-content\">\n<p>Freud, S., (1893-95) \u201cSobre la Psicoterapia de la histeria\u201d <em>Obras completas<\/em>, vol. II, Buenos Aires, Amorrortu, 2003, p. 307.<\/p>\n<p><span style=\"color: #993300;\">Palabras clave: transferencia-falso enlace-resistencia<\/span><\/p>\n<\/div><\/li><li class=\"fusion-li-item\" style=\"\"><span class=\"icon-wrapper circle-yes\"><i class=\"fusion-li-icon fa-book fas\" aria-hidden=\"true\"><\/i><\/span><div class=\"fusion-li-item-content\">\n<p>Freud, S., (1904) \u201cEl m\u00e9todo psicoanal\u00edtico de Freud\u201d <em>Obras completas, <\/em>vol. VII<em>, <\/em>Buenos Aires, Amorrortu, 1991.<\/p>\n<p><span style=\"color: #993300;\">Palabras clave: abandono de la hipnosis<\/span><\/p>\n<\/div><\/li><li class=\"fusion-li-item\" style=\"\"><span class=\"icon-wrapper circle-yes\"><i class=\"fusion-li-icon fa-book fas\" aria-hidden=\"true\"><\/i><\/span><div class=\"fusion-li-item-content\">\n<p>Freud, S., (1908) \u201cCar\u00e1cter y erotismo anal\u201d, <em>Obras completas<\/em>, vol. IX, Buenos Aires, Amorrortu, 1992, p. 153.<\/p>\n<p><span style=\"color: #993300;\">Palabras clave: Prestar auxilio<\/span><\/p>\n<\/div><\/li><li class=\"fusion-li-item\" style=\"\"><span class=\"icon-wrapper circle-yes\"><i class=\"fusion-li-icon fa-book fas\" aria-hidden=\"true\"><\/i><\/span><div class=\"fusion-li-item-content\">\n<p>Freud, S., (1910 (1909) \u201cCinco conferencias sobre psicoan\u00e1lisis\u201d, <em>Obras completas<\/em>, vol. XI, Buenos Aires, Amorrortu, 2006, p. 10.<\/p>\n<p><span style=\"color: #993300;\">Palabras clave: al comienzo \u2013 no sab\u00eda<\/span><\/p>\n<\/div><\/li><li class=\"fusion-li-item\" style=\"\"><span class=\"icon-wrapper circle-yes\"><i class=\"fusion-li-icon fa-book fas\" aria-hidden=\"true\"><\/i><\/span><div class=\"fusion-li-item-content\">\n<p>Freud, S., (1909) \u201cA prop\u00f3sito de un caso de neurosis obsesiva (el \u201cHombre de las Ratas\u201d)\u201d, <em>Obras <\/em><em>completas<\/em>, vol. X, pto. I. A y I D, Buenos Aires, Amorrortu, 1992.<\/p>\n<p><span style=\"color: #993300;\">Palabras clave: primeras entrevistas-elecci\u00f3n del analista-desencadenante de la consulta<\/span><\/p>\n<\/div><\/li><li class=\"fusion-li-item\" style=\"\"><span class=\"icon-wrapper circle-yes\"><i class=\"fusion-li-icon fa-book fas\" aria-hidden=\"true\"><\/i><\/span><div class=\"fusion-li-item-content\">\n<p>Freud, S., (1912) \u201cSobre la din\u00e1mica de la transferencia\u201d, <em>Obras completas<\/em>, vol. XII, Buenos Aires, Amorrortu, 1991.<\/p>\n<p><span style=\"color: #993300;\">Palabras clave: transferencia-resistencia- analista como objeto.<\/span><\/p>\n<\/div><\/li><li class=\"fusion-li-item\" style=\"\"><span class=\"icon-wrapper circle-yes\"><i class=\"fusion-li-icon fa-book fas\" aria-hidden=\"true\"><\/i><\/span><div class=\"fusion-li-item-content\">\n<p>Freud, S., (1912) \u201cConsejos al m\u00e9dico sobre el tratamiento psicoanal\u00edtico\u201d, <em>Obras completas<\/em>, vol. XII, Buenos Aires, Amorrortu, 1991, p. 114.<\/p>\n<p><span style=\"color: #993300;\">Palabras clave: posici\u00f3n del analista-asociaci\u00f3n libre-azar-sorpresa.<\/span><\/p>\n<\/div><\/li><li class=\"fusion-li-item\" style=\"\"><span class=\"icon-wrapper circle-yes\"><i class=\"fusion-li-icon fa-book fas\" aria-hidden=\"true\"><\/i><\/span><div class=\"fusion-li-item-content\">\n<p>Freud, S., (1913) \u201cSobre la iniciaci\u00f3n del Tratamiento: (Nuevos consejos sobre la t\u00e9cnica del psicoan\u00e1lisis, I)\u201d, <em>Obras completas<\/em>, vol. XII, Buenos Aires, Amorrortu, 1991.<\/p>\n<p><span style=\"color: #993300;\">Palabras clave: tiempo-transferencia-tratamiento de ensayo-diagn\u00f3stico<\/span><\/p>\n<\/div><\/li><li class=\"fusion-li-item\" style=\"\"><span class=\"icon-wrapper circle-yes\"><i class=\"fusion-li-icon fa-book fas\" aria-hidden=\"true\"><\/i><\/span><div class=\"fusion-li-item-content\">\n<p>Freud, S., (1914) \u201cRecordar, repetir y reelaborar\u201d, <em>Obras completas<\/em>, vol. XII, Buenos Aires, Amorrortu, 1996.<\/p>\n<p><span style=\"color: #993300;\">Palabras clave: comienzo del tratamiento, actitud frente a la enfermedad<\/span><\/p>\n<\/div><\/li><li class=\"fusion-li-item\" style=\"\"><span class=\"icon-wrapper circle-yes\"><i class=\"fusion-li-icon fa-book fas\" aria-hidden=\"true\"><\/i><\/span><div class=\"fusion-li-item-content\">\n<p>Freud, S., (1914) \u201cContribuci\u00f3n a la historia del movimiento psicoanal\u00edtico\u201d, <em>Obras completas<\/em>, vol. XIV, Buenos Aires, Amorrortu, 1989, p. 16.<\/p>\n<p><span style=\"color: #993300;\">Palabras clave: doctrina-s\u00edntomas patol\u00f3gicos-transferencia-resistencia-psicoan\u00e1lisis- decantaci\u00f3n te\u00f3rica-experiencias<\/span><\/p>\n<\/div><\/li><li class=\"fusion-li-item\" style=\"\"><span class=\"icon-wrapper circle-yes\"><i class=\"fusion-li-icon fa-book fas\" aria-hidden=\"true\"><\/i><\/span><div class=\"fusion-li-item-content\">\n<p>Freud, S., (1915), \u201cPulsiones y destinos de pulsi\u00f3n, Contribuci\u00f3n a la historia del movimiento psicoanal\u00edtico. Trabajos sobre metapsicolog\u00eda y otras obras\u201d, <em>Obras completas<\/em>, vol. XIV, Buenos Aires, Amorrortu, 1992.<\/p>\n<p><span style=\"color: #993300;\">Palabras clave: neurosis de transferencia-pulsiones.<\/span><\/p>\n<\/div><\/li><li class=\"fusion-li-item\" style=\"\"><span class=\"icon-wrapper circle-yes\"><i class=\"fusion-li-icon fa-book fas\" aria-hidden=\"true\"><\/i><\/span><div class=\"fusion-li-item-content\">\n<p>Freud, S., (1915) \u201cPuntualizaciones sobre el amor de transferencia: (Nuevos consejos sobre la t\u00e9cnica del psicoan\u00e1lisis, III)\u201d, <em>Obras completas<\/em>, vol. XII, Buenos Aires, Amorrortu, 1991, p. 166.<\/p>\n<p><span style=\"color: #993300;\">Palabras clave: resistencia-amor de transferencia<\/span><\/p>\n<\/div><\/li><li class=\"fusion-li-item\" style=\"\"><span class=\"icon-wrapper circle-yes\"><i class=\"fusion-li-icon fa-book fas\" aria-hidden=\"true\"><\/i><\/span><div class=\"fusion-li-item-content\">\n<p>Freud, S., (1917) \u201cUna dificultad del Psicoan\u00e1lisis\u201d,<em> Obras Completas,<\/em> vol. XVII, Buenos Aires, Amorrortu, 1991, p. 134.<\/p>\n<p><span style=\"color: #993300;\">Palabras clave: casos patol\u00f3gicos, vida an\u00edmica.<\/span><\/p>\n<\/div><\/li><li class=\"fusion-li-item\" style=\"\"><span class=\"icon-wrapper circle-yes\"><i class=\"fusion-li-icon fa-book fas\" aria-hidden=\"true\"><\/i><\/span><div class=\"fusion-li-item-content\">\n<p>Freud, S., (1919) \u201cNuevos caminos de la terapia psicoanal\u00edtica\u201d, <em>Obras completas<\/em>, vol. XVII, Buenos Aires, Amorrortu, 1984, pp. 162-163.<\/p>\n<p><span style=\"color: #993300;\">Palabras clave: tratamientos gratuitos, psicoan\u00e1lisis riguroso<\/span><\/p>\n<\/div><\/li><li class=\"fusion-li-item\" style=\"\"><span class=\"icon-wrapper circle-yes\"><i class=\"fusion-li-icon fa-book fas\" aria-hidden=\"true\"><\/i><\/span><div class=\"fusion-li-item-content\">\n<p>Freud, S., (1922) \u201cCarta a Eduardo Weiss\u201d, <em>Problemas de la pr\u00e1ctica psicoanal\u00edtica<\/em>, Barcelona, Gedisa 1979, pp. 58-59.<\/p>\n<p><span style=\"color: #993300;\">Palabras clave: accidentes-actitud terap\u00e9utica-posici\u00f3n del analista-aceptar o rechazar la demanda<\/span><\/p>\n<\/div><\/li><li class=\"fusion-li-item\" style=\"\"><span class=\"icon-wrapper circle-yes\"><i class=\"fusion-li-icon fa-book fas\" aria-hidden=\"true\"><\/i><\/span><div class=\"fusion-li-item-content\">\n<p>Freud, S. (1923) \u201cCarta del 7 de enero\u201d, <em>Correspondencia Sigmund Freud &#8211; Edoardo Weiss. Problemas de la Pr\u00e1ctica Psicoanal\u00edtica.<\/em> Barcelona, Editorial Gedisa, 1979, p. 60.<\/p>\n<p><span style=\"color: #993300;\">Palabras Clave: An\u00e1lisis propio<\/span><\/p>\n<\/div><\/li><li class=\"fusion-li-item\" style=\"\"><span class=\"icon-wrapper circle-yes\"><i class=\"fusion-li-icon fa-book fas\" aria-hidden=\"true\"><\/i><\/span><div class=\"fusion-li-item-content\">\n<p>Freud, S., (1925) \u201cAlgunas notas adicionales a la interpretaci\u00f3n de los sue\u00f1os\u201d, <em>Obras completas<\/em>, vol. XIX, Buenos Aires, Amorrortu, 2017, pp. 184-185.<\/p>\n<p><span style=\"color: #993300;\">Palabras clave: responsabilidad-efectos-analizante.<\/span><\/p>\n<\/div><\/li><li class=\"fusion-li-item\" style=\"\"><span class=\"icon-wrapper circle-yes\"><i class=\"fusion-li-icon fa-book fas\" aria-hidden=\"true\"><\/i><\/span><div class=\"fusion-li-item-content\">\n<p>Freud, S., (1926) \u201c\u00bfPueden los legos ejercer el an\u00e1lisis? Di\u00e1logos con un juez imparcial\u201d, <em>Obras completas<\/em>, vol. XVIII, Buenos Aires, Amorrortu, 1990, p. 206.<\/p>\n<p><span style=\"color: #993300;\">Palabras clave: El momento justo &#8211; El tacto de la experiencia \u2013 El Yo y la interpretaci\u00f3n.<\/span><\/p>\n<\/div><\/li><li class=\"fusion-li-item\" style=\"\"><span class=\"icon-wrapper circle-yes\"><i class=\"fusion-li-icon fa-book fas\" aria-hidden=\"true\"><\/i><\/span><div class=\"fusion-li-item-content\">\n<p>Freud, S., (1937) \u201cAn\u00e1lisis terminable e interminable\u201d, <em>Obras completas,<\/em> Vol. XXIII, Buenos Aires, Amorrortu,1997, p.221-222<\/p>\n<p><span style=\"color: #993300;\">Palabras clave: fijaci\u00f3n de un plazo- recurso t\u00e9cnico- tacto<\/span><\/p>\n<\/div><\/li><li class=\"fusion-li-item\" style=\"\"><span class=\"icon-wrapper circle-yes\"><i class=\"fusion-li-icon fa-book fas\" aria-hidden=\"true\"><\/i><\/span><div class=\"fusion-li-item-content\">\n<p>Freud, S., Zweig, S., Correspondence (1927-1939), Paris, Rivages poche, 1995, pp. 88-89.<\/p>\n<\/div><\/li><li class=\"fusion-li-item\" style=\"\"><span class=\"icon-wrapper circle-yes\"><i class=\"fusion-li-icon fa-book fas\" aria-hidden=\"true\"><\/i><\/span><div class=\"fusion-li-item-content\">\n<p>Freud, S., <em>Correspondencia 1909-1939. Sigmund Freud &#8211; Oskar Pfister,<\/em> 5 de junio de 1910. Fondo de Cultura Econ\u00f3mica. M\u00e9xico, 1966. P\u00e1g. 36<\/p>\n<p><span style=\"color: #993300;\">Palabras clave: sugesti\u00f3n- hipnosis- transferencia<\/span><\/p>\n<\/div><\/li><li class=\"fusion-li-item\" style=\"\"><span class=\"icon-wrapper circle-yes\"><i class=\"fusion-li-icon fa-book fas\" aria-hidden=\"true\"><\/i><\/span><div class=\"fusion-li-item-content\">\n<p>Freud, S., <em>Correspondencia 1909-1939. Sigmund Freud &#8211; Oskar Pfister,<\/em> 22 de octubre de 1927. Fondo de Cultura Econ\u00f3mica. M\u00e9xico, 1966. Pp. 108-109.<\/p>\n<p><span style=\"color: #993300;\">Palabras clave: an\u00e1lisis- transferencia- relaci\u00f3n cordial.<\/span><\/p>\n<\/div><\/li><li class=\"fusion-li-item\" style=\"\"><span class=\"icon-wrapper circle-yes\"><i class=\"fusion-li-icon fa-book fas\" aria-hidden=\"true\"><\/i><\/span><div class=\"fusion-li-item-content\">\n<p>Freud, S. (1933) \u201cCarta 616\u201d, <em>Sigmund Freud &#8211; Ernest Jones. Correspondencia completa 1908-1939.<\/em> Madrid, Editorial S\u00edntesis 2001, p. 814.<\/p>\n<p><span style=\"color: #993300;\">Palabras clave: no m\u00e9dico, psicoan\u00e1lisis, psiquiatr\u00eda<\/span><\/p>\n<\/div><\/li><\/ul><\/div><\/div><\/div><\/div><\/div>\n","protected":false},"excerpt":{"rendered":"","protected":false},"author":1,"featured_media":0,"parent":2711,"menu_order":1,"comment_status":"closed","ping_status":"closed","template":"","meta":{"_monsterinsights_skip_tracking":false,"_monsterinsights_sitenote_active":false,"_monsterinsights_sitenote_note":"","_monsterinsights_sitenote_category":0,"footnotes":""},"_links":{"self":[{"href":"https:\/\/enapol.com\/xi\/wp-json\/wp\/v2\/pages\/2674"}],"collection":[{"href":"https:\/\/enapol.com\/xi\/wp-json\/wp\/v2\/pages"}],"about":[{"href":"https:\/\/enapol.com\/xi\/wp-json\/wp\/v2\/types\/page"}],"author":[{"embeddable":true,"href":"https:\/\/enapol.com\/xi\/wp-json\/wp\/v2\/users\/1"}],"replies":[{"embeddable":true,"href":"https:\/\/enapol.com\/xi\/wp-json\/wp\/v2\/comments?post=2674"}],"version-history":[{"count":4,"href":"https:\/\/enapol.com\/xi\/wp-json\/wp\/v2\/pages\/2674\/revisions"}],"predecessor-version":[{"id":3875,"href":"https:\/\/enapol.com\/xi\/wp-json\/wp\/v2\/pages\/2674\/revisions\/3875"}],"up":[{"embeddable":true,"href":"https:\/\/enapol.com\/xi\/wp-json\/wp\/v2\/pages\/2711"}],"wp:attachment":[{"href":"https:\/\/enapol.com\/xi\/wp-json\/wp\/v2\/media?parent=2674"}],"curies":[{"name":"wp","href":"https:\/\/api.w.org\/{rel}","templated":true}]}}