{"id":2770,"date":"2023-04-04T09:42:11","date_gmt":"2023-04-04T12:42:11","guid":{"rendered":"https:\/\/enapol.com\/xi\/?page_id=2770"},"modified":"2023-06-29T11:51:25","modified_gmt":"2023-06-29T14:51:25","slug":"trabajos","status":"publish","type":"page","link":"https:\/\/enapol.com\/xi\/encuentro\/trabajos\/","title":{"rendered":"Trabajos"},"content":{"rendered":"<p><div class=\"fusion-fullwidth fullwidth-box fusion-builder-row-1 fusion-flex-container has-pattern-background has-mask-background nonhundred-percent-fullwidth non-hundred-percent-height-scrolling\" style=\"--awb-border-radius-top-left:0px;--awb-border-radius-top-right:0px;--awb-border-radius-bottom-right:0px;--awb-border-radius-bottom-left:0px;--awb-flex-wrap:wrap;\" ><div class=\"fusion-builder-row fusion-row fusion-flex-align-items-flex-start fusion-flex-content-wrap\" style=\"max-width:1248px;margin-left: calc(-4% \/ 2 );margin-right: calc(-4% \/ 2 );\"><div class=\"fusion-layout-column fusion_builder_column fusion-builder-column-0 fusion_builder_column_1_1 1_1 fusion-flex-column\" style=\"--awb-bg-size:cover;--awb-width-large:100%;--awb-margin-top-large:0px;--awb-spacing-right-large:1.92%;--awb-margin-bottom-large:20px;--awb-spacing-left-large:1.92%;--awb-width-medium:100%;--awb-order-medium:0;--awb-spacing-right-medium:1.92%;--awb-spacing-left-medium:1.92%;--awb-width-small:100%;--awb-order-small:0;--awb-spacing-right-small:1.92%;--awb-spacing-left-small:1.92%;\"><div class=\"fusion-column-wrapper fusion-column-has-shadow fusion-flex-justify-content-flex-start fusion-content-layout-column\"><div class=\"fusion-title title fusion-title-1 fusion-sep-none fusion-title-text fusion-title-size-one\" style=\"--awb-text-color:var(--awb-custom_color_1);--awb-font-size:35px;\"><h1 class=\"fusion-title-heading title-heading-left\" style=\"font-family:&quot;Public Sans&quot;;font-style:normal;font-weight:700;margin:0;font-size:1em;\">Convocatoria a escribir trabajos para el XI ENAPOL \u201cEmpezar a analizarse\u201d<\/h1><\/div><div class=\"fusion-text fusion-text-1\"><p>Te invitamos a participar de la <strong>Jornada Cl\u00ednica del XI ENAPOL<\/strong>.<\/p>\n<p>A continuaci\u00f3n, te contamos los lineamientos para la presentaci\u00f3n:<\/p>\n<p>Los trabajos que esperamos pueden ser casos o ensayos cl\u00ednicos en torno a alguno de los 8 ejes del XI ENAPOL:<\/p>\n<\/div><ul style=\"--awb-line-height:27.2px;--awb-icon-width:27.2px;--awb-icon-height:27.2px;--awb-icon-margin:11.2px;--awb-content-margin:38.4px;--awb-circlecolor:#65bc7b;--awb-circle-yes-font-size:14.08px;\" class=\"fusion-checklist fusion-checklist-1 fusion-checklist-default type-numbered\"><li class=\"fusion-li-item\" style=\"\"><span class=\"icon-wrapper circle-yes\">1<\/span><div class=\"fusion-li-item-content\">\n<p>Hoy \u00bf\u201dal comienzo est\u00e1 la transferencia\u201d? y si no \u00bfentonces c\u00f3mo?<\/p>\n<\/div><\/li><li class=\"fusion-li-item\" style=\"\"><span class=\"icon-wrapper circle-yes\">2<\/span><div class=\"fusion-li-item-content\">\n<p>De la demanda a la entrada en an\u00e1lisis: sus impases, el goce, el Uno, formalizaciones posibles<\/p>\n<\/div><\/li><li class=\"fusion-li-item\" style=\"\"><span class=\"icon-wrapper circle-yes\">3<\/span><div class=\"fusion-li-item-content\">\n<p>Modos de presentaci\u00f3n de las consultas actuales: identidades, virtualidades, s\u00edntomas y car\u00e1cter<\/p>\n<\/div><\/li><li class=\"fusion-li-item\" style=\"\"><span class=\"icon-wrapper circle-yes\">4<\/span><div class=\"fusion-li-item-content\">\n<p>\u00bfEn qu\u00e9 se demuestra, desde las primeras entrevistas, que el psicoan\u00e1lisis no es una terap\u00e9utica como las dem\u00e1s?<\/p>\n<\/div><\/li><li class=\"fusion-li-item\" style=\"\"><span class=\"icon-wrapper circle-yes\">5<\/span><div class=\"fusion-li-item-content\">\n<p>Las soluciones singulares y \u00bfqu\u00e9 lugar para el diagn\u00f3stico diferencial?<\/p>\n<\/div><\/li><li class=\"fusion-li-item\" style=\"\"><span class=\"icon-wrapper circle-yes\">6<\/span><div class=\"fusion-li-item-content\">\n<p>Acto anal\u00edtico e interpretaci\u00f3n al inicio, \u00bfperturbar la defensa, a\u00fan?<\/p>\n<\/div><\/li><li class=\"fusion-li-item\" style=\"\"><span class=\"icon-wrapper circle-yes\">7<\/span><div class=\"fusion-li-item-content\">\n<p>Primeras entrevistas en diferentes dispositivos de atenci\u00f3n.<\/p>\n<\/div><\/li><li class=\"fusion-li-item\" style=\"\"><span class=\"icon-wrapper circle-yes\">8<\/span><div class=\"fusion-li-item-content\">\n<p>La formaci\u00f3n del analista y la relaci\u00f3n con su inconsciente<\/p>\n<\/div><\/li><\/ul><div class=\"fusion-separator fusion-full-width-sep\" style=\"align-self: center;margin-left: auto;margin-right: auto;margin-top:20px;margin-bottom:20px;width:100%;\"><\/div><div class=\"fusion-alert alert error alert-danger fusion-alert-center awb-alert-native-link-color\" role=\"alert\"><div class=\"fusion-alert-content-wrapper\"><span class=\"alert-icon\"><i class=\"awb-icon-exclamation-triangle\" aria-hidden=\"true\"><\/i><\/span><span class=\"fusion-alert-content\"><p>El texto deber\u00e1 ser enviado hasta el <strong>1 de julio de 2023<\/strong> a la siguiente direcci\u00f3n: jornadaclinicaenapol@gmail.com<\/p>\n<p><strong>Asunto del mail<\/strong>: Apellido del autor, pa\u00eds donde reside, n\u00famero de eje sobre el cual eligi\u00f3 escribir.<\/p>\n<p>*<strong>Fecha de entrega con pr\u00f3rroga:\u00a07\u00a0de\u00a0julio<\/strong><\/p><\/span><\/div><\/div><div class=\"fusion-text fusion-text-2\"><p style=\"text-align: justify;\">Vas a recibir la confirmaci\u00f3n del env\u00edo, por favor revis\u00e1 tu casilla de Spam. De no recibirla luego de los 3 d\u00edas volv\u00e9 a enviar el texto aclarando que es un reenv\u00edo.<\/p>\n<p style=\"text-align: justify;\">La <strong>Comisi\u00f3n Cient\u00edfica<\/strong> del XI ENAPOL estar\u00e1 a cargo de la lectura de los textos y selecci\u00f3n de los trabajos.<\/p>\n<p style=\"text-align: justify;\">Los trabajos seleccionados ser\u00e1n nuevamente enviados a los autores para que cada uno se encargue de su <strong>traducci\u00f3n<\/strong>.<\/p>\n<p style=\"text-align: justify;\">Ante cualquier duda o consulta podes escribir a: enapol2023@gmail.com<\/p>\n<\/div><\/div><\/div><\/div><\/div><div class=\"fusion-fullwidth fullwidth-box fusion-builder-row-2 fusion-flex-container has-pattern-background has-mask-background nonhundred-percent-fullwidth non-hundred-percent-height-scrolling\" style=\"--awb-border-radius-top-left:0px;--awb-border-radius-top-right:0px;--awb-border-radius-bottom-right:0px;--awb-border-radius-bottom-left:0px;--awb-flex-wrap:wrap;\" ><div class=\"fusion-builder-row fusion-row fusion-flex-align-items-flex-start fusion-flex-content-wrap\" style=\"max-width:1248px;margin-left: calc(-4% \/ 2 );margin-right: calc(-4% \/ 2 );\"><div class=\"fusion-layout-column fusion_builder_column fusion-builder-column-1 fusion_builder_column_1_1 1_1 fusion-flex-column\" style=\"--awb-bg-size:cover;--awb-width-large:100%;--awb-margin-top-large:0px;--awb-spacing-right-large:1.92%;--awb-margin-bottom-large:20px;--awb-spacing-left-large:1.92%;--awb-width-medium:100%;--awb-order-medium:0;--awb-spacing-right-medium:1.92%;--awb-spacing-left-medium:1.92%;--awb-width-small:100%;--awb-order-small:0;--awb-spacing-right-small:1.92%;--awb-spacing-left-small:1.92%;\"><div class=\"fusion-column-wrapper fusion-column-has-shadow fusion-flex-justify-content-flex-start fusion-content-layout-column\"><div class=\"fusion-title title fusion-title-2 fusion-sep-none fusion-title-text fusion-title-size-one\" style=\"--awb-text-color:var(--awb-custom_color_1);--awb-font-size:25px;\"><h1 class=\"fusion-title-heading title-heading-left\" style=\"font-family:&quot;Public Sans&quot;;font-style:normal;font-weight:700;margin:0;font-size:1em;\">Condiciones para la presentaci\u00f3n de trabajos<\/h1><\/div><div class=\"fusion-text fusion-text-3\"><ul>\n<li>T\u00edtulo del trabajo, debajo el nombre completo del autor y pa\u00eds en el que reside.<\/li>\n<li>Direcci\u00f3n de e-mail del autor.<\/li>\n<li>N\u00famero de tel\u00e9fono<\/li>\n<li>Eje con el que se relaciona el trabajo (Consultar Argumento y Ejes en p\u00e1gina web).<\/li>\n<li>Formato WORD, fuente Times New Roman, n\u00famero 12, justificado, con interlineado espaciado de 1,5 l\u00edneas.<\/li>\n<li><strong>4500 caracteres con espacios incluidos.<\/strong><\/li>\n<li>Las referencias bibliogr\u00e1ficas citadas, deber\u00e1n presentarse del siguiente modo:\n<ul>\n<li>Autor, Titulo del libro, \u201ct\u00edtulo del art\u00edculo o cap\u00edtulo\u201d, lugar, editorial, a\u00f1o, p\u00e1gina.<\/li>\n<li>\u00abT\u00edtulo del art\u00edculo\u00bb, p\u00e1gina (sitio web) de la que fue tomado el texto o art\u00edculo.<\/li>\n<\/ul>\n<\/li>\n<\/ul>\n<p><strong>Record\u00e1 que no es necesario ser miembro de ninguna Escuela para enviar tu trabajo, pero s\u00ed es necesario que al hacerlo est\u00e9s inscripto en el XI ENAPOL<\/strong><\/p>\n<\/div><\/div><\/div><\/div><\/div><\/p>\n","protected":false},"excerpt":{"rendered":"","protected":false},"author":1,"featured_media":0,"parent":1782,"menu_order":4,"comment_status":"closed","ping_status":"closed","template":"","meta":{"_monsterinsights_skip_tracking":false,"_monsterinsights_sitenote_active":false,"_monsterinsights_sitenote_note":"","_monsterinsights_sitenote_category":0,"footnotes":""},"_links":{"self":[{"href":"https:\/\/enapol.com\/xi\/wp-json\/wp\/v2\/pages\/2770"}],"collection":[{"href":"https:\/\/enapol.com\/xi\/wp-json\/wp\/v2\/pages"}],"about":[{"href":"https:\/\/enapol.com\/xi\/wp-json\/wp\/v2\/types\/page"}],"author":[{"embeddable":true,"href":"https:\/\/enapol.com\/xi\/wp-json\/wp\/v2\/users\/1"}],"replies":[{"embeddable":true,"href":"https:\/\/enapol.com\/xi\/wp-json\/wp\/v2\/comments?post=2770"}],"version-history":[{"count":14,"href":"https:\/\/enapol.com\/xi\/wp-json\/wp\/v2\/pages\/2770\/revisions"}],"predecessor-version":[{"id":4007,"href":"https:\/\/enapol.com\/xi\/wp-json\/wp\/v2\/pages\/2770\/revisions\/4007"}],"up":[{"embeddable":true,"href":"https:\/\/enapol.com\/xi\/wp-json\/wp\/v2\/pages\/1782"}],"wp:attachment":[{"href":"https:\/\/enapol.com\/xi\/wp-json\/wp\/v2\/media?parent=2770"}],"curies":[{"name":"wp","href":"https:\/\/api.w.org\/{rel}","templated":true}]}}