{"id":2781,"date":"2023-04-05T14:46:49","date_gmt":"2023-04-05T17:46:49","guid":{"rendered":"https:\/\/enapol.com\/xi\/?page_id=2781"},"modified":"2023-06-29T11:51:54","modified_gmt":"2023-06-29T14:51:54","slug":"trabalhos","status":"publish","type":"page","link":"https:\/\/enapol.com\/xi\/pt\/encontro\/trabalhos\/","title":{"rendered":"Trabalhos"},"content":{"rendered":"<p><div class=\"fusion-fullwidth fullwidth-box fusion-builder-row-1 fusion-flex-container has-pattern-background has-mask-background nonhundred-percent-fullwidth non-hundred-percent-height-scrolling\" style=\"--awb-border-radius-top-left:0px;--awb-border-radius-top-right:0px;--awb-border-radius-bottom-right:0px;--awb-border-radius-bottom-left:0px;--awb-flex-wrap:wrap;\" ><div class=\"fusion-builder-row fusion-row fusion-flex-align-items-flex-start fusion-flex-content-wrap\" style=\"max-width:1248px;margin-left: calc(-4% \/ 2 );margin-right: calc(-4% \/ 2 );\"><div class=\"fusion-layout-column fusion_builder_column fusion-builder-column-0 fusion_builder_column_1_1 1_1 fusion-flex-column\" style=\"--awb-bg-size:cover;--awb-width-large:100%;--awb-margin-top-large:0px;--awb-spacing-right-large:1.92%;--awb-margin-bottom-large:20px;--awb-spacing-left-large:1.92%;--awb-width-medium:100%;--awb-order-medium:0;--awb-spacing-right-medium:1.92%;--awb-spacing-left-medium:1.92%;--awb-width-small:100%;--awb-order-small:0;--awb-spacing-right-small:1.92%;--awb-spacing-left-small:1.92%;\"><div class=\"fusion-column-wrapper fusion-column-has-shadow fusion-flex-justify-content-flex-start fusion-content-layout-column\"><div class=\"fusion-title title fusion-title-1 fusion-sep-none fusion-title-text fusion-title-size-one\" style=\"--awb-text-color:var(--awb-custom_color_1);--awb-font-size:35px;\"><h1 class=\"fusion-title-heading title-heading-left\" style=\"font-family:&quot;Public Sans&quot;;font-style:normal;font-weight:700;margin:0;font-size:1em;\">Chamada para a escrita de trabalhos para o XI ENAPOL \u00abCome\u00e7ar a se analisar\u201d<\/h1><\/div><div class=\"fusion-text fusion-text-1\"><p>Convidamos voc\u00ea a participar da <strong>Jornada Cl\u00ednica do XI ENAPOL<\/strong>.<\/p>\n<p>A seguir, informamos as diretrizes para a apresenta\u00e7\u00e3o:<\/p>\n<p>Os trabalhos que esperamos podem ser casos ou ensaios cl\u00ednicos em torno de um dos 8 eixos do XI ENAPOL:<\/p>\n<\/div><ul style=\"--awb-line-height:27.2px;--awb-icon-width:27.2px;--awb-icon-height:27.2px;--awb-icon-margin:11.2px;--awb-content-margin:38.4px;--awb-circlecolor:#65bc7b;--awb-circle-yes-font-size:14.08px;\" class=\"fusion-checklist fusion-checklist-1 fusion-checklist-default type-numbered\"><li class=\"fusion-li-item\" style=\"\"><span class=\"icon-wrapper circle-yes\">1<\/span><div class=\"fusion-li-item-content\">\n<p>Hoje, \u00abno come\u00e7o est\u00e1 a transfer\u00eancia\u00bb? E se n\u00e3o, ent\u00e3o como \u00e9?<\/p>\n<\/div><\/li><li class=\"fusion-li-item\" style=\"\"><span class=\"icon-wrapper circle-yes\">2<\/span><div class=\"fusion-li-item-content\">\n<p>Da demanda \u00e0 entrada em an\u00e1lise: seus impasses, o gozo, o Um, formaliza\u00e7\u00f5es poss\u00edveis<\/p>\n<\/div><\/li><li class=\"fusion-li-item\" style=\"\"><span class=\"icon-wrapper circle-yes\">3<\/span><div class=\"fusion-li-item-content\">\n<p>Modos de apresenta\u00e7\u00e3o das consultas atuais: identidades, virtualidades, sintomas e car\u00e1ter<\/p>\n<\/div><\/li><li class=\"fusion-li-item\" style=\"\"><span class=\"icon-wrapper circle-yes\">4<\/span><div class=\"fusion-li-item-content\">\n<p>Como se demonstra, desde as primeiras entrevistas, que a psican\u00e1lise n\u00e3o \u00e9 uma terap\u00eautica como as outras?<\/p>\n<\/div><\/li><li class=\"fusion-li-item\" style=\"\"><span class=\"icon-wrapper circle-yes\">5<\/span><div class=\"fusion-li-item-content\">\n<p>Solu\u00e7\u00f5es singulares. Que lugar para o diagn\u00f3stico diferencial?<\/p>\n<\/div><\/li><li class=\"fusion-li-item\" style=\"\"><span class=\"icon-wrapper circle-yes\">6<\/span><div class=\"fusion-li-item-content\">\n<p>Ato anal\u00edtico e interpreta\u00e7\u00e3o no in\u00edcio. Perturbar a defesa, ainda?<\/p>\n<\/div><\/li><li class=\"fusion-li-item\" style=\"\"><span class=\"icon-wrapper circle-yes\">7<\/span><div class=\"fusion-li-item-content\">\n<p>Primeiras entrevistas em diferentes dispositivos de aten\u00e7\u00e3o<\/p>\n<\/div><\/li><li class=\"fusion-li-item\" style=\"\"><span class=\"icon-wrapper circle-yes\">8<\/span><div class=\"fusion-li-item-content\">\n<p>A forma\u00e7\u00e3o do analista e a rela\u00e7\u00e3o com o seu inconsciente<\/p>\n<\/div><\/li><\/ul><div class=\"fusion-separator fusion-full-width-sep\" style=\"align-self: center;margin-left: auto;margin-right: auto;margin-top:20px;margin-bottom:20px;width:100%;\"><\/div><div class=\"fusion-alert alert error alert-danger fusion-alert-center awb-alert-native-link-color\" role=\"alert\"><div class=\"fusion-alert-content-wrapper\"><span class=\"alert-icon\"><i class=\"awb-icon-exclamation-triangle\" aria-hidden=\"true\"><\/i><\/span><span class=\"fusion-alert-content\"><p>O texto deve ser enviado at\u00e9 <strong>1\u00ba de julho de 2023<\/strong> para o seguinte e-mail: jornadaclinicaenapol@gmail.com<\/p>\n<p><strong>Assunto do e-mail<\/strong>: Sobrenome do autor, pa\u00eds onde reside, n\u00famero do eixo sobre o qual escolheu escrever.<\/p>\n<p><strong>* Data de entrega com a prorroga\u00e7\u00e3o: 7\u00a0de\u00a0julho<\/strong><\/p><\/span><\/div><\/div><div class=\"fusion-text fusion-text-2\"><p style=\"text-align: justify;\">Voc\u00ea receber\u00e1 a confirma\u00e7\u00e3o do envio, por favor, verifique sua caixa de Spam. Caso n\u00e3o receba a confirma\u00e7\u00e3o ap\u00f3s 3 dias, reenvie o texto esclarecendo que se trata de um reenvio.<\/p>\n<p style=\"text-align: justify;\">A <strong>Comiss\u00e3o Cient\u00edfica<\/strong> do XI ENAPOL ser\u00e1 respons\u00e1vel pela leitura dos textos e sele\u00e7\u00e3o dos trabalhos.<\/p>\n<p style=\"text-align: justify;\">Os trabalhos selecionados ser\u00e3o enviados novamente aos autores para que cada um se encarregue da sua <strong>tradu\u00e7\u00e3o<\/strong>.<\/p>\n<p style=\"text-align: justify;\">Se voc\u00ea tiver alguma d\u00favida ou pergunta, pode escrever para: enapol2023@gmail.com<\/p>\n<\/div><\/div><\/div><\/div><\/div><div class=\"fusion-fullwidth fullwidth-box fusion-builder-row-2 fusion-flex-container has-pattern-background has-mask-background nonhundred-percent-fullwidth non-hundred-percent-height-scrolling\" style=\"--awb-border-radius-top-left:0px;--awb-border-radius-top-right:0px;--awb-border-radius-bottom-right:0px;--awb-border-radius-bottom-left:0px;--awb-flex-wrap:wrap;\" ><div class=\"fusion-builder-row fusion-row fusion-flex-align-items-flex-start fusion-flex-content-wrap\" style=\"max-width:1248px;margin-left: calc(-4% \/ 2 );margin-right: calc(-4% \/ 2 );\"><div class=\"fusion-layout-column fusion_builder_column fusion-builder-column-1 fusion_builder_column_1_1 1_1 fusion-flex-column\" style=\"--awb-bg-size:cover;--awb-width-large:100%;--awb-margin-top-large:0px;--awb-spacing-right-large:1.92%;--awb-margin-bottom-large:20px;--awb-spacing-left-large:1.92%;--awb-width-medium:100%;--awb-order-medium:0;--awb-spacing-right-medium:1.92%;--awb-spacing-left-medium:1.92%;--awb-width-small:100%;--awb-order-small:0;--awb-spacing-right-small:1.92%;--awb-spacing-left-small:1.92%;\"><div class=\"fusion-column-wrapper fusion-column-has-shadow fusion-flex-justify-content-flex-start fusion-content-layout-column\"><div class=\"fusion-title title fusion-title-2 fusion-sep-none fusion-title-text fusion-title-size-one\" style=\"--awb-text-color:var(--awb-custom_color_1);--awb-font-size:25px;\"><h1 class=\"fusion-title-heading title-heading-left\" style=\"font-family:&quot;Public Sans&quot;;font-style:normal;font-weight:700;margin:0;font-size:1em;\">Condi\u00e7\u00f5es para a apresenta\u00e7\u00e3o de trabalhos<\/h1><\/div><div class=\"fusion-text fusion-text-3\"><ul>\n<li>T\u00edtulo do trabalho, abaixo o nome completo do autor e do pa\u00eds onde reside.<\/li>\n<li>O e-mail do autor.<\/li>\n<li>N\u00famero de telefone<\/li>\n<li>Eixo com o qual o trabalho est\u00e1 relacionado (Ver Argumento e Eixos no site).<\/li>\n<li>Formato WORD, fonte Times New Roman, tamanho 12, justificado, espa\u00e7amento de 1,5 entre linhas.<\/li>\n<li><strong>4500 caracteres incluindo espa\u00e7os<\/strong>.<\/li>\n<li>As refer\u00eancias bibliogr\u00e1ficas citadas devem ser apresentadas da seguinte forma:\n<ul>\n<li>Autor, T\u00edtulo do livro, \u00abt\u00edtulo do artigo ou cap\u00edtulo\u00bb, local, editora, ano, p\u00e1gina.<\/li>\n<li>\u00abT\u00edtulo do artigo\u00bb, p\u00e1gina (site) de onde foi retirado o texto ou artigo.<\/li>\n<\/ul>\n<\/li>\n<\/ul>\n<p><strong>Lembre-se de que n\u00e3o \u00e9 necess\u00e1rio ser membro de nenhuma Escola para enviar um trabalho, mas \u00e9 necess\u00e1rio estar inscrito no XI ENAPOL.<\/strong><\/p>\n<\/div><\/div><\/div><\/div><\/div><\/p>\n","protected":false},"excerpt":{"rendered":"","protected":false},"author":1,"featured_media":0,"parent":2116,"menu_order":4,"comment_status":"closed","ping_status":"closed","template":"","meta":{"_monsterinsights_skip_tracking":false,"_monsterinsights_sitenote_active":false,"_monsterinsights_sitenote_note":"","_monsterinsights_sitenote_category":0,"footnotes":""},"_links":{"self":[{"href":"https:\/\/enapol.com\/xi\/wp-json\/wp\/v2\/pages\/2781"}],"collection":[{"href":"https:\/\/enapol.com\/xi\/wp-json\/wp\/v2\/pages"}],"about":[{"href":"https:\/\/enapol.com\/xi\/wp-json\/wp\/v2\/types\/page"}],"author":[{"embeddable":true,"href":"https:\/\/enapol.com\/xi\/wp-json\/wp\/v2\/users\/1"}],"replies":[{"embeddable":true,"href":"https:\/\/enapol.com\/xi\/wp-json\/wp\/v2\/comments?post=2781"}],"version-history":[{"count":8,"href":"https:\/\/enapol.com\/xi\/wp-json\/wp\/v2\/pages\/2781\/revisions"}],"predecessor-version":[{"id":4008,"href":"https:\/\/enapol.com\/xi\/wp-json\/wp\/v2\/pages\/2781\/revisions\/4008"}],"up":[{"embeddable":true,"href":"https:\/\/enapol.com\/xi\/wp-json\/wp\/v2\/pages\/2116"}],"wp:attachment":[{"href":"https:\/\/enapol.com\/xi\/wp-json\/wp\/v2\/media?parent=2781"}],"curies":[{"name":"wp","href":"https:\/\/api.w.org\/{rel}","templated":true}]}}