{"id":3472,"date":"2023-05-30T18:14:25","date_gmt":"2023-05-30T21:14:25","guid":{"rendered":"https:\/\/enapol.com\/xi\/?page_id=3472"},"modified":"2023-06-06T18:30:11","modified_gmt":"2023-06-06T21:30:11","slug":"carteles-de-lectura-de-trabajos","status":"publish","type":"page","link":"https:\/\/enapol.com\/xi\/encuentro\/trabajos\/carteles-de-lectura-de-trabajos\/","title":{"rendered":"Carteles de lectura de trabajos"},"content":{"rendered":"<div class=\"fusion-fullwidth fullwidth-box fusion-builder-row-1 fusion-flex-container has-pattern-background has-mask-background nonhundred-percent-fullwidth non-hundred-percent-height-scrolling\" style=\"--awb-border-radius-top-left:0px;--awb-border-radius-top-right:0px;--awb-border-radius-bottom-right:0px;--awb-border-radius-bottom-left:0px;--awb-flex-wrap:wrap;\" ><div class=\"fusion-builder-row fusion-row fusion-flex-align-items-flex-start fusion-flex-content-wrap\" style=\"max-width:1248px;margin-left: calc(-4% \/ 2 );margin-right: calc(-4% \/ 2 );\"><div class=\"fusion-layout-column fusion_builder_column fusion-builder-column-0 fusion_builder_column_1_1 1_1 fusion-flex-column\" style=\"--awb-bg-size:cover;--awb-width-large:100%;--awb-margin-top-large:0px;--awb-spacing-right-large:1.92%;--awb-margin-bottom-large:20px;--awb-spacing-left-large:1.92%;--awb-width-medium:100%;--awb-order-medium:0;--awb-spacing-right-medium:1.92%;--awb-spacing-left-medium:1.92%;--awb-width-small:100%;--awb-order-small:0;--awb-spacing-right-small:1.92%;--awb-spacing-left-small:1.92%;\"><div class=\"fusion-column-wrapper fusion-column-has-shadow fusion-flex-justify-content-flex-start fusion-content-layout-column\"><ul style=\"--awb-line-height:27.2px;--awb-icon-width:27.2px;--awb-icon-height:27.2px;--awb-icon-margin:11.2px;--awb-content-margin:38.4px;--awb-circlecolor:#65bc7b;--awb-circle-yes-font-size:14.08px;\" class=\"fusion-checklist fusion-checklist-1 fusion-checklist-default type-icons\"><li class=\"fusion-li-item\" style=\"\"><span class=\"icon-wrapper circle-yes\"><i class=\"fusion-li-icon fa-angle-right fas\" aria-hidden=\"true\"><\/i><\/span><div class=\"fusion-li-item-content\">\n<p><strong>Cartel 1<\/strong>:<\/p>\n<ul>\n<li><strong>M\u00e1s Uno<\/strong>: Marcela Antelo<\/li>\n<li><strong>Cartelizantes<\/strong>: Alicia Yacoi, Norma Sierra, Raquel Baloira, Maria do Ros\u00e1rio do R\u00eago Barros.<\/li>\n<\/ul>\n<\/div><\/li><li class=\"fusion-li-item\" style=\"\"><span class=\"icon-wrapper circle-yes\"><i class=\"fusion-li-icon fa-angle-right fas\" aria-hidden=\"true\"><\/i><\/span><div class=\"fusion-li-item-content\">\n<p><strong>Cartel 2<\/strong>:<\/p>\n<ul>\n<li><strong>M\u00e1s Uno<\/strong>: Alejandra Glaze<\/li>\n<li><strong>Cartelizantes<\/strong>: Maria Silvia Garc\u00eda Fern\u00e1ndez Hanna, Geraldo Alberto Murta Viana, Marita Hamann, Adriana Luka.<\/li>\n<\/ul>\n<\/div><\/li><li class=\"fusion-li-item\" style=\"\"><span class=\"icon-wrapper circle-yes\"><i class=\"fusion-li-icon fa-angle-right fas\" aria-hidden=\"true\"><\/i><\/span><div class=\"fusion-li-item-content\">\n<p><strong>Cartel 3<\/strong>:<\/p>\n<ul>\n<li><strong>M\u00e1s Uno<\/strong>: Mercedes Iglesias<\/li>\n<li><strong>Cartelizantes<\/strong>: Marisa Chamizo, Paula Vallejo, Paula Borsoi, Carmen Silvia Cervelati.<\/li>\n<\/ul>\n<\/div><\/li><li class=\"fusion-li-item\" style=\"\"><span class=\"icon-wrapper circle-yes\"><i class=\"fusion-li-icon fa-angle-right fas\" aria-hidden=\"true\"><\/i><\/span><div class=\"fusion-li-item-content\">\n<p><strong>Cartel 4<\/strong>:<\/p>\n<ul>\n<li><strong>M\u00e1s Uno<\/strong>: S\u00e9rgio Passos Riberio de Campos<\/li>\n<li><strong>Cartelizantes<\/strong>: Ang\u00e9lica Marchesini, Azucena Zan\u00f3n, Carlos M\u00e1rquez, Blanca Musachi.<\/li>\n<\/ul>\n<\/div><\/li><li class=\"fusion-li-item\" style=\"\"><span class=\"icon-wrapper circle-yes\"><i class=\"fusion-li-icon fa-angle-right fas\" aria-hidden=\"true\"><\/i><\/span><div class=\"fusion-li-item-content\">\n<p><strong>Cartel 5<\/strong>:<\/p>\n<ul>\n<li><strong>M\u00e1s Uno<\/strong>: Leticia Acevedo<\/li>\n<li><strong>Cartelizantes<\/strong>: Maria Ruth Jeunon Sousa, Cristina Drummond, Piedad Ortega, Alma Perez Abella.<\/li>\n<\/ul>\n<\/div><\/li><li class=\"fusion-li-item\" style=\"\"><span class=\"icon-wrapper circle-yes\"><i class=\"fusion-li-icon fa-angle-right fas\" aria-hidden=\"true\"><\/i><\/span><div class=\"fusion-li-item-content\">\n<p><strong>Cartel 6<\/strong>:<\/p>\n<ul>\n<li><strong>M\u00e1s Uno<\/strong>: Adolfo Ruiz<\/li>\n<li><strong>Cartelizantes<\/strong>: Alejandra Loray, Eugenia Molina, M\u00e1rcia Zucchi, Elizabeth Regina Almeida Siqueira.<\/li>\n<\/ul>\n<\/div><\/li><li class=\"fusion-li-item\" style=\"\"><span class=\"icon-wrapper circle-yes\"><i class=\"fusion-li-icon fa-angle-right fas\" aria-hidden=\"true\"><\/i><\/span><div class=\"fusion-li-item-content\">\n<p><strong>Cartel 7<\/strong>:<\/p>\n<ul>\n<li><strong>M\u00e1s Uno<\/strong>: Cristiana Pittella<\/li>\n<li><strong>Cartelizantes<\/strong>: Gabriela Basz, Virginia Thedy, Mario Elkin, C\u00e1ssia Maria Rumenos Guardado.<\/li>\n<\/ul>\n<\/div><\/li><li class=\"fusion-li-item\" style=\"\"><span class=\"icon-wrapper circle-yes\"><i class=\"fusion-li-icon fa-angle-right fas\" aria-hidden=\"true\"><\/i><\/span><div class=\"fusion-li-item-content\">\n<p><strong>Cartel 8<\/strong>:<\/p>\n<ul>\n<li><strong>M\u00e1s Uno<\/strong>: Gisela Smania<\/li>\n<li><strong>Cartelizantes<\/strong>: F\u00e1tima Sarmento, Li\u00e8ge Goulart, Mayra De Hanze, Gloria Aksman.<\/li>\n<\/ul>\n<\/div><\/li><\/ul><\/div><\/div><\/div><\/div>\n","protected":false},"excerpt":{"rendered":"","protected":false},"author":1,"featured_media":0,"parent":2770,"menu_order":1,"comment_status":"closed","ping_status":"closed","template":"","meta":{"_monsterinsights_skip_tracking":false,"_monsterinsights_sitenote_active":false,"_monsterinsights_sitenote_note":"","_monsterinsights_sitenote_category":0,"footnotes":""},"_links":{"self":[{"href":"https:\/\/enapol.com\/xi\/wp-json\/wp\/v2\/pages\/3472"}],"collection":[{"href":"https:\/\/enapol.com\/xi\/wp-json\/wp\/v2\/pages"}],"about":[{"href":"https:\/\/enapol.com\/xi\/wp-json\/wp\/v2\/types\/page"}],"author":[{"embeddable":true,"href":"https:\/\/enapol.com\/xi\/wp-json\/wp\/v2\/users\/1"}],"replies":[{"embeddable":true,"href":"https:\/\/enapol.com\/xi\/wp-json\/wp\/v2\/comments?post=3472"}],"version-history":[{"count":5,"href":"https:\/\/enapol.com\/xi\/wp-json\/wp\/v2\/pages\/3472\/revisions"}],"predecessor-version":[{"id":3606,"href":"https:\/\/enapol.com\/xi\/wp-json\/wp\/v2\/pages\/3472\/revisions\/3606"}],"up":[{"embeddable":true,"href":"https:\/\/enapol.com\/xi\/wp-json\/wp\/v2\/pages\/2770"}],"wp:attachment":[{"href":"https:\/\/enapol.com\/xi\/wp-json\/wp\/v2\/media?parent=3472"}],"curies":[{"name":"wp","href":"https:\/\/api.w.org\/{rel}","templated":true}]}}