{"id":1725,"date":"2025-02-26T11:58:02","date_gmt":"2025-02-26T14:58:02","guid":{"rendered":"https:\/\/enapol.com\/xii\/?page_id=1725"},"modified":"2025-04-09T06:54:31","modified_gmt":"2025-04-09T09:54:31","slug":"inhotim","status":"publish","type":"page","link":"https:\/\/enapol.com\/xii\/es\/recepcion\/inhotim\/","title":{"rendered":"Inhotim"},"content":{"rendered":"<div class=\"wpb-content-wrapper\">[vc_row][vc_column]<div class=\"vcex-spacing wpex-w-100 wpex-clear\" style=\"height:50px;\"><\/div>[\/vc_column][\/vc_row][vc_row][vc_column][vc_column_text css=\u00bb\u00bb]\n<h3 style=\"text-align: center;\"><span style=\"color: #ff0000;\"><strong>Instituto Inhotim<\/strong><\/span><\/h3>\n[\/vc_column_text]<div class=\"vcex-spacing wpex-w-100 wpex-clear\"><\/div><div class=\"vcex-video wpex-bg-black\" data-vcex-video-type=\"youtube\"><div class=\"vcex-video-inner wpex-relative\"><iframe class=\"wpex-block wpex-w-100 wpex-h-100 wpex-aspect-16-9\" data-src=\"https:\/\/youtube.com\/embed\/0A95inKNPX0?autoplay=1\" title=\"\" frameborder=\"0\" allow=\"accelerometer; autoplay; clipboard-write; encrypted-media; gyroscope; picture-in-picture; web-share\" allowfullscreen loading=\"lazy\"><\/iframe><div class=\"vcex-video-overlay wpex-block wpex-absolute wpex-inset-0 wpex-cursor-pointer overlay-parent\"><img src=\"https:\/\/enapol.com\/xii\/wp-content\/uploads\/sites\/10\/2025\/04\/THUMB-INHOTIM.png\" loading=\"lazy\" decoding=\"async\" class=\"wpex-bg-black wpex-h-100 wpex-w-100 wpex-object-cover\" alt=\"\"><\/div><\/div><\/div><div class=\"vcex-spacing wpex-w-100 wpex-clear\"><\/div>[vc_column_text css=\u00bb\u00bb]\n<p style=\"text-align: justify;\">Ubicado en la ciudad de Brumadinho, a una hora y media de Belo Horizonte, el Instituto Inhotim alberga una de las m\u00e1s importantes colecciones de arte contempor\u00e1neo de Brasil y adem\u00e1s, es considerado el mayor museo al aire libre del mundo. Con m\u00e1s de veinte galer\u00edas en un \u00e1rea verde de 140 hect\u00e1reas, las obras de arte y la naturaleza conviven dibujando los recorridos de los visitantes.<\/p>\n<p style=\"text-align: justify;\">La visita puede empezar en la Galer\u00eda Cildo Meireles, donde \u201cDesvio para o Vermelho\u201d cambia la percepci\u00f3n del espectador y confunde el sentido de espacialidad. En la galer\u00eda Adriana Varej\u00e3o, hay obras en azulejos, donde la delicadeza de las aves pintadas sobre las baldosas cer\u00e1micas contrasta con la brutalidad de una pared \u201crellena\u201d de v\u00edsceras humanas. Tambi\u00e9n est\u00e1 el impactante trabajo de Mathew Barney en \u201cDe Lama L\u00e2mina\u201d, que opone la fuerza de la tecnolog\u00eda y la guerra a la de la naturaleza. Mientras que en la galer\u00eda Miguel Rio Branco, la primera dedicada a la fotograf\u00eda, la serie \u201cTango Azul\u201d merece especial atenci\u00f3n, ya que muestra las heridas y la belleza de la poblaci\u00f3n de Pelourinho, esa antigua regi\u00f3n de la ciudad de Salvador, en Bah\u00eda. Con la fotograf\u00eda de Cl\u00e1udia Andujar nos sumergimos en la cultura del pueblo Yanomami y en las galer\u00edas True Rouge y Psicoativa, del artista Tunga, vivimos la cruda experiencia de estar adentro de la poes\u00eda.<\/p>\n<p style=\"text-align: justify;\">Entre una galer\u00eda y otra, se pueden admirar los jardines del Inhotim, cuyo proyecto de paisajismo naci\u00f3 de la colaboraci\u00f3n de Burle Marx, amigo del creador del Instituto, el empresario Bernardo Paz, que en su momento ten\u00eda un campo en el local. Otros paisajistas retomaron la obra, siguiendo conceptos estimados por Burle Marx, como la exuberancia masiva de una misma especie, en formatos org\u00e1nicos, y la opci\u00f3n por hojas perennes, en lugar del car\u00e1cter ef\u00edmero de las flores, que pierden su belleza seg\u00fan la estaci\u00f3n.<\/p>\n<p style=\"text-align: justify;\">Por lo tanto, existen m\u00faltiples rutas para visitar el Instituto, requiri\u00e9ndose al menos dos d\u00edas para un recorrido m\u00e1s completo. Sin embargo, en un solo d\u00eda ya puedes vivir, entre las innumerables posibilidades que ofrece el espacio, una experiencia fant\u00e1stica.<\/p>\n<p style=\"text-align: justify;\">Para aquellos que a\u00fan no han visitado Inhotim o para aquellos que quieran explorarlo nuevamente, aqu\u00ed les dejamos algunos consejos importantes.<\/p>\n<h3 style=\"text-align: justify;\"><span style=\"color: #ff0000;\"><strong>Horarios<\/strong><\/span><\/h3>\n<ul style=\"text-align: justify;\">\n<li>Mi\u00e9rcoles a viernes: 9:30 a 16:30 horas<\/li>\n<li>S\u00e1bados, domingos y festivos: 9:30 a 17:30 horas<\/li>\n<\/ul>\n<p style=\"text-align: justify;\">*Lunes y Martes: <u>Cerrado<\/u>.<\/p>\n<p style=\"text-align: justify;\">Todos los mi\u00e9rcoles y el \u00faltimo domingo del mes la entrada es <strong>gratuita<\/strong>.<\/p>\n<p style=\"text-align: justify;\">Las entradas est\u00e1n a la venta a trav\u00e9s de Sympla, <a href=\"https:\/\/bileto.sympla.com.br\/event\/101272\/d\/292165\">en este enlace<\/a> de la taquilla oficial de Inhotim. Tambi\u00e9n podr\u00e1s comprarlas directamente en la taquilla del parque, situada en Recepci\u00f3n. Los precios de las entradas est\u00e1n disponibles en el sitio web: <a href=\"https:\/\/www.inhotim.org.br\">https:\/\/www.inhotim.org.br<\/a><\/p>\n<h3 style=\"text-align: justify;\"><span style=\"color: #ff0000;\"><strong>Ropa<\/strong><\/span><\/h3>\n<p style=\"text-align: justify;\">Se recomienda llevar ropa c\u00f3moda y tambi\u00e9n sombrero o gorra.<\/p>\n<h3 style=\"text-align: justify;\"><span style=\"color: #ff0000;\"><strong>Carros el\u00e9ctricos<\/strong><\/span><\/h3>\n<p style=\"text-align: justify;\">El recorrido del museo se puede realizar a pie o alquilando <strong>carros el\u00e9ctricos<\/strong>, que cubren los tramos m\u00e1s largos, facilitando el acceso a las distintas galer\u00edas. Para garantizar este transporte anticipado, solic\u00edtelo en la agencia oficial Inhotim, Belvitur, o a trav\u00e9s de la plataforma Sympla, al momento de comprar su billete (<a href=\"https:\/\/www.inhotim.org.br\/visite\/ingressos\/\">Reserve aqu\u00ed<\/a>). Tambi\u00e9n es posible hacerlo en Recepci\u00f3n Inhotim, sujeto a disponibilidad.<\/p>\n<h3 style=\"text-align: justify;\"><strong><span style=\"color: #ff0000;\">Alimentaci\u00f3n<\/span> <\/strong><\/h3>\n<p style=\"text-align: justify;\">En Inhotim encontrar\u00e1s puntos de alimentaci\u00f3n repartidos por todo el parque, ya sea para almorzar en restaurantes, tomar un caf\u00e9 o hacer una pausa durante tu visita.<\/p>\n<h3 style=\"text-align: justify;\"><span style=\"color: #ff0000;\"><strong>Visitas guiadas<\/strong><\/span><\/h3>\n<p style=\"text-align: justify;\">Los visitantes son acompa\u00f1ados por mediadores experimentados en el espacio, quienes guiar\u00e1n la visita seg\u00fan el perfil, grupo de edad e informaci\u00f3n proporcionada por los participantes de cada grupo.<\/p>\n<p style=\"text-align: justify;\"><strong>Visitas guiadas de 2 horas, en portugu\u00e9s:<\/strong><\/p>\n<ul style=\"text-align: justify;\">\n<li>Grupo de hasta 4 personas: R$ 450,00<\/li>\n<li>Grupo de 5 a 10 personas: R$ 550,00<\/li>\n<li>Grupo de 11 a 25 personas: R$ 800,00<\/li>\n<\/ul>\n<p style=\"text-align: justify;\"><strong>Visitas guiadas de 2 horas, biling\u00fces (ingl\u00e9s, espa\u00f1ol, franc\u00e9s o alem\u00e1n)<\/strong><\/p>\n<ul style=\"text-align: justify;\">\n<li>Grupo de 11 a 25 personas: R$ 850,00<\/li>\n<li>Las solicitudes deben realizarse por correo electr\u00f3nico: <a href=\"mailto:inhotim@belvitur.com.br\">inhotim@belvitur.com.br<\/a><\/li>\n<\/ul>\n<h3 style=\"text-align: justify;\"><span style=\"color: #ff0000;\"><strong>C\u00f3mo llegar<\/strong><\/span><\/h3>\n<p style=\"text-align: justify;\">Inhotim est\u00e1 ubicado en Rua B, 20, Inhotim, Brumadinho \u2013 MG, Brasil.<\/p>\n<p style=\"text-align: justify;\"><span style=\"color: #000000;\"><strong>Auto<\/strong><\/span><\/p>\n<p style=\"text-align: justify;\">El acceso se puede realizar en coche a trav\u00e9s de la carretera BR-381 (pasando por M\u00e1rio Campos) o de la carretera BR-040 (pasando por Piedade do Paraopeba).<\/p>\n<p style=\"text-align: justify;\"><span style=\"color: #000000;\"><strong>Traslado\/autob\u00fas<\/strong><\/span><\/p>\n<p style=\"text-align: justify;\">El transfer\/autob\u00fas se puede contratar a trav\u00e9s de Transfer Belvitur, empresa oficial de Inhotim, con punto de embarque situado en el Hotel Holiday Inn (Rua Profesor Moraes, n\u00ba 600 \u2013 Savassi, Belo Horizonte).<\/p>\n<ul style=\"text-align: justify;\">\n<li><strong>Hora de embarque:<\/strong> 7:45 am y salida a las 8 am.<\/li>\n<li><strong>Regreso:<\/strong> mi\u00e9rcoles a viernes, a las 16:30 horas | S\u00e1bados, domingos y festivos, a las 17:30 horas.<\/li>\n<li><strong>Precios:<\/strong> R$ 130 ida y vuelta y R$ 70 solo ida.<\/li>\n<\/ul>\n<p style=\"text-align: justify;\">Reservas por tel\u00e9fono + 55 31 3195-9090 (Contacto s\u00f3lo por WhatsApp) o a trav\u00e9s del sitio web <a href=\"http:\/\/www.beticket.com.br\">http:\/\/www.beticket.com.br<\/a><\/p>\n<p style=\"text-align: justify;\">Las reservas s\u00f3lo se garantizar\u00e1n mediante pago por adelantado. El servicio deber\u00e1 solicitarse con al menos 24 horas antes, de lunes a viernes, de 8h a 18h. No ser\u00e1 posible solicitar el servicio el d\u00eda de la visita.<\/p>\n<h3 style=\"text-align: justify;\"><span style=\"color: #ff0000;\"><strong>Alojamiento en el lugar<\/strong><\/span><\/h3>\n<p style=\"text-align: justify;\">Para una experiencia inmersiva est\u00e1 el resort Clara Arte que ofrece suites y bungalows con pensi\u00f3n completa: <a href=\"https:\/\/clararesorts.com.br\/clara-arte\">https:\/\/clararesorts.com.br\/clara-arte<\/a><\/p>\n<p style=\"text-align: justify;\">Reservas por el sitio o por e-mail: <a href=\"mailto:reservas@clararesorts.com.br\">reservas@clararesorts.com.br<\/a><\/p>\n<p>&nbsp;<\/p>\n<p style=\"text-align: center;\"><strong>Para mayores informaciones, acceda:<\/strong><\/p>\n<p style=\"text-align: center;\"><a href=\"https:\/\/www.inhotim.org.br\/en\/\">https:\/\/www.inhotim.org.br\/en\/<\/a><\/p>\n<p style=\"text-align: center;\"><strong>Para un poco m\u00e1s, mire:<\/strong><strong>\u00a0<\/strong><\/p>\n<p style=\"text-align: center;\">Yayoi Kusama<\/p>\n<p style=\"text-align: center;\"><a href=\"https:\/\/www.youtube.com\/shorts\/u83HGUiTve8\">https:\/\/www.youtube.com\/shorts\/u83HGUiTve8<\/a><\/p>\n<p style=\"text-align: center;\">Adriana Varej\u00e3o<\/p>\n<p style=\"text-align: center;\"><a href=\"https:\/\/www.youtube.com\/watch?v=tAdYt4gw5s0\">https:\/\/www.youtube.com\/watch?v=tAdYt4gw5s0<\/a><\/p>\n<p style=\"text-align: center;\">Cildo Meireles<\/p>\n<p style=\"text-align: center;\"><a href=\"https:\/\/www.youtube.com\/watch?v=5sCs6fME3_w\">https:\/\/www.youtube.com\/watch?v=5sCs6fME3_w<\/a><\/p>\n<p style=\"text-align: center;\">Tunga<\/p>\n<p style=\"text-align: center;\"><a href=\"https:\/\/www.youtube.com\/watch?v=1_N8xipgQZQ\">https:\/\/www.youtube.com\/watch?v=1_N8xipgQZQ<\/a><\/p>\n<p style=\"text-align: center;\">Rivane Neunenschwander<\/p>\n<p style=\"text-align: center;\"><a href=\"https:\/\/www.inhotim.org.br\/eventos\/rivane-neuenschwander-tangolomango\/\">https:\/\/www.inhotim.org.br\/eventos\/rivane-neuenschwander-tangolomango\/<\/a><\/p>\n[\/vc_column_text][\/vc_column][\/vc_row]\n<\/div>","protected":false},"excerpt":{"rendered":"<p>[vc_row][vc_column][\/vc_column][\/vc_row][vc_row][vc_column][vc_column_text css=\u00bb\u00bb] Instituto Inhotim [\/vc_column_text][vc_column_text css=\u00bb\u00bb] Ubicado en la ciudad de Brumadinho, a una hora y media de Belo Horizonte, el Instituto Inhotim alberga una de las m\u00e1s importantes colecciones de arte contempor\u00e1neo de Brasil y adem\u00e1s, es considerado el mayor museo al aire libre del mundo. Con m\u00e1s de veinte galer\u00edas en un \u00e1rea&hellip;<\/p>\n","protected":false},"author":3,"featured_media":0,"parent":570,"menu_order":0,"comment_status":"closed","ping_status":"closed","template":"templates\/no-sidebar.php","meta":{"_monsterinsights_skip_tracking":false,"_monsterinsights_sitenote_active":false,"_monsterinsights_sitenote_note":"","_monsterinsights_sitenote_category":0,"footnotes":""},"_links":{"self":[{"href":"https:\/\/enapol.com\/xii\/es\/wp-json\/wp\/v2\/pages\/1725"}],"collection":[{"href":"https:\/\/enapol.com\/xii\/es\/wp-json\/wp\/v2\/pages"}],"about":[{"href":"https:\/\/enapol.com\/xii\/es\/wp-json\/wp\/v2\/types\/page"}],"author":[{"embeddable":true,"href":"https:\/\/enapol.com\/xii\/es\/wp-json\/wp\/v2\/users\/3"}],"replies":[{"embeddable":true,"href":"https:\/\/enapol.com\/xii\/es\/wp-json\/wp\/v2\/comments?post=1725"}],"version-history":[{"count":4,"href":"https:\/\/enapol.com\/xii\/es\/wp-json\/wp\/v2\/pages\/1725\/revisions"}],"predecessor-version":[{"id":2827,"href":"https:\/\/enapol.com\/xii\/es\/wp-json\/wp\/v2\/pages\/1725\/revisions\/2827"}],"up":[{"embeddable":true,"href":"https:\/\/enapol.com\/xii\/es\/wp-json\/wp\/v2\/pages\/570"}],"wp:attachment":[{"href":"https:\/\/enapol.com\/xii\/es\/wp-json\/wp\/v2\/media?parent=1725"}],"curies":[{"name":"wp","href":"https:\/\/api.w.org\/{rel}","templated":true}]}}