{"id":1733,"date":"2025-02-26T11:58:59","date_gmt":"2025-02-26T14:58:59","guid":{"rendered":"https:\/\/enapol.com\/xii\/?page_id=1733"},"modified":"2025-05-28T09:11:04","modified_gmt":"2025-05-28T12:11:04","slug":"sugerencias-de-paseos","status":"publish","type":"page","link":"https:\/\/enapol.com\/xii\/es\/recepcion\/sugerencias-de-paseos\/","title":{"rendered":"Sugerencias de paseos"},"content":{"rendered":"<div class=\"wpb-content-wrapper\">[vc_row][vc_column]<div class=\"vcex-spacing wpex-w-100 wpex-clear\" style=\"height:50px;\"><\/div>[\/vc_column][\/vc_row][vc_row css=\u00bb.vc_custom_1747916072938{background-color: #FFFFFF !important;}\u00bb][vc_column]<figure class=\"vcex-image vcex-module\"><div class=\"vcex-image-inner wpex-relative wpex-inline-block\"><img width=\"2300\" height=\"1294\" src=\"https:\/\/enapol.com\/xii\/wp-content\/uploads\/sites\/10\/2025\/04\/Turismo_es_Pagina_1.jpg\" class=\"vcex-image-img wpex-align-middle\" alt=\"\" loading=\"lazy\" decoding=\"async\" srcset=\"https:\/\/enapol.com\/xii\/wp-content\/uploads\/sites\/10\/2025\/04\/Turismo_es_Pagina_1.jpg 2300w, https:\/\/enapol.com\/xii\/wp-content\/uploads\/sites\/10\/2025\/04\/Turismo_es_Pagina_1-300x169.jpg 300w, https:\/\/enapol.com\/xii\/wp-content\/uploads\/sites\/10\/2025\/04\/Turismo_es_Pagina_1-1024x576.jpg 1024w, https:\/\/enapol.com\/xii\/wp-content\/uploads\/sites\/10\/2025\/04\/Turismo_es_Pagina_1-768x432.jpg 768w, https:\/\/enapol.com\/xii\/wp-content\/uploads\/sites\/10\/2025\/04\/Turismo_es_Pagina_1-1536x864.jpg 1536w, https:\/\/enapol.com\/xii\/wp-content\/uploads\/sites\/10\/2025\/04\/Turismo_es_Pagina_1-2048x1152.jpg 2048w, https:\/\/enapol.com\/xii\/wp-content\/uploads\/sites\/10\/2025\/04\/Turismo_es_Pagina_1-500x281.jpg 500w, https:\/\/enapol.com\/xii\/wp-content\/uploads\/sites\/10\/2025\/04\/Turismo_es_Pagina_1-700x394.jpg 700w\" sizes=\"(max-width: 2300px) 100vw, 2300px\" \/><\/div><\/figure>[vc_column_text css=\u00bb\u00bb]\n<p style=\"text-align: center;\"><span style=\"font-size: 13px;\"><strong>Autor: \u00a0T\u00falio Magno de Oliveira Resende<\/strong><\/span><\/p>\n<p style=\"text-align: justify;\">Belo Horizonte es una ciudad que antecedi\u00f3 a Brasilia, capital de Brasil, en el contexto nacional como proyecto de metr\u00f3polis planificada. Por eso, la capital minera se configur\u00f3 primero en el papel, en el planeamiento, para despu\u00e9s concretarse en las calles, en los edificios y en el paisaje urbano. Al igual que en las ciudades coloniales analizadas por \u00c1ngel Rama en <em>La ciudad letrada<\/em>, Belo Horizonte adopta la cuadr\u00edcula cartesiana no solo como est\u00e9tica, sino como un gesto de hacer que la urbe nazca primero en el papel \u2014como signo\u2014 para solo despu\u00e9s erguirse en ladrillo \u2014como cosa\u2014.<\/p>\n<p style=\"text-align: justify;\">Si, en la lectura de Rama, el enfoque recae sobre la ciudad barroca colonizada por la Am\u00e9rica espa\u00f1ola, Belo Horizonte nace con otra intenci\u00f3n \u2014igualmente cartesiana, pero ahora con una marca positivista, propia de un pa\u00eds que buscaba, con su reci\u00e9n instaurada Rep\u00fablica, un s\u00edmbolo de modernizaci\u00f3n. As\u00ed, la capital minera se presenta como un proyecto moderno, pero incrustado en un estado profundamente marcado por la tradici\u00f3n, el conservadurismo y las estructuras del patriarcado rural.<\/p>\n<p style=\"text-align: justify;\">\u00a0Es en este escenario que, en 1924, un grupo de modernistas \u2014en una caravana compuesta por nombres como M\u00e1rio de Andrade, Tarsila do Amaral y Oswald de Andrade\u2014 visita Belo Horizonte en medio de su incursi\u00f3n por Minas Gerais para redescubrir Brasil y las riquezas culturales de sus ciudades hist\u00f3ricas. Al llegar, encuentran en la capital del estado, adem\u00e1s de ese signo de la tensi\u00f3n entre modernidad y tradici\u00f3n, un grupo de escritores y poetas ya inmersos en la complejidad de ese mismo concepto: como Carlos Drummond de Andrade, Em\u00edlio Moura y Jo\u00e3o Alphonsus, quienes se reun\u00edan en el Caf\u00e9 Estrela, un sal\u00f3n al estilo parisino que simbolizaba la aspiraci\u00f3n cosmopolita de la capital. Ir\u00f3nicamente, ese mismo espacio era sustentado por el \u2018otro caf\u00e9\u2019 \u2014el grano minero que alimentaba la econom\u00eda rural patriarcal. D\u00e9cadas despu\u00e9s, Fernando Sabino y los \u2018cuatro jinetes\u2019 mineros transformar\u00edan esa ambivalencia en una prosa \u00edntima, mientras que el Clube da Esquina la traducir\u00eda en canciones que mezclan la guitarra el\u00e9ctrica y la saudade de la viola.<\/p>\n<p style=\"text-align: justify;\">Belo Horizonte encarna la convivencia contradictoria entre el proyecto moderno y las ra\u00edces profundas de un pasado que insiste \u2014y es precisamente en esa fricci\u00f3n donde la literatura minera se establece como esencial para comprender a Brasil.<\/p>\n[\/vc_column_text]<figure class=\"vcex-image vcex-module\"><div class=\"vcex-image-inner wpex-relative wpex-inline-block\"><img width=\"2560\" height=\"1440\" src=\"https:\/\/enapol.com\/xii\/wp-content\/uploads\/sites\/10\/2025\/04\/Turismo_es_Pagina_2-scaled.jpg\" class=\"vcex-image-img wpex-align-middle\" alt=\"\" loading=\"lazy\" decoding=\"async\" srcset=\"https:\/\/enapol.com\/xii\/wp-content\/uploads\/sites\/10\/2025\/04\/Turismo_es_Pagina_2-scaled.jpg 2560w, https:\/\/enapol.com\/xii\/wp-content\/uploads\/sites\/10\/2025\/04\/Turismo_es_Pagina_2-300x169.jpg 300w, https:\/\/enapol.com\/xii\/wp-content\/uploads\/sites\/10\/2025\/04\/Turismo_es_Pagina_2-1024x576.jpg 1024w, https:\/\/enapol.com\/xii\/wp-content\/uploads\/sites\/10\/2025\/04\/Turismo_es_Pagina_2-768x432.jpg 768w, https:\/\/enapol.com\/xii\/wp-content\/uploads\/sites\/10\/2025\/04\/Turismo_es_Pagina_2-1536x864.jpg 1536w, https:\/\/enapol.com\/xii\/wp-content\/uploads\/sites\/10\/2025\/04\/Turismo_es_Pagina_2-2048x1152.jpg 2048w, https:\/\/enapol.com\/xii\/wp-content\/uploads\/sites\/10\/2025\/04\/Turismo_es_Pagina_2-500x281.jpg 500w, https:\/\/enapol.com\/xii\/wp-content\/uploads\/sites\/10\/2025\/04\/Turismo_es_Pagina_2-700x394.jpg 700w\" sizes=\"(max-width: 2560px) 100vw, 2560px\" \/><\/div><\/figure><figure class=\"vcex-image vcex-module\"><div class=\"vcex-image-inner wpex-relative wpex-inline-block\"><img width=\"2560\" height=\"1440\" src=\"https:\/\/enapol.com\/xii\/wp-content\/uploads\/sites\/10\/2025\/04\/Turismo_es_Pagina_3-scaled.jpg\" class=\"vcex-image-img wpex-align-middle\" alt=\"\" loading=\"lazy\" decoding=\"async\" srcset=\"https:\/\/enapol.com\/xii\/wp-content\/uploads\/sites\/10\/2025\/04\/Turismo_es_Pagina_3-scaled.jpg 2560w, https:\/\/enapol.com\/xii\/wp-content\/uploads\/sites\/10\/2025\/04\/Turismo_es_Pagina_3-300x169.jpg 300w, https:\/\/enapol.com\/xii\/wp-content\/uploads\/sites\/10\/2025\/04\/Turismo_es_Pagina_3-1024x576.jpg 1024w, https:\/\/enapol.com\/xii\/wp-content\/uploads\/sites\/10\/2025\/04\/Turismo_es_Pagina_3-768x432.jpg 768w, https:\/\/enapol.com\/xii\/wp-content\/uploads\/sites\/10\/2025\/04\/Turismo_es_Pagina_3-1536x864.jpg 1536w, https:\/\/enapol.com\/xii\/wp-content\/uploads\/sites\/10\/2025\/04\/Turismo_es_Pagina_3-2048x1152.jpg 2048w, https:\/\/enapol.com\/xii\/wp-content\/uploads\/sites\/10\/2025\/04\/Turismo_es_Pagina_3-500x281.jpg 500w, https:\/\/enapol.com\/xii\/wp-content\/uploads\/sites\/10\/2025\/04\/Turismo_es_Pagina_3-700x394.jpg 700w\" sizes=\"(max-width: 2560px) 100vw, 2560px\" \/><\/div><\/figure><figure class=\"vcex-image vcex-module\"><div class=\"vcex-image-inner wpex-relative wpex-inline-block\"><img width=\"2560\" height=\"1440\" src=\"https:\/\/enapol.com\/xii\/wp-content\/uploads\/sites\/10\/2025\/04\/Turismo_es_Pagina_4-scaled.jpg\" class=\"vcex-image-img wpex-align-middle\" alt=\"\" loading=\"lazy\" decoding=\"async\" srcset=\"https:\/\/enapol.com\/xii\/wp-content\/uploads\/sites\/10\/2025\/04\/Turismo_es_Pagina_4-scaled.jpg 2560w, https:\/\/enapol.com\/xii\/wp-content\/uploads\/sites\/10\/2025\/04\/Turismo_es_Pagina_4-300x169.jpg 300w, https:\/\/enapol.com\/xii\/wp-content\/uploads\/sites\/10\/2025\/04\/Turismo_es_Pagina_4-1024x576.jpg 1024w, https:\/\/enapol.com\/xii\/wp-content\/uploads\/sites\/10\/2025\/04\/Turismo_es_Pagina_4-768x432.jpg 768w, https:\/\/enapol.com\/xii\/wp-content\/uploads\/sites\/10\/2025\/04\/Turismo_es_Pagina_4-1536x864.jpg 1536w, https:\/\/enapol.com\/xii\/wp-content\/uploads\/sites\/10\/2025\/04\/Turismo_es_Pagina_4-2048x1152.jpg 2048w, https:\/\/enapol.com\/xii\/wp-content\/uploads\/sites\/10\/2025\/04\/Turismo_es_Pagina_4-500x281.jpg 500w, https:\/\/enapol.com\/xii\/wp-content\/uploads\/sites\/10\/2025\/04\/Turismo_es_Pagina_4-700x394.jpg 700w\" sizes=\"(max-width: 2560px) 100vw, 2560px\" \/><\/div><\/figure><figure class=\"vcex-image vcex-module\"><div class=\"vcex-image-inner wpex-relative wpex-inline-block\"><img width=\"2560\" height=\"1440\" src=\"https:\/\/enapol.com\/xii\/wp-content\/uploads\/sites\/10\/2025\/04\/Turismo_es_Pagina_5-scaled.jpg\" class=\"vcex-image-img wpex-align-middle\" alt=\"\" loading=\"lazy\" decoding=\"async\" srcset=\"https:\/\/enapol.com\/xii\/wp-content\/uploads\/sites\/10\/2025\/04\/Turismo_es_Pagina_5-scaled.jpg 2560w, https:\/\/enapol.com\/xii\/wp-content\/uploads\/sites\/10\/2025\/04\/Turismo_es_Pagina_5-300x169.jpg 300w, https:\/\/enapol.com\/xii\/wp-content\/uploads\/sites\/10\/2025\/04\/Turismo_es_Pagina_5-1024x576.jpg 1024w, https:\/\/enapol.com\/xii\/wp-content\/uploads\/sites\/10\/2025\/04\/Turismo_es_Pagina_5-768x432.jpg 768w, https:\/\/enapol.com\/xii\/wp-content\/uploads\/sites\/10\/2025\/04\/Turismo_es_Pagina_5-1536x864.jpg 1536w, https:\/\/enapol.com\/xii\/wp-content\/uploads\/sites\/10\/2025\/04\/Turismo_es_Pagina_5-2048x1152.jpg 2048w, https:\/\/enapol.com\/xii\/wp-content\/uploads\/sites\/10\/2025\/04\/Turismo_es_Pagina_5-500x281.jpg 500w, https:\/\/enapol.com\/xii\/wp-content\/uploads\/sites\/10\/2025\/04\/Turismo_es_Pagina_5-700x394.jpg 700w\" sizes=\"(max-width: 2560px) 100vw, 2560px\" \/><\/div><\/figure>[\/vc_column][\/vc_row]\n<\/div>","protected":false},"excerpt":{"rendered":"<p>[vc_row][vc_column][\/vc_column][\/vc_row][vc_row css=\u00bb.vc_custom_1747916072938{background-color: #FFFFFF !important;}\u00bb][vc_column][vc_column_text css=\u00bb\u00bb] Autor: \u00a0T\u00falio Magno de Oliveira Resende Belo Horizonte es una ciudad que antecedi\u00f3 a Brasilia, capital de Brasil, en el contexto nacional como proyecto de metr\u00f3polis planificada. Por eso, la capital minera se configur\u00f3 primero en el papel, en el planeamiento, para despu\u00e9s concretarse en las calles, en los edificios&hellip;<\/p>\n","protected":false},"author":3,"featured_media":0,"parent":570,"menu_order":0,"comment_status":"closed","ping_status":"closed","template":"templates\/no-sidebar.php","meta":{"_monsterinsights_skip_tracking":false,"_monsterinsights_sitenote_active":false,"_monsterinsights_sitenote_note":"","_monsterinsights_sitenote_category":0,"footnotes":""},"_links":{"self":[{"href":"https:\/\/enapol.com\/xii\/es\/wp-json\/wp\/v2\/pages\/1733"}],"collection":[{"href":"https:\/\/enapol.com\/xii\/es\/wp-json\/wp\/v2\/pages"}],"about":[{"href":"https:\/\/enapol.com\/xii\/es\/wp-json\/wp\/v2\/types\/page"}],"author":[{"embeddable":true,"href":"https:\/\/enapol.com\/xii\/es\/wp-json\/wp\/v2\/users\/3"}],"replies":[{"embeddable":true,"href":"https:\/\/enapol.com\/xii\/es\/wp-json\/wp\/v2\/comments?post=1733"}],"version-history":[{"count":9,"href":"https:\/\/enapol.com\/xii\/es\/wp-json\/wp\/v2\/pages\/1733\/revisions"}],"predecessor-version":[{"id":5152,"href":"https:\/\/enapol.com\/xii\/es\/wp-json\/wp\/v2\/pages\/1733\/revisions\/5152"}],"up":[{"embeddable":true,"href":"https:\/\/enapol.com\/xii\/es\/wp-json\/wp\/v2\/pages\/570"}],"wp:attachment":[{"href":"https:\/\/enapol.com\/xii\/es\/wp-json\/wp\/v2\/media?parent=1733"}],"curies":[{"name":"wp","href":"https:\/\/api.w.org\/{rel}","templated":true}]}}