{"id":1740,"date":"2025-02-26T12:05:56","date_gmt":"2025-02-26T11:05:56","guid":{"rendered":"https:\/\/enapol.com\/xii\/?page_id=1740"},"modified":"2025-03-31T11:12:49","modified_gmt":"2025-03-31T14:12:49","slug":"referencias-bibliograficas","status":"publish","type":"page","link":"https:\/\/enapol.com\/xii\/es\/epistemico\/bibliografia\/referencias-bibliograficas\/","title":{"rendered":"Referencias bibliogr\u00e1ficas"},"content":{"rendered":"<div class=\"wpb-content-wrapper\">[vc_row][vc_column]<div class=\"vcex-spacing wpex-w-100 wpex-clear\" style=\"height:50px;\"><\/div>[\/vc_column][\/vc_row][vc_row][vc_column][vc_column_text css=\u00bb\u00bb]\n<article id=\"single-blocks\" class=\"single-page-article wpex-clr\">\n<div class=\"single-page-content single-content entry wpex-clr\">\n<div class=\"wpb-content-wrapper\">\n<div class=\"vc_row wpb_row vc_row-fluid wpex-relative\">\n<div class=\"wpb_column vc_column_container vc_col-sm-12\">\n<div class=\"vc_column-inner\">\n<div class=\"wpb_wrapper\">\n<div class=\"wpb_text_column wpb_content_element\">\n<div class=\"wpb_wrapper\">\n<article id=\"single-blocks\" class=\"single-page-article wpex-clr\">\n<div class=\"single-page-content single-content entry wpex-clr\">\n<div class=\"wpb-content-wrapper\">\n<div class=\"vc_row wpb_row vc_row-fluid wpex-relative\">\n<div class=\"wpb_column vc_column_container vc_col-sm-12\">\n<div class=\"vc_column-inner\">\n<div class=\"wpb_wrapper\">\n<div class=\"wpb_text_column wpb_content_element\">\n<div class=\"wpb_wrapper\">\n<article id=\"single-blocks\" class=\"single-page-article wpex-clr\">\n<div class=\"single-page-content single-content entry wpex-clr\">\n<div class=\"wpb-content-wrapper\">\n<div class=\"vc_row wpb_row vc_row-fluid wpex-relative\">\n<div class=\"wpb_column vc_column_container vc_col-sm-12\">\n<div class=\"vc_column-inner\">\n<div class=\"wpb_wrapper\">\n<div class=\"wpb_text_column wpb_content_element\">\n<div class=\"wpb_wrapper\">\n<h3><b><span style=\"font-family: arial, sans-serif;\">LISTA\u00a0DE\u00a0REFERENCIAS CON PALABRAS-CLAVE:<\/span><\/b><\/h3>\n<h3><span style=\"color: #ff0000;\"><strong>FREUD<\/strong><\/span><\/h3>\n<p>FREUD, S.\u00a0 \u201c<strong>Sobre los recuerdos encubridores<\/strong>\u201d (1899), En <em>Obras completas<\/em>, Buenos Aires, Amorrortu, 1991. Vol. III. pp.314-315.<\/p>\n<p style=\"padding-left: 40px;\"><strong>Palabras clave<\/strong>: escenas de la infancia; recuerdos falseados; recuerdos encubridores; recuerdos de la infancia; recuerdos sobre la infancia.<\/p>\n<p>FREUD; S. \u201c<strong>Tres ensayos de teor\u00eda sexual\u201d<\/strong> (1905), En <em>Obras completas<\/em>, Vol. VII, Buenos Aires, Amorrortu, 2007. pp. 111-223.<\/p>\n<p style=\"padding-left: 40px;\"><strong>Palabras clave<\/strong>: Fijaci\u00f3n; pulsi\u00f3n; angustia infantil.<\/p>\n<p>FREUD; S. \u201c<strong>Sobre la din\u00e1mica de la transferencia<\/strong>\u201d (1911-1913), En <em>Obras completas<\/em>, Vol. XII, Buenos Aires, Amorrortu, 2007, pp. 93-105.<\/p>\n<p style=\"padding-left: 40px;\"><strong>Palabras clave<\/strong>: Pulsi\u00f3n; meta; fijaci\u00f3n; inconsciente.<\/p>\n<p>FREUD, S. <strong>\u201cRecordar, repetir, reelaborar\u201d<\/strong> (1911-1913), En <em>Obras completas<\/em>, Vol. XII, Buenos Aires, Amorrortu, 2007. pp 145-157.<\/p>\n<p style=\"padding-left: 40px;\"><strong>Palabras clave<\/strong>: Olvido; repetici\u00f3n; acci\u00f3n.<\/p>\n<p>FREUD; S. \u201c<strong>De la historia de una neurosis infantil<\/strong>\u201d (1917-1919) En <em>Obras completas<\/em>, Vol. XVI, Buenos Aires, Amorrortu, 1975. pp. 27-53.<\/p>\n<p style=\"padding-left: 40px;\"><strong>Palabras clave<\/strong>: Conducta; sentimiento de culpa; satisfacci\u00f3n; fantas\u00edas.<\/p>\n<p>FREUD, S., \u201c<strong>Lo ominoso<\/strong>\u201d (1919) En <em>Obras completas,<\/em> Vol. XVII, Buenos Aires, Amorrortu editores, 1992, pp. 219-251.<\/p>\n<p style=\"padding-left: 40px;\"><strong>Palabras claves<\/strong>: Consabido de antiguo; complejo infantil; factor infantil; compulsi\u00f3n de repetici\u00f3n.<\/p>\n<p>FREUD, S. \u201c<strong>Pegan a un ni\u00f1o. Contribuci\u00f3n al conocimiento de la g\u00e9nesis de las perversiones sexuales<\/strong>\u201d (1919) En: <em>Obras completas<\/em>, Vol. XVII, Buenos Aires, Amorrortu Editores, 1997, pp.173.<\/p>\n<p style=\"padding-left: 40px;\"><strong>Palavras clave<\/strong>: Fantasia; pulsi\u00f3n; masoquismo; sadismo.<\/p>\n<p>FREUD; S. \u201c<strong>Inhibici\u00f3n, S\u00edntoma y Angustia<\/strong>\u201d (1926 [1925]), En <em>Obras completas<\/em> Vol. XX, Buenos Aires, Amorrortu editores, 1982, pp. 89 \u2013 156.<\/p>\n<p style=\"padding-left: 40px;\"><strong>Palabras clave<\/strong>: Angustia; castraci\u00f3n; denegaci\u00f3n; frustraci\u00f3n; trauma; s\u00faper yo.<\/p>\n<hr \/>\n<h3><span style=\"color: #ff0000;\"><strong>LACAN<\/strong><\/span><\/h3>\n<h3><strong>SEMINARIOS<\/strong><\/h3>\n<p>LACAN. J. \u201c<strong>El yo y el outro yo<\/strong>\u201d (1954) En: El seminario libro 1, Los escritos t\u00e9cnicos de Freud, Buenos Aires, Ed Paid\u00f3s, 1981, p.67<\/p>\n<p style=\"padding-left: 40px;\"><strong>Palabras clave<\/strong>: Resistencia; transferencia; represi\u00f3n; verwerfung; verdrangung.<\/p>\n<p>LACAN, J. \u201c<strong>Saber, verdad, opini\u00f3n<\/strong>\u201d (1954) En: El seminario, libro 2, El yo en la teor\u00eda da Freud y en la t\u00e9cnica psicoanal\u00edtica\u201d, Buenos Aires, Paid\u00f3s 2017, pp.211-223<\/p>\n<p style=\"padding-left: 40px;\"><strong>Palabras clave<\/strong>: Saber; simb\u00f3lico; verdad; acci\u00f3n anal\u00edtica<\/p>\n<p>LACAN, J. \u201c<strong>Las m\u00e1scaras del s\u00edntoma<\/strong>\u201d (1957-1958) El seminario, libro 5, Las formaciones del inconsciente, Buenos Aires, Paid\u00f3s, 1998, p.335.<\/p>\n<p style=\"padding-left: 40px;\"><strong>Palabras clave<\/strong>: S\u00edntoma habla en sesi\u00f3n; eso habla; palabra.<\/p>\n<p>LACAN, J. \u201c<strong>La pulsi\u00f3n de muerte<\/strong>\u201d (1959-1960) En: El seminario, libro 7, La \u00e9tica del psicoan\u00e1lisis, Buenos Aires, Paid\u00f3s, 1990, p. 249.<\/p>\n<p style=\"padding-left: 40px;\"><strong>Palabras clave<\/strong>: Memoria; pulsi\u00f3n; destrucci\u00f3n; rememoraci\u00f3n.<\/p>\n<p>LACAN, J. \u201c<strong>La funci\u00f3n de lo bello<\/strong>\u201d (1959-1960) En: El seminario, libro 7, La \u00e9tica del psicoan\u00e1lisis, Buenos Aires, Paid\u00f3s, 1999, pp. 287-298<\/p>\n<p style=\"padding-left: 40px;\"><strong>Palabras clave<\/strong>: Lo real estalla; deseo perverso; lo desconocido terrible; elecci\u00f3n absoluta.<\/p>\n<p>LACAN, J. \u201c<strong>El sujeto y el Otro: la alienaci\u00f3n<\/strong>\u201d En: El seminario, libro 11, Los cuatro conceptos fundamentales. Buenos Aires, Paid\u00f3s, 2017, p.211.<\/p>\n<p style=\"padding-left: 40px;\"><strong>Palabras clave<\/strong>: Sujeto; alienaci\u00f3n; interpretaci\u00f3n; sin sentido.<\/p>\n<p>LACAN, J. \u201c<strong>Producci\u00f3n de los cuatro discursos<\/strong>\u201d (1969-1970) En: El seminario, Libro 17, El reverso del psicoan\u00e1lisis, Buenos Aires, Paid\u00f3s, 2008, pp. 9-25.<\/p>\n<p style=\"padding-left: 40px;\"><strong>Palabras claves:<\/strong> Irrupci\u00f3n; plus de goce; goce como l\u00edmite; discurso sin palabras.<\/p>\n<p>LACAN, J. \u201c<strong>Topolog\u00eda de la palabra<\/strong>\u201d (1971-1972) En: El seminario, libro 19, \u2026o peor, Buenos Aires, Paid\u00f3s, 2012, p.67.<\/p>\n<p style=\"padding-left: 40px;\"><strong>Palabra clave<\/strong>: Funci\u00f3n de la palabra; eso habla; hecho; dicho; hablar; decir.<\/p>\n<p>LACAN, J. \u201c<strong>La funci\u00f3n de lo escrito<\/strong>.\u201d (1972-1973) En: El seminario, libro 20, Aun,\u00a0 Buenos Aires, Paid\u00f3s, 2012, pp. 37-49.<\/p>\n<p style=\"padding-left: 40px;\"><strong>Palabras clave<\/strong>: No quiero saber nada de eso; goce; eso habla; objeto a.<\/p>\n<h3><strong>ESCRITOS<\/strong><\/h3>\n<p>LACAN. J. \u201c<strong>El estadio del espejo como formador de funci\u00f3n yo<\/strong>\u201d En: Escritos 1, Buenos Aires, Siglo XXI, 2003, p.86<\/p>\n<p style=\"padding-left: 40px;\"><strong>Palabras clave<\/strong>: imaginario; libido narcisista; yo; otro; agresividad.<\/p>\n<p>LACAN, J. \u201c<strong>Subversi\u00f3n del sujeto y dial\u00e9ctica del deseo en el inconsciente freudiano<\/strong>\u201d (1960) En: Escritos 2, Siglo XXI Editores, M\u00e9xico 1997, p.755.<\/p>\n<p style=\"padding-left: 40px;\"><strong>Palabras clave<\/strong>: Deseo; inconsciente; sujeto; ciencia y verdad.<\/p>\n<h3><strong>OTROS ESCRITOS<\/strong><\/h3>\n<p>LACAN, J.\u00a0 \u201c<strong>Alocuci\u00f3n sobre las psicosis del ni\u00f1o<\/strong>\u201d (1967) En: Otros escritos, Buenos Aires, Paid\u00f3s, 2012, pp. 381-399.<\/p>\n<p style=\"padding-left: 40px;\"><strong>Palabras claves<\/strong>: Locura; l\u00edmite; ser-para-el sexo; ni\u00f1o generalizado.<\/p>\n<p>LACAN, J. \u201c<strong>Nota sobre el ni\u00f1o<\/strong>\u201d (1969) En: Otros Escritos, Buenos Aires, Paid\u00f3s, 2012, pp.393-394.<\/p>\n<p style=\"padding-left: 40px;\"><strong>Palabras clave<\/strong>: Ni\u00f1o; deseo no an\u00f3nimo; s\u00edntoma; objeto \u2018a\u2019; deseo de la madre; fantasma.<\/p>\n<p>LACAN J. \u201c<strong>El atolondradicho<\/strong>\u201d, (1972) En: Otros escritos, Paid\u00f3s, Buenos Aires, 2012, pp. 486-.492.<\/p>\n<p style=\"padding-left: 40px;\"><strong>Palabras clave:<\/strong> Marca; eso habla; acto sexual.<\/p>\n<p>LACAN, J. \u201c<strong>Televisi\u00f3n<\/strong>\u201d (1973) En: Otros escritos, Paid\u00f3s, Buenos Aires, 2012, p.537<\/p>\n<p style=\"padding-left: 40px;\"><strong>Palabras clave<\/strong>: Eso habla; ling\u00fcister\u00eda; lalengua.<strong>\u00a0<\/strong><\/p>\n<hr \/>\n<h3><span style=\"color: #ff0000;\"><strong>MILLER<\/strong><\/span><\/h3>\n<p>MILLER, J.-A. \u201c<strong>La verdad en lo real\u201d <\/strong>En: Respuestas de lo real (1983-1984) Ciudad Aut\u00f3noma de Buenos Aires: Paid\u00f3s, 2024, pp.41-57. Clase de 23 de noviembre de 1983.<\/p>\n<p style=\"padding-left: 40px;\"><strong>Palabras clave:<\/strong> \u00a0Real; saber; significa\u00e7\u00e3o; verdade e ci\u00eancia.<\/p>\n<p>MILLER, J.-A. \u201c<strong>El estatus del trauma\u201d<\/strong> En: Causa y consentimiento (1987-1988).\u00a0 Ciudad Aut\u00f3noma de Buenos Aires, Paid\u00f3s, 2019, pp. 131-149.<\/p>\n<p style=\"padding-left: 40px;\"><strong>Palabras clave:<\/strong> Causa; trauma; excedente de sexualidad; sentido; enigma.<\/p>\n<p>MILLER, J.-A.\u00a0 Cap\u00edtulo 1, 2, 6, 15, 19, 21 (1997-1998) En: El partenaire \u2013 s\u00edntoma, Buenos Aires, Paid\u00f3s, 2008, pp. 29-52,144-145, 339-340, 365-366, 402-414, 476-489.<\/p>\n<p style=\"padding-left: 40px;\"><strong>Palabras clave:<\/strong> Objeto a; sentido gozado; la lengua; no-todo; bien decir; cuerpo.<\/p>\n<p>MILLER, J.-A. \u201c<strong>Perturbar la defensa<\/strong>\u201d y \u201c<strong>Acontecimientos de cuerpo<\/strong>\u201d En: La experiencia de lo real en la cura psicoanal\u00edtica. (1998-1999) Buenos Aires: Paid\u00f3s, 2008. pp.50-53, 378-380.<\/p>\n<p style=\"padding-left: 40px;\"><strong>Palabras clave<\/strong>: Defensa; real; pulsi\u00f3n; traumatismo; acontecimiento de cuerpo.<\/p>\n<p>MILLER, J.-A. \u201c<strong>Lo real y la estructura<\/strong>\u201d; \u201c<strong>Un Otro que existe<\/strong>\u201d y \u201c<strong>El discurso del amo<\/strong>\u201d. (2002-2003) En: Un esfuerzo de poes\u00eda, Buenos Aires, Paid\u00f3s, 2016. pp.124, 192, 216.<\/p>\n<p style=\"padding-left: 40px;\"><strong>Palabras claves<\/strong>: Objeto a, exceso, real, discurso.<\/p>\n<p>MILLER, J.-A., (2024), \u201c<strong>Frases marcantes en psicoan\u00e1lisis<\/strong>\u201d, Miller TV, [en l\u00ednea], <a href=\"https:\/\/www.youtube.com\/watch?v=1DkgWWPrmvc\">https:\/\/www.youtube.com\/watch?v=1DkgWWPrmvc<\/a><\/p>\n<p><strong>Palabras clave<\/strong>: acontecimiento de palabra; sujeto marcado; frase impulsora; nombre de marca.<\/p>\n<hr \/>\n<h3><span style=\"color: #ff0000;\"><strong>LAURENT<\/strong><\/span><\/h3>\n<p>LAURENT, E<strong>. \u201cLa extracci\u00f3n del objeto a. Declinaciones del objeto a en la cultura<\/strong>.\u201d COLOFON n\u00ba 28, Bolet\u00edn de la Federaci\u00f3n Internacional de Bibliotecas del Campo Freudiano. pp. 7-10.<\/p>\n<p style=\"padding-left: 40px;\"><strong>Palabras clave<\/strong>: Cuerpo; objeto a; falta-en-ser; arte; goce.<\/p>\n<\/div>\n<\/div>\n<\/div>\n<\/div>\n<\/div>\n<\/div>\n<\/div>\n<\/div>\n<\/article>\n<\/div>\n<\/div>\n<\/div>\n<\/div>\n<\/div>\n<\/div>\n<\/div>\n<\/div>\n<\/article>\n<\/div>\n<\/div>\n<\/div>\n<\/div>\n<\/div>\n<\/div>\n<\/div>\n<\/div>\n<\/article>\n[\/vc_column_text][\/vc_column][\/vc_row]\n<\/div>","protected":false},"excerpt":{"rendered":"<p>[vc_row][vc_column][\/vc_column][\/vc_row][vc_row][vc_column][vc_column_text css=\u00bb\u00bb] LISTA\u00a0DE\u00a0REFERENCIAS CON PALABRAS-CLAVE: FREUD FREUD, S.\u00a0 \u201cSobre los recuerdos encubridores\u201d (1899), En Obras completas, Buenos Aires, Amorrortu, 1991. Vol. III. pp.314-315. Palabras clave: escenas de la infancia; recuerdos falseados; recuerdos encubridores; recuerdos de la infancia; recuerdos sobre la infancia. FREUD; S. \u201cTres ensayos de teor\u00eda sexual\u201d (1905), En Obras completas, Vol. VII, Buenos&hellip;<\/p>\n","protected":false},"author":3,"featured_media":0,"parent":566,"menu_order":0,"comment_status":"closed","ping_status":"closed","template":"templates\/no-sidebar.php","meta":{"_monsterinsights_skip_tracking":false,"_monsterinsights_sitenote_active":false,"_monsterinsights_sitenote_note":"","_monsterinsights_sitenote_category":0,"footnotes":""},"_links":{"self":[{"href":"https:\/\/enapol.com\/xii\/es\/wp-json\/wp\/v2\/pages\/1740"}],"collection":[{"href":"https:\/\/enapol.com\/xii\/es\/wp-json\/wp\/v2\/pages"}],"about":[{"href":"https:\/\/enapol.com\/xii\/es\/wp-json\/wp\/v2\/types\/page"}],"author":[{"embeddable":true,"href":"https:\/\/enapol.com\/xii\/es\/wp-json\/wp\/v2\/users\/3"}],"replies":[{"embeddable":true,"href":"https:\/\/enapol.com\/xii\/es\/wp-json\/wp\/v2\/comments?post=1740"}],"version-history":[{"count":8,"href":"https:\/\/enapol.com\/xii\/es\/wp-json\/wp\/v2\/pages\/1740\/revisions"}],"predecessor-version":[{"id":2542,"href":"https:\/\/enapol.com\/xii\/es\/wp-json\/wp\/v2\/pages\/1740\/revisions\/2542"}],"up":[{"embeddable":true,"href":"https:\/\/enapol.com\/xii\/es\/wp-json\/wp\/v2\/pages\/566"}],"wp:attachment":[{"href":"https:\/\/enapol.com\/xii\/es\/wp-json\/wp\/v2\/media?parent=1740"}],"curies":[{"name":"wp","href":"https:\/\/api.w.org\/{rel}","templated":true}]}}