{"id":2720,"date":"2025-04-06T14:29:46","date_gmt":"2025-04-06T17:29:46","guid":{"rendered":"https:\/\/enapol.com\/xii\/?page_id=2720"},"modified":"2025-06-03T16:20:38","modified_gmt":"2025-06-03T19:20:38","slug":"tambor-1","status":"publish","type":"page","link":"https:\/\/enapol.com\/xii\/es\/epistemico\/tambor\/boletins\/tambor-1\/","title":{"rendered":"Tambor 1"},"content":{"rendered":"<div class=\"wpb-content-wrapper\">[vc_row][vc_column]<figure class=\"vcex-image vcex-module\"><div class=\"vcex-image-inner wpex-relative wpex-inline-block\"><img width=\"5288\" height=\"1575\" src=\"https:\/\/enapol.com\/xii\/wp-content\/uploads\/sites\/10\/2025\/02\/cabecalho.png\" class=\"vcex-image-img wpex-align-middle\" alt=\"\" loading=\"lazy\" decoding=\"async\" srcset=\"https:\/\/enapol.com\/xii\/wp-content\/uploads\/sites\/10\/2025\/02\/cabecalho.png 5288w, https:\/\/enapol.com\/xii\/wp-content\/uploads\/sites\/10\/2025\/02\/cabecalho-300x89.png 300w, https:\/\/enapol.com\/xii\/wp-content\/uploads\/sites\/10\/2025\/02\/cabecalho-1024x305.png 1024w, https:\/\/enapol.com\/xii\/wp-content\/uploads\/sites\/10\/2025\/02\/cabecalho-768x229.png 768w, https:\/\/enapol.com\/xii\/wp-content\/uploads\/sites\/10\/2025\/02\/cabecalho-1536x457.png 1536w, https:\/\/enapol.com\/xii\/wp-content\/uploads\/sites\/10\/2025\/02\/cabecalho-2048x610.png 2048w, https:\/\/enapol.com\/xii\/wp-content\/uploads\/sites\/10\/2025\/02\/cabecalho-500x149.png 500w, https:\/\/enapol.com\/xii\/wp-content\/uploads\/sites\/10\/2025\/02\/cabecalho-700x208.png 700w\" sizes=\"(max-width: 5288px) 100vw, 5288px\" \/><\/div><\/figure>[\/vc_column][\/vc_row][vc_row][vc_column][vc_column_text css=\u00bb.vc_custom_1744633346649{padding-top: 20px !important;padding-right: 20px !important;padding-bottom: 20px !important;padding-left: 20px !important;background-color: #ED4638 !important;}\u00bb]\n<p style=\"text-align: left;\"><span style=\"font-size: 18px; color: #ffffff;\"><strong>Bolet\u00edn Tambor 1<\/strong><\/span><\/p>\n[\/vc_column_text][\/vc_column][\/vc_row][vc_row][vc_column][vc_column_text css=\u00bb\u00bb]\n<h3><u>LA EXTRACCI\u00d3N DEL OBJETO a <\/u><\/h3>\n<p><em>\u00c9ric Laurent<\/em><\/p>\n<figure id=\"attachment_2663\" aria-describedby=\"caption-attachment-2663\" style=\"width: 500px\" class=\"wp-caption aligncenter\"><a href=\"https:\/\/enapol.com\/xii\/wp-content\/uploads\/sites\/10\/2025\/04\/laurent001.jpg\"><img fetchpriority=\"high\" decoding=\"async\" class=\"wp-image-2663\" src=\"https:\/\/enapol.com\/xii\/wp-content\/uploads\/sites\/10\/2025\/04\/laurent001.jpg\" alt=\"\" width=\"500\" height=\"335\" srcset=\"https:\/\/enapol.com\/xii\/wp-content\/uploads\/sites\/10\/2025\/04\/laurent001.jpg 794w, https:\/\/enapol.com\/xii\/wp-content\/uploads\/sites\/10\/2025\/04\/laurent001-300x201.jpg 300w, https:\/\/enapol.com\/xii\/wp-content\/uploads\/sites\/10\/2025\/04\/laurent001-768x515.jpg 768w, https:\/\/enapol.com\/xii\/wp-content\/uploads\/sites\/10\/2025\/04\/laurent001-500x335.jpg 500w, https:\/\/enapol.com\/xii\/wp-content\/uploads\/sites\/10\/2025\/04\/laurent001-700x469.jpg 700w\" sizes=\"(max-width: 500px) 100vw, 500px\" \/><\/a><figcaption id=\"caption-attachment-2663\" class=\"wp-caption-text\">Atrav\u00e9s (Cildo Meireles, Inhotim, 1983-1989) &#8211; Galeria Cildo Meireles.<br \/>Materiais diversos, 600x1500x1500 cm.<br \/>Foto:\u00a0Pedro Motta<\/figcaption><\/figure>\n<p>\u00bfQu\u00e9 es para nosotros la extracci\u00f3n del objeto <em>a<\/em>? Es una pregunta que me hago despu\u00e9s de leer los textos preparatorios del pr\u00f3ximo Congreso de la AMP, en Buenos Aires, en abril de 2008.<\/p>\n<p style=\"text-align: justify;\"><a href=\"https:\/\/enapol.com\/xii\/es\/la-extraccion-del-objeto-a\/\"><span style=\"color: #ff0000;\">[leer +]<\/span><\/a><\/p>\n[\/vc_column_text][\/vc_column][\/vc_row][vc_row][vc_column][vc_column_text css=\u00bb\u00bb]\n<h3><u>Conexiones &#8211; LA SUSTANCIA SONORA E IMAG\u00c9TICA DE <em>MINERAL<\/em><\/u><\/h3>\n<div>\n<p><em>Daniela Viola<\/em><br \/>\n<em>Fernanda Costa<\/em><br \/>\n<em>Michelle Sena<\/em><\/p>\n<\/div>\n<figure id=\"attachment_2722\" aria-describedby=\"caption-attachment-2722\" style=\"width: 500px\" class=\"wp-caption aligncenter\"><a href=\"https:\/\/enapol.com\/xii\/es\/la-sustancia-sonora-e-imagetica1-de-mineral\/\"><img decoding=\"async\" class=\"wp-image-2722\" src=\"https:\/\/enapol.com\/xii\/wp-content\/uploads\/sites\/10\/2025\/04\/THUMB-MINERAL.jpg\" alt=\"\" width=\"500\" height=\"298\" srcset=\"https:\/\/enapol.com\/xii\/wp-content\/uploads\/sites\/10\/2025\/04\/THUMB-MINERAL.jpg 800w, https:\/\/enapol.com\/xii\/wp-content\/uploads\/sites\/10\/2025\/04\/THUMB-MINERAL-300x179.jpg 300w, https:\/\/enapol.com\/xii\/wp-content\/uploads\/sites\/10\/2025\/04\/THUMB-MINERAL-768x458.jpg 768w, https:\/\/enapol.com\/xii\/wp-content\/uploads\/sites\/10\/2025\/04\/THUMB-MINERAL-500x298.jpg 500w, https:\/\/enapol.com\/xii\/wp-content\/uploads\/sites\/10\/2025\/04\/THUMB-MINERAL-700x417.jpg 700w\" sizes=\"(max-width: 500px) 100vw, 500px\" \/><\/a><figcaption id=\"caption-attachment-2722\" class=\"wp-caption-text\"><em>Mineral<\/em>, Teaser. Ciro Thielmann, Paisagem Lava<\/figcaption><\/figure>\n<div>\n<p>Poco antes de percutir los tambores del animado carnaval de Belo Horizonte, la ciudad de Minas Gerais que recibir\u00e1 el XII ENAPOL, M\u00e1ximo Soalheiro nos recibe en su casa.<\/p>\n<p><a href=\"https:\/\/enapol.com\/xii\/es\/la-sustancia-sonora-e-imagetica1-de-mineral\/\"><span style=\"color: #ff0000;\">[leer +]<\/span><\/a><\/p>\n<\/div>\n[\/vc_column_text][\/vc_column][\/vc_row][vc_row][vc_column][vc_column_text css=\u00bb\u00bb]\n<h3><u>CITAS Y REFERENCIAS BIBLIOGR\u00c1FICAS<\/u><\/h3>\n<figure id=\"attachment_2684\" aria-describedby=\"caption-attachment-2684\" style=\"width: 500px\" class=\"wp-caption aligncenter\"><a href=\"https:\/\/enapol.com\/xii\/wp-content\/uploads\/sites\/10\/2025\/04\/citacoes_001.jpg\"><img decoding=\"async\" class=\"wp-image-2684\" src=\"https:\/\/enapol.com\/xii\/wp-content\/uploads\/sites\/10\/2025\/04\/citacoes_001.jpg\" alt=\"\" width=\"500\" height=\"333\" srcset=\"https:\/\/enapol.com\/xii\/wp-content\/uploads\/sites\/10\/2025\/04\/citacoes_001.jpg 905w, https:\/\/enapol.com\/xii\/wp-content\/uploads\/sites\/10\/2025\/04\/citacoes_001-300x200.jpg 300w, https:\/\/enapol.com\/xii\/wp-content\/uploads\/sites\/10\/2025\/04\/citacoes_001-768x512.jpg 768w, https:\/\/enapol.com\/xii\/wp-content\/uploads\/sites\/10\/2025\/04\/citacoes_001-500x333.jpg 500w, https:\/\/enapol.com\/xii\/wp-content\/uploads\/sites\/10\/2025\/04\/citacoes_001-700x466.jpg 700w\" sizes=\"(max-width: 500px) 100vw, 500px\" \/><\/a><figcaption id=\"caption-attachment-2684\" class=\"wp-caption-text\"><em>Mineral<\/em> \u2013 Foto: Anna Lara<\/figcaption><\/figure>\n<div>\n<p>\u00a0\u201cEl excedente sexual por s\u00ed solo no puede crear todav\u00eda ninguna represi\u00f3n; para ello hace falta la cooperaci\u00f3n de la defensa; ahora bien, sin excedente sexual la defensa no produce neurosis alguna\u201d.<\/p>\n<p><a href=\"https:\/\/enapol.com\/xii\/es\/citas-y-referencias-bibliograficas1\/\"><span style=\"color: #ff0000;\">[leer +]<\/span><\/a><\/p>\n<\/div>\n[\/vc_column_text][\/vc_column][\/vc_row]\n<\/div>","protected":false},"excerpt":{"rendered":"<p>[vc_row][vc_column][\/vc_column][\/vc_row][vc_row][vc_column][vc_column_text css=\u00bb.vc_custom_1744633346649{padding-top: 20px !important;padding-right: 20px !important;padding-bottom: 20px !important;padding-left: 20px !important;background-color: #ED4638 !important;}\u00bb] Bolet\u00edn Tambor 1 [\/vc_column_text][\/vc_column][\/vc_row][vc_row][vc_column][vc_column_text css=\u00bb\u00bb] LA EXTRACCI\u00d3N DEL OBJETO a \u00c9ric Laurent \u00bfQu\u00e9 es para nosotros la extracci\u00f3n del objeto a? Es una pregunta que me hago despu\u00e9s de leer los textos preparatorios del pr\u00f3ximo Congreso de la AMP, en Buenos Aires, en&hellip;<\/p>\n","protected":false},"author":3,"featured_media":0,"parent":1956,"menu_order":0,"comment_status":"closed","ping_status":"closed","template":"","meta":{"_monsterinsights_skip_tracking":false,"_monsterinsights_sitenote_active":false,"_monsterinsights_sitenote_note":"","_monsterinsights_sitenote_category":0,"footnotes":""},"_links":{"self":[{"href":"https:\/\/enapol.com\/xii\/es\/wp-json\/wp\/v2\/pages\/2720"}],"collection":[{"href":"https:\/\/enapol.com\/xii\/es\/wp-json\/wp\/v2\/pages"}],"about":[{"href":"https:\/\/enapol.com\/xii\/es\/wp-json\/wp\/v2\/types\/page"}],"author":[{"embeddable":true,"href":"https:\/\/enapol.com\/xii\/es\/wp-json\/wp\/v2\/users\/3"}],"replies":[{"embeddable":true,"href":"https:\/\/enapol.com\/xii\/es\/wp-json\/wp\/v2\/comments?post=2720"}],"version-history":[{"count":12,"href":"https:\/\/enapol.com\/xii\/es\/wp-json\/wp\/v2\/pages\/2720\/revisions"}],"predecessor-version":[{"id":5432,"href":"https:\/\/enapol.com\/xii\/es\/wp-json\/wp\/v2\/pages\/2720\/revisions\/5432"}],"up":[{"embeddable":true,"href":"https:\/\/enapol.com\/xii\/es\/wp-json\/wp\/v2\/pages\/1956"}],"wp:attachment":[{"href":"https:\/\/enapol.com\/xii\/es\/wp-json\/wp\/v2\/media?parent=2720"}],"curies":[{"name":"wp","href":"https:\/\/api.w.org\/{rel}","templated":true}]}}