{"id":2987,"date":"2025-04-14T14:19:06","date_gmt":"2025-04-14T17:19:06","guid":{"rendered":"https:\/\/enapol.com\/xii\/bibliografia\/"},"modified":"2025-08-20T16:54:37","modified_gmt":"2025-08-20T19:54:37","slug":"bibliografia","status":"publish","type":"page","link":"https:\/\/enapol.com\/xii\/es\/epistemico\/tambor\/rubricas\/bibliografia\/","title":{"rendered":"Bibliograf\u00eda"},"content":{"rendered":"<div class=\"wpb-content-wrapper\">[vc_row][vc_column][vc_column_text css=\u00bb\u00bb]\n<h3><span style=\"color: #ff0000;\"><u>CITAS Y REFERENCIAS BIBLIOGR\u00c1FICAS<\/u><\/span><\/h3>\n<div>\n<p><strong>FREUD<\/strong><\/p>\n<p>\u201c(\u2026) se ama:<\/p>\n<ol>\n<li>Seg\u00fan el tipo narcisista:<\/li>\n<\/ol>\n<ol>\n<li>A lo que uno mismo es (a s\u00ed mismo),<\/li>\n<li>A lo que uno mismo fue,<\/li>\n<li>A lo que uno querr\u00eda ser, y<\/li>\n<li>A la persona que fue una parte del s\u00ed-mismo propio.\u201d<\/li>\n<\/ol>\n<\/div>\n[\/vc_column_text]<a href=\"https:\/\/enapol.com\/xii\/es\/citas-y-referencias-bibliograficas-7\/\" class=\"vcex-button theme-button inline\"><span class=\"vcex-button-inner theme-button-inner wpex-flex wpex-flex-wrap wpex-items-center wpex-justify-center\">Leer +<\/span><\/a> [\/vc_column][\/vc_row][vc_row][vc_column][vc_column_text css=\u00bb\u00bb]\n<h3><span style=\"text-decoration: underline; color: #ff0000;\"><strong>CITAS Y REFERENCIAS BIBLIOGR\u00c1FICAS<\/strong><\/span><\/h3>\n<p><strong>FREUD<\/strong><\/p>\n<p><strong>\u00a0<\/strong>\u201cNo interesa para nada con qu\u00e9 material se empiece -la biograf\u00eda, el historial cl\u00ednico o los recuerdos de infancia del paciente-, con tal que se deje al paciente mismo hacer su relato y escoger su punto de partida\u201d.<\/p>\n<p>FREUD, S., \u201cSobre la iniciaci\u00f3n del tratamiento\u201d, (1913) En: Obras Completas. Tomo XII. Buenos Aires: Amorrortu, 2007, p. 135.[\/vc_column_text]<a href=\"https:\/\/enapol.com\/xii\/es\/citas-y-referencias-bibliograficas-6\/\" class=\"vcex-button theme-button inline\"><span class=\"vcex-button-inner theme-button-inner wpex-flex wpex-flex-wrap wpex-items-center wpex-justify-center\">Leer +<\/span><\/a> [\/vc_column][\/vc_row][vc_row][vc_column][vc_column_text css=\u00bb\u00bb]\n<h3><span style=\"text-decoration: underline; color: #ff0000;\"><strong>CITAS Y REFERENCIAS BIBLIOGR\u00c1FICAS<\/strong><\/span><\/h3>\n<p><strong>FREUD<\/strong><\/p>\n<p><strong>\u00a0<\/strong>\u201cNo interesa para nada con qu\u00e9 material se empiece -la biograf\u00eda, el historial cl\u00ednico o los recuerdos de infancia del paciente-, con tal que se deje al paciente mismo hacer su relato y escoger su punto de partida\u201d.<\/p>\n<p>FREUD, S., \u201cSobre la iniciaci\u00f3n del tratamiento\u201d, (1913) En: Obras Completas. Tomo XII. Buenos Aires: Amorrortu, 2007, p. 135.[\/vc_column_text]<a href=\"https:\/\/enapol.com\/xii\/es\/citas-y-referencias-bibliograficas-6\/\" class=\"vcex-button theme-button inline\"><span class=\"vcex-button-inner theme-button-inner wpex-flex wpex-flex-wrap wpex-items-center wpex-justify-center\">Leer +<\/span><\/a> [\/vc_column][\/vc_row][vc_row][vc_column][vc_column_text css=\u00bb\u00bb]\n<h3><span style=\"color: #ff0000;\"><u>CITAS Y REFERENCIAS BIBLIOGR\u00c1FICAS<\/u><strong>\u201c<\/strong><\/span><\/h3>\n<h3><span style=\"color: #ff0000;\"><strong>EL EXCEDENTE DE SEXUALIDAD COMO CAUSA DE LA REPRESI\u00d3N\u201d \u2013 Entrevista con R\u00f4mulo Ferreira da Silva \u2013 EBP\/AMP<\/strong><\/span><\/h3>\n<div>\n<p>R\u00f4mulo Ferreira da Silva, psicoanalista, AME, miembro de la EBP y de la AMP, concluye esta serie de videos preparatorios hacia el XII ENAPOL, extrayendo del texto de J.-A. Miller \u201cEl status del trauma\u201d las preguntas sobre la causa de la represi\u00f3n. En sus palabras: \u201c<em>Esas preguntas me obsesionaron por mucho tiempo y me llevaron a la idea, nada tranquilizadora, de que la represi\u00f3n ocurrir\u00eda para que el sujeto pudiera acceder a la condici\u00f3n humanizadora del discurso\u201d<\/em>.<\/p>\n<p>Realiza un recorrido desde el sentido hacia el agujero se\u00f1alando que la \u201ccausa de la represi\u00f3n\u201d se esclarece por la v\u00eda sexual, \u201cpor el excedente de sexualidad\u201d y nos anima a seguir en esta investigaci\u00f3n extrayendo consecuencias a partir de la cl\u00ednica.<\/p>\n<\/div>\n[\/vc_column_text]<a href=\"https:\/\/enapol.com\/xii\/es\/citas-y-referencias-bibliograficas-5\/\" class=\"vcex-button theme-button inline\"><span class=\"vcex-button-inner theme-button-inner wpex-flex wpex-flex-wrap wpex-items-center wpex-justify-center\">Leer +<\/span><\/a> [\/vc_column][\/vc_row][vc_row][vc_column][vc_column_text css=\u00bb\u00bb]\n<h3><span style=\"color: #ff0000;\"><u>CITAS Y REFERENCIAS BIBLIOGR\u00c1FICAS<\/u><\/span><\/h3>\n<h3><span style=\"text-decoration: underline; color: #ff0000;\"><strong>\u201cUN EXCEDENTE DE SEXUALIDAD\u201d \u2013 Entrevista a Jos\u00e9 Luis Obaid \u2013 NEL\/AMP<\/strong><\/span><\/h3>\n<div>\n<p>Jos\u00e9 Luis Obaid, miembro de la NEL y de la AMP, se interesa en el\u00a0<em>witz<\/em>\u00a0\u201chablar con el ni\u00f1o\u201d, y nos invita a seguirlo en una elaboraci\u00f3n afilada que, dando su lugar al sentido -lo \u201cvivido como\u201d-, y a las vueltas de la historia, apunta a un filo invariante (digamos con Lacan,\u00a0<em>trou<\/em>\u00a0y\u00a0<em>trop<\/em>), ultim\u00edsimo y primero -enfatiza Obaid cual ox\u00edmoron- en el hablar del sujeto.<\/p>\n<p>(Traducci\u00f3n: Carla S\u00e1 Freire; Revisi\u00f3n: Lucila Darrigo; Subt\u00edtulos: Gustavo Mello; Texto introductorio: Felipe Maino)<\/p>\n<\/div>\n[\/vc_column_text]<a href=\"https:\/\/enapol.com\/xii\/es\/citas-y-referencias-bibliograficas-lanzamiento-en-el-xii-enapol-ediciones-en-frances-y-espanol\/\" class=\"vcex-button theme-button inline\"><span class=\"vcex-button-inner theme-button-inner wpex-flex wpex-flex-wrap wpex-items-center wpex-justify-center\">Leer +<\/span><\/a> [\/vc_column][\/vc_row][vc_row][vc_column][vc_column_text css=\u00bb\u00bb]\n<h3><span style=\"color: #ff0000;\"><u>CITAS Y REFERENCIAS BIBLIOGR\u00c1FICAS<\/u><\/span><\/h3>\n<h3><span style=\"color: #ff0000;\"><u>LANZAMIENTO EN EL XII ENAPOL \u2013 EDICIONES EN FRANC\u00c9S Y ESPA\u00d1OL<br \/>\n<\/u><\/span><\/h3>\n<p><strong>SER MADRE &#8211; Psicoanalistas mujeres hablan de la maternidad<\/strong><\/p>\n<p><strong>Bajo la direcci\u00f3n de Christiane Alberti<\/strong><\/p>\n<p><strong>Introducci\u00f3n actualizada de la presidenta de la Asociaci\u00f3n Mundial de Psicoan\u00e1lisis.<\/strong><\/p>\n<p>\u00a1Ser madre parec\u00eda algo simple y natural! Fin de las evidencias. La madre se pluraliza: biol\u00f3gica, simb\u00f3lica, donante, gestante. El t\u00e9rmino \u201cprogenitor\u201d borra la distinci\u00f3n entre padre y madre.[\/vc_column_text]<a href=\"https:\/\/enapol.com\/xii\/es\/citas-y-referencias-bibliograficas-4\/\" class=\"vcex-button theme-button inline\"><span class=\"vcex-button-inner theme-button-inner wpex-flex wpex-flex-wrap wpex-items-center wpex-justify-center\">Leer +<\/span><\/a> [\/vc_column][\/vc_row][vc_row][vc_column][vc_column_text css=\u00bb\u00bb]\n<h3><span style=\"color: #ff0000;\"><u>CITAS<\/u><\/span><\/h3>\n<p><strong>MILLER<\/strong><\/p>\n<p>\u201cA falta de admitir lo particular del deseo en el otro sexo, el padre aplasta en el hijo al sujeto bajo el Otro del saber. Por eso el padre, el falso padre, obliga al hijo a encontrar refugio en el fantasma materno, el fantasma de una madre negada como mujer (\u2026)\u201d.[\/vc_column_text]<a href=\"https:\/\/enapol.com\/xii\/es\/citas-y-referencias-bibliograficas-3\/\" class=\"vcex-button theme-button inline\"><span class=\"vcex-button-inner theme-button-inner wpex-flex wpex-flex-wrap wpex-items-center wpex-justify-center\">Leer +<\/span><\/a> [\/vc_column][\/vc_row][vc_row][vc_column][vc_column_text css=\u00bb\u00bb]\n<h3><span style=\"color: #ff0000;\"><a style=\"color: #ff0000;\" href=\"https:\/\/enapol.com\/xii\/es\/citas-y-referencias-bibliograficas1\/\"><u>CITAS Y REFERENCIAS BIBLIOGR\u00c1FICAS<\/u><\/a><\/span><\/h3>\n<p>\u201cLo que conviene indicar aqu\u00ed es(\u2026) oponi\u00e9ndose a que sea el cuerpo del ni\u00f1o el que responda al objeto a (\u2026) El impulso del: tu cuerpo es tuyo, en que se vulgariza hacia principios del siglo un adagio del liberalismo, la cuesti\u00f3n de saber si por ignorar c\u00f3mo ese cuerpo es considerado por el sujeto de la ciencia, se tendr\u00e1 el derecho de dividirlo para el intercambio (\u2026) \u00bfExtraemos la consecuencia de un t\u00e9rmino como el del ni\u00f1o generalizado? (\u2026) He ah\u00ed lo que signa la entrada de todo un mundo en la v\u00eda de la segregaci\u00f3n\u201d.[\/vc_column_text]<a href=\"https:\/\/enapol.com\/xii\/es\/citas-y-referencias-bibliograficas-2\/\" class=\"vcex-button theme-button inline\"><span class=\"vcex-button-inner theme-button-inner wpex-flex wpex-flex-wrap wpex-items-center wpex-justify-center\">Leer +<\/span><\/a> [\/vc_column][\/vc_row][vc_row][vc_column]<div class=\"vcex-module vcex-divider vcex-divider-solid vcex-divider-center wpex-mx-auto wpex-block wpex-h-0 wpex-border-b wpex-border-solid wpex-border-main\"><\/div>[\/vc_column][\/vc_row][vc_row][vc_column][vc_column_text css=\u00bb\u00bb]\n<h3><a href=\"https:\/\/enapol.com\/xii\/es\/no-hay-relacion-sexual-hay-un-excedente-de-sexualidad\/\"><span style=\"color: #ff0000;\"><u>Entrevista con Silvia Pino &#8211; EOL\/AMP &#8211; \u201cNo hay relaci\u00f3n sexual, hay un excedente de sexualidad\u201d<\/u><\/span><\/a><\/h3>\n<p>En el presente video, Silvia Pino, psicoanalista miembro de la EOL y de la AMP, nos invita a extraer del texto de orientaci\u00f3n hacia el XII Enapol de Jacques-Alain Miller \u00abEl estatus del trauma\u00bb, una fecunda clave de lectura que nos permitir\u00e1 situar: la declinaci\u00f3n de hablar con el ni\u00f1o a hablar con el ni\u00f1o en la experiencia anal\u00edtica.<\/p>\n<p>Y un plus: \u00a1nos regala referencias bibliogr\u00e1ficas ineludibles, \u00f3ptimas para animarlos a ustedes, queridos colegas, al ritmo de la escritura!<\/p>\n<figure id=\"attachment_5204\" aria-describedby=\"caption-attachment-5204\" style=\"width: 500px\" class=\"wp-caption aligncenter\"><a href=\"https:\/\/youtu.be\/VxvacJAB8zk\" target=\"_blank\" rel=\"noopener\"><img fetchpriority=\"high\" decoding=\"async\" class=\"wp-image-5204\" src=\"https:\/\/enapol.com\/xii\/wp-content\/uploads\/sites\/10\/2025\/05\/Thum_video_silvia.png\" alt=\"\" width=\"500\" height=\"285\" srcset=\"https:\/\/enapol.com\/xii\/wp-content\/uploads\/sites\/10\/2025\/05\/Thum_video_silvia.png 1193w, https:\/\/enapol.com\/xii\/wp-content\/uploads\/sites\/10\/2025\/05\/Thum_video_silvia-300x171.png 300w, https:\/\/enapol.com\/xii\/wp-content\/uploads\/sites\/10\/2025\/05\/Thum_video_silvia-1024x585.png 1024w, https:\/\/enapol.com\/xii\/wp-content\/uploads\/sites\/10\/2025\/05\/Thum_video_silvia-768x438.png 768w, https:\/\/enapol.com\/xii\/wp-content\/uploads\/sites\/10\/2025\/05\/Thum_video_silvia-500x285.png 500w, https:\/\/enapol.com\/xii\/wp-content\/uploads\/sites\/10\/2025\/05\/Thum_video_silvia-700x400.png 700w\" sizes=\"(max-width: 500px) 100vw, 500px\" \/><\/a><figcaption id=\"caption-attachment-5204\" class=\"wp-caption-text\">Autor\u00eda: Silvia Pino; Traducci\u00f3n: Cristiana Gallo; Revisi\u00f3n: Paola Salinas; Subt\u00edtulos: Catalina Escardo; Texto de introducci\u00f3n: Andrea Amendola.<\/figcaption><\/figure>\n[\/vc_column_text][\/vc_column][\/vc_row][vc_row][vc_column]<div class=\"vcex-module vcex-divider vcex-divider-solid vcex-divider-center wpex-mx-auto wpex-block wpex-h-0 wpex-border-b wpex-border-solid wpex-border-main\"><\/div>[\/vc_column][\/vc_row][vc_row][vc_column][vc_column_text css=\u00bb\u00bb]\n<h3><span style=\"color: #ff0000;\"><a style=\"color: #ff0000;\" href=\"https:\/\/enapol.com\/xii\/es\/citas-y-referencias-bibliograficas1\/\"><u>CITAS Y REFERENCIAS BIBLIOGR\u00c1FICAS<\/u><\/a><\/span><\/h3>\n<p>\u201cEn muchos casos he recibido la impresi\u00f3n de que la consabida amnesia infantil, tan sustantiva para nuestra teor\u00eda, est\u00e1 contrabalanceada en su totalidad por los recuerdos encubridores. En estos no se conserva s\u00f3lo algo esencial de la vida infantil, sino en verdad todo lo esencial. S\u00f3lo hace falta saber desarrollarlo desde ellos por medio del an\u00e1lisis. Representan (<em>repr\u00e4sentieren<\/em>) tan acabadamente a los a\u00f1os infantiles olvidados como el contenido manifiesto del sue\u00f1o a los pensamientos on\u00edricos\u201d.[\/vc_column_text]<a href=\"https:\/\/enapol.com\/xii\/es\/citas-y-referencias-bibliograficas\/\" class=\"vcex-button theme-button inline\"><span class=\"vcex-button-inner theme-button-inner wpex-flex wpex-flex-wrap wpex-items-center wpex-justify-center\">Leer +<\/span><\/a> [\/vc_column][\/vc_row][vc_row][vc_column]<div class=\"vcex-module vcex-divider vcex-divider-solid vcex-divider-center wpex-mx-auto wpex-block wpex-h-0 wpex-border-b wpex-border-solid wpex-border-main\"><\/div>[\/vc_column][\/vc_row][vc_row][vc_column][vc_column_text css=\u00bb\u00bb]\n<h3><span style=\"color: #ff0000;\"><a style=\"color: #ff0000;\" href=\"https:\/\/enapol.com\/xii\/es\/citas-y-referencias-bibliograficas1\/\"><u>CITAS Y REFERENCIAS BIBLIOGR\u00c1FICAS<\/u><\/a><\/span><\/h3>\n<p>\u201cEl excedente sexual por s\u00ed solo no puede crear todav\u00eda ninguna represi\u00f3n; para ello hace falta la cooperaci\u00f3n de la defensa; ahora bien, sin excedente sexual la defensa no produce neurosis alguna\u201d. FREUD, S. \u201cCarta 46\u201d, (1896) Em: Obras completas. Tomo I, Buenos Aires, Amorrortu, 1994, p.270. LACAN \u201cEl horizonte de la relaci\u00f3n con el objeto es, ante todo, una relaci\u00f3n conservadora. Se trata, si puedo expresarme as\u00ed, de interrogar al objeto acerca de lo que lleva en el vientre. Esto se desarrolla a lo largo de la l\u00ednea en la que tratamos de aislar la funci\u00f3n de a\u2026[\/vc_column_text]<a href=\"https:\/\/enapol.com\/xii\/es\/citas-y-referencias-bibliograficas1\/\" class=\"vcex-button theme-button inline\"><span class=\"vcex-button-inner theme-button-inner wpex-flex wpex-flex-wrap wpex-items-center wpex-justify-center\">Leer +<\/span><\/a> [\/vc_column][\/vc_row]\n<\/div>","protected":false},"excerpt":{"rendered":"<p>[vc_row][vc_column][vc_column_text css=\u00bb\u00bb] CITAS Y REFERENCIAS BIBLIOGR\u00c1FICAS FREUD \u201c(\u2026) se ama: Seg\u00fan el tipo narcisista: A lo que uno mismo es (a s\u00ed mismo), A lo que uno mismo fue, A lo que uno querr\u00eda ser, y A la persona que fue una parte del s\u00ed-mismo propio.\u201d [\/vc_column_text][\/vc_column][\/vc_row][vc_row][vc_column][vc_column_text css=\u00bb\u00bb] CITAS Y REFERENCIAS BIBLIOGR\u00c1FICAS FREUD \u00a0\u201cNo interesa&hellip;<\/p>\n","protected":false},"author":3,"featured_media":0,"parent":1957,"menu_order":0,"comment_status":"closed","ping_status":"closed","template":"","meta":{"_monsterinsights_skip_tracking":false,"_monsterinsights_sitenote_active":false,"_monsterinsights_sitenote_note":"","_monsterinsights_sitenote_category":0,"footnotes":""},"_links":{"self":[{"href":"https:\/\/enapol.com\/xii\/es\/wp-json\/wp\/v2\/pages\/2987"}],"collection":[{"href":"https:\/\/enapol.com\/xii\/es\/wp-json\/wp\/v2\/pages"}],"about":[{"href":"https:\/\/enapol.com\/xii\/es\/wp-json\/wp\/v2\/types\/page"}],"author":[{"embeddable":true,"href":"https:\/\/enapol.com\/xii\/es\/wp-json\/wp\/v2\/users\/3"}],"replies":[{"embeddable":true,"href":"https:\/\/enapol.com\/xii\/es\/wp-json\/wp\/v2\/comments?post=2987"}],"version-history":[{"count":14,"href":"https:\/\/enapol.com\/xii\/es\/wp-json\/wp\/v2\/pages\/2987\/revisions"}],"predecessor-version":[{"id":7307,"href":"https:\/\/enapol.com\/xii\/es\/wp-json\/wp\/v2\/pages\/2987\/revisions\/7307"}],"up":[{"embeddable":true,"href":"https:\/\/enapol.com\/xii\/es\/wp-json\/wp\/v2\/pages\/1957"}],"wp:attachment":[{"href":"https:\/\/enapol.com\/xii\/es\/wp-json\/wp\/v2\/media?parent=2987"}],"curies":[{"name":"wp","href":"https:\/\/api.w.org\/{rel}","templated":true}]}}